{"id":3248,"date":"2016-09-29T12:47:39","date_gmt":"2016-09-29T10:47:39","guid":{"rendered":"http:\/\/physics.uwb.edu.pl\/wf\/?page_id=3248"},"modified":"2016-11-08T13:00:45","modified_gmt":"2016-11-08T12:00:45","slug":"konkurs-2016-czysta-woda-wiedzy-doda","status":"publish","type":"page","link":"https:\/\/physics.uwb.edu.pl\/wf\/?page_id=3248","title":{"rendered":"13 konkurs na najlepszy pomiar: Czysta woda wiedzy doda"},"content":{"rendered":"<p align=\"CENTER\"><span style=\"font-size: xx-large;\">Wydzia\u0142 Fizyki i PTF O\/Bia\u0142ystok og\u0142asza 13 konkurs na najlepszy pomiar dla student\u00f3w i uczni\u00f3w szk\u00f3\u0142 ponadgimnazjalnych. Zwyci\u0119zcy zdob\u0119d\u0105 uznanie oraz otrzymaj\u0105 nagrody o warto\u015bci<\/span><\/p>\n<p align=\"CENTER\"><span style=\"font-size: xx-large;\">150 PLN za I miejsce w kategorii dla zaawansowanych <\/span><\/p>\n<p align=\"CENTER\"><span style=\"font-size: xx-large;\">i 150 PLN za I miejsce w kategorii dla niezaawansowanych.<\/span><\/p>\n<p><b>Sponsorzy:<\/b><\/p>\n<ul>\n<li>Dziekan Wydzia\u0142u Fizyki UwB<\/li>\n<\/ul>\n<p align=\"JUSTIFY\">Miejsce: Korytarz na parterze budynku Wydzia\u0142u Fizyki, Uniwersytet w Bia\u0142ymstoku, ul.\u00a0K. Cio\u0142kowskiego 1L.<\/p>\n<p align=\"JUSTIFY\">Konkurs polega na wyznaczeniu odleg\u0142o\u015bci <span style=\"font-size: x-large;\"><i>h<\/i><\/span> (Rys. 1<i>a<\/i>) ukrytej ko\u0144c\u00f3wki U-rurki (A) od dolnej kraw\u0119dzi p\u0142ytki zamocowanej w uk\u0142adzie.<\/p>\n<p align=\"JUSTIFY\"><img loading=\"lazy\" decoding=\"async\" class=\"aligncenter size-full wp-image-3270\" src=\"http:\/\/physics.uwb.edu.pl\/wf\/wp-content\/uploads\/2016\/09\/konk13_1.jpg\" alt=\"konk13_1\" width=\"400\" height=\"275\" srcset=\"https:\/\/physics.uwb.edu.pl\/wf\/wp-content\/uploads\/2016\/09\/konk13_1.jpg 400w, https:\/\/physics.uwb.edu.pl\/wf\/wp-content\/uploads\/2016\/09\/konk13_1-150x103.jpg 150w, https:\/\/physics.uwb.edu.pl\/wf\/wp-content\/uploads\/2016\/09\/konk13_1-300x206.jpg 300w\" sizes=\"auto, (max-width: 400px) 100vw, 400px\" \/><\/p>\n<p align=\"JUSTIFY\">Rys. 1. <em>a)<\/em> Schemat U-rurki z ukryt\u0105 ko\u0144c\u00f3wk\u0105 A i powyginanym ramieniem zako\u0144czonym wlotem B. <em>b)<\/em> Schemat bli\u017aniaczej U-rurki z dost\u0119pn\u0105 ko\u0144c\u00f3wk\u0105 C i prostym ramieniem z wlotem D.<\/p>\n<p align=\"JUSTIFY\"><img loading=\"lazy\" decoding=\"async\" class=\"aligncenter size-full wp-image-3272\" src=\"http:\/\/physics.uwb.edu.pl\/wf\/wp-content\/uploads\/2016\/09\/konk13_2.jpg\" alt=\"konk13_2\" width=\"400\" height=\"301\" srcset=\"https:\/\/physics.uwb.edu.pl\/wf\/wp-content\/uploads\/2016\/09\/konk13_2.jpg 400w, https:\/\/physics.uwb.edu.pl\/wf\/wp-content\/uploads\/2016\/09\/konk13_2-150x113.jpg 150w, https:\/\/physics.uwb.edu.pl\/wf\/wp-content\/uploads\/2016\/09\/konk13_2-300x226.jpg 300w, https:\/\/physics.uwb.edu.pl\/wf\/wp-content\/uploads\/2016\/09\/konk13_2-175x131.jpg 175w\" sizes=\"auto, (max-width: 400px) 100vw, 400px\" \/><\/p>\n<p align=\"JUSTIFY\">Rys. 2. Uk\u0142ad eksperymentalny U-rurki z os\u0142oni\u0119t\u0105 ko\u0144c\u00f3wk\u0105, oraz bli\u017aniaczej U-rurki z dost\u0119pnymi ko\u0144c\u00f3wkami<\/p>\n<p align=\"JUSTIFY\"><img loading=\"lazy\" decoding=\"async\" class=\"aligncenter size-full wp-image-3273\" src=\"http:\/\/physics.uwb.edu.pl\/wf\/wp-content\/uploads\/2016\/09\/konk13_3.jpg\" alt=\"konk13_3\" width=\"400\" height=\"254\" srcset=\"https:\/\/physics.uwb.edu.pl\/wf\/wp-content\/uploads\/2016\/09\/konk13_3.jpg 400w, https:\/\/physics.uwb.edu.pl\/wf\/wp-content\/uploads\/2016\/09\/konk13_3-150x95.jpg 150w, https:\/\/physics.uwb.edu.pl\/wf\/wp-content\/uploads\/2016\/09\/konk13_3-300x191.jpg 300w\" sizes=\"auto, (max-width: 400px) 100vw, 400px\" \/><\/p>\n<p align=\"JUSTIFY\">Rys. 3. Ukryta za os\u0142on\u0105 ko\u0144c\u00f3wka U-rurki, oraz widoczna ko\u0144c\u00f3wka bli\u017aniaczej U-rurki<\/p>\n<p align=\"JUSTIFY\"><img loading=\"lazy\" decoding=\"async\" class=\"aligncenter size-full wp-image-3274\" src=\"http:\/\/physics.uwb.edu.pl\/wf\/wp-content\/uploads\/2016\/09\/konk13_4.jpg\" alt=\"konk13_4\" width=\"400\" height=\"300\" srcset=\"https:\/\/physics.uwb.edu.pl\/wf\/wp-content\/uploads\/2016\/09\/konk13_4.jpg 400w, https:\/\/physics.uwb.edu.pl\/wf\/wp-content\/uploads\/2016\/09\/konk13_4-150x113.jpg 150w, https:\/\/physics.uwb.edu.pl\/wf\/wp-content\/uploads\/2016\/09\/konk13_4-300x225.jpg 300w, https:\/\/physics.uwb.edu.pl\/wf\/wp-content\/uploads\/2016\/09\/konk13_4-175x131.jpg 175w\" sizes=\"auto, (max-width: 400px) 100vw, 400px\" \/><\/p>\n<p align=\"JUSTIFY\">Rys. 4. Ko\u0144c\u00f3wki U-rurek, do kt\u00f3rych mo\u017cna wlewa\u0107 <em>nasz\u0105<\/em> wod\u0119.<\/p>\n<p align=\"JUSTIFY\">Drugi koniec (B) dodatkowo powyginanej U-rurki jest dost\u0119pny dla uczestnik\u00f3w konkursu. Do wyznaczania odleg\u0142o\u015bci <span style=\"font-size: x-large;\"><i>h<\/i><\/span> mo\u017cna u\u017cywa\u0107 <span style=\"font-size: x-large;\"><i>czystej wody<\/i><\/span>, kt\u00f3ra jest przygotowan\u0105 do tego celu wod\u0105 destylowan\u0105*.<\/p>\n<p align=\"JUSTIFY\">W uk\u0142adzie znajduje si\u0119 U-rurka z metalow\u0105 ko\u0144c\u00f3wk\u0105 (A). Ko\u0144c\u00f3wka tej U-rurki jest ukryta za specjaln\u0105 os\u0142on\u0105, kt\u00f3rej nie mo\u017cna zdejmowa\u0107. Do jednego ramienia U-rurki poprzez wlot (B) mo\u017cna wlewa\u0107 wod\u0119. Nadmiar wody wyp\u0142ywa poprzez ko\u0144c\u00f3wk\u0119 (A). Bezpo\u015brednia obserwacja poziomu wody w powyginanym ramieniu U-rurki jest utrudniona. U-rurki nie mo\u017cna rozprostowywa\u0107 ani wygina\u0107, jej po\u0142o\u017cenie jest ustalone i zabezpieczone plombami.<\/p>\n<p align=\"JUSTIFY\">Poprzez powyginane rami\u0119 U-rurki mo\u017cna wk\u0142ada\u0107 elastyczne \u201esondy\u201d w celu wykrycia poziomu wody. Tak\u0105 sond\u0105 mo\u017ce by\u0107 np. kawa\u0142ek drutu. Uczestnicy konkursu powinni mo\u017cliwie dok\u0142adnie wyznaczy\u0107 odleg\u0142o\u015b\u0107 <span style=\"font-size: x-large;\"><i>h<\/i><\/span> na podstawie bada\u0144 dost\u0119pnej cz\u0119\u015bci U-rurki.<\/p>\n<p align=\"JUSTIFY\">W celu umo\u017cliwienia obserwacji zachowania si\u0119 wody w ukrytej, metalowej ko\u0144c\u00f3wce (A), udost\u0119pniona zosta\u0142a bli\u017aniacza kopia (C) tej ko\u0144c\u00f3wki (Rys. 1<i>b<\/i>) w drugiej U-rurce. Do drugiej U-rurki r\u00f3wnie\u017c mo\u017cna wlewa\u0107 wod\u0119 i obserwowa\u0107 jej poziom w prostym ramieniu zako\u0144czonym wlotem (D).<\/p>\n<p>&nbsp;<\/p>\n<p align=\"JUSTIFY\">Nale\u017cy przeprowadzi\u0107 pomiar odleg\u0142o\u015bci <span style=\"font-size: x-large;\"><i>h<\/i><\/span> (Rys. 1 <em>a<\/em>). Ko\u0144ce przedzia\u0142u<i> <\/i><span style=\"font-size: x-large;\"><i>h<\/i><\/span><sub>1<\/sub> i <span style=\"font-size: x-large;\"><i>h<\/i><\/span><sub>2<\/sub>, w kt\u00f3rym zawiera si\u0119 odleg\u0142o\u015b\u0107 <span style=\"font-size: x-large;\"><i>h<\/i><\/span>, nale\u017cy wys\u0142a\u0107 korzystaj\u0105c z formularza znajduj\u0105cego si\u0119 poni\u017cej do dnia 6 listopada 2016 r. (niedziela) do godziny 12:00. Osoba bior\u0105ca udzia\u0142 w konkursie jest identyfikowana poprzez numer legitymacji szkolnej lub studenckiej oraz dane kontaktowe (organizatorzy zapewniaj\u0105, \u017ce dane te b\u0119d\u0105 chronione). Uczestnik konkursu mo\u017ce wpisa\u0107 w formularzu tylko jedn\u0105 par\u0119 liczb.<\/p>\n<p align=\"JUSTIFY\">Laureaci zostan\u0105 wy\u0142onieni w dw\u00f3ch kategoriach. Kategori\u0119 zaawansowanych stanowi\u0105 studenci wydzia\u0142\u00f3w fizyki, matematyki i wydzia\u0142\u00f3w technicznych, kt\u00f3rzy studiowali na tych wydzia\u0142ach przynajmniej jeden rok. Pozosta\u0142e osoby nale\u017c\u0105 do grupy niezaawansowanych.<\/p>\n<p align=\"JUSTIFY\"><strong>Prosimy o zaznaczenie stosownej kategorii w formularzu poni\u017cej.<\/strong><\/p>\n<p align=\"JUSTIFY\">Mo\u017ce zdarzy\u0107 si\u0119 przypadkowe wpadni\u0119cie jakiego\u015b przedmiotu do U-rurki lub jej zatkanie. Zdarzenie to <b>nie b\u0119dzie mia\u0142o jakichkolwiek negatywnych konsekwencji<\/b>. Nale\u017cy o tym poinformowa\u0107 organizator\u00f3w konkursu. Zostanie przywr\u00f3cone poprawne funkcjonowanie uk\u0142adu, a przedmiot usuni\u0119ty.<\/p>\n<p align=\"JUSTIFY\">Uk\u0142ad pomiarowy zosta\u0142 zabezpieczony plombami przed pr\u00f3bami zdj\u0119cia os\u0142ony ko\u0144c\u00f3wki lub demonta\u017cu U-rurki. Uczestnik\u00f3w konkursu uprasza si\u0119 o delikatne obchodzenie si\u0119 z uk\u0142adem.<\/p>\n<p align=\"JUSTIFY\">W dniu rozstrzygni\u0119cia konkursu, 7 listopada 2016 o godzinie 12:00, komisja wy\u0142oniona spo\u015br\u00f3d uczestnik\u00f3w sprawdzi, czy nie zosta\u0142y naruszone zabezpieczenia przed demonta\u017cem uk\u0142adu, w szczeg\u00f3lno\u015bci plomby, zdejmie os\u0142on\u0119 ko\u0144c\u00f3wki i dokona pomiaru odleg\u0142o\u015bci <span style=\"font-size: x-large;\"><i>h<\/i><\/span> przy u\u017cyciu suwmiarki.<\/p>\n<p align=\"JUSTIFY\">Zwyci\u0119zc\u0105 konkursu w danej kategorii zostanie osoba, kt\u00f3ra wpisa\u0142a takie <span style=\"font-size: x-large;\"><i>h<\/i><\/span><sub>1<\/sub> i <span style=\"font-size: x-large;\"><i>h<\/i><\/span><sub>2<\/sub>, \u017ce <span style=\"font-size: x-large;\"><i>h<\/i><\/span><sub>1<\/sub><span style=\"font-family: Symbol,serif;\"><span style=\"font-size: x-large;\">\uf0a3<\/span><\/span><span style=\"font-size: x-large;\"><i>h<\/i><\/span><span style=\"font-family: Symbol,serif;\"><span style=\"font-size: x-large;\">\uf0a3<\/span><\/span><span style=\"font-size: x-large;\"><i>h<\/i><\/span><sub>2<\/sub>, oraz uzyska\u0142a najmniejsz\u0105 d\u0142ugo\u015b\u0107 przedzia\u0142u <span style=\"font-family: Symbol,serif;\"><span style=\"font-size: x-large;\"><i>\uf044<\/i><\/span><\/span>=<span style=\"font-size: x-large;\"><i>h<\/i><\/span><sub>2<\/sub><span style=\"font-family: Symbol,serif;\"><span style=\"font-size: x-large;\">\uf02d<\/span><\/span><span style=\"font-size: x-large;\"><i>h<\/i><\/span><sub>1<\/sub>. W przypadku, gdy w danej kategorii nie znajdzie si\u0119 przedzia\u0142 zawieraj\u0105cy <span style=\"font-size: x-large;\"><i>h<\/i><\/span>, laureatem zostanie ten uczestnik, kt\u00f3ry poda\u0142 przedzia\u0142 ze \u015brodkiem le\u017c\u0105cym najbli\u017cej odleg\u0142o\u015bci <span style=\"font-size: x-large;\"><i>h<\/i><\/span>.<\/p>\n<p align=\"JUSTIFY\">Organizatorzy sk\u0142adaj\u0105 podzi\u0119kowania Panu Dziekanowi Wydzia\u0142u Fizyki prof. Piotrowi Jaranowskiemu za ufundowanie nagr\u00f3d, dr hab. A. Andrejczukowi za recenzj\u0119 opisu merytorycznego,\u00a0mgr W. Dobrogowskiemu i dr K. Gawrylukowi za udzia\u0142 w promocji konkursu i obs\u0142udze sieci, oraz Panu B. Prusowi i L. Pa\u0144kowskiemu za pomoc techniczn\u0105.<\/p>\n<p align=\"JUSTIFY\"><span style=\"font-size: small;\">*Uwagi: U\u017cywamy tylko wody destylowanej poniewa\u017c w innej mog\u0142yby si\u0119 rozwin\u0105\u0107 drobnoustroje powoduj\u0105ce przykry zapach. Uprasza si\u0119 o nierozlewanie wody destylowanej, poniewa\u017c do jej wyprodukowania potrzebna jest energia. Oszcz\u0119dzajmy nasze \u015brodowisko!<\/span><\/p>\n<p><!--\n\n\n<h3>Poni\u017cej zamieszczono nades\u0142ane odpowiedzi.<\/h3>\n\n\n\n\n<p align=\"JUSTIFY\">Dnia 7.11.2016 o godz.12:00 nast\u0105pi rozstrzygni\u0119cie konkursu. Do tego czasu mo\u017cna sk\u0142ada\u0107 reklamacje.<\/p>\n\n\n&nbsp;\n\n\n<table style=\"width: 800px;\" border=\"2\">\n\n\n<tbody>\n\n\n<tr>\n\n\n<td style=\"width: 275.8px;\"><b>Imi\u0119 i nazwisko<\/b><\/td>\n\n\n\n\n<td style=\"width: 213.2px;\"><b>Szko\u0142a\/uczelnia<\/b><\/td>\n\n\n\n\n<td style=\"width: 95px;\"><b>h1<\/b> [mm]<\/td>\n\n\n\n\n<td style=\"width: 83px;\"><b>h2<\/b> [mm]<\/td>\n\n\n\n\n<td style=\"width: 125px;\"><b>kategoria<\/b> [z\/n]<\/td>\n\n\n<\/tr>\n\n\n\n\n<tr>\n\n\n<td style=\"width: 275.8px;\">\u00a0Marek B\u0142a\u017cko<\/td>\n\n\n\n\n<td style=\"width: 213.2px;\">\u00a0UwB, Fizyka<\/td>\n\n\n\n\n<td style=\"width: 95px;\">\u00a046<\/td>\n\n\n\n\n<td style=\"width: 83px;\">\u00a049<\/td>\n\n\n\n\n<td style=\"width: 125px;\">\u00a0z<\/td>\n\n\n<\/tr>\n\n\n\n\n<tr>\n\n\n<td style=\"width: 275.8px;\">\u00a0Angelika Bujnarowska<\/td>\n\n\n\n\n<td style=\"width: 213.2px;\">\u00a0UM w Bia\u0142.<\/td>\n\n\n\n\n<td style=\"width: 95px;\">\u00a045<\/td>\n\n\n\n\n<td style=\"width: 83px;\">\u00a048<\/td>\n\n\n\n\n<td style=\"width: 125px;\">\u00a0n<\/td>\n\n\n<\/tr>\n\n\n\n\n<tr>\n\n\n<td style=\"width: 275.8px;\">\u00a0Pawe\u0142 Butkiewicz<\/td>\n\n\n\n\n<td style=\"width: 213.2px;\">\u00a0UwB<\/td>\n\n\n\n\n<td style=\"width: 95px;\">\u00a08<\/td>\n\n\n\n\n<td style=\"width: 83px;\">\u00a09<\/td>\n\n\n\n\n<td style=\"width: 125px;\">\u00a0z<\/td>\n\n\n<\/tr>\n\n\n\n\n<tr>\n\n\n<td style=\"width: 275.8px;\">\u00a0Katarzyna Hodun<\/td>\n\n\n\n\n<td style=\"width: 213.2px;\">\u00a0UM w Bia\u0142.<\/td>\n\n\n\n\n<td style=\"width: 95px;\">\u00a048<\/td>\n\n\n\n\n<td style=\"width: 83px;\">\u00a052<\/td>\n\n\n\n\n<td style=\"width: 125px;\">\u00a0n<\/td>\n\n\n<\/tr>\n\n\n\n\n<tr>\n\n\n<td style=\"width: 275.8px;\">\u00a0Patryk Jaro\u015b<\/td>\n\n\n\n\n<td style=\"width: 213.2px;\">\u00a0UwB<\/td>\n\n\n\n\n<td style=\"width: 95px;\">\u00a07<\/td>\n\n\n\n\n<td style=\"width: 83px;\">\u00a08<\/td>\n\n\n\n\n<td style=\"width: 125px;\">\u00a0n<\/td>\n\n\n<\/tr>\n\n\n\n\n<tr>\n\n\n<td style=\"width: 275.8px;\">\u00a0\u0141ukasz \u0141abieniec<\/td>\n\n\n\n\n<td style=\"width: 213.2px;\">\u00a0UwB, Fizyka<\/td>\n\n\n\n\n<td style=\"width: 95px;\">\u00a061,5<\/td>\n\n\n\n\n<td style=\"width: 83px;\">\u00a066,6<\/td>\n\n\n\n\n<td style=\"width: 125px;\">\u00a0z<\/td>\n\n\n<\/tr>\n\n\n\n\n<tr>\n\n\n<td style=\"width: 275.8px;\">\u00a0Jan \u0141uczy\u0144ski<\/td>\n\n\n\n\n<td style=\"width: 213.2px;\">\u00a0UwB<\/td>\n\n\n\n\n<td style=\"width: 95px;\">\u00a019<\/td>\n\n\n\n\n<td style=\"width: 83px;\">\u00a021<\/td>\n\n\n\n\n<td style=\"width: 125px;\">\u00a0n<\/td>\n\n\n<\/tr>\n\n\n\n\n<tr>\n\n\n<td style=\"width: 275.8px;\">\u00a0Marta Natunewicz<\/td>\n\n\n\n\n<td style=\"width: 213.2px;\">\u00a0UM w Bia\u0142.<\/td>\n\n\n\n\n<td style=\"width: 95px;\">\u00a061,3<\/td>\n\n\n\n\n<td style=\"width: 83px;\">\u00a066,9<\/td>\n\n\n\n\n<td style=\"width: 125px;\">\u00a0n<\/td>\n\n\n<\/tr>\n\n\n\n\n<tr>\n\n\n<td style=\"width: 275.8px;\">\u00a0Dorota Rydzewska<\/td>\n\n\n\n\n<td style=\"width: 213.2px;\">\u00a0UwB, Biol.-Chem.<\/td>\n\n\n\n\n<td style=\"width: 95px;\">\u00a049<\/td>\n\n\n\n\n<td style=\"width: 83px;\">\u00a052<\/td>\n\n\n\n\n<td style=\"width: 125px;\">\u00a0z<\/td>\n\n\n<\/tr>\n\n\n\n\n<tr>\n\n\n<td style=\"width: 275.8px;\">Micha\u0142 Stankiewicz<\/td>\n\n\n\n\n<td style=\"width: 213.2px;\">UwB, Fizyka<\/td>\n\n\n\n\n<td style=\"width: 95px;\">\u00a048<\/td>\n\n\n\n\n<td style=\"width: 83px;\">\u00a052<\/td>\n\n\n\n\n<td style=\"width: 125px;\">\u00a0z<\/td>\n\n\n<\/tr>\n\n\n<\/tbody>\n\n\n<\/table>\n\n\n--><!--<strong>We\u017a udzia\u0142 w konkursie, wykonaj pomiary, wy\u015blij odpowied\u017a i wygraj!<\/strong>\n\n[contact-form-7 id=\"3251\" title=\"Form konkurs 2016: Czysta woda wiedzy doda\"]\n\n--><\/p>\n<h1>Rozstrzygni\u0119cie konkursu<\/h1>\n<p>W dniu rozstrzygni\u0119cia komisja wy\u0142oniona z grona uczestnik\u00f3w konkursu sprawdzi\u0142a, \u017ce nikt nie naruszy\u0142 zabezpiecze\u0144 uk\u0142adu. Po rozmontowaniu uk\u0142adu zmierzono odleg\u0142o\u015b\u0107 suwmiark\u0105 otrzymuj\u0105c wynik:<\/p>\n<p><b>h<\/b>=44,3 mm<\/p>\n<p><b>I miejsce w grupie zaawansowanych<\/b> i nagroda 150 z\u0142:<br \/>\np. <b>Marek B\u0142a\u017cko<\/b>, Wydzia\u0142 Fizyki UwB.<br \/>\n<b>I miejsce w grupie niezaawansowanych<\/b> i nagroda 150 z\u0142:<br \/>\np. <b>Angelika Bujnarowska<\/b>, Uniwersytet Medyczny w Bia\u0142ymstoku.<\/p>\n<p><b>Gratulujemy!!<\/b><\/p>\n<p>Poni\u017cej komplet wynik\u00f3w. Zapis w postaci <b>&#8216;out_X&#8217;<\/b> w tabeli oznacza, \u017ce podany przedzia\u0142 nie zawiera zmierzonej warto\u015bci, a &#8216;X&#8217; jest odleg\u0142o\u015bci\u0105 \u015brodka podanego przedzia\u0142u od warto\u015bci zmierzonej.<\/p>\n<p><b>Kategoria: zaawansowani<\/b><\/p>\n<table class=\"padded\" style=\"width: 924px;\" border=\"1\" rules=\"all\">\n<tbody>\n<tr>\n<td style=\"width: 74px;\"><b>Nr<\/b><\/td>\n<td style=\"width: 251px;\"><b>Imi\u0119 i nazwisko<\/b><\/td>\n<td style=\"width: 184px;\"><b>Szko\u0142a\/uczelnia<\/b><\/td>\n<td style=\"width: 116px;\"><b>h1<\/b> [mm]<\/td>\n<td style=\"width: 103.333px;\"><b>h2<\/b> [mm]<\/td>\n<td style=\"width: 183.667px;\" align=\"center\"><b>h2-h1\/odl.<\/b> [mm]<\/td>\n<\/tr>\n<tr>\n<td style=\"width: 74px;\">1<\/td>\n<td style=\"width: 251px;\">Marek B\u0142a\u017cko<\/td>\n<td style=\"width: 184px;\">UwB, Fizyka<\/td>\n<td style=\"width: 116px;\">46<\/td>\n<td style=\"width: 103.333px;\">49<\/td>\n<td style=\"width: 183.667px;\">out_3,2<\/td>\n<\/tr>\n<tr>\n<td style=\"width: 74px;\">2<\/td>\n<td style=\"width: 251px;\">Dorota Rydzewska<\/td>\n<td style=\"width: 184px;\">UwB, Biol.-Chem.<\/td>\n<td style=\"width: 116px;\">49<\/td>\n<td style=\"width: 103.333px;\">52<\/td>\n<td style=\"width: 183.667px;\">out_6,2<\/td>\n<\/tr>\n<tr>\n<td style=\"width: 74px;\">3<\/td>\n<td style=\"width: 251px;\">\u0141ukasz \u0141abieniec<\/td>\n<td style=\"width: 184px;\">UwB, Fizyka<\/td>\n<td style=\"width: 116px;\">61,5<\/td>\n<td style=\"width: 103.333px;\">66,6<\/td>\n<td style=\"width: 183.667px;\">out_19,75<\/td>\n<\/tr>\n<\/tbody>\n<\/table>\n<p><b>Kategoria: niezaawansowani<\/b><\/p>\n<table class=\"padded\" style=\"width: 921.8px;\" border=\"1\" rules=\"all\">\n<tbody>\n<tr>\n<td style=\"width: 71px;\"><b>Nr<\/b><\/td>\n<td style=\"width: 246px;\"><b>Imi\u0119 i nazwisko<\/b><\/td>\n<td style=\"width: 194px;\"><b>Szko\u0142a\/uczelnia<\/b><\/td>\n<td style=\"width: 111px;\"><b>h1<\/b> [mm]<\/td>\n<td style=\"width: 106px;\"><b>h2<\/b> [mm]<\/td>\n<td style=\"width: 181.8px;\" align=\"center\"><b>h2-h1\/odl.<\/b> [mm]<\/td>\n<\/tr>\n<tr>\n<td style=\"width: 71px;\">1<\/td>\n<td style=\"width: 246px;\">Angelika Bujnarowska<\/td>\n<td style=\"width: 194px;\">UM w B-stoku<\/td>\n<td style=\"width: 111px;\">45<\/td>\n<td style=\"width: 106px;\">48<\/td>\n<td style=\"width: 181.8px;\">out_2,2<\/td>\n<\/tr>\n<tr>\n<td style=\"width: 71px;\">2<\/td>\n<td style=\"width: 246px;\">Katarzyna Hodun<\/td>\n<td style=\"width: 194px;\">UM w B-stoku<\/td>\n<td style=\"width: 111px;\">48<\/td>\n<td style=\"width: 106px;\">52<\/td>\n<td style=\"width: 181.8px;\">out_5,7<\/td>\n<\/tr>\n<tr>\n<td style=\"width: 71px;\">3<\/td>\n<td style=\"width: 246px;\">Micha\u0142 Stankiewicz<\/td>\n<td style=\"width: 194px;\">UwB, Fizyka<\/td>\n<td style=\"width: 111px;\">48<\/td>\n<td style=\"width: 106px;\">52<\/td>\n<td style=\"width: 181.8px;\">out_5,7<\/td>\n<\/tr>\n<tr>\n<td style=\"width: 71px;\">4<\/td>\n<td style=\"width: 246px;\">Marta Natunewicz<\/td>\n<td style=\"width: 194px;\">UM w B-stoku<\/td>\n<td style=\"width: 111px;\">61,3<\/td>\n<td style=\"width: 106px;\">66,9<\/td>\n<td style=\"width: 181.8px;\">out_19,8<\/td>\n<\/tr>\n<tr>\n<td style=\"width: 71px;\">5<\/td>\n<td style=\"width: 246px;\">Jan \u0141uczy\u0144ski<\/td>\n<td style=\"width: 194px;\">UwB, Fizyka<\/td>\n<td style=\"width: 111px;\">19<\/td>\n<td style=\"width: 106px;\">21<\/td>\n<td style=\"width: 181.8px;\">out_24,3<\/td>\n<\/tr>\n<tr>\n<td style=\"width: 71px;\">6<\/td>\n<td style=\"width: 246px;\">Pawe\u0142 Butkiewicz<\/td>\n<td style=\"width: 194px;\">UwB, Fizyka<\/td>\n<td style=\"width: 111px;\">8<\/td>\n<td style=\"width: 106px;\">9<\/td>\n<td style=\"width: 181.8px;\">out_35,8<\/td>\n<\/tr>\n<tr>\n<td style=\"width: 71px;\">7<\/td>\n<td style=\"width: 246px;\">Patryk Jaro\u015b<\/td>\n<td style=\"width: 194px;\">UwB, Fizyka<\/td>\n<td style=\"width: 111px;\">7<\/td>\n<td style=\"width: 106px;\">8<\/td>\n<td style=\"width: 181.8px;\">out_36,6<\/td>\n<\/tr>\n<\/tbody>\n<\/table>\n<p><em>\u00a0<\/em><\/p>\n","protected":false},"excerpt":{"rendered":"<p>Wydzia\u0142 Fizyki i PTF O\/Bia\u0142ystok og\u0142asza 13 konkurs na najlepszy pomiar dla student\u00f3w i uczni\u00f3w szk\u00f3\u0142 ponadgimnazjalnych. Zwyci\u0119zcy zdob\u0119d\u0105 uznanie oraz otrzymaj\u0105 nagrody o warto\u015bci 150 PLN za I miejsce <a href=\"https:\/\/physics.uwb.edu.pl\/wf\/?page_id=3248\" class=\"more-link\">[&hellip;]<\/a><\/p>\n","protected":false},"author":2,"featured_media":3590,"parent":3244,"menu_order":0,"comment_status":"closed","ping_status":"closed","template":"","meta":{"ngg_post_thumbnail":0,"Layout":"1c","footnotes":""},"categories":[35],"tags":[],"class_list":["entry","author-dobrog","post-3248","page","type-page","status-publish","has-post-thumbnail","category-popularyzacja_pl"],"jetpack_sharing_enabled":true,"jetpack_shortlink":"https:\/\/wp.me\/P7nvcn-Qo","_links":{"self":[{"href":"https:\/\/physics.uwb.edu.pl\/wf\/index.php?rest_route=\/wp\/v2\/pages\/3248","targetHints":{"allow":["GET"]}}],"collection":[{"href":"https:\/\/physics.uwb.edu.pl\/wf\/index.php?rest_route=\/wp\/v2\/pages"}],"about":[{"href":"https:\/\/physics.uwb.edu.pl\/wf\/index.php?rest_route=\/wp\/v2\/types\/page"}],"author":[{"embeddable":true,"href":"https:\/\/physics.uwb.edu.pl\/wf\/index.php?rest_route=\/wp\/v2\/users\/2"}],"replies":[{"embeddable":true,"href":"https:\/\/physics.uwb.edu.pl\/wf\/index.php?rest_route=%2Fwp%2Fv2%2Fcomments&post=3248"}],"version-history":[{"count":42,"href":"https:\/\/physics.uwb.edu.pl\/wf\/index.php?rest_route=\/wp\/v2\/pages\/3248\/revisions"}],"predecessor-version":[{"id":3668,"href":"https:\/\/physics.uwb.edu.pl\/wf\/index.php?rest_route=\/wp\/v2\/pages\/3248\/revisions\/3668"}],"up":[{"embeddable":true,"href":"https:\/\/physics.uwb.edu.pl\/wf\/index.php?rest_route=\/wp\/v2\/pages\/3244"}],"wp:featuredmedia":[{"embeddable":true,"href":"https:\/\/physics.uwb.edu.pl\/wf\/index.php?rest_route=\/wp\/v2\/media\/3590"}],"wp:attachment":[{"href":"https:\/\/physics.uwb.edu.pl\/wf\/index.php?rest_route=%2Fwp%2Fv2%2Fmedia&parent=3248"}],"wp:term":[{"taxonomy":"category","embeddable":true,"href":"https:\/\/physics.uwb.edu.pl\/wf\/index.php?rest_route=%2Fwp%2Fv2%2Fcategories&post=3248"},{"taxonomy":"post_tag","embeddable":true,"href":"https:\/\/physics.uwb.edu.pl\/wf\/index.php?rest_route=%2Fwp%2Fv2%2Ftags&post=3248"}],"curies":[{"name":"wp","href":"https:\/\/api.w.org\/{rel}","templated":true}]}}