{"id":3278,"date":"2016-09-30T10:43:24","date_gmt":"2016-09-30T08:43:24","guid":{"rendered":"http:\/\/physics.uwb.edu.pl\/wf\/?page_id=3278"},"modified":"2016-10-05T12:00:55","modified_gmt":"2016-10-05T10:00:55","slug":"i-konferencja-nauczycieli-fizyki","status":"publish","type":"page","link":"https:\/\/physics.uwb.edu.pl\/wf\/?page_id=3278","title":{"rendered":"I Konferencja Nauczycieli Fizyki"},"content":{"rendered":"<p><a href=\"http:\/\/knf2017.fizyka.uwb.edu.pl\"><img loading=\"lazy\" decoding=\"async\" class=\"alignnone size-full wp-image-3318\" src=\"http:\/\/physics.uwb.edu.pl\/wf\/wp-content\/uploads\/2016\/09\/cropped-math-formula-chalkboard-600x350.jpg\" alt=\"cropped-math-formula-chalkboard-600x350\" width=\"940\" height=\"197\" srcset=\"https:\/\/physics.uwb.edu.pl\/wf\/wp-content\/uploads\/2016\/09\/cropped-math-formula-chalkboard-600x350.jpg 940w, https:\/\/physics.uwb.edu.pl\/wf\/wp-content\/uploads\/2016\/09\/cropped-math-formula-chalkboard-600x350-150x31.jpg 150w, https:\/\/physics.uwb.edu.pl\/wf\/wp-content\/uploads\/2016\/09\/cropped-math-formula-chalkboard-600x350-300x63.jpg 300w\" sizes=\"auto, (max-width: 940px) 100vw, 940px\" \/><\/a><br \/>\n<strong>I Konferencja Nauczycieli Fizyki<\/strong><\/p>\n<p>Zapraszamy do przygotowania wyst\u0105pie\u0144 w formie prezentacji lub pokazu. Tematyka wyst\u0105pie\u0144 jest dowolna. Pa\u0144stwa propozycje wp\u0142yn\u0105 na ostateczny kszta\u0142t konferencji. Do udzia\u0142u w konferencji zapraszamy r\u00f3wnie\u017c nauczycieli przedmiot\u00f3w przyrodniczych i matematyki.<\/p>\n<h3>Cele konferencji<\/h3>\n<ul>\n<li>integracja \u015brodowiska<\/li>\n<li>poszerzanie kompetencji<\/li>\n<li>dzielenie si\u0119 do\u015bwiadczeniami<\/li>\n<li>przekazywanie aktualnych informacji<\/li>\n<\/ul>\n<p>Szczeg\u00f3\u0142y konferencji na stronach: <a href=\"http:\/\/physics.uwb.edu.pl\/wf\/knf2017\/\">knf2017.fizyka.uwb.edu.pl<\/a><\/p>\n<p>&nbsp;<\/p>\n","protected":false},"excerpt":{"rendered":"<p>I Konferencja Nauczycieli Fizyki Zapraszamy do przygotowania wyst\u0105pie\u0144 w formie prezentacji lub pokazu. Tematyka wyst\u0105pie\u0144 jest dowolna. Pa\u0144stwa propozycje wp\u0142yn\u0105 na ostateczny kszta\u0142t konferencji. Do udzia\u0142u w konferencji zapraszamy r\u00f3wnie\u017c <a href=\"https:\/\/physics.uwb.edu.pl\/wf\/?page_id=3278\" class=\"more-link\">[&hellip;]<\/a><\/p>\n","protected":false},"author":1,"featured_media":3376,"parent":602,"menu_order":-1,"comment_status":"closed","ping_status":"closed","template":"","meta":{"ngg_post_thumbnail":0,"Layout":"","footnotes":""},"categories":[3],"tags":[],"class_list":["entry","author-wp_admin","post-3278","page","type-page","status-publish","has-post-thumbnail","category-wydzialowe_pl"],"jetpack_sharing_enabled":true,"jetpack_shortlink":"https:\/\/wp.me\/P7nvcn-QS","_links":{"self":[{"href":"https:\/\/physics.uwb.edu.pl\/wf\/index.php?rest_route=\/wp\/v2\/pages\/3278","targetHints":{"allow":["GET"]}}],"collection":[{"href":"https:\/\/physics.uwb.edu.pl\/wf\/index.php?rest_route=\/wp\/v2\/pages"}],"about":[{"href":"https:\/\/physics.uwb.edu.pl\/wf\/index.php?rest_route=\/wp\/v2\/types\/page"}],"author":[{"embeddable":true,"href":"https:\/\/physics.uwb.edu.pl\/wf\/index.php?rest_route=\/wp\/v2\/users\/1"}],"replies":[{"embeddable":true,"href":"https:\/\/physics.uwb.edu.pl\/wf\/index.php?rest_route=%2Fwp%2Fv2%2Fcomments&post=3278"}],"version-history":[{"count":17,"href":"https:\/\/physics.uwb.edu.pl\/wf\/index.php?rest_route=\/wp\/v2\/pages\/3278\/revisions"}],"predecessor-version":[{"id":3344,"href":"https:\/\/physics.uwb.edu.pl\/wf\/index.php?rest_route=\/wp\/v2\/pages\/3278\/revisions\/3344"}],"up":[{"embeddable":true,"href":"https:\/\/physics.uwb.edu.pl\/wf\/index.php?rest_route=\/wp\/v2\/pages\/602"}],"wp:featuredmedia":[{"embeddable":true,"href":"https:\/\/physics.uwb.edu.pl\/wf\/index.php?rest_route=\/wp\/v2\/media\/3376"}],"wp:attachment":[{"href":"https:\/\/physics.uwb.edu.pl\/wf\/index.php?rest_route=%2Fwp%2Fv2%2Fmedia&parent=3278"}],"wp:term":[{"taxonomy":"category","embeddable":true,"href":"https:\/\/physics.uwb.edu.pl\/wf\/index.php?rest_route=%2Fwp%2Fv2%2Fcategories&post=3278"},{"taxonomy":"post_tag","embeddable":true,"href":"https:\/\/physics.uwb.edu.pl\/wf\/index.php?rest_route=%2Fwp%2Fv2%2Ftags&post=3278"}],"curies":[{"name":"wp","href":"https:\/\/api.w.org\/{rel}","templated":true}]}}