{"id":3396,"date":"2016-10-07T08:54:05","date_gmt":"2016-10-07T06:54:05","guid":{"rendered":"http:\/\/physics.uwb.edu.pl\/wf\/?page_id=3396"},"modified":"2016-10-07T09:47:06","modified_gmt":"2016-10-07T07:47:06","slug":"kursy-jezykowe","status":"publish","type":"page","link":"https:\/\/physics.uwb.edu.pl\/wf\/?page_id=3396","title":{"rendered":"Kursy j\u0119zykowe dla student\u00f3w, doktorant\u00f3w i pracownik\u00f3w UwB"},"content":{"rendered":"<p><strong>Kursy j\u0119zykowe\u00a0dla student\u00f3w, doktorant\u00f3w i pracownik\u00f3w UwB<\/strong><\/p>\n<p><span style=\"font-family: 'PrimaSans BT,Verdana,sans-serif';\"><a href=\"http:\/\/spnjo.uwb.edu.pl\"><img loading=\"lazy\" decoding=\"async\" class=\"size-medium wp-image-3399 alignleft\" src=\"http:\/\/physics.uwb.edu.pl\/wf\/wp-content\/uploads\/2016\/10\/spnjo-300x108.png\" alt=\"spnjo\" width=\"300\" height=\"108\" srcset=\"https:\/\/physics.uwb.edu.pl\/wf\/wp-content\/uploads\/2016\/10\/spnjo-300x108.png 300w, https:\/\/physics.uwb.edu.pl\/wf\/wp-content\/uploads\/2016\/10\/spnjo-150x54.png 150w, https:\/\/physics.uwb.edu.pl\/wf\/wp-content\/uploads\/2016\/10\/spnjo.png 593w\" sizes=\"auto, (max-width: 300px) 100vw, 300px\" \/><\/a>GLOTTA &#8211; Uniwersyteckie Centrum Nauki J\u0119zyk\u00f3w Obcych zaprasza na KURSY J\u0118ZYKA ANGIELSKIEGO I ROSYJSKIEGO w cenie 5 z\u0142 \/ 45 min. dla student\u00f3w, doktorant\u00f3w i pracownik\u00f3w UwB (10 z\u0142 \/ 45 min. dla os\u00f3b spoza UwB).<br \/>\n<\/span><\/p>\n<p><span style=\"font-family: 'PrimaSans BT,Verdana,sans-serif';\">Szczeg\u00f3\u0142owe informacje na stronie <a href=\"http:\/\/spnjo.uwb.edu.pl\">Studium Praktycznej Nauki J\u0119zyk\u00f3w<\/a> Obcych UwB w zak\u0142adce: Kursy j\u0119zykowe GLOTTA.<\/span><\/p>\n<p>&nbsp;<\/p>\n","protected":false},"excerpt":{"rendered":"<p>Kursy j\u0119zykowe\u00a0dla student\u00f3w, doktorant\u00f3w i pracownik\u00f3w UwB GLOTTA &#8211; Uniwersyteckie Centrum Nauki J\u0119zyk\u00f3w Obcych zaprasza na KURSY J\u0118ZYKA ANGIELSKIEGO I ROSYJSKIEGO w cenie 5 z\u0142 \/ 45 min. dla student\u00f3w, <a href=\"https:\/\/physics.uwb.edu.pl\/wf\/?page_id=3396\" class=\"more-link\">[&hellip;]<\/a><\/p>\n","protected":false},"author":1,"featured_media":3403,"parent":602,"menu_order":-1,"comment_status":"closed","ping_status":"closed","template":"","meta":{"ngg_post_thumbnail":0,"Layout":"","footnotes":""},"categories":[3],"tags":[],"class_list":["entry","author-wp_admin","post-3396","page","type-page","status-publish","has-post-thumbnail","category-wydzialowe_pl"],"jetpack_sharing_enabled":true,"jetpack_shortlink":"https:\/\/wp.me\/P7nvcn-SM","_links":{"self":[{"href":"https:\/\/physics.uwb.edu.pl\/wf\/index.php?rest_route=\/wp\/v2\/pages\/3396","targetHints":{"allow":["GET"]}}],"collection":[{"href":"https:\/\/physics.uwb.edu.pl\/wf\/index.php?rest_route=\/wp\/v2\/pages"}],"about":[{"href":"https:\/\/physics.uwb.edu.pl\/wf\/index.php?rest_route=\/wp\/v2\/types\/page"}],"author":[{"embeddable":true,"href":"https:\/\/physics.uwb.edu.pl\/wf\/index.php?rest_route=\/wp\/v2\/users\/1"}],"replies":[{"embeddable":true,"href":"https:\/\/physics.uwb.edu.pl\/wf\/index.php?rest_route=%2Fwp%2Fv2%2Fcomments&post=3396"}],"version-history":[{"count":4,"href":"https:\/\/physics.uwb.edu.pl\/wf\/index.php?rest_route=\/wp\/v2\/pages\/3396\/revisions"}],"predecessor-version":[{"id":3404,"href":"https:\/\/physics.uwb.edu.pl\/wf\/index.php?rest_route=\/wp\/v2\/pages\/3396\/revisions\/3404"}],"up":[{"embeddable":true,"href":"https:\/\/physics.uwb.edu.pl\/wf\/index.php?rest_route=\/wp\/v2\/pages\/602"}],"wp:featuredmedia":[{"embeddable":true,"href":"https:\/\/physics.uwb.edu.pl\/wf\/index.php?rest_route=\/wp\/v2\/media\/3403"}],"wp:attachment":[{"href":"https:\/\/physics.uwb.edu.pl\/wf\/index.php?rest_route=%2Fwp%2Fv2%2Fmedia&parent=3396"}],"wp:term":[{"taxonomy":"category","embeddable":true,"href":"https:\/\/physics.uwb.edu.pl\/wf\/index.php?rest_route=%2Fwp%2Fv2%2Fcategories&post=3396"},{"taxonomy":"post_tag","embeddable":true,"href":"https:\/\/physics.uwb.edu.pl\/wf\/index.php?rest_route=%2Fwp%2Fv2%2Ftags&post=3396"}],"curies":[{"name":"wp","href":"https:\/\/api.w.org\/{rel}","templated":true}]}}