{"id":3421,"date":"2016-10-09T22:39:24","date_gmt":"2016-10-09T20:39:24","guid":{"rendered":"http:\/\/physics.uwb.edu.pl\/wf\/?page_id=3421"},"modified":"2017-02-08T11:14:47","modified_gmt":"2017-02-08T10:14:47","slug":"grafika","status":"publish","type":"page","link":"https:\/\/physics.uwb.edu.pl\/wf\/?page_id=3421","title":{"rendered":"Grafika"},"content":{"rendered":"<h2>Grafika<\/h2>\n<p>Zawsze lubi\u0142em rysowa\u0107. W przesz\u0142o\u015bci d\u0142ugopisem, a aktualnie na komputerze. Jednak na komputerze zabiera to zdecydowanie wi\u0119cej czasu, wi\u0119c nie mam si\u0119 czym super-efektownym pochwali\u0107&#8230;<br \/>\n<img decoding=\"async\" class=\"alignleft\" src=\"http:\/\/alpha.uwb.edu.pl\/gawryl\/foto\/kielichy.png\" width=\"400\" align=\"left\"><img decoding=\"async\" class=\"alignleft\" src=\"http:\/\/alpha.uwb.edu.pl\/gawryl\/foto\/chust_0051.png\" width=\"400\" align=\"left\"><br \/>\n<img decoding=\"async\" class=\"alignleft\" src=\"http:\/\/alpha.uwb.edu.pl\/gawryl\/foto\/demolka52-1.png\" width=\"400\" align=\"left\"><br \/>\n<img decoding=\"async\" class=\"alignleft\" src=\"http:\/\/alpha.uwb.edu.pl\/gawryl\/foto\/demolka52-2.png\" width=\"400\" align=\"left\"><br \/>\n<img decoding=\"async\" class=\"alignleft\" src=\"http:\/\/alpha.uwb.edu.pl\/gawryl\/foto\/demolka52-7.png\" width=\"400\" align=\"left\"><\/p>\n<p>Autor strony i prawa autorskie 2016: <a href=\"http:\/\/physics.uwb.edu.pl\/wf\/?pracownik=krzysztof-gawryluk\">K. Gawryluk<\/a><\/p>\n","protected":false},"excerpt":{"rendered":"<p>Grafika Zawsze lubi\u0142em rysowa\u0107. W przesz\u0142o\u015bci d\u0142ugopisem, a aktualnie na komputerze. Jednak na komputerze zabiera to zdecydowanie wi\u0119cej czasu, wi\u0119c nie mam si\u0119 czym super-efektownym pochwali\u0107&#8230; Autor strony i prawa <a href=\"https:\/\/physics.uwb.edu.pl\/wf\/?page_id=3421\" class=\"more-link\">[&hellip;]<\/a><\/p>\n","protected":false},"author":5,"featured_media":0,"parent":0,"menu_order":50,"comment_status":"closed","ping_status":"closed","template":"","meta":{"ngg_post_thumbnail":0,"Layout":"2c-l","footnotes":""},"categories":[1,35],"tags":[],"class_list":["entry","author-gawryl","post-3421","page","type-page","status-publish","category-bez-kategorii","category-popularyzacja_pl"],"jetpack_sharing_enabled":true,"jetpack_shortlink":"https:\/\/wp.me\/P7nvcn-Tb","_links":{"self":[{"href":"https:\/\/physics.uwb.edu.pl\/wf\/index.php?rest_route=\/wp\/v2\/pages\/3421","targetHints":{"allow":["GET"]}}],"collection":[{"href":"https:\/\/physics.uwb.edu.pl\/wf\/index.php?rest_route=\/wp\/v2\/pages"}],"about":[{"href":"https:\/\/physics.uwb.edu.pl\/wf\/index.php?rest_route=\/wp\/v2\/types\/page"}],"author":[{"embeddable":true,"href":"https:\/\/physics.uwb.edu.pl\/wf\/index.php?rest_route=\/wp\/v2\/users\/5"}],"replies":[{"embeddable":true,"href":"https:\/\/physics.uwb.edu.pl\/wf\/index.php?rest_route=%2Fwp%2Fv2%2Fcomments&post=3421"}],"version-history":[{"count":2,"href":"https:\/\/physics.uwb.edu.pl\/wf\/index.php?rest_route=\/wp\/v2\/pages\/3421\/revisions"}],"predecessor-version":[{"id":4373,"href":"https:\/\/physics.uwb.edu.pl\/wf\/index.php?rest_route=\/wp\/v2\/pages\/3421\/revisions\/4373"}],"wp:attachment":[{"href":"https:\/\/physics.uwb.edu.pl\/wf\/index.php?rest_route=%2Fwp%2Fv2%2Fmedia&parent=3421"}],"wp:term":[{"taxonomy":"category","embeddable":true,"href":"https:\/\/physics.uwb.edu.pl\/wf\/index.php?rest_route=%2Fwp%2Fv2%2Fcategories&post=3421"},{"taxonomy":"post_tag","embeddable":true,"href":"https:\/\/physics.uwb.edu.pl\/wf\/index.php?rest_route=%2Fwp%2Fv2%2Ftags&post=3421"}],"curies":[{"name":"wp","href":"https:\/\/api.w.org\/{rel}","templated":true}]}}