{"id":3465,"date":"2016-10-18T09:10:38","date_gmt":"2016-10-18T07:10:38","guid":{"rendered":"http:\/\/physics.uwb.edu.pl\/wf\/?page_id=3465"},"modified":"2017-02-23T14:10:12","modified_gmt":"2017-02-23T13:10:12","slug":"program-mobilnosci-studentow-i-doktorantow-most","status":"publish","type":"page","link":"https:\/\/physics.uwb.edu.pl\/wf\/?page_id=3465","title":{"rendered":"Program mobilno\u015bci student\u00f3w i doktorant\u00f3w MOST"},"content":{"rendered":"<p>Program Mobilno\u015bci Student\u00f3w i Doktorant\u00f3w MOST to program wymiany student\u00f3w uniwersytet\u00f3w polskich umo\u017cliwiaj\u0105cy odbywanie studi\u00f3w semestralnych lub rocznych na wybranej przez studenta uczelni. Program oparty jest na zasadach wypracowanych w Programie Erasmus. Regulamin programu opracowa\u0142a na zlecenie KRUP grupa prorektor\u00f3w, wchodz\u0105ca w sk\u0142ad Uniwersyteckiej Komisji Akredytacyjnej. Aktualnie jego uczestnikami s\u0105 wszystkie uczelnie b\u0119d\u0105ce sygnatariuszami Porozumienia na Rzecz Jako\u015bci Kszta\u0142cenia:<\/p>\n<p>Uniwersytet Warszawski<br \/>\nUniwersytet Rzeszowski<br \/>\nUniwersytet Kardyna\u0142a Stefana Wyszy\u0144skiego<br \/>\nUniwersytet im. Adama Mickiewicza<br \/>\nUniwersytet Marii Curie Sk\u0142odowskiej<br \/>\nUniwersytet Miko\u0142aja Kopernika<br \/>\nUniwersytet Warmi\u0144sko-Mazurski<br \/>\nKatolicki Uniwersytet Lubelski Jana Paw\u0142a II<br \/>\nUniwersytet Papieski Jana Paw\u0142a II<\/p>\n<p>Uniwersytet Wroc\u0142awski<br \/>\nUniwersytet Szczeci\u0144ski<br \/>\nUniwersytet \u0141\u00f3dzki<br \/>\nUniwersytet Gda\u0144ski<br \/>\nUniwersytet \u015al\u0105ski<br \/>\nUniwersytet Opolski<br \/>\nUniwersytet Jagiello\u0144ski<br \/>\nUniwersytet Zielonog\u00f3rski<br \/>\nUniwersytet Kazimierza Wielkiego w Bydgoszczy Uniwersytet Jana Kochanowskiego w Kielcach<\/p>\n<p>Uczelnie stowarzyszone z Uniwersyteck\u0105 Komisj\u0105 Akredytacyjn\u0105:<br \/>\nAkademia G\u00f3rniczo-Hutnicza im. Stanis\u0142awa Staszica w Krakowie<br \/>\nAkademia Obrony Narodowej<br \/>\nAkademia Sztuki w Szczecinie<br \/>\nAkademia Wychowania Fizycznego i Sportu w Gda\u0144sku<br \/>\nUniwersytet Ekonomiczny w Poznaniu<br \/>\nUniwersytet Pedagogiczny im. Komisji Edukacji Narodowej w Krakowie<br \/>\nWojskowa Akademia Techniczna im. Jaros\u0142awa D\u0105browskiego w Warszawie<br \/>\nPolitechnika Gda\u0144ska<br \/>\noraz Instytut Matematyczny Polskiej Akademii Nauk<\/p>\n<p>Program mobilno\u015bci opiera si\u0119 na prostym za\u0142o\u017ceniu. Uniwersytety zg\u0142aszaj\u0105 do mi\u0119dzyuczelnianej puli ofert\u0119 miejsc na poszczeg\u00f3lnych kierunkach studi\u00f3w i specjalno\u015bciach. W ramach, tej puli studenci wszystkich uniwersytet\u00f3w dokonuj\u0105 wyboru miejsca studi\u00f3w &#8211; uczelni i kierunku studi\u00f3w. Wszystkie uczelnie bior\u0105ce udzia\u0142 w programie maj\u0105 mo\u017cliwo\u015b\u0107 wysy\u0142ania i przyjmowania student\u00f3w.<br \/>\nProgram MOST daje mo\u017cliwo\u015b\u0107 odbywania na uczelni przyjmuj\u0105cej studi\u00f3w semestralnych lub rocznych na macierzystym lub pokrewnym kierunku. Dokonanie wyboru d\u0142ugo\u015bci studi\u00f3w nast\u0119puje przez studenta wraz z wyborem deklarowanej uczelni i kierunku studi\u00f3w.<\/p>\n","protected":false},"excerpt":{"rendered":"<p>Program Mobilno\u015bci Student\u00f3w i Doktorant\u00f3w MOST to program wymiany student\u00f3w uniwersytet\u00f3w polskich umo\u017cliwiaj\u0105cy odbywanie studi\u00f3w semestralnych lub rocznych na wybranej przez studenta uczelni. Program oparty jest na zasadach wypracowanych w <a href=\"https:\/\/physics.uwb.edu.pl\/wf\/?page_id=3465\" class=\"more-link\">[&hellip;]<\/a><\/p>\n","protected":false},"author":2,"featured_media":727,"parent":38,"menu_order":0,"comment_status":"closed","ping_status":"closed","template":"","meta":{"ngg_post_thumbnail":0,"Layout":"","footnotes":""},"categories":[23],"tags":[],"class_list":["entry","author-dobrog","post-3465","page","type-page","status-publish","has-post-thumbnail","category-student_pl"],"jetpack_sharing_enabled":true,"jetpack_shortlink":"https:\/\/wp.me\/P7nvcn-TT","_links":{"self":[{"href":"https:\/\/physics.uwb.edu.pl\/wf\/index.php?rest_route=\/wp\/v2\/pages\/3465","targetHints":{"allow":["GET"]}}],"collection":[{"href":"https:\/\/physics.uwb.edu.pl\/wf\/index.php?rest_route=\/wp\/v2\/pages"}],"about":[{"href":"https:\/\/physics.uwb.edu.pl\/wf\/index.php?rest_route=\/wp\/v2\/types\/page"}],"author":[{"embeddable":true,"href":"https:\/\/physics.uwb.edu.pl\/wf\/index.php?rest_route=\/wp\/v2\/users\/2"}],"replies":[{"embeddable":true,"href":"https:\/\/physics.uwb.edu.pl\/wf\/index.php?rest_route=%2Fwp%2Fv2%2Fcomments&post=3465"}],"version-history":[{"count":2,"href":"https:\/\/physics.uwb.edu.pl\/wf\/index.php?rest_route=\/wp\/v2\/pages\/3465\/revisions"}],"predecessor-version":[{"id":4564,"href":"https:\/\/physics.uwb.edu.pl\/wf\/index.php?rest_route=\/wp\/v2\/pages\/3465\/revisions\/4564"}],"up":[{"embeddable":true,"href":"https:\/\/physics.uwb.edu.pl\/wf\/index.php?rest_route=\/wp\/v2\/pages\/38"}],"wp:featuredmedia":[{"embeddable":true,"href":"https:\/\/physics.uwb.edu.pl\/wf\/index.php?rest_route=\/wp\/v2\/media\/727"}],"wp:attachment":[{"href":"https:\/\/physics.uwb.edu.pl\/wf\/index.php?rest_route=%2Fwp%2Fv2%2Fmedia&parent=3465"}],"wp:term":[{"taxonomy":"category","embeddable":true,"href":"https:\/\/physics.uwb.edu.pl\/wf\/index.php?rest_route=%2Fwp%2Fv2%2Fcategories&post=3465"},{"taxonomy":"post_tag","embeddable":true,"href":"https:\/\/physics.uwb.edu.pl\/wf\/index.php?rest_route=%2Fwp%2Fv2%2Ftags&post=3465"}],"curies":[{"name":"wp","href":"https:\/\/api.w.org\/{rel}","templated":true}]}}