{"id":3475,"date":"2016-10-18T09:41:05","date_gmt":"2016-10-18T07:41:05","guid":{"rendered":"http:\/\/physics.uwb.edu.pl\/wf\/?page_id=3475"},"modified":"2016-10-18T11:32:51","modified_gmt":"2016-10-18T09:32:51","slug":"co-sie-dzieje-w-mozgu-nastolatka-czyli-o-tym-dlaczego-tak-trudno-zrozumiec-doroslego-wyklad-ptf","status":"publish","type":"page","link":"https:\/\/physics.uwb.edu.pl\/wf\/?page_id=3475","title":{"rendered":"Co si\u0119 dzieje w m\u00f3zgu nastolatka czyli o tym, dlaczego tak trudno zrozumie\u0107 doros\u0142ego &#8211; wyk\u0142ad PTF"},"content":{"rendered":"<p><em><strong>Wyk\u0142ady PTF o\/Bia\u0142ystok &#8211; zapowiedzi<\/strong><\/em><\/p>\n<p style=\"text-align: center\">W sobot\u0119, 29 pa\u017adziernika\u00a02016 roku o godz. 11:00 w sali 2011 przy ul. K. Cio\u0142kowskiego 1L<br \/>\n<em>dr Marek Kaczmarzyk<\/em><br \/>\nz Wydzia\u0142u\u00a0Biologii i Ochrony \u015arodowiska\u00a0Uniwersytetu \u015al\u0105skiego<br \/>\nwyg\u0142osi wyk\u0142ad pt.<br \/>\n<strong>Co si\u0119 dzieje w m\u00f3zgu nastolatka czyli o tym, dlaczego tak trudno zrozumie\u0107 doros\u0142ego<\/strong><\/p>\n<p>Etapy dojrzewania o\u015brodkowego uk\u0142adu nerwowego cz\u0142owieka maj\u0105 wp\u0142yw na\u00a0postrzeganie \u015bwiata. Ludzie w r\u00f3\u017cnym wieku r\u00f3\u017cnie interpretuj\u0105 te same zjawiska\u00a0 i obserwacje. Historia naszego gatunku to w zasadzie historia powa\u017cnych k\u0142opot\u00f3w, z kt\u00f3rych wyszli\u015bmy dzi\u0119ki przypadkowi. Jak nasza przesz\u0142o\u015b\u0107 kszta\u0142tuje nas dzisiaj? Dlaczego doro\u015bli nie rozumiej\u0105\u00a0 w\u0142asnych dzieci? Czy nastolatki stworzy\u0142y cz\u0142owieka? Jest jeszcze kilka podobnych pyta\u0144, na kt\u00f3re mo\u017ce odpowiedzie\u0107 neurobiologia.<\/p>\n<p>Dr Marek Kaczmarzyk, biolog, neurodydaktyk i memetyk, autor podr\u0119cznik\u00f3w i\u00a0program\u00f3w szkolnych, nauczyciel i wyk\u0142adowca. Autor kilkudziesi\u0119ciu artyku\u0142\u00f3w i ksi\u0105\u017cek z\u00a0zakresu biologicznych i memetycznych kontekst\u00f3w kszta\u0142cenia. Propagator dydaktyki ewolucyjnej, dziedziny zajmuj\u0105cej si\u0119 wyodr\u0119bnieniem, rozpoznaniem i praktycznym wykorzystaniem wp\u0142ywu mechanizm\u00f3w ewolucyjnych (zar\u00f3wno ewolucji biologicznej, jak i\u00a0kulturowej) na procesy uczenia si\u0119 i nauczania.<\/p>\n<p><strong>Wszystkie osoby zainteresowane serdecznie zapraszamy!<\/strong><\/p>\n<p>Zarz\u0105d OB PTF<\/p>\n<p>&nbsp;<\/p>\n<p><a href=\"http:\/\/physics.uwb.edu.pl\/wf\/wp-content\/uploads\/2016\/10\/PTF_W4_2016_Kaczmarzyk.pdf\">Ulotka PDF<\/a>[pdf-embedder url=&#8221;http:\/\/physics.uwb.edu.pl\/wf\/wp-content\/uploads\/2016\/10\/PTF_W4_2016_Kaczmarzyk.pdf&#8221; title=&#8221;ptf_w4_2016_kaczmarzyk&#8221;]<\/p>\n","protected":false},"excerpt":{"rendered":"<p>Wyk\u0142ady PTF o\/Bia\u0142ystok &#8211; zapowiedzi W sobot\u0119, 29 pa\u017adziernika\u00a02016 roku o godz. 11:00 w sali 2011 przy ul. K. Cio\u0142kowskiego 1L dr Marek Kaczmarzyk z Wydzia\u0142u\u00a0Biologii i Ochrony \u015arodowiska\u00a0Uniwersytetu \u015al\u0105skiego <a href=\"https:\/\/physics.uwb.edu.pl\/wf\/?page_id=3475\" class=\"more-link\">[&hellip;]<\/a><\/p>\n","protected":false},"author":10,"featured_media":1879,"parent":789,"menu_order":0,"comment_status":"closed","ping_status":"closed","template":"","meta":{"ngg_post_thumbnail":0,"Layout":"","footnotes":""},"categories":[40],"tags":[],"class_list":["entry","author-pzaleski","post-3475","page","type-page","status-publish","has-post-thumbnail","category-ptf_wyklad"],"jetpack_sharing_enabled":true,"jetpack_shortlink":"https:\/\/wp.me\/P7nvcn-U3","_links":{"self":[{"href":"https:\/\/physics.uwb.edu.pl\/wf\/index.php?rest_route=\/wp\/v2\/pages\/3475","targetHints":{"allow":["GET"]}}],"collection":[{"href":"https:\/\/physics.uwb.edu.pl\/wf\/index.php?rest_route=\/wp\/v2\/pages"}],"about":[{"href":"https:\/\/physics.uwb.edu.pl\/wf\/index.php?rest_route=\/wp\/v2\/types\/page"}],"author":[{"embeddable":true,"href":"https:\/\/physics.uwb.edu.pl\/wf\/index.php?rest_route=\/wp\/v2\/users\/10"}],"replies":[{"embeddable":true,"href":"https:\/\/physics.uwb.edu.pl\/wf\/index.php?rest_route=%2Fwp%2Fv2%2Fcomments&post=3475"}],"version-history":[{"count":10,"href":"https:\/\/physics.uwb.edu.pl\/wf\/index.php?rest_route=\/wp\/v2\/pages\/3475\/revisions"}],"predecessor-version":[{"id":3525,"href":"https:\/\/physics.uwb.edu.pl\/wf\/index.php?rest_route=\/wp\/v2\/pages\/3475\/revisions\/3525"}],"up":[{"embeddable":true,"href":"https:\/\/physics.uwb.edu.pl\/wf\/index.php?rest_route=\/wp\/v2\/pages\/789"}],"wp:featuredmedia":[{"embeddable":true,"href":"https:\/\/physics.uwb.edu.pl\/wf\/index.php?rest_route=\/wp\/v2\/media\/1879"}],"wp:attachment":[{"href":"https:\/\/physics.uwb.edu.pl\/wf\/index.php?rest_route=%2Fwp%2Fv2%2Fmedia&parent=3475"}],"wp:term":[{"taxonomy":"category","embeddable":true,"href":"https:\/\/physics.uwb.edu.pl\/wf\/index.php?rest_route=%2Fwp%2Fv2%2Fcategories&post=3475"},{"taxonomy":"post_tag","embeddable":true,"href":"https:\/\/physics.uwb.edu.pl\/wf\/index.php?rest_route=%2Fwp%2Fv2%2Ftags&post=3475"}],"curies":[{"name":"wp","href":"https:\/\/api.w.org\/{rel}","templated":true}]}}