{"id":3486,"date":"2016-10-18T09:58:12","date_gmt":"2016-10-18T07:58:12","guid":{"rendered":"http:\/\/physics.uwb.edu.pl\/wf\/?page_id=3486"},"modified":"2021-07-07T12:30:12","modified_gmt":"2021-07-07T10:30:12","slug":"zadaj-pytanie-fizykowi","status":"publish","type":"page","link":"https:\/\/physics.uwb.edu.pl\/wf\/?page_id=3486","title":{"rendered":"Zadaj pytanie fizykowi"},"content":{"rendered":"<h3>Nurtuje Ci\u0119 jaki\u015b problem z dziedziny fizyki?<\/h3>\n<p>Samodzielnie sformu\u0142uj pytanie i prze\u015blij je do nas. Skierujemy je do specjalist\u00f3w i otrzymasz odpowied\u017a.<br \/>\nOto niekt\u00f3re <a href=\"https:\/\/physics.uwb.edu.pl\/wf\/?page_id=12404\"><u>pytania i odpowiedzi<\/u><\/a>.<\/p>\n<p><b>Uwaga: Nie rozwi\u0105zujemy zada\u0144 i nie odrabiamy prac domowych!<\/b><\/p>\n<p>[contact-form-7 id=&#8221;3485&#8243; title=&#8221;Zadaj pytanie fizykowi&#8221;]<\/p>\n","protected":false},"excerpt":{"rendered":"<p>Nurtuje Ci\u0119 jaki\u015b problem z dziedziny fizyki? Samodzielnie sformu\u0142uj pytanie i prze\u015blij je do nas. Skierujemy je do specjalist\u00f3w i otrzymasz odpowied\u017a. Oto niekt\u00f3re pytania i odpowiedzi. Uwaga: Nie rozwi\u0105zujemy <a href=\"https:\/\/physics.uwb.edu.pl\/wf\/?page_id=3486\" class=\"more-link\">[&hellip;]<\/a><\/p>\n","protected":false},"author":2,"featured_media":1874,"parent":305,"menu_order":5,"comment_status":"closed","ping_status":"closed","template":"","meta":{"ngg_post_thumbnail":0,"Layout":"1c","footnotes":""},"categories":[35],"tags":[],"class_list":["entry","author-dobrog","post-3486","page","type-page","status-publish","has-post-thumbnail","category-popularyzacja_pl"],"jetpack_sharing_enabled":true,"jetpack_shortlink":"https:\/\/wp.me\/P7nvcn-Ue","_links":{"self":[{"href":"https:\/\/physics.uwb.edu.pl\/wf\/index.php?rest_route=\/wp\/v2\/pages\/3486","targetHints":{"allow":["GET"]}}],"collection":[{"href":"https:\/\/physics.uwb.edu.pl\/wf\/index.php?rest_route=\/wp\/v2\/pages"}],"about":[{"href":"https:\/\/physics.uwb.edu.pl\/wf\/index.php?rest_route=\/wp\/v2\/types\/page"}],"author":[{"embeddable":true,"href":"https:\/\/physics.uwb.edu.pl\/wf\/index.php?rest_route=\/wp\/v2\/users\/2"}],"replies":[{"embeddable":true,"href":"https:\/\/physics.uwb.edu.pl\/wf\/index.php?rest_route=%2Fwp%2Fv2%2Fcomments&post=3486"}],"version-history":[{"count":4,"href":"https:\/\/physics.uwb.edu.pl\/wf\/index.php?rest_route=\/wp\/v2\/pages\/3486\/revisions"}],"predecessor-version":[{"id":12409,"href":"https:\/\/physics.uwb.edu.pl\/wf\/index.php?rest_route=\/wp\/v2\/pages\/3486\/revisions\/12409"}],"up":[{"embeddable":true,"href":"https:\/\/physics.uwb.edu.pl\/wf\/index.php?rest_route=\/wp\/v2\/pages\/305"}],"wp:featuredmedia":[{"embeddable":true,"href":"https:\/\/physics.uwb.edu.pl\/wf\/index.php?rest_route=\/wp\/v2\/media\/1874"}],"wp:attachment":[{"href":"https:\/\/physics.uwb.edu.pl\/wf\/index.php?rest_route=%2Fwp%2Fv2%2Fmedia&parent=3486"}],"wp:term":[{"taxonomy":"category","embeddable":true,"href":"https:\/\/physics.uwb.edu.pl\/wf\/index.php?rest_route=%2Fwp%2Fv2%2Fcategories&post=3486"},{"taxonomy":"post_tag","embeddable":true,"href":"https:\/\/physics.uwb.edu.pl\/wf\/index.php?rest_route=%2Fwp%2Fv2%2Ftags&post=3486"}],"curies":[{"name":"wp","href":"https:\/\/api.w.org\/{rel}","templated":true}]}}