{"id":3528,"date":"2016-10-19T17:23:03","date_gmt":"2016-10-19T15:23:03","guid":{"rendered":"http:\/\/physics.uwb.edu.pl\/wf\/?page_id=3528"},"modified":"2016-10-20T12:16:11","modified_gmt":"2016-10-20T10:16:11","slug":"studenckie-pogotowie-lekcyjne-wlacz-sie","status":"publish","type":"page","link":"https:\/\/physics.uwb.edu.pl\/wf\/?page_id=3528","title":{"rendered":"Studenckie Pogotowie Lekcyjne \u2013 w\u0142\u0105cz si\u0119!"},"content":{"rendered":"<p><strong>Studenckie Pogotowie Lekcyjne \u2013 w\u0142\u0105cz si\u0119!<\/strong><\/p>\n<p style=\"text-align: center;\">Chcesz podzieli\u0107 si\u0119 swoj\u0105 wiedz\u0105 i czasem?<br \/>\nChcesz zdoby\u0107 cenne do\u015bwiadczenie?<br \/>\nChcesz pom\u00f3c?<br \/>\nW\u0142\u0105cz si\u0119 do kolejnego semestru akcji STUDENCKIE POGOTOWIE LEKCYJNE!<\/p>\n<p><img loading=\"lazy\" decoding=\"async\" class=\"size-full wp-image-3529 alignleft\" src=\"http:\/\/physics.uwb.edu.pl\/wf\/wp-content\/uploads\/2016\/10\/studenckie-banner.jpg\" alt=\"studenckie-banner\" width=\"300\" height=\"315\" srcset=\"https:\/\/physics.uwb.edu.pl\/wf\/wp-content\/uploads\/2016\/10\/studenckie-banner.jpg 300w, https:\/\/physics.uwb.edu.pl\/wf\/wp-content\/uploads\/2016\/10\/studenckie-banner-143x150.jpg 143w, https:\/\/physics.uwb.edu.pl\/wf\/wp-content\/uploads\/2016\/10\/studenckie-banner-286x300.jpg 286w\" sizes=\"auto, (max-width: 300px) 100vw, 300px\" \/><strong>KOMU I W CZYM CHCEMY POM\u00d3C?<\/strong><\/p>\n<p align=\"justify\">Chcemy zapewni\u0107 pomoc w odrabianiu lekcji podopiecznym \u015bwietlic socjoterapeutycznych prowadzonych przez 2 organizacje charytatywne: CARITAS, ELEOS. W naszej akcji bierze te\u017c udzia\u0142 \u015bwietlica PCK. Do tych plac\u00f3wek codziennie przychodz\u0105 dzieci i m\u0142odzie\u017c, kt\u00f3re przy pracach domowych zwykle nie mog\u0105 liczy\u0107 na pomoc najbli\u017cszych. To uczniowie szk\u00f3\u0142 podstawowych (wi\u0119kszo\u015b\u0107) i gimnazjalnych. Wielu z nich wychowuje si\u0119 w rodzinach dysfunkcyjnych, g\u0142\u00f3wnie z problemem alkoholowym, albo w rodzinach niepe\u0142nych i ubogich. \u015awietlicowe grupy licz\u0105 zwykle kilkana\u015bcioro dzieci.<\/p>\n<p><strong>JAK B\u0118DZIE WYGL\u0104DA\u0141A POMOC?<\/strong><\/p>\n<p>Chcemy zorganizowa\u0107 w \u015bwietlicach socjoterapeutycznych dy\u017cury student\u00f3w. Wolontariusze b\u0119d\u0105 dy\u017curowa\u0107 w wybranych plac\u00f3wkach raz w tygodniu (od poniedzia\u0142ku do pi\u0105tku), w godzinach popo\u0142udniowych, wed\u0142ug ustalonych z nimi grafik\u00f3w. Student\u00f3w b\u0119d\u0105 wspiera\u0107 zatrudnieni w \u015bwietlicach wykwalifikowani opiekunowie. Dy\u017cury potrwaj\u0105 do ko\u0144ca semestru.<\/p>\n<p><strong>DLACZEGO WARTO W\u0141\u0104CZY\u0106 SI\u0118 DO AKCJI?<\/strong><\/p>\n<p>Praca na rzecz dzieci to okazja do zdobycia bezcennych do\u015bwiadcze\u0144, wzmocnienia kompetencji interpersonalnych i sprawdzenia si\u0119 w kontakcie z innymi lud\u017ami. Niesienie pomocy potrzebuj\u0105cym daje satysfakcj\u0119, uczy empatii i wra\u017cliwo\u015bci na los innych.<\/p>\n<p><strong>NA CO MOG\u0104 LICZY\u0106 WOLONTARIUSZE?<a href=\"http:\/\/physics.uwb.edu.pl\/wf\/wp-content\/uploads\/2016\/10\/studenckie-pogotowie_plakat.jpg\"><img loading=\"lazy\" decoding=\"async\" class=\"size-full wp-image-3536 alignright\" src=\"http:\/\/physics.uwb.edu.pl\/wf\/wp-content\/uploads\/2016\/10\/studenckie1.jpg\" alt=\"studenckie1\" width=\"300\" height=\"424\" srcset=\"https:\/\/physics.uwb.edu.pl\/wf\/wp-content\/uploads\/2016\/10\/studenckie1.jpg 300w, https:\/\/physics.uwb.edu.pl\/wf\/wp-content\/uploads\/2016\/10\/studenckie1-106x150.jpg 106w, https:\/\/physics.uwb.edu.pl\/wf\/wp-content\/uploads\/2016\/10\/studenckie1-212x300.jpg 212w\" sizes=\"auto, (max-width: 300px) 100vw, 300px\" \/><\/a><\/strong><\/p>\n<p>Pracownicy \u015bwietlic przeka\u017c\u0105 wolontariuszom niezb\u0119dne wskaz\u00f3wki i wyja\u015bni\u0105 specyfik\u0119 pracy ze swoimi podopiecznymi. Ka\u017cdy student, kt\u00f3ry w\u0142\u0105czy si\u0119 do akcji, po zako\u0144czeniu dy\u017cur\u00f3w otrzyma ze \u015bwietlicy za\u015bwiadczenie o pracy wolontariackiej, wraz z opisem zrealizowanych zada\u0144 i wymiarem godzin. Ka\u017cdy wolontariusz, kt\u00f3ry b\u0119dzie dy\u017curowa\u0142 sumiennie i systematycznie, na koniec semestru otrzyma dodatkowo pami\u0105tkowy certyfikat udzia\u0142u w akcji, potwierdzony przez w\u0142adze UwB, CARITAS oraz ELEOS. Dokumenty te mog\u0105 przyda\u0107 si\u0119 przy staraniach o stypendium, sta\u017c czy prac\u0119.<\/p>\n<p><strong>CO ZROBI\u0106, \u017bEBY W\u0141\u0104CZY\u0106 SI\u0118 DO AKCJI?<\/strong><\/p>\n<p>Trzeba wype\u0142ni\u0107 za\u0142\u0105czon\u0105 kart\u0119 <a href=\"http:\/\/physics.uwb.edu.pl\/wf\/wp-content\/uploads\/2016\/10\/KARTA-ZG\u0141OSZENIA_2016_2017_zimowy.doc\" target=\"_blank\">Karta zgloszenia 2016-2017_zima<\/a>, a w niej wskaza\u0107 miejsce i por\u0119 (dzie\u0144 tygodnia, godziny), w jakich chcesz i mo\u017cesz pomaga\u0107. Kart\u0119 trzeba wys\u0142a\u0107 na adres: <a href=\"mailto:pogotowie@uwb.edu.pl\">pogotowie@uwb.edu.pl<\/a>. do 26 pa\u017adziernika 2016 r. W tytule maila prosz\u0119 wpisa\u0107 \u201eZg\u0142oszenie\u201d. Organizatorzy skontaktuj\u0105 si\u0119 z Tob\u0105, by ustali\u0107 i potwierdzi\u0107 grafik dy\u017cur\u00f3w. Dy\u017cury rozpoczn\u0105 si\u0119 od listopada.<\/p>\n<p>W przypadku, gdy t\u0119 sam\u0105 plac\u00f3wk\u0119 i ten sam termin dy\u017cur\u00f3w wska\u017ce wi\u0119ksza liczba zg\u0142aszaj\u0105cych si\u0119 student\u00f3w &#8211; o zakwalifikowaniu do udzia\u0142u w akcji b\u0119dzie decydowa\u0142a przede wszystkim kolejno\u015b\u0107 zg\u0142osze\u0144. Na ostateczny kszta\u0142t grafiku mo\u017ce mie\u0107 te\u017c wp\u0142yw kierunek studi\u00f3w i znajomo\u015b\u0107 j\u0119zyk\u00f3w obcych \u2013 chcemy zagwarantowa\u0107 podopiecznym \u015bwietlic mo\u017cliwie wszechstronn\u0105 pomoc. W pierwszej kolejno\u015bci do grafiku b\u0119d\u0105 wpisywane osoby, kt\u00f3re ju\u017c dy\u017curowa\u0142y w wybranej plac\u00f3wce \u2013 w tytule maila prosz\u0119 wpisa\u0107 \u201eZg\u0142oszenie \u2013 kontynuacja\u201d.<\/p>\n<p><strong>UWAGA!<\/strong><\/p>\n<p>Wolontariat daje mn\u00f3stwo satysfakcji, ale wymaga wytrwa\u0142o\u015bci i konsekwencji. Podopieczni \u015bwietlic potrzebuj\u0105 pomocy systematycznej, dlatego czekamy na przemy\u015blane zg\u0142oszenia!<\/p>\n","protected":false},"excerpt":{"rendered":"<p>Studenckie Pogotowie Lekcyjne \u2013 w\u0142\u0105cz si\u0119! Chcesz podzieli\u0107 si\u0119 swoj\u0105 wiedz\u0105 i czasem? Chcesz zdoby\u0107 cenne do\u015bwiadczenie? Chcesz pom\u00f3c? W\u0142\u0105cz si\u0119 do kolejnego semestru akcji STUDENCKIE POGOTOWIE LEKCYJNE! KOMU I <a href=\"https:\/\/physics.uwb.edu.pl\/wf\/?page_id=3528\" class=\"more-link\">[&hellip;]<\/a><\/p>\n","protected":false},"author":5,"featured_media":3531,"parent":602,"menu_order":-1,"comment_status":"closed","ping_status":"closed","template":"","meta":{"ngg_post_thumbnail":0,"Layout":"1c","footnotes":""},"categories":[3],"tags":[],"class_list":["entry","author-gawryl","post-3528","page","type-page","status-publish","has-post-thumbnail","category-wydzialowe_pl"],"jetpack_sharing_enabled":true,"jetpack_shortlink":"https:\/\/wp.me\/P7nvcn-UU","_links":{"self":[{"href":"https:\/\/physics.uwb.edu.pl\/wf\/index.php?rest_route=\/wp\/v2\/pages\/3528","targetHints":{"allow":["GET"]}}],"collection":[{"href":"https:\/\/physics.uwb.edu.pl\/wf\/index.php?rest_route=\/wp\/v2\/pages"}],"about":[{"href":"https:\/\/physics.uwb.edu.pl\/wf\/index.php?rest_route=\/wp\/v2\/types\/page"}],"author":[{"embeddable":true,"href":"https:\/\/physics.uwb.edu.pl\/wf\/index.php?rest_route=\/wp\/v2\/users\/5"}],"replies":[{"embeddable":true,"href":"https:\/\/physics.uwb.edu.pl\/wf\/index.php?rest_route=%2Fwp%2Fv2%2Fcomments&post=3528"}],"version-history":[{"count":6,"href":"https:\/\/physics.uwb.edu.pl\/wf\/index.php?rest_route=\/wp\/v2\/pages\/3528\/revisions"}],"predecessor-version":[{"id":3540,"href":"https:\/\/physics.uwb.edu.pl\/wf\/index.php?rest_route=\/wp\/v2\/pages\/3528\/revisions\/3540"}],"up":[{"embeddable":true,"href":"https:\/\/physics.uwb.edu.pl\/wf\/index.php?rest_route=\/wp\/v2\/pages\/602"}],"wp:featuredmedia":[{"embeddable":true,"href":"https:\/\/physics.uwb.edu.pl\/wf\/index.php?rest_route=\/wp\/v2\/media\/3531"}],"wp:attachment":[{"href":"https:\/\/physics.uwb.edu.pl\/wf\/index.php?rest_route=%2Fwp%2Fv2%2Fmedia&parent=3528"}],"wp:term":[{"taxonomy":"category","embeddable":true,"href":"https:\/\/physics.uwb.edu.pl\/wf\/index.php?rest_route=%2Fwp%2Fv2%2Fcategories&post=3528"},{"taxonomy":"post_tag","embeddable":true,"href":"https:\/\/physics.uwb.edu.pl\/wf\/index.php?rest_route=%2Fwp%2Fv2%2Ftags&post=3528"}],"curies":[{"name":"wp","href":"https:\/\/api.w.org\/{rel}","templated":true}]}}