{"id":355,"date":"2016-03-07T21:10:36","date_gmt":"2016-03-07T20:10:36","guid":{"rendered":"http:\/\/physics.uwb.edu.pl\/wf\/?page_id=355"},"modified":"2019-06-12T14:52:04","modified_gmt":"2019-06-12T12:52:04","slug":"fizyka-medyczna-2","status":"publish","type":"page","link":"https:\/\/physics.uwb.edu.pl\/wf\/?page_id=355","title":{"rendered":"Fizyka medyczna"},"content":{"rendered":"<div id=\"pl-355\"  class=\"panel-layout\" ><div id=\"pg-355-0\"  class=\"panel-grid panel-no-style\" ><div id=\"pgc-355-0-0\"  class=\"panel-grid-cell\" ><div id=\"panel-355-0-0-0\" class=\"so-panel widget widget_sow-editor panel-first-child panel-last-child\" data-index=\"0\" ><div\n\t\t\t\n\t\t\tclass=\"so-widget-sow-editor so-widget-sow-editor-base\"\n\t\t\t\n\t\t>\n<div class=\"siteorigin-widget-tinymce textwidget\">\n\t<p><span style=\"font-size: 24px\"><strong>Specjalno\u015b\u0107: Fizyka medyczna (studia I-go i II-go stopnia)<\/strong><\/span><\/p>\n<p><span style=\"text-decoration: underline\"><span style=\"font-size: 20px\"><strong><em>Opis kierunku:<\/em><\/strong><\/span><\/span><\/p>\n<p>Nieustanny rozw\u00f3j diagnostyki medycznej wymaga wprowadzania nowych metod fizycznych wspomaganych technikami komputerowymi oraz nowych materia\u0142\u00f3w o unikalnych w\u0142a\u015bciwo\u015bciach. W obecnych czasach fizyk medyczny nie tylko obs\u0142uguje skomplikowan\u0105 aparatur\u0119, ale r\u00f3wnie\u017c bierze czynny udzia\u0142 w planowaniu terapii i dbaniu o ochron\u0119 pacjent\u00f3w przed jej ewentualnymi skutkami ubocznymi. Zatem podstaw\u0105 wykszta\u0142cenia dobrego specjalisty jest po\u0142\u0105czenie rzetelnej wiedzy o zjawiskach fizycznych z pokrewnymi dziedzinami nauki takimi jak chemia, biologia i informatyka.<\/p>\n<p>Fizyka medyczna jest kursem daj\u0105cym mo\u017cliwo\u015b\u0107 studentom fizyki nabycia umiej\u0119tno\u015bci w wielu aspektach biochemicznych czy biomedycznych. Jest to niezb\u0119dne we wspomaganiu zespo\u0142\u00f3w lekarskich, szczeg\u00f3lnie w zakresie technik obrazowania medycznego z u\u017cyciem promieniowania. Absolwent fizyki medycznej nabywa umiej\u0119tno\u015bci \u0142\u0105czenia technik stosowanych w fizyce materii skondensowanej z wybranymi dziedzinami medycyny.<\/p>\n<p><span style=\"text-decoration: underline\"><strong><span style=\"font-size: 20px\"><em>Etapy kszta\u0142cenia:<\/em><\/span><\/strong><\/span><\/p>\n<p>Studenci specjalno\u015bci Fizyka medyczna mog\u0105 zdobywa\u0107 wiedz\u0119 na studiach I (licencjackich), II (magisterskich) oraz III-stopnia (doktoranckich).<\/p>\n<p><em>Modu\u0142y przedmiot\u00f3w wchodz\u0105ce w sk\u0142ad programu studi\u00f3w I-go stopnia:<\/em> kszta\u0142cenie og\u00f3lne, podstawy fizyki, elementy fizyki teoretycznej, narz\u0119dzia matematyki i informatyki, zastosowania fizyki w medycynie i technice, kszta\u0142cenie specjalistyczne i praktyczne.<\/p>\n<p><em>Modu\u0142y przedmiot\u00f3w wchodz\u0105ce w sk\u0142ad programu studi\u00f3w II-go stopnia:<\/em> kszta\u0142cenie og\u00f3lne, wybrane problemy fizyki, metody matematyczne i komputerowe, fizyka w praktyce medycznej.<\/p>\n<p><span style=\"text-decoration: underline;font-size: 20px\"><strong><em>Praktyki:<\/em><\/strong><\/span><\/p>\n<p>Ju\u017c od drugiego roku studi\u00f3w studenci odbywaj\u0105 zaj\u0119cia i praktyki w szpitalach, podczas kt\u00f3rych zapoznaj\u0105 si\u0119 z wykorzystywan\u0105 aparatur\u0105 oraz podstawowymi badaniami wykonywanymi przez pracownie specjalistyczne (np. radiologiczn\u0105 i dozymetryczn\u0105). Studenci wy\u017cszych lat, w ramach program\u00f3w MOST i Erasmus+ mog\u0105 ubiega\u0107 si\u0119 o wyjazdy 1- i 2-semestralne do 16-stu uczelni partnerskich, g\u0142\u00f3wnie hiszpa\u0144skich czy greckich, sta\u017ce kr\u00f3tko- i d\u0142ugoterminowe w o\u015brodkach krajowych i zagranicznych oraz kilkunastodniowe warsztaty neutronowe organizowane zwykle w marcu i wrze\u015bniu w atrakcyjnych europejskich o\u015brodkach reaktorowych.<\/p>\n<p>Do najwa\u017cniejszych lokalnych zak\u0142ad\u00f3w opieki zdrowotnej, z kt\u00f3rymi wsp\u00f3\u0142pracuje wydzia\u0142 nale\u017c\u0105: Bia\u0142ostockie Centrum Onkologii (partner w tworzeniu podstaw programowych) oraz Samodzielny Publiczny Zak\u0142ad Opieki Zdrowotnej Ministerstwa Spraw Wewn\u0119trznych i Administracji w Bia\u0142ymstoku.<\/p>\n<p><span style=\"text-decoration: underline;font-size: 20px\"><strong><em>Perspektywy zawodowe:<\/em><\/strong><\/span><\/p>\n<p>Studia na specjalno\u015bci fizyka medyczna pozwalaj\u0105 przygotowa\u0107 wykwalifikowanych specjalist\u00f3w do pracy w:<\/p>\n<ul>\n<li>plac\u00f3wkach s\u0142u\u017cby zdrowia, klinikach, szpitalach i o\u015brodkach ochrony radiologicznej,<\/li>\n<li>laboratoriach i instytutach naukowych,<\/li>\n<li>zak\u0142adach przemys\u0142owych bazuj\u0105cych na technikach radiacyjnych,<\/li>\n<li>firmach produkuj\u0105cych i dystrybuuj\u0105cych aparatur\u0119 medyczn\u0105,<\/li>\n<li>instytucjach wymagaj\u0105cych jako\u015bciowej i ilo\u015bciowej analizy danych oraz modelowania proces\u00f3w.<\/li>\n<\/ul>\n<p>Dodatkowo absolwenci II-go stopnia b\u0119d\u0105 merytorycznie przygotowani do wykonywania zawodu nauczyciela fizyki w szko\u0142ach podstawowych i ponadpodstawowych (do zdobycia uprawnie\u0144 nauczyciela wymagany jest dodatkowy kurs organizowany przez Centrum Edukacji Nauczycieli).<\/p>\n<p><span style=\"text-decoration: underline\"><strong><span style=\"font-size: 20px\"><em>Przyk\u0142adowe prace ko\u0144cowe:<\/em><\/span><\/strong><\/span><\/p>\n<p><em>Micha\u0142 Mieszczy\u0144ski \u201eWp\u0142yw pola magnetycznego na zwierz\u0119ta\u201d praca licencjacka pod kierunkiem dr hab. Marka Niko\u0142ajuka<\/em><\/p>\n<p>Celem pracy by\u0142o przedstawienie wp\u0142ywu pola magnetycznego na zwierz\u0119ta. Opisany jest eksperyment pokazuj\u0105cy w jaki spos\u00f3b jest widziane pole magnetyczne przez ptaki migruj\u0105ce. Przedstawione zosta\u0142y r\u00f3wnie\u017c przyk\u0142ady zwierz\u0105t morskich korzystaj\u0105cych ze zmys\u0142u magnetycznego. W pracy wspomniany zosta\u0142 wp\u0142yw pola magnetycznego na cz\u0142owieka. Na koniec zosta\u0142y opisane konsekwencje jakie powstaj\u0105 w organizmie zwierz\u0119cym po ekspozycji na sta\u0142e pole magnetyczne o niskiej i wysokiej cz\u0119stotliwo\u015bci.<\/p>\n<p><em>Micha\u0142 P\u00f3\u0142torak \u201eWp\u0142yw masek termoplastycznych na rozk\u0142ad dawki w obszarze narastania dawki dla wi\u0105zek foton\u00f3w\u201d praca magisterska pod kierunkiem dr hab. Andrzeja Andrejczuka<\/em><\/p>\n<p>Praca opisuje wp\u0142yw masek termoplastycznych, ze szczeg\u00f3\u0142ow\u0105 analiz\u0105 obszaru narastania dawki dla energii 6 MeV oraz 15 MeV.<\/p>\n<p><span style=\"text-decoration: underline\"><strong><em>\"M\u00f3wi si\u0119\" o fizyce medycznej:<\/em><\/strong><\/span><\/p>\n<p>\"Fizyka medyczna to po\u0142\u0105czenie wiedzy z fizyki, matematyki, biologii, chemii, programowania oraz medycyny. Jest to dziedzina, kt\u00f3ra stale si\u0119 rozwija oraz daje szerokie mo\u017cliwo\u015bci zwi\u0119kszania swoich kwalifikacji. Z roku na rok, odbywaj\u0105c praktyki i cykl zaj\u0119\u0107 w szpitalu, zauwa\u017cy\u0142am, \u017ce fizyk medyczny, cho\u0107 na og\u00f3\u0142 niezauwa\u017calny, jest osob\u0105 niezwykle wa\u017cn\u0105 w procesie ratowania ludzkiego \u017cycia. \" <em>Natalia Dubicka \u2013 studentka<\/em><\/p>\n<p>\u201eUwa\u017cam, \u017ce ta specjalno\u015b\u0107, jako interdyscyplinarna i rozwijaj\u0105ca si\u0119 \u201erami\u0119 w rami\u0119\u201d z post\u0119pem technologii, stwarza szerokie i ci\u0105gle nowe mo\u017cliwo\u015bci na rynku pracy, szczeg\u00f3lnie w sektorach diagnostyki i terapii medycznej.\u201d <em>dr hab. Katarzyna Re\u0107ko - wyk\u0142adowca<\/em><\/p>\n<\/div>\n<\/div><\/div><\/div><div id=\"pgc-355-0-1\"  class=\"panel-grid-cell\" ><div id=\"panel-355-0-1-0\" class=\"so-panel widget widget_sow-editor panel-first-child\" data-index=\"1\" ><div\n\t\t\t\n\t\t\tclass=\"so-widget-sow-editor so-widget-sow-editor-base\"\n\t\t\t\n\t\t>\n<div class=\"siteorigin-widget-tinymce textwidget\">\n\t<figure id=\"attachment_337\" aria-describedby=\"caption-attachment-337\" style=\"width: 300px\" class=\"wp-caption alignnone\"><a href=\"http:\/\/physics.uwb.edu.pl\/wf\/?page_id=786&amp;lang=pl\"><img loading=\"lazy\" decoding=\"async\" class=\"wp-image-337 size-medium\" src=\"http:\/\/physics.uwb.edu.pl\/wf\/wp-content\/uploads\/2016\/02\/fizyka_gier-300x300.png\" alt=\"\" width=\"300\" height=\"300\" \/><\/a><figcaption id=\"caption-attachment-337\" class=\"wp-caption-text\"><strong><a style=\"color: #ffffff;\" href=\"http:\/\/physics.uwb.edu.pl\/wf\/?page_id=786&amp;lang=pl\">Fizyka gier komputerowych i robot\u00f3w<\/a><\/strong><\/figcaption><\/figure>\n<\/div>\n<\/div><\/div><div id=\"panel-355-0-1-1\" class=\"so-panel widget widget_sow-editor\" data-index=\"2\" ><div\n\t\t\t\n\t\t\tclass=\"so-widget-sow-editor so-widget-sow-editor-base\"\n\t\t\t\n\t\t>\n<div class=\"siteorigin-widget-tinymce textwidget\">\n\t<figure id=\"attachment_336\" aria-describedby=\"caption-attachment-336\" style=\"width: 300px\" class=\"wp-caption alignnone\"><a href=\"http:\/\/physics.uwb.edu.pl\/wf\/?page_id=355&amp;lang=pl\"><img loading=\"lazy\" decoding=\"async\" class=\"wp-image-336 size-medium\" src=\"http:\/\/physics.uwb.edu.pl\/wf\/wp-content\/uploads\/2016\/02\/fizyka_medyczna-300x300.png\" alt=\"\" width=\"300\" height=\"300\" srcset=\"https:\/\/physics.uwb.edu.pl\/wf\/wp-content\/uploads\/2016\/02\/fizyka_medyczna-300x300.png 300w, https:\/\/physics.uwb.edu.pl\/wf\/wp-content\/uploads\/2016\/02\/fizyka_medyczna-150x150.png 150w, https:\/\/physics.uwb.edu.pl\/wf\/wp-content\/uploads\/2016\/02\/fizyka_medyczna.png 360w\" sizes=\"auto, (max-width: 300px) 100vw, 300px\" \/><\/a><figcaption id=\"caption-attachment-336\" class=\"wp-caption-text\"><strong><a style=\"color: #ffffff;\" href=\"http:\/\/physics.uwb.edu.pl\/wf\/?page_id=355&amp;lang=pl\">Fizyka medyczna<\/a><\/strong><\/figcaption><\/figure>\n<\/div>\n<\/div><\/div><div id=\"panel-355-0-1-2\" class=\"so-panel widget widget_sow-editor panel-last-child\" data-index=\"3\" ><div\n\t\t\t\n\t\t\tclass=\"so-widget-sow-editor so-widget-sow-editor-base\"\n\t\t\t\n\t\t>\n<div class=\"siteorigin-widget-tinymce textwidget\">\n\t<figure id=\"attachment_334\" aria-describedby=\"caption-attachment-334\" style=\"width: 300px\" class=\"wp-caption alignnone\"><a href=\"http:\/\/physics.uwb.edu.pl\/wf\/?page_id=768&amp;lang=pl\"><img loading=\"lazy\" decoding=\"async\" class=\"wp-image-334 size-medium\" src=\"http:\/\/physics.uwb.edu.pl\/wf\/wp-content\/uploads\/2016\/02\/fizyka_ogolna-300x300.png\" alt=\"Fizyka o profilu og\u00f3lnym\" width=\"300\" height=\"300\" srcset=\"https:\/\/physics.uwb.edu.pl\/wf\/wp-content\/uploads\/2016\/02\/fizyka_ogolna-300x300.png 300w, https:\/\/physics.uwb.edu.pl\/wf\/wp-content\/uploads\/2016\/02\/fizyka_ogolna-150x150.png 150w, https:\/\/physics.uwb.edu.pl\/wf\/wp-content\/uploads\/2016\/02\/fizyka_ogolna.png 360w\" sizes=\"auto, (max-width: 300px) 100vw, 300px\" \/><\/a><figcaption id=\"caption-attachment-334\" class=\"wp-caption-text\"><strong><a style=\"color: #ffffff;\" href=\"http:\/\/physics.uwb.edu.pl\/wf\/?page_id=768&amp;lang=pl\">Fizyka o profilu og\u00f3lnym<\/a><\/strong><\/figcaption><\/figure>\n<\/div>\n<\/div><\/div><\/div><\/div><\/div>","protected":false},"excerpt":{"rendered":"<p>Specjalno\u015b\u0107: Fizyka medyczna (studia I-go i II-go stopnia) Opis kierunku: Nieustanny rozw\u00f3j diagnostyki medycznej wymaga wprowadzania nowych metod fizycznych wspomaganych technikami komputerowymi oraz nowych materia\u0142\u00f3w o unikalnych w\u0142a\u015bciwo\u015bciach. W obecnych <a href=\"https:\/\/physics.uwb.edu.pl\/wf\/?page_id=355\" class=\"more-link\">[&hellip;]<\/a><\/p>\n","protected":false},"author":2,"featured_media":0,"parent":164,"menu_order":0,"comment_status":"closed","ping_status":"closed","template":"","meta":{"ngg_post_thumbnail":0,"Layout":"1c","footnotes":""},"categories":[19],"tags":[],"class_list":["entry","author-dobrog","post-355","page","type-page","status-publish","category-kandydat_pl"],"jetpack_sharing_enabled":true,"jetpack_shortlink":"https:\/\/wp.me\/P7nvcn-5J","_links":{"self":[{"href":"https:\/\/physics.uwb.edu.pl\/wf\/index.php?rest_route=\/wp\/v2\/pages\/355","targetHints":{"allow":["GET"]}}],"collection":[{"href":"https:\/\/physics.uwb.edu.pl\/wf\/index.php?rest_route=\/wp\/v2\/pages"}],"about":[{"href":"https:\/\/physics.uwb.edu.pl\/wf\/index.php?rest_route=\/wp\/v2\/types\/page"}],"author":[{"embeddable":true,"href":"https:\/\/physics.uwb.edu.pl\/wf\/index.php?rest_route=\/wp\/v2\/users\/2"}],"replies":[{"embeddable":true,"href":"https:\/\/physics.uwb.edu.pl\/wf\/index.php?rest_route=%2Fwp%2Fv2%2Fcomments&post=355"}],"version-history":[{"count":29,"href":"https:\/\/physics.uwb.edu.pl\/wf\/index.php?rest_route=\/wp\/v2\/pages\/355\/revisions"}],"predecessor-version":[{"id":9912,"href":"https:\/\/physics.uwb.edu.pl\/wf\/index.php?rest_route=\/wp\/v2\/pages\/355\/revisions\/9912"}],"up":[{"embeddable":true,"href":"https:\/\/physics.uwb.edu.pl\/wf\/index.php?rest_route=\/wp\/v2\/pages\/164"}],"wp:attachment":[{"href":"https:\/\/physics.uwb.edu.pl\/wf\/index.php?rest_route=%2Fwp%2Fv2%2Fmedia&parent=355"}],"wp:term":[{"taxonomy":"category","embeddable":true,"href":"https:\/\/physics.uwb.edu.pl\/wf\/index.php?rest_route=%2Fwp%2Fv2%2Fcategories&post=355"},{"taxonomy":"post_tag","embeddable":true,"href":"https:\/\/physics.uwb.edu.pl\/wf\/index.php?rest_route=%2Fwp%2Fv2%2Ftags&post=355"}],"curies":[{"name":"wp","href":"https:\/\/api.w.org\/{rel}","templated":true}]}}