{"id":3734,"date":"2016-11-24T10:46:15","date_gmt":"2016-11-24T09:46:15","guid":{"rendered":"http:\/\/physics.uwb.edu.pl\/wf\/?page_id=3734"},"modified":"2016-12-03T10:50:15","modified_gmt":"2016-12-03T09:50:15","slug":"pokazy-mechanika-2016","status":"publish","type":"page","link":"https:\/\/physics.uwb.edu.pl\/wf\/?page_id=3734","title":{"rendered":"Pokazy dla szk\u00f3\u0142 &#8211; Mechanika 24-11-2016"},"content":{"rendered":"<p>24-11-2016: &#8220;Pokazy z&nbsp;Fizyki\u201d dla <a href=\"http:\/\/physics.uwb.edu.pl\/wf\/?page_id=745\">uczni\u00f3w i nauczycieli szk\u00f3\u0142 gimnazjalnych i ponadgimnazjalnych<\/a> &#8212; &#8220;Mechanika&#8221;, prowadzi dr hab. Dariusz Satu\u0142a w asy\u015bcie mgr. Piotra Chomieni &#8212; na sali uczniowie Publicznego Gimnazjum #3 w Grajewie.<\/p>\n<p>ngg_shortcode_0_placeholderZamawianie pokaz\u00f3w dla szk\u00f3\u0142:&nbsp;<a href=\"http:\/\/physics.uwb.edu.pl\/wf\/?page_id=745\">http:\/\/physics.uwb.edu.pl\/wf\/?page_id=745<\/a><\/p>\n","protected":false},"excerpt":{"rendered":"<p>24-11-2016: &#8220;Pokazy z&nbsp;Fizyki\u201d dla uczni\u00f3w i nauczycieli szk\u00f3\u0142 gimnazjalnych i ponadgimnazjalnych &#8212; &#8220;Mechanika&#8221;, prowadzi dr hab. Dariusz Satu\u0142a w asy\u015bcie mgr. Piotra Chomieni &#8212; na sali uczniowie Publicznego Gimnazjum #3 <a href=\"https:\/\/physics.uwb.edu.pl\/wf\/?page_id=3734\" class=\"more-link\">[&hellip;]<\/a><\/p>\n","protected":false},"author":2,"featured_media":3739,"parent":2744,"menu_order":0,"comment_status":"closed","ping_status":"closed","template":"","meta":{"ngg_post_thumbnail":0,"Layout":"1c","footnotes":""},"categories":[131],"tags":[],"class_list":["entry","author-dobrog","post-3734","page","type-page","status-publish","has-post-thumbnail","category-galeria_foto"],"jetpack_sharing_enabled":true,"jetpack_shortlink":"https:\/\/wp.me\/P7nvcn-Ye","_links":{"self":[{"href":"https:\/\/physics.uwb.edu.pl\/wf\/index.php?rest_route=\/wp\/v2\/pages\/3734","targetHints":{"allow":["GET"]}}],"collection":[{"href":"https:\/\/physics.uwb.edu.pl\/wf\/index.php?rest_route=\/wp\/v2\/pages"}],"about":[{"href":"https:\/\/physics.uwb.edu.pl\/wf\/index.php?rest_route=\/wp\/v2\/types\/page"}],"author":[{"embeddable":true,"href":"https:\/\/physics.uwb.edu.pl\/wf\/index.php?rest_route=\/wp\/v2\/users\/2"}],"replies":[{"embeddable":true,"href":"https:\/\/physics.uwb.edu.pl\/wf\/index.php?rest_route=%2Fwp%2Fv2%2Fcomments&post=3734"}],"version-history":[{"count":11,"href":"https:\/\/physics.uwb.edu.pl\/wf\/index.php?rest_route=\/wp\/v2\/pages\/3734\/revisions"}],"predecessor-version":[{"id":3941,"href":"https:\/\/physics.uwb.edu.pl\/wf\/index.php?rest_route=\/wp\/v2\/pages\/3734\/revisions\/3941"}],"up":[{"embeddable":true,"href":"https:\/\/physics.uwb.edu.pl\/wf\/index.php?rest_route=\/wp\/v2\/pages\/2744"}],"wp:featuredmedia":[{"embeddable":true,"href":"https:\/\/physics.uwb.edu.pl\/wf\/index.php?rest_route=\/wp\/v2\/media\/3739"}],"wp:attachment":[{"href":"https:\/\/physics.uwb.edu.pl\/wf\/index.php?rest_route=%2Fwp%2Fv2%2Fmedia&parent=3734"}],"wp:term":[{"taxonomy":"category","embeddable":true,"href":"https:\/\/physics.uwb.edu.pl\/wf\/index.php?rest_route=%2Fwp%2Fv2%2Fcategories&post=3734"},{"taxonomy":"post_tag","embeddable":true,"href":"https:\/\/physics.uwb.edu.pl\/wf\/index.php?rest_route=%2Fwp%2Fv2%2Ftags&post=3734"}],"curies":[{"name":"wp","href":"https:\/\/api.w.org\/{rel}","templated":true}]}}