{"id":3770,"date":"2016-11-20T18:12:51","date_gmt":"2016-11-20T17:12:51","guid":{"rendered":"http:\/\/physics.uwb.edu.pl\/wf\/?page_id=3770"},"modified":"2016-12-03T10:50:58","modified_gmt":"2016-12-03T09:50:58","slug":"east-games-united-2016-w-kampusie-uwb","status":"publish","type":"page","link":"https:\/\/physics.uwb.edu.pl\/wf\/?page_id=3770","title":{"rendered":"East Games United &#8212; 2016 w Kampusie UwB!"},"content":{"rendered":"<p>Impreza zrzeszaj\u0105ca graczy wszelkich ma\u015bci (gry wideo, karciane, role-playing&#8230;) odby\u0142a si\u0119 w tym roku w Kampusie UwB. Jako wsp\u00f3\u0142organizator &#8211; Wydzia\u0142 Fizyki mia\u0142 tam sw\u00f3j k\u0105cik.<\/p>\n<p>ngg_shortcode_0_placeholderNa naszym stoisku prezentowali\u015bmy <strong>jak tworzy\u0107 gry wideo<\/strong>. Dziwne? nie! U nas mo\u017cna nauczy\u0107 si\u0119 programowania gier wideo &#8211; zapraszamy do zapoznania si\u0119 z ofert\u0105 nowej specjalno\u015bci <a href=\"http:\/\/gry.fizyka.uwb.edu.pl\">Fizyka Gier Komputerowych i Robot\u00f3w<\/a>. Mo\u017cna te\u017c by\u0142o pobawi\u0107 si\u0119 robotem wydrukowanym na wydzia\u0142owej drukarce 3D i popyta\u0107 o szczeg\u00f3\u0142y jego oprogramowania. Dzi\u0119kujemy za obecno\u015b\u0107 na naszym stanowisku!<\/p>\n","protected":false},"excerpt":{"rendered":"<p>Impreza zrzeszaj\u0105ca graczy wszelkich ma\u015bci (gry wideo, karciane, role-playing&#8230;) odby\u0142a si\u0119 w tym roku w Kampusie UwB. Jako wsp\u00f3\u0142organizator &#8211; Wydzia\u0142 Fizyki mia\u0142 tam sw\u00f3j k\u0105cik. Na naszym stoisku prezentowali\u015bmy <a href=\"https:\/\/physics.uwb.edu.pl\/wf\/?page_id=3770\" class=\"more-link\">[&hellip;]<\/a><\/p>\n","protected":false},"author":5,"featured_media":3813,"parent":2744,"menu_order":0,"comment_status":"closed","ping_status":"closed","template":"","meta":{"ngg_post_thumbnail":0,"Layout":"1c","footnotes":""},"categories":[131],"tags":[],"class_list":["entry","author-gawryl","post-3770","page","type-page","status-publish","has-post-thumbnail","category-galeria_foto"],"jetpack_sharing_enabled":true,"jetpack_shortlink":"https:\/\/wp.me\/P7nvcn-YO","_links":{"self":[{"href":"https:\/\/physics.uwb.edu.pl\/wf\/index.php?rest_route=\/wp\/v2\/pages\/3770","targetHints":{"allow":["GET"]}}],"collection":[{"href":"https:\/\/physics.uwb.edu.pl\/wf\/index.php?rest_route=\/wp\/v2\/pages"}],"about":[{"href":"https:\/\/physics.uwb.edu.pl\/wf\/index.php?rest_route=\/wp\/v2\/types\/page"}],"author":[{"embeddable":true,"href":"https:\/\/physics.uwb.edu.pl\/wf\/index.php?rest_route=\/wp\/v2\/users\/5"}],"replies":[{"embeddable":true,"href":"https:\/\/physics.uwb.edu.pl\/wf\/index.php?rest_route=%2Fwp%2Fv2%2Fcomments&post=3770"}],"version-history":[{"count":8,"href":"https:\/\/physics.uwb.edu.pl\/wf\/index.php?rest_route=\/wp\/v2\/pages\/3770\/revisions"}],"predecessor-version":[{"id":3942,"href":"https:\/\/physics.uwb.edu.pl\/wf\/index.php?rest_route=\/wp\/v2\/pages\/3770\/revisions\/3942"}],"up":[{"embeddable":true,"href":"https:\/\/physics.uwb.edu.pl\/wf\/index.php?rest_route=\/wp\/v2\/pages\/2744"}],"wp:featuredmedia":[{"embeddable":true,"href":"https:\/\/physics.uwb.edu.pl\/wf\/index.php?rest_route=\/wp\/v2\/media\/3813"}],"wp:attachment":[{"href":"https:\/\/physics.uwb.edu.pl\/wf\/index.php?rest_route=%2Fwp%2Fv2%2Fmedia&parent=3770"}],"wp:term":[{"taxonomy":"category","embeddable":true,"href":"https:\/\/physics.uwb.edu.pl\/wf\/index.php?rest_route=%2Fwp%2Fv2%2Fcategories&post=3770"},{"taxonomy":"post_tag","embeddable":true,"href":"https:\/\/physics.uwb.edu.pl\/wf\/index.php?rest_route=%2Fwp%2Fv2%2Ftags&post=3770"}],"curies":[{"name":"wp","href":"https:\/\/api.w.org\/{rel}","templated":true}]}}