{"id":3794,"date":"2016-10-22T11:32:29","date_gmt":"2016-10-22T09:32:29","guid":{"rendered":"http:\/\/physics.uwb.edu.pl\/wf\/?page_id=3794"},"modified":"2016-12-03T10:51:56","modified_gmt":"2016-12-03T09:51:56","slug":"pokazy-z-fizyki-rura-rubensa-warsztaty-z-fizyka-w-przyszlosc","status":"publish","type":"page","link":"https:\/\/physics.uwb.edu.pl\/wf\/?page_id=3794","title":{"rendered":"Pokazy z fizyki &#8212; Rura Rubensa &#8212; Warsztaty &#8220;Z fizyk\u0105 w przysz\u0142o\u015b\u0107&#8221;"},"content":{"rendered":"<p>W ramach warsztat\u00f3w &#8220;Z fizyk\u0105 w przysz\u0142o\u015b\u0107&#8221; odby\u0142a si\u0119 pierwsze spotkania sobotnie pt. &#8220;Spektakularne pokazy z fizyki&#8221;. Zaj\u0119cia prowadzi\u0142 dr hab. Andrzej Andrejczuk, prof. UwB w asy\u015bcie dr. hab. Dariusza Satu\u0142y.<\/p>\n<p>ngg_shortcode_0_placeholderWarsztaty adresowane s\u0105 do m\u0142odzie\u017cy ponadgimnazjalnej a finansowane s\u0105 ze \u015brodk\u00f3w Ministerstwa Nauki i Szkolnictwa Wy\u017cszego na podstawie umowy 836\/P-DUN\/2016. Wi\u0119cej o warsztatach na stronie <a href=\"http:\/\/przyszlosc.fizyka.uwb.edu.pl\">przyszlosc.fizyka.uwb.edu.pl<\/a><\/p>\n","protected":false},"excerpt":{"rendered":"<p>W ramach warsztat\u00f3w &#8220;Z fizyk\u0105 w przysz\u0142o\u015b\u0107&#8221; odby\u0142a si\u0119 pierwsze spotkania sobotnie pt. &#8220;Spektakularne pokazy z fizyki&#8221;. Zaj\u0119cia prowadzi\u0142 dr hab. Andrzej Andrejczuk, prof. UwB w asy\u015bcie dr. hab. Dariusza <a href=\"https:\/\/physics.uwb.edu.pl\/wf\/?page_id=3794\" class=\"more-link\">[&hellip;]<\/a><\/p>\n","protected":false},"author":5,"featured_media":3797,"parent":2744,"menu_order":0,"comment_status":"closed","ping_status":"closed","template":"","meta":{"ngg_post_thumbnail":0,"Layout":"1c","footnotes":""},"categories":[131],"tags":[],"class_list":["entry","author-gawryl","post-3794","page","type-page","status-publish","has-post-thumbnail","category-galeria_foto"],"jetpack_sharing_enabled":true,"jetpack_shortlink":"https:\/\/wp.me\/P7nvcn-Zc","_links":{"self":[{"href":"https:\/\/physics.uwb.edu.pl\/wf\/index.php?rest_route=\/wp\/v2\/pages\/3794","targetHints":{"allow":["GET"]}}],"collection":[{"href":"https:\/\/physics.uwb.edu.pl\/wf\/index.php?rest_route=\/wp\/v2\/pages"}],"about":[{"href":"https:\/\/physics.uwb.edu.pl\/wf\/index.php?rest_route=\/wp\/v2\/types\/page"}],"author":[{"embeddable":true,"href":"https:\/\/physics.uwb.edu.pl\/wf\/index.php?rest_route=\/wp\/v2\/users\/5"}],"replies":[{"embeddable":true,"href":"https:\/\/physics.uwb.edu.pl\/wf\/index.php?rest_route=%2Fwp%2Fv2%2Fcomments&post=3794"}],"version-history":[{"count":4,"href":"https:\/\/physics.uwb.edu.pl\/wf\/index.php?rest_route=\/wp\/v2\/pages\/3794\/revisions"}],"predecessor-version":[{"id":3943,"href":"https:\/\/physics.uwb.edu.pl\/wf\/index.php?rest_route=\/wp\/v2\/pages\/3794\/revisions\/3943"}],"up":[{"embeddable":true,"href":"https:\/\/physics.uwb.edu.pl\/wf\/index.php?rest_route=\/wp\/v2\/pages\/2744"}],"wp:featuredmedia":[{"embeddable":true,"href":"https:\/\/physics.uwb.edu.pl\/wf\/index.php?rest_route=\/wp\/v2\/media\/3797"}],"wp:attachment":[{"href":"https:\/\/physics.uwb.edu.pl\/wf\/index.php?rest_route=%2Fwp%2Fv2%2Fmedia&parent=3794"}],"wp:term":[{"taxonomy":"category","embeddable":true,"href":"https:\/\/physics.uwb.edu.pl\/wf\/index.php?rest_route=%2Fwp%2Fv2%2Fcategories&post=3794"},{"taxonomy":"post_tag","embeddable":true,"href":"https:\/\/physics.uwb.edu.pl\/wf\/index.php?rest_route=%2Fwp%2Fv2%2Ftags&post=3794"}],"curies":[{"name":"wp","href":"https:\/\/api.w.org\/{rel}","templated":true}]}}