{"id":38,"date":"2016-02-11T02:59:09","date_gmt":"2016-02-11T01:59:09","guid":{"rendered":"http:\/\/physics.uwb.edu.pl\/wf\/?page_id=38"},"modified":"2021-10-11T11:17:03","modified_gmt":"2021-10-11T09:17:03","slug":"studenci","status":"publish","type":"page","link":"https:\/\/physics.uwb.edu.pl\/wf\/?page_id=38","title":{"rendered":"Studenci"},"content":{"rendered":"<p>&nbsp;<\/p>\n<h2>E-learning<\/h2>\n\n<!-- Page-list plugin v.5.9 wordpress.org\/plugins\/page-list\/ -->\n<div class=\"page-list page-list-ext page-list-cols-3\">\n<div class=\"page-list-ext-item\"><div class=\"page-list-ext-image\"><a href=\"https:\/\/physics.uwb.edu.pl\/wf\/?page_id=10857\" title=\"E-learning\"><img decoding=\"async\" src=\"https:\/\/physics.uwb.edu.pl\/wf\/wp-content\/uploads\/2020\/03\/e-learning-3734521_1920_1-150x102.jpg\" width=\"150\" alt=\"E-learning\" \/><\/a><\/div> <h3 class=\"page-list-ext-title\"><a href=\"https:\/\/physics.uwb.edu.pl\/wf\/?page_id=10857\" title=\"E-learning\">E-learning<\/a><\/h3><\/div>\n\n<\/div>\n<h2>Ko\u0142a naukowe na Wydziale Fizyki UwB<\/h2>\n<table>\n<tbody>\n<tr>\n<td style=\"text-align: center;\"><a class=\"img-hyperlink\" title=\"Ko\u0142o Naukowe Fizyk\u00f3w\" href=\"http:\/\/physics.uwb.edu.pl\/wf\/knf\/\"><img decoding=\"async\" src=\"http:\/\/physics.uwb.edu.pl\/wf\/wp-content\/uploads\/2017\/06\/logo_KNF-150x150.png\" alt=\"Ko\u0142o Naukowe Fizyk\u00f3w\" width=\"150\"><\/a><\/p>\n<h3 class=\"page-list-ext-title font-headlines\" style=\"background-color: #ffffff;\"><a style=\"font-size: 25px; color: #005154;\" title=\"Ko\u0142o Naukowe Fizyk\u00f3w\" href=\"http:\/\/physics.uwb.edu.pl\/wf\/knf\/\">Ko\u0142o Naukowe Fizyk\u00f3w<\/a><\/h3>\n<\/td>\n<td style=\"text-align: center;\"><a class=\"img-hyperlink\" title=\"Ko\u0142o robotyk\u00f3w na Wydziale Fizyki UwB\" href=\"http:\/\/physics.uwb.edu.pl\/wf\/fi-bot\/\"><img decoding=\"async\" src=\"http:\/\/physics.uwb.edu.pl\/wf\/wp-content\/uploads\/2016\/10\/fibot-logo300-150x104.jpg\" alt=\"Ko\u0142o robotyk\u00f3w na Wydziale Fizyki UwB\" width=\"150\"><\/a><\/p>\n<h3 class=\"page-list-ext-title font-headlines\" style=\"background-color: #ffffff;\"><a style=\"font-size: 25px; color: #005154;\" title=\"Ko\u0142o robotyk\u00f3w na Wydziale Fizyki UwB\" href=\"http:\/\/physics.uwb.edu.pl\/wf\/fi-bot\/\">Ko\u0142o robotyk\u00f3w<br \/>\nFi-BOT<\/a><\/h3>\n<\/td>\n<td style=\"text-align: center;\"><a class=\"img-hyperlink\" title=\"Ko\u0142o programowania gier FiGie(r)L\" href=\"http:\/\/physics.uwb.edu.pl\/wf\/figiel\/\"><img decoding=\"async\" src=\"http:\/\/physics.uwb.edu.pl\/wf\/wp-content\/uploads\/2016\/02\/fizyka_gier-150x150.png\" alt=\"Ko\u0142o programowania gier FiGie(r)L\" width=\"150\"><\/a><\/p>\n<h3 class=\"page-list-ext-title font-headlines\"><a title=\"Ko\u0142o programowania gier FiGie(r)L\" href=\"http:\/\/physics.uwb.edu.pl\/wf\/figiel\/\">Ko\u0142o programowania gier<br \/>\nFiGie(r)L<\/a><\/h3>\n<\/td>\n<\/tr>\n<\/tbody>\n<\/table>\n<p><!-- [pagelist_ext include=\"723,5777,1437\" &nbsp; show_content=\"0\" image_width=\"150\" class=\"page-list-cols-3\" sort_order=\"asc\" sort_column=\"post_date\"] --><\/p>\n<h2>Dokumenty\/informacje wydzia\u0142owe dla student\u00f3w<\/h2>\n\n<!-- Page-list plugin v.5.9 wordpress.org\/plugins\/page-list\/ -->\n<div class=\"page-list page-list-ext page-list-cols-3\">\n<div class=\"page-list-ext-item\"><div class=\"page-list-ext-image\"><a href=\"https:\/\/physics.uwb.edu.pl\/wf\/?page_id=1351\" title=\"Programy studi\u00f3w, efekty uczenia si\u0119\"><img decoding=\"async\" src=\"https:\/\/physics.uwb.edu.pl\/wf\/wp-content\/uploads\/2016\/03\/planINM-pdf-image-150x106.jpg\" width=\"150\" alt=\"Programy studi\u00f3w, efekty uczenia si\u0119\" \/><\/a><\/div> <h3 class=\"page-list-ext-title\"><a href=\"https:\/\/physics.uwb.edu.pl\/wf\/?page_id=1351\" title=\"Programy studi\u00f3w, efekty uczenia si\u0119\">Programy studi\u00f3w, efekty uczenia si\u0119<\/a><\/h3><\/div>\n<div class=\"page-list-ext-item\"><div class=\"page-list-ext-image\"><a href=\"https:\/\/physics.uwb.edu.pl\/wf\/?page_id=1429\" title=\"Sylabusy\"><img decoding=\"async\" src=\"https:\/\/physics.uwb.edu.pl\/wf\/wp-content\/uploads\/2018\/11\/clouds-150x69.png\" width=\"150\" alt=\"Sylabusy\" \/><\/a><\/div> <h3 class=\"page-list-ext-title\"><a href=\"https:\/\/physics.uwb.edu.pl\/wf\/?page_id=1429\" title=\"Sylabusy\">Sylabusy<\/a><\/h3><\/div>\n<div class=\"page-list-ext-item\"><div class=\"page-list-ext-image\"><a href=\"https:\/\/physics.uwb.edu.pl\/wf\/?page_id=4495\" title=\"Rozk\u0142ady zaj\u0119\u0107 i organizacja roku - semestr zimowy\"><img decoding=\"async\" src=\"https:\/\/physics.uwb.edu.pl\/wf\/wp-content\/uploads\/2016\/03\/plan_zajec-150x102.png\" width=\"150\" alt=\"Rozk\u0142ady zaj\u0119\u0107 i organizacja roku - semestr zimowy\" \/><\/a><\/div> <h3 class=\"page-list-ext-title\"><a href=\"https:\/\/physics.uwb.edu.pl\/wf\/?page_id=4495\" title=\"Rozk\u0142ady zaj\u0119\u0107 i organizacja roku - semestr zimowy\">Rozk\u0142ady zaj\u0119\u0107 i organizacja roku - semestr zimowy<\/a><\/h3><\/div>\n<div class=\"page-list-ext-item\"><div class=\"page-list-ext-image\"><a href=\"https:\/\/physics.uwb.edu.pl\/wf\/?page_id=4556\" title=\"DOKUMENTY DLA STUDENT\u00d3W\"><img decoding=\"async\" src=\"https:\/\/physics.uwb.edu.pl\/wf\/wp-content\/uploads\/2018\/03\/inkfeather-150x106.png\" width=\"150\" alt=\"DOKUMENTY DLA STUDENT\u00d3W\" \/><\/a><\/div> <h3 class=\"page-list-ext-title\"><a href=\"https:\/\/physics.uwb.edu.pl\/wf\/?page_id=4556\" title=\"DOKUMENTY DLA STUDENT\u00d3W\">DOKUMENTY DLA STUDENT\u00d3W<\/a><\/h3><\/div>\n<div class=\"page-list-ext-item\"><div class=\"page-list-ext-image\"><a href=\"https:\/\/physics.uwb.edu.pl\/wf\/?page_id=8815\" title=\"Zasady przygotowania prac dyplomowych\"><img decoding=\"async\" src=\"https:\/\/physics.uwb.edu.pl\/wf\/wp-content\/uploads\/2018\/12\/pexels-photo-267885-Kopia-300x300.jpeg\" width=\"150\" alt=\"Zasady przygotowania prac dyplomowych\" \/><\/a><\/div> <h3 class=\"page-list-ext-title\"><a href=\"https:\/\/physics.uwb.edu.pl\/wf\/?page_id=8815\" title=\"Zasady przygotowania prac dyplomowych\">Zasady przygotowania prac dyplomowych<\/a><\/h3><\/div>\n<div class=\"page-list-ext-item\"><div class=\"page-list-ext-image\"><a href=\"https:\/\/physics.uwb.edu.pl\/wf\/?page_id=8947\" title=\"Lista zagadnie\u0144 na egzaminy dyplomowe\"><img decoding=\"async\" src=\"https:\/\/physics.uwb.edu.pl\/wf\/wp-content\/uploads\/2018\/12\/przykladowe_pytania-150x70.png\" width=\"150\" alt=\"Lista zagadnie\u0144 na egzaminy dyplomowe\" \/><\/a><\/div> <h3 class=\"page-list-ext-title\"><a href=\"https:\/\/physics.uwb.edu.pl\/wf\/?page_id=8947\" title=\"Lista zagadnie\u0144 na egzaminy dyplomowe\">Lista zagadnie\u0144 na egzaminy dyplomowe<\/a><\/h3><\/div>\n<div class=\"page-list-ext-item\"><div class=\"page-list-ext-image\"><a href=\"https:\/\/physics.uwb.edu.pl\/wf\/?page_id=8971\" title=\"Propozycje temat\u00f3w prac dyplomowych\"><img decoding=\"async\" src=\"https:\/\/physics.uwb.edu.pl\/wf\/wp-content\/uploads\/2018\/12\/Tematy-prac-dyplomowych-150x81.png\" width=\"150\" alt=\"Propozycje temat\u00f3w prac dyplomowych\" \/><\/a><\/div> <h3 class=\"page-list-ext-title\"><a href=\"https:\/\/physics.uwb.edu.pl\/wf\/?page_id=8971\" title=\"Propozycje temat\u00f3w prac dyplomowych\">Propozycje temat\u00f3w prac dyplomowych<\/a><\/h3><\/div>\n<div class=\"page-list-ext-item\"><div class=\"page-list-ext-image\"><a href=\"https:\/\/physics.uwb.edu.pl\/wf\/?page_id=11405\" title=\"Opiekunowie lat\"><img decoding=\"async\" src=\"https:\/\/physics.uwb.edu.pl\/wf\/wp-content\/uploads\/2020\/09\/writing-1149962_1920-150x100.jpg\" width=\"150\" alt=\"Opiekunowie lat\" \/><\/a><\/div> <h3 class=\"page-list-ext-title\"><a href=\"https:\/\/physics.uwb.edu.pl\/wf\/?page_id=11405\" title=\"Opiekunowie lat\">Opiekunowie lat<\/a><\/h3><\/div>\n<div class=\"page-list-ext-item\"><div class=\"page-list-ext-image\"><a href=\"https:\/\/physics.uwb.edu.pl\/wf\/?page_id=11517\" title=\"Konsultacje\"><img decoding=\"async\" src=\"https:\/\/physics.uwb.edu.pl\/wf\/wp-content\/uploads\/2020\/10\/laptop-3196481_640-150x100.jpg\" width=\"150\" alt=\"Konsultacje\" \/><\/a><\/div> <h3 class=\"page-list-ext-title\"><a href=\"https:\/\/physics.uwb.edu.pl\/wf\/?page_id=11517\" title=\"Konsultacje\">Konsultacje<\/a><\/h3><\/div>\n<div class=\"page-list-ext-item\"><div class=\"page-list-ext-image\"><a href=\"https:\/\/physics.uwb.edu.pl\/wf\/?page_id=12071\" title=\"Wsparcie psychologiczne i psychiczne student\u00f3w\"><img decoding=\"async\" src=\"https:\/\/physics.uwb.edu.pl\/wf\/wp-content\/uploads\/2021\/04\/wsparcie_psych_stud-150x78.png\" width=\"150\" alt=\"Wsparcie psychologiczne i psychiczne student\u00f3w\" \/><\/a><\/div> <h3 class=\"page-list-ext-title\"><a href=\"https:\/\/physics.uwb.edu.pl\/wf\/?page_id=12071\" title=\"Wsparcie psychologiczne i psychiczne student\u00f3w\">Wsparcie psychologiczne i psychiczne student\u00f3w<\/a><\/h3><\/div>\n\n<\/div>\n<h2>Programy studenckie<\/h2>\n\n<!-- Page-list plugin v.5.9 wordpress.org\/plugins\/page-list\/ -->\n<div class=\"page-list page-list-ext page-list-cols-3\">\n<div class=\"page-list-ext-item\"><div class=\"page-list-ext-image\"><a href=\"https:\/\/physics.uwb.edu.pl\/wf\/?page_id=3465\" title=\"Program mobilno\u015bci student\u00f3w i doktorant\u00f3w MOST\"><img decoding=\"async\" src=\"https:\/\/physics.uwb.edu.pl\/wf\/wp-content\/uploads\/2016\/03\/logo-150x58.png\" width=\"150\" alt=\"Program mobilno\u015bci student\u00f3w i doktorant\u00f3w MOST\" \/><\/a><\/div> <h3 class=\"page-list-ext-title\"><a href=\"https:\/\/physics.uwb.edu.pl\/wf\/?page_id=3465\" title=\"Program mobilno\u015bci student\u00f3w i doktorant\u00f3w MOST\">Program mobilno\u015bci student\u00f3w i doktorant\u00f3w MOST<\/a><\/h3><\/div>\n<div class=\"page-list-ext-item\"><div class=\"page-list-ext-image\"><a href=\"https:\/\/physics.uwb.edu.pl\/wf\/?page_id=729\" title=\"Erasmus+\"><img decoding=\"async\" src=\"https:\/\/physics.uwb.edu.pl\/wf\/wp-content\/uploads\/2016\/03\/logo_erasmusplus-150x49.png\" width=\"150\" alt=\"Erasmus+\" \/><\/a><\/div> <h3 class=\"page-list-ext-title\"><a href=\"https:\/\/physics.uwb.edu.pl\/wf\/?page_id=729\" title=\"Erasmus+\">Erasmus+<\/a><\/h3><\/div>\n<div class=\"page-list-ext-item\"><div class=\"page-list-ext-image\"><a href=\"https:\/\/physics.uwb.edu.pl\/wf\/?page_id=6671\" title=\"Legia Akademicka\"><img decoding=\"async\" src=\"https:\/\/physics.uwb.edu.pl\/wf\/wp-content\/uploads\/2019\/03\/leg_pla_2019-150x69.jpg\" width=\"150\" alt=\"Legia Akademicka\" \/><\/a><\/div> <h3 class=\"page-list-ext-title\"><a href=\"https:\/\/physics.uwb.edu.pl\/wf\/?page_id=6671\" title=\"Legia Akademicka\">Legia Akademicka<\/a><\/h3><\/div>\n<div class=\"page-list-ext-item\"><div class=\"page-list-ext-image\"><a href=\"https:\/\/physics.uwb.edu.pl\/wf\/?page_id=719\" title=\"Praktyki studenckie\"><img decoding=\"async\" src=\"https:\/\/physics.uwb.edu.pl\/wf\/wp-content\/uploads\/2016\/03\/praktyki-studenckie-150x39.png\" width=\"150\" alt=\"Praktyki studenckie\" \/><\/a><\/div> <h3 class=\"page-list-ext-title\"><a href=\"https:\/\/physics.uwb.edu.pl\/wf\/?page_id=719\" title=\"Praktyki studenckie\">Praktyki studenckie<\/a><\/h3><\/div>\n\n<\/div>\n<h2>Wydzia\u0142owe zasoby dla student\u00f3w<\/h2>\n\n<!-- Page-list plugin v.5.9 wordpress.org\/plugins\/page-list\/ -->\n<div class=\"page-list page-list-ext page-list-cols-2\">\n<div class=\"page-list-ext-item\"><div class=\"page-list-ext-image\"><a href=\"https:\/\/physics.uwb.edu.pl\/wf\/?page_id=9341\" title=\"Skrypty\/ instrukcje do zaj\u0119\u0107\"><img decoding=\"async\" src=\"https:\/\/physics.uwb.edu.pl\/wf\/wp-content\/uploads\/2019\/03\/book-bookcase-books-1166657-150x100.jpg\" width=\"150\" alt=\"Skrypty\/ instrukcje do zaj\u0119\u0107\" \/><\/a><\/div> <h3 class=\"page-list-ext-title\"><a href=\"https:\/\/physics.uwb.edu.pl\/wf\/?page_id=9341\" title=\"Skrypty\/ instrukcje do zaj\u0119\u0107\">Skrypty\/ instrukcje do zaj\u0119\u0107<\/a><\/h3><\/div>\n<div class=\"page-list-ext-item\"><div class=\"page-list-ext-image\"><a href=\"https:\/\/physics.uwb.edu.pl\/wf\/?page_id=226\" title=\"Biblioteka\"><img decoding=\"async\" src=\"https:\/\/physics.uwb.edu.pl\/wf\/wp-content\/uploads\/2016\/02\/studenci-1-150x100.jpg\" width=\"150\" alt=\"Biblioteka\" \/><\/a><\/div> <h3 class=\"page-list-ext-title\"><a href=\"https:\/\/physics.uwb.edu.pl\/wf\/?page_id=226\" title=\"Biblioteka\">Biblioteka<\/a><\/h3><\/div>\n<div class=\"page-list-ext-item\"><div class=\"page-list-ext-image\"><a href=\"https:\/\/physics.uwb.edu.pl\/wf\/?page_id=230\" title=\"Pracownie studenckie\"><img decoding=\"async\" src=\"https:\/\/physics.uwb.edu.pl\/wf\/wp-content\/uploads\/2016\/02\/16-150x100.jpg\" width=\"150\" alt=\"Pracownie studenckie\" \/><\/a><\/div> <h3 class=\"page-list-ext-title\"><a href=\"https:\/\/physics.uwb.edu.pl\/wf\/?page_id=230\" title=\"Pracownie studenckie\">Pracownie studenckie<\/a><\/h3><\/div>\n\n<\/div>\n<p>&nbsp;<\/p>\n","protected":false},"excerpt":{"rendered":"<p>&nbsp; E-learning Ko\u0142a naukowe na Wydziale Fizyki UwB Ko\u0142o Naukowe Fizyk\u00f3w Ko\u0142o robotyk\u00f3w Fi-BOT Ko\u0142o programowania gier FiGie(r)L Dokumenty\/informacje wydzia\u0142owe dla student\u00f3w Programy studenckie Wydzia\u0142owe zasoby dla student\u00f3w &nbsp;<\/p>\n","protected":false},"author":2,"featured_media":303,"parent":119,"menu_order":0,"comment_status":"closed","ping_status":"closed","template":"","meta":{"ngg_post_thumbnail":0,"Layout":"1c","footnotes":""},"categories":[23],"tags":[],"class_list":["entry","author-dobrog","post-38","page","type-page","status-publish","has-post-thumbnail","category-student_pl"],"jetpack_sharing_enabled":true,"jetpack_shortlink":"https:\/\/wp.me\/P7nvcn-C","_links":{"self":[{"href":"https:\/\/physics.uwb.edu.pl\/wf\/index.php?rest_route=\/wp\/v2\/pages\/38","targetHints":{"allow":["GET"]}}],"collection":[{"href":"https:\/\/physics.uwb.edu.pl\/wf\/index.php?rest_route=\/wp\/v2\/pages"}],"about":[{"href":"https:\/\/physics.uwb.edu.pl\/wf\/index.php?rest_route=\/wp\/v2\/types\/page"}],"author":[{"embeddable":true,"href":"https:\/\/physics.uwb.edu.pl\/wf\/index.php?rest_route=\/wp\/v2\/users\/2"}],"replies":[{"embeddable":true,"href":"https:\/\/physics.uwb.edu.pl\/wf\/index.php?rest_route=%2Fwp%2Fv2%2Fcomments&post=38"}],"version-history":[{"count":64,"href":"https:\/\/physics.uwb.edu.pl\/wf\/index.php?rest_route=\/wp\/v2\/pages\/38\/revisions"}],"predecessor-version":[{"id":12880,"href":"https:\/\/physics.uwb.edu.pl\/wf\/index.php?rest_route=\/wp\/v2\/pages\/38\/revisions\/12880"}],"up":[{"embeddable":true,"href":"https:\/\/physics.uwb.edu.pl\/wf\/index.php?rest_route=\/wp\/v2\/pages\/119"}],"wp:featuredmedia":[{"embeddable":true,"href":"https:\/\/physics.uwb.edu.pl\/wf\/index.php?rest_route=\/wp\/v2\/media\/303"}],"wp:attachment":[{"href":"https:\/\/physics.uwb.edu.pl\/wf\/index.php?rest_route=%2Fwp%2Fv2%2Fmedia&parent=38"}],"wp:term":[{"taxonomy":"category","embeddable":true,"href":"https:\/\/physics.uwb.edu.pl\/wf\/index.php?rest_route=%2Fwp%2Fv2%2Fcategories&post=38"},{"taxonomy":"post_tag","embeddable":true,"href":"https:\/\/physics.uwb.edu.pl\/wf\/index.php?rest_route=%2Fwp%2Fv2%2Ftags&post=38"}],"curies":[{"name":"wp","href":"https:\/\/api.w.org\/{rel}","templated":true}]}}