{"id":3839,"date":"2016-11-25T09:22:55","date_gmt":"2016-11-25T08:22:55","guid":{"rendered":"http:\/\/physics.uwb.edu.pl\/wf\/?page_id=3839"},"modified":"2016-11-25T09:33:43","modified_gmt":"2016-11-25T08:33:43","slug":"karty-przedmiotow-fizyka-ogolnoakademicka-i-stopien-lista","status":"publish","type":"page","link":"https:\/\/physics.uwb.edu.pl\/wf\/?page_id=3839","title":{"rendered":"Karty przedmiot\u00f3w &#8211; Fizyka og\u00f3lnoakademicka I stopie\u0144 (lista)"},"content":{"rendered":"<ul>\n<li><a href=\"http:\/\/physics.uwb.edu.pl\/wf\/wp-content\/uploads\/2016\/03\/algorytmyCpp.pdf\">Algorytmy i struktury danych<\/a><\/li>\n<li><a href=\"http:\/\/physics.uwb.edu.pl\/wf\/wp-content\/uploads\/2016\/03\/analizaMatematyczna.pdf\">Analiza matematyczna<\/a><\/li>\n<li><a href=\"http:\/\/physics.uwb.edu.pl\/wf\/wp-content\/uploads\/2016\/03\/astronomia.pdf\">Astronomia<\/a><\/li>\n<li><a href=\"http:\/\/physics.uwb.edu.pl\/wf\/wp-content\/uploads\/2016\/03\/budowaMaterii.pdf\">Budowa materii<\/a><\/li>\n<li><a href=\"http:\/\/physics.uwb.edu.pl\/wf\/wp-content\/uploads\/2016\/03\/elektronika.pdf\">Elektronika<\/a><\/li>\n<li><a href=\"http:\/\/physics.uwb.edu.pl\/wf\/wp-content\/uploads\/2016\/03\/elektrycznoscIMagnetyzm.pdf\">Elektryczno\u015b\u0107 i magnetyzm<\/a><\/li>\n<li><a href=\"http:\/\/physics.uwb.edu.pl\/wf\/wp-content\/uploads\/2016\/03\/elementyElektrodynamikiKlasycznej.pdf\">Elementy elektrodynamiki klasycznej<\/a><\/li>\n<li><a href=\"http:\/\/physics.uwb.edu.pl\/wf\/wp-content\/uploads\/2016\/03\/elementyMechanikiKwantowej.pdf\">Elementy mechaniki kwantowej<\/a><\/li>\n<li><a href=\"http:\/\/physics.uwb.edu.pl\/wf\/wp-content\/uploads\/2016\/03\/elementyMechanikiTeoret.pdf\">Elementy mechaniki teoretycznej<\/a><\/li>\n<li><a href=\"http:\/\/physics.uwb.edu.pl\/wf\/wp-content\/uploads\/2016\/03\/historiaFizyki.pdf\">Historia fizyki<\/a><\/li>\n<li><a href=\"http:\/\/physics.uwb.edu.pl\/wf\/wp-content\/uploads\/2016\/03\/komputeroweMetodyObliczenioweI.pdf\">Komputerowe metody obliczeniowe I<\/a><\/li>\n<li><a href=\"http:\/\/physics.uwb.edu.pl\/wf\/wp-content\/uploads\/2016\/03\/komputeroweMetodyObliczenioweII.pdf\">Komputerowe metody obliczeniowe II<\/a><\/li>\n<li><a href=\"http:\/\/physics.uwb.edu.pl\/wf\/wp-content\/uploads\/2016\/03\/mechanika.pdf\">Mechanika<\/a><\/li>\n<li><a href=\"http:\/\/physics.uwb.edu.pl\/wf\/wp-content\/uploads\/2016\/03\/metodyNumeryczne.pdf\">Metody numeryczne<\/a><\/li>\n<li><a href=\"http:\/\/physics.uwb.edu.pl\/wf\/wp-content\/uploads\/2016\/03\/narzedziaKomputerowe.pdf\">Narz\u0119dzia komputerowe<\/a><\/li>\n<li><a href=\"http:\/\/physics.uwb.edu.pl\/wf\/wp-content\/uploads\/2016\/03\/optykaIFale.pdf\">Optyka i fale<\/a><\/li>\n<li><a href=\"http:\/\/physics.uwb.edu.pl\/wf\/wp-content\/uploads\/2016\/03\/programowanieCpp.pdf\">Programowanie C++<\/a><\/li>\n<li><a href=\"http:\/\/physics.uwb.edu.pl\/wf\/wp-content\/uploads\/2016\/03\/rachunekNiepewnosciPomiarowych.pdf\">Rachunek niepewno\u015bci pomiarowych<\/a><\/li>\n<li><a href=\"http:\/\/physics.uwb.edu.pl\/wf\/wp-content\/uploads\/2016\/03\/sieciKomputerowe.pdf\">Sieci komputerowe<\/a><\/li>\n<li><a href=\"http:\/\/physics.uwb.edu.pl\/wf\/wp-content\/uploads\/2016\/03\/strukturaFizyki.pdf\">Struktura fizyki<\/a><\/li>\n<li><a href=\"http:\/\/physics.uwb.edu.pl\/wf\/wp-content\/uploads\/2016\/03\/termodynamika.pdf\">Termodynamika<\/a><\/li>\n<li><a href=\"http:\/\/physics.uwb.edu.pl\/wf\/wp-content\/uploads\/2016\/03\/wstepDoFizyki.pdf\">Wst\u0119p do fizyki<\/a><\/li>\n<li><a href=\"http:\/\/physics.uwb.edu.pl\/wf\/wp-content\/uploads\/2016\/03\/wstepDoMatematyki.pdf\">Wst\u0119p do matematyki<\/a><\/li>\n<\/ul>\n","protected":false},"excerpt":{"rendered":"<p>Algorytmy i struktury danych Analiza matematyczna Astronomia Budowa materii Elektronika Elektryczno\u015b\u0107 i magnetyzm Elementy elektrodynamiki klasycznej Elementy mechaniki kwantowej Elementy mechaniki teoretycznej Historia fizyki Komputerowe metody obliczeniowe I Komputerowe metody <a href=\"https:\/\/physics.uwb.edu.pl\/wf\/?page_id=3839\" class=\"more-link\">[&hellip;]<\/a><\/p>\n","protected":false},"author":9,"featured_media":0,"parent":1429,"menu_order":0,"comment_status":"closed","ping_status":"closed","template":"","meta":{"ngg_post_thumbnail":0,"Layout":"","footnotes":""},"categories":[23],"tags":[],"class_list":["entry","author-","post-3839","page","type-page","status-publish","category-student_pl"],"jetpack_sharing_enabled":true,"jetpack_shortlink":"https:\/\/wp.me\/P7nvcn-ZV","_links":{"self":[{"href":"https:\/\/physics.uwb.edu.pl\/wf\/index.php?rest_route=\/wp\/v2\/pages\/3839","targetHints":{"allow":["GET"]}}],"collection":[{"href":"https:\/\/physics.uwb.edu.pl\/wf\/index.php?rest_route=\/wp\/v2\/pages"}],"about":[{"href":"https:\/\/physics.uwb.edu.pl\/wf\/index.php?rest_route=\/wp\/v2\/types\/page"}],"author":[{"embeddable":true,"href":"https:\/\/physics.uwb.edu.pl\/wf\/index.php?rest_route=\/wp\/v2\/users\/9"}],"replies":[{"embeddable":true,"href":"https:\/\/physics.uwb.edu.pl\/wf\/index.php?rest_route=%2Fwp%2Fv2%2Fcomments&post=3839"}],"version-history":[{"count":3,"href":"https:\/\/physics.uwb.edu.pl\/wf\/index.php?rest_route=\/wp\/v2\/pages\/3839\/revisions"}],"predecessor-version":[{"id":3844,"href":"https:\/\/physics.uwb.edu.pl\/wf\/index.php?rest_route=\/wp\/v2\/pages\/3839\/revisions\/3844"}],"up":[{"embeddable":true,"href":"https:\/\/physics.uwb.edu.pl\/wf\/index.php?rest_route=\/wp\/v2\/pages\/1429"}],"wp:attachment":[{"href":"https:\/\/physics.uwb.edu.pl\/wf\/index.php?rest_route=%2Fwp%2Fv2%2Fmedia&parent=3839"}],"wp:term":[{"taxonomy":"category","embeddable":true,"href":"https:\/\/physics.uwb.edu.pl\/wf\/index.php?rest_route=%2Fwp%2Fv2%2Fcategories&post=3839"},{"taxonomy":"post_tag","embeddable":true,"href":"https:\/\/physics.uwb.edu.pl\/wf\/index.php?rest_route=%2Fwp%2Fv2%2Ftags&post=3839"}],"curies":[{"name":"wp","href":"https:\/\/api.w.org\/{rel}","templated":true}]}}