{"id":3922,"date":"2016-12-01T11:10:52","date_gmt":"2016-12-01T10:10:52","guid":{"rendered":"http:\/\/physics.uwb.edu.pl\/wf\/?page_id=3922"},"modified":"2016-12-03T10:49:24","modified_gmt":"2016-12-03T09:49:24","slug":"pokazy-dla-szkol-mechanika-01-12-2016","status":"publish","type":"page","link":"https:\/\/physics.uwb.edu.pl\/wf\/?page_id=3922","title":{"rendered":"Pokazy dla szk\u00f3\u0142 &#8211; Mechanika 01-12-2016"},"content":{"rendered":"<p>&#8220;Pokazy z&nbsp;Fizyki\u201d dla <a href=\"http:\/\/physics.uwb.edu.pl\/wf\/?page_id=745\">uczni\u00f3w i nauczycieli szk\u00f3\u0142 gimnazjalnych i ponadgimnazjalnych<\/a> &#8212; &#8220;Mechanika&#8221;, prowadzi dr hab. Dariusz Satu\u0142a w asy\u015bcie mgr. Piotra Chomieni &#8212; na sali uczniowie Publicznego Gimnazjum w Szczuczynie.&nbsp;<\/p>\n<p>ngg_shortcode_0_placeholderCho\u0107 Prowadz\u0105cy wielokrotnie przedstawiaj\u0105 ten sam materia\u0142 &#8211; to wyk\u0142ad zawsze jest autorski i nigdy taki sam. Twoja szko\u0142a te\u017c mo\u017ce zam\u00f3wi\u0107 u nas taki pokaz:&nbsp;<a href=\"http:\/\/physics.uwb.edu.pl\/wf\/?page_id=745\">http:\/\/physics.uwb.edu.pl\/wf\/?page_id=745<\/a><\/p>\n","protected":false},"excerpt":{"rendered":"<p>&#8220;Pokazy z&nbsp;Fizyki\u201d dla uczni\u00f3w i nauczycieli szk\u00f3\u0142 gimnazjalnych i ponadgimnazjalnych &#8212; &#8220;Mechanika&#8221;, prowadzi dr hab. Dariusz Satu\u0142a w asy\u015bcie mgr. Piotra Chomieni &#8212; na sali uczniowie Publicznego Gimnazjum w Szczuczynie.&nbsp; <a href=\"https:\/\/physics.uwb.edu.pl\/wf\/?page_id=3922\" class=\"more-link\">[&hellip;]<\/a><\/p>\n","protected":false},"author":5,"featured_media":3924,"parent":2744,"menu_order":0,"comment_status":"closed","ping_status":"closed","template":"","meta":{"ngg_post_thumbnail":0,"Layout":"1c","footnotes":""},"categories":[131],"tags":[],"class_list":["entry","author-gawryl","post-3922","page","type-page","status-publish","has-post-thumbnail","category-galeria_foto"],"jetpack_sharing_enabled":true,"jetpack_shortlink":"https:\/\/wp.me\/P7nvcn-11g","_links":{"self":[{"href":"https:\/\/physics.uwb.edu.pl\/wf\/index.php?rest_route=\/wp\/v2\/pages\/3922","targetHints":{"allow":["GET"]}}],"collection":[{"href":"https:\/\/physics.uwb.edu.pl\/wf\/index.php?rest_route=\/wp\/v2\/pages"}],"about":[{"href":"https:\/\/physics.uwb.edu.pl\/wf\/index.php?rest_route=\/wp\/v2\/types\/page"}],"author":[{"embeddable":true,"href":"https:\/\/physics.uwb.edu.pl\/wf\/index.php?rest_route=\/wp\/v2\/users\/5"}],"replies":[{"embeddable":true,"href":"https:\/\/physics.uwb.edu.pl\/wf\/index.php?rest_route=%2Fwp%2Fv2%2Fcomments&post=3922"}],"version-history":[{"count":7,"href":"https:\/\/physics.uwb.edu.pl\/wf\/index.php?rest_route=\/wp\/v2\/pages\/3922\/revisions"}],"predecessor-version":[{"id":3940,"href":"https:\/\/physics.uwb.edu.pl\/wf\/index.php?rest_route=\/wp\/v2\/pages\/3922\/revisions\/3940"}],"up":[{"embeddable":true,"href":"https:\/\/physics.uwb.edu.pl\/wf\/index.php?rest_route=\/wp\/v2\/pages\/2744"}],"wp:featuredmedia":[{"embeddable":true,"href":"https:\/\/physics.uwb.edu.pl\/wf\/index.php?rest_route=\/wp\/v2\/media\/3924"}],"wp:attachment":[{"href":"https:\/\/physics.uwb.edu.pl\/wf\/index.php?rest_route=%2Fwp%2Fv2%2Fmedia&parent=3922"}],"wp:term":[{"taxonomy":"category","embeddable":true,"href":"https:\/\/physics.uwb.edu.pl\/wf\/index.php?rest_route=%2Fwp%2Fv2%2Fcategories&post=3922"},{"taxonomy":"post_tag","embeddable":true,"href":"https:\/\/physics.uwb.edu.pl\/wf\/index.php?rest_route=%2Fwp%2Fv2%2Ftags&post=3922"}],"curies":[{"name":"wp","href":"https:\/\/api.w.org\/{rel}","templated":true}]}}