{"id":4056,"date":"2016-12-10T13:38:01","date_gmt":"2016-12-10T12:38:01","guid":{"rendered":"http:\/\/physics.uwb.edu.pl\/wf\/?page_id=4056"},"modified":"2016-12-10T13:40:26","modified_gmt":"2016-12-10T12:40:26","slug":"warsztaty-z-fizyka-w-przyszlosc-final-pokazy-mechanika","status":"publish","type":"page","link":"https:\/\/physics.uwb.edu.pl\/wf\/?page_id=4056","title":{"rendered":"Warsztaty &#8220;Z fizyk\u0105 w przysz\u0142o\u015b\u0107&#8221; &#8212; fina\u0142 + pokazy &#8220;Mechanika&#8221;"},"content":{"rendered":"<p>Pokazy z &#8220;Mechaniki\u201d dla uczestnik\u00f3w <a href=\"http:\/\/przyszlosc.fizyka.uwb.edu.pl\">warsztat\u00f3w &#8220;Z fizyk\u0105 w przysz\u0142o\u015b\u0107&#8221;<\/a>, prowadzi dr hab. Dariusz Satu\u0142a w asy\u015bcie dr. hab. Andrzeja Andrejczuka.&nbsp;<\/p>\n<p>ngg_shortcode_0_placeholderDrugie, zarazem ostatnie sobotnie spotkanie z pokazami po\u0142\u0105czone by\u0142o z rozdaniem Dyplom\u00f3w uko\u0144czenia warsztat\u00f3w. Otrzymywa\u0142y go osoby, kt\u00f3re sumiennie ucz\u0119szcza\u0142y na nasze zaj\u0119cia &#8212; dopuszczalna by\u0142a absencja na 3\/10 zaj\u0119\u0107 (8 zaj\u0119\u0107 warsztatowych + 2 sobotnie). Mimo tych ostrych regu\u0142 by\u0142o nam mi\u0142o rozda\u0107 tak du\u017co Dyplom\u00f3w. Mamy nadziej\u0119, \u017ce k<strong>olejna edycja warsztat\u00f3w<\/strong> (planowana na <strong>marzec-kwiecie\u0144 2017 r.<\/strong>) b\u0119dzie si\u0119 cieszy\u0107 nie mniejszym zainteresowaniem m\u0142odzie\u017cy.&nbsp;<\/p>\n","protected":false},"excerpt":{"rendered":"<p>Pokazy z &#8220;Mechaniki\u201d dla uczestnik\u00f3w warsztat\u00f3w &#8220;Z fizyk\u0105 w przysz\u0142o\u015b\u0107&#8221;, prowadzi dr hab. Dariusz Satu\u0142a w asy\u015bcie dr. hab. Andrzeja Andrejczuka.&nbsp; Drugie, zarazem ostatnie sobotnie spotkanie z pokazami po\u0142\u0105czone by\u0142o <a href=\"https:\/\/physics.uwb.edu.pl\/wf\/?page_id=4056\" class=\"more-link\">[&hellip;]<\/a><\/p>\n","protected":false},"author":5,"featured_media":4058,"parent":2744,"menu_order":0,"comment_status":"closed","ping_status":"closed","template":"","meta":{"ngg_post_thumbnail":0,"Layout":"1c","footnotes":""},"categories":[131],"tags":[],"class_list":["entry","author-gawryl","post-4056","page","type-page","status-publish","has-post-thumbnail","category-galeria_foto"],"jetpack_sharing_enabled":true,"jetpack_shortlink":"https:\/\/wp.me\/P7nvcn-13q","_links":{"self":[{"href":"https:\/\/physics.uwb.edu.pl\/wf\/index.php?rest_route=\/wp\/v2\/pages\/4056","targetHints":{"allow":["GET"]}}],"collection":[{"href":"https:\/\/physics.uwb.edu.pl\/wf\/index.php?rest_route=\/wp\/v2\/pages"}],"about":[{"href":"https:\/\/physics.uwb.edu.pl\/wf\/index.php?rest_route=\/wp\/v2\/types\/page"}],"author":[{"embeddable":true,"href":"https:\/\/physics.uwb.edu.pl\/wf\/index.php?rest_route=\/wp\/v2\/users\/5"}],"replies":[{"embeddable":true,"href":"https:\/\/physics.uwb.edu.pl\/wf\/index.php?rest_route=%2Fwp%2Fv2%2Fcomments&post=4056"}],"version-history":[{"count":2,"href":"https:\/\/physics.uwb.edu.pl\/wf\/index.php?rest_route=\/wp\/v2\/pages\/4056\/revisions"}],"predecessor-version":[{"id":4059,"href":"https:\/\/physics.uwb.edu.pl\/wf\/index.php?rest_route=\/wp\/v2\/pages\/4056\/revisions\/4059"}],"up":[{"embeddable":true,"href":"https:\/\/physics.uwb.edu.pl\/wf\/index.php?rest_route=\/wp\/v2\/pages\/2744"}],"wp:featuredmedia":[{"embeddable":true,"href":"https:\/\/physics.uwb.edu.pl\/wf\/index.php?rest_route=\/wp\/v2\/media\/4058"}],"wp:attachment":[{"href":"https:\/\/physics.uwb.edu.pl\/wf\/index.php?rest_route=%2Fwp%2Fv2%2Fmedia&parent=4056"}],"wp:term":[{"taxonomy":"category","embeddable":true,"href":"https:\/\/physics.uwb.edu.pl\/wf\/index.php?rest_route=%2Fwp%2Fv2%2Fcategories&post=4056"},{"taxonomy":"post_tag","embeddable":true,"href":"https:\/\/physics.uwb.edu.pl\/wf\/index.php?rest_route=%2Fwp%2Fv2%2Ftags&post=4056"}],"curies":[{"name":"wp","href":"https:\/\/api.w.org\/{rel}","templated":true}]}}