{"id":4105,"date":"2017-01-02T11:27:44","date_gmt":"2017-01-02T10:27:44","guid":{"rendered":"http:\/\/physics.uwb.edu.pl\/wf\/?page_id=4105"},"modified":"2019-02-06T14:25:54","modified_gmt":"2019-02-06T13:25:54","slug":"warsztaty-z-fizyka-w-przyszlosc-film","status":"publish","type":"page","link":"https:\/\/physics.uwb.edu.pl\/wf\/?page_id=4105","title":{"rendered":"Warsztaty &#8220;Z fizyk\u0105 w przysz\u0142o\u015b\u0107&#8221; &#8211; film"},"content":{"rendered":"<p>W grudniu 2016 r. zako\u0144czyli\u015bmy <strong>pierwsz\u0105 edycj\u0119<\/strong> Warsztat\u00f3w. Przedsi\u0119wzi\u0119cie spotka\u0142o si\u0119 z du\u017cym &nbsp;zainteresowaniem m\u0142odzie\u017cy &#8211; w sumie uczestniczy\u0142o 80 uczni\u00f3w szk\u00f3\u0142 ponadgimnazjalnych, z czego niekt\u00f3rzy zdecydowali si\u0119 a\u017c na dwa zaj\u0119cia&nbsp;tygodniowo (r\u00f3\u017cne bloki tematyczne). Poni\u017cej przedstawiamy kr\u00f3tki film o warsztatach zrealizowany przez PATI &#8211; <a href=\"https:\/\/www.youtube.com\/channel\/UCcWQyVQquEU0y_pMp5jT0BA\">Podlask\u0105 Akademick\u0105 Telewizj\u0119 Internetow\u0105<\/a>:&nbsp;<\/p>\n<p><span class=\"embed-youtube\" style=\"text-align:center; display: block;\"><iframe loading=\"lazy\" class=\"youtube-player\" width=\"1025\" height=\"577\" src=\"https:\/\/www.youtube.com\/embed\/o-BjF8g8GI0?version=3&#038;rel=1&#038;showsearch=0&#038;showinfo=1&#038;iv_load_policy=1&#038;fs=1&#038;hl=en-US&#038;autohide=2&#038;start=3&#038;wmode=transparent\" allowfullscreen=\"true\" style=\"border:0;\" sandbox=\"allow-scripts allow-same-origin allow-popups allow-presentation allow-popups-to-escape-sandbox\"><\/iframe><\/span><\/p>\n<p>Organizatorzy dzi\u0119kuj\u0105 uczniom za sumienne uczestnictwo w zaj\u0119ciach. Wierzymy, \u017ce wsp\u00f3lnie sp\u0119dzony czas w wydzia\u0142owych laboratoriach poszerzy\u0142 Wasz\u0105 wiedz\u0119 a tak\u017ce przybli\u017cy\u0142 Wam warunki studiowania w nowym Kampusie UwB. Zapraszamy do wzi\u0119cia udzia\u0142u w <a href=\"http:\/\/przyszlosc.fizyka.uwb.edu.pl\">drugiej edycji Warsztat\u00f3w<\/a> &#8211; zapisy ju\u017c <strong>w&nbsp;lutym 2017 r.<\/strong><\/p>\n","protected":false},"excerpt":{"rendered":"<p>W grudniu 2016 r. zako\u0144czyli\u015bmy pierwsz\u0105 edycj\u0119 Warsztat\u00f3w. Przedsi\u0119wzi\u0119cie spotka\u0142o si\u0119 z du\u017cym &nbsp;zainteresowaniem m\u0142odzie\u017cy &#8211; w sumie uczestniczy\u0142o 80 uczni\u00f3w szk\u00f3\u0142 ponadgimnazjalnych, z czego niekt\u00f3rzy zdecydowali si\u0119 a\u017c na <a href=\"https:\/\/physics.uwb.edu.pl\/wf\/?page_id=4105\" class=\"more-link\">[&hellip;]<\/a><\/p>\n","protected":false},"author":5,"featured_media":4106,"parent":713,"menu_order":0,"comment_status":"closed","ping_status":"closed","template":"","meta":{"ngg_post_thumbnail":0,"Layout":"1c","footnotes":""},"categories":[3],"tags":[],"class_list":["entry","author-gawryl","post-4105","page","type-page","status-publish","has-post-thumbnail","category-wydzialowe_pl"],"jetpack_sharing_enabled":true,"jetpack_shortlink":"https:\/\/wp.me\/P7nvcn-14d","_links":{"self":[{"href":"https:\/\/physics.uwb.edu.pl\/wf\/index.php?rest_route=\/wp\/v2\/pages\/4105","targetHints":{"allow":["GET"]}}],"collection":[{"href":"https:\/\/physics.uwb.edu.pl\/wf\/index.php?rest_route=\/wp\/v2\/pages"}],"about":[{"href":"https:\/\/physics.uwb.edu.pl\/wf\/index.php?rest_route=\/wp\/v2\/types\/page"}],"author":[{"embeddable":true,"href":"https:\/\/physics.uwb.edu.pl\/wf\/index.php?rest_route=\/wp\/v2\/users\/5"}],"replies":[{"embeddable":true,"href":"https:\/\/physics.uwb.edu.pl\/wf\/index.php?rest_route=%2Fwp%2Fv2%2Fcomments&post=4105"}],"version-history":[{"count":4,"href":"https:\/\/physics.uwb.edu.pl\/wf\/index.php?rest_route=\/wp\/v2\/pages\/4105\/revisions"}],"predecessor-version":[{"id":4110,"href":"https:\/\/physics.uwb.edu.pl\/wf\/index.php?rest_route=\/wp\/v2\/pages\/4105\/revisions\/4110"}],"up":[{"embeddable":true,"href":"https:\/\/physics.uwb.edu.pl\/wf\/index.php?rest_route=\/wp\/v2\/pages\/713"}],"wp:featuredmedia":[{"embeddable":true,"href":"https:\/\/physics.uwb.edu.pl\/wf\/index.php?rest_route=\/wp\/v2\/media\/4106"}],"wp:attachment":[{"href":"https:\/\/physics.uwb.edu.pl\/wf\/index.php?rest_route=%2Fwp%2Fv2%2Fmedia&parent=4105"}],"wp:term":[{"taxonomy":"category","embeddable":true,"href":"https:\/\/physics.uwb.edu.pl\/wf\/index.php?rest_route=%2Fwp%2Fv2%2Fcategories&post=4105"},{"taxonomy":"post_tag","embeddable":true,"href":"https:\/\/physics.uwb.edu.pl\/wf\/index.php?rest_route=%2Fwp%2Fv2%2Ftags&post=4105"}],"curies":[{"name":"wp","href":"https:\/\/api.w.org\/{rel}","templated":true}]}}