{"id":4212,"date":"2017-01-20T10:08:52","date_gmt":"2017-01-20T09:08:52","guid":{"rendered":"http:\/\/physics.uwb.edu.pl\/wf\/?page_id=4212"},"modified":"2017-01-20T10:35:03","modified_gmt":"2017-01-20T09:35:03","slug":"nasze-sukcesy-zimy-ultraszybki-zapis-fotomagnetyczny","status":"publish","type":"page","link":"https:\/\/physics.uwb.edu.pl\/wf\/?page_id=4212","title":{"rendered":"Nasze sukcesy &#8212; zimny, ultraszybki zapis fotomagnetyczny (publikacja w Nature)"},"content":{"rendered":"<p><strong>Nasze sukcesy &#8212; zimny, ultraszybki zapis fotomagnetyczny<\/strong><\/p>\n<p>Zesp\u00f3\u0142 fizyk\u00f3w z Bia\u0142egostoku,dr h<img loading=\"lazy\" decoding=\"async\" class=\"wp-image-4173 alignleft\" src=\"http:\/\/physics.uwb.edu.pl\/wf\/wp-content\/uploads\/2017\/01\/nature2017-szerenos-stupakiewicz-grafika-1024x887.jpg\" alt=\"nature2017-szerenos-stupakiewicz-grafika\" width=\"371\" height=\"322\" srcset=\"https:\/\/physics.uwb.edu.pl\/wf\/wp-content\/uploads\/2017\/01\/nature2017-szerenos-stupakiewicz-grafika-1024x887.jpg 1024w, https:\/\/physics.uwb.edu.pl\/wf\/wp-content\/uploads\/2017\/01\/nature2017-szerenos-stupakiewicz-grafika-150x130.jpg 150w, https:\/\/physics.uwb.edu.pl\/wf\/wp-content\/uploads\/2017\/01\/nature2017-szerenos-stupakiewicz-grafika-300x260.jpg 300w, https:\/\/physics.uwb.edu.pl\/wf\/wp-content\/uploads\/2017\/01\/nature2017-szerenos-stupakiewicz-grafika-577x500.jpg 577w, https:\/\/physics.uwb.edu.pl\/wf\/wp-content\/uploads\/2017\/01\/nature2017-szerenos-stupakiewicz-grafika.jpg 1200w\" sizes=\"auto, (max-width: 371px) 100vw, 371px\" \/>ab. <a href=\"http:\/\/physics.uwb.edu.pl\/wf\/?pracownik=andrzej-stupakiewicz\">Andrzej Stupakiewicz<\/a>, prof. UwB i mgr <a href=\"http:\/\/physics.uwb.edu.pl\/wf\/?pracownik=krzysztof-szerenos\">Krzysztof Szerenos<\/a>, zademonstrowali now\u0105 metod\u0119 tzw. zimnego ultraszybkiego zapisu fotomagnetycznego, kt\u00f3ra mo\u017ce <strong>dokona\u0107 rewolucji<\/strong> w technologii zapisu i przetwarzania informacji. Prze\u0142omowe badania zosta\u0142y wykonane i opracowane g\u0142\u00f3wnie na Wydziale Fizyki w <a href=\"http:\/\/physics.uwb.edu.pl\/wf\/?page_id=220\">Zak\u0142adzie Fizyki Magnetyk\u00f3w<\/a>, we wsp\u00f3\u0142pracy z zespo\u0142em z<strong> Radboud University<\/strong> (Holandia), za\u015b wyniki ukaza\u0142y si\u0119 na \u0142amach presti\u017cowego \u201eNature\u201d.<\/p>\n<p>Zapraszamy do przeczytania <a href=\"http:\/\/physics.uwb.edu.pl\/wf\/?page_id=4171\">informacji popularnonaukowych<\/a> o nowej metodzie, a tak\u017ce do artyku\u0142u w <a href=\"http:\/\/dx.doi.org\/10.1038\/nature20807\">Nature<\/a>&nbsp;(lub te\u017c do <a href=\"https:\/\/arxiv.org\/abs\/1609.05223\">repozytorium arXive<\/a>).<\/p>\n<p>&nbsp;<\/p>\n","protected":false},"excerpt":{"rendered":"<p>Nasze sukcesy &#8212; zimny, ultraszybki zapis fotomagnetyczny Zesp\u00f3\u0142 fizyk\u00f3w z Bia\u0142egostoku,dr hab. Andrzej Stupakiewicz, prof. UwB i mgr Krzysztof Szerenos, zademonstrowali now\u0105 metod\u0119 tzw. zimnego ultraszybkiego zapisu fotomagnetycznego, kt\u00f3ra mo\u017ce <a href=\"https:\/\/physics.uwb.edu.pl\/wf\/?page_id=4212\" class=\"more-link\">[&hellip;]<\/a><\/p>\n","protected":false},"author":5,"featured_media":4213,"parent":430,"menu_order":0,"comment_status":"closed","ping_status":"closed","template":"","meta":{"ngg_post_thumbnail":0,"Layout":"","footnotes":""},"categories":[42],"tags":[],"class_list":["entry","author-gawryl","post-4212","page","type-page","status-publish","has-post-thumbnail","category-nauka_pl"],"jetpack_sharing_enabled":true,"jetpack_shortlink":"https:\/\/wp.me\/P7nvcn-15W","_links":{"self":[{"href":"https:\/\/physics.uwb.edu.pl\/wf\/index.php?rest_route=\/wp\/v2\/pages\/4212","targetHints":{"allow":["GET"]}}],"collection":[{"href":"https:\/\/physics.uwb.edu.pl\/wf\/index.php?rest_route=\/wp\/v2\/pages"}],"about":[{"href":"https:\/\/physics.uwb.edu.pl\/wf\/index.php?rest_route=\/wp\/v2\/types\/page"}],"author":[{"embeddable":true,"href":"https:\/\/physics.uwb.edu.pl\/wf\/index.php?rest_route=\/wp\/v2\/users\/5"}],"replies":[{"embeddable":true,"href":"https:\/\/physics.uwb.edu.pl\/wf\/index.php?rest_route=%2Fwp%2Fv2%2Fcomments&post=4212"}],"version-history":[{"count":5,"href":"https:\/\/physics.uwb.edu.pl\/wf\/index.php?rest_route=\/wp\/v2\/pages\/4212\/revisions"}],"predecessor-version":[{"id":4221,"href":"https:\/\/physics.uwb.edu.pl\/wf\/index.php?rest_route=\/wp\/v2\/pages\/4212\/revisions\/4221"}],"up":[{"embeddable":true,"href":"https:\/\/physics.uwb.edu.pl\/wf\/index.php?rest_route=\/wp\/v2\/pages\/430"}],"wp:featuredmedia":[{"embeddable":true,"href":"https:\/\/physics.uwb.edu.pl\/wf\/index.php?rest_route=\/wp\/v2\/media\/4213"}],"wp:attachment":[{"href":"https:\/\/physics.uwb.edu.pl\/wf\/index.php?rest_route=%2Fwp%2Fv2%2Fmedia&parent=4212"}],"wp:term":[{"taxonomy":"category","embeddable":true,"href":"https:\/\/physics.uwb.edu.pl\/wf\/index.php?rest_route=%2Fwp%2Fv2%2Fcategories&post=4212"},{"taxonomy":"post_tag","embeddable":true,"href":"https:\/\/physics.uwb.edu.pl\/wf\/index.php?rest_route=%2Fwp%2Fv2%2Ftags&post=4212"}],"curies":[{"name":"wp","href":"https:\/\/api.w.org\/{rel}","templated":true}]}}