{"id":4276,"date":"2016-10-03T11:50:47","date_gmt":"2016-10-03T09:50:47","guid":{"rendered":"http:\/\/physics.uwb.edu.pl\/wf\/?page_id=4276"},"modified":"2017-01-27T09:19:06","modified_gmt":"2017-01-27T08:19:06","slug":"inauguracja-roku-akademickiego-20162017","status":"publish","type":"page","link":"https:\/\/physics.uwb.edu.pl\/wf\/?page_id=4276","title":{"rendered":"Inauguracja roku akademickiego 2016\/2017"},"content":{"rendered":"<p>W dniu 3 pa\u017adziernika 2016 r. odby\u0142a si\u0119 uroczysta inauguracja roku akademickiego 2016\/2017 na Wydziale Fizyki UwB. Otwarcie nowego roku prowadzi\u0142y nowe w\u0142adze dzieka\u0144skie &#8211; prof. <a href=\"http:\/\/physics.uwb.edu.pl\/wf\/?pracownik=piotr-jaranowski\">Piotr Jaranowski<\/a> (dziekan Wydzia\u0142u Fizyki), dr hab. <a href=\"http:\/\/physics.uwb.edu.pl\/wf\/?pracownik=andrzej-andrejczuk\">Andrzej Andrejczuk<\/a>, prof. UwB (prodziekan ds. og\u00f3lnych) oraz dr hab. <a href=\"http:\/\/physics.uwb.edu.pl\/wf\/?pracownik=marek-nikolajuk\">Marek Niko\u0142ajuk<\/a> (prodziekan ds. studenckich). Uroczysto\u015b\u0107 u\u015bwi\u0119ci\u0142 swoj\u0105 obecno\u015bci\u0105 prorektor ds. rozwoju i wsp\u00f3\u0142pracy mi\u0119dzynarodowej dr hab. <a href=\"http:\/\/www.uwb.edu.pl\/prorektor-ds-rozwoju-i-wspolpracy-miedzynarodowej\">Mariusz Pop\u0142awski<\/a>, prof. UwB.<\/p>\n<p>ngg_shortcode_0_placeholder<br \/>\nZgodnie z tradycj\u0105 inauguracja po\u0142\u0105czona by\u0142a z wyk\u0142adem &#8211; &#8220;Optyczne efekty fal spinowych&#8221; zaprezentowa\u0142 i wyg\u0142osi\u0142&nbsp;dr hab. <a href=\"http:\/\/physics.uwb.edu.pl\/wf\/?pracownik=ryszard-gieniusz\">Ryszard Gieniusz<\/a>. Warto doda\u0107, \u017ce po raz pierwszy na sali Wydzia\u0142u Fizyki pojawili si\u0119 studenci <strong>studi\u00f3w doktoranckich<\/strong> &#8211; rok 2016 jest bowiem pierwszym, w kt\u00f3rym uruchomiono studia III-go stopnia &#8211; z czego jeste\u015bmy niezmiernie dumni.<\/p>\n","protected":false},"excerpt":{"rendered":"<p>W dniu 3 pa\u017adziernika 2016 r. odby\u0142a si\u0119 uroczysta inauguracja roku akademickiego 2016\/2017 na Wydziale Fizyki UwB. Otwarcie nowego roku prowadzi\u0142y nowe w\u0142adze dzieka\u0144skie &#8211; prof. Piotr Jaranowski (dziekan Wydzia\u0142u <a href=\"https:\/\/physics.uwb.edu.pl\/wf\/?page_id=4276\" class=\"more-link\">[&hellip;]<\/a><\/p>\n","protected":false},"author":5,"featured_media":4285,"parent":2744,"menu_order":0,"comment_status":"closed","ping_status":"closed","template":"","meta":{"ngg_post_thumbnail":0,"Layout":"1c","footnotes":""},"categories":[131],"tags":[],"class_list":["entry","author-gawryl","post-4276","page","type-page","status-publish","has-post-thumbnail","category-galeria_foto"],"jetpack_sharing_enabled":true,"jetpack_shortlink":"https:\/\/wp.me\/P7nvcn-16Y","_links":{"self":[{"href":"https:\/\/physics.uwb.edu.pl\/wf\/index.php?rest_route=\/wp\/v2\/pages\/4276","targetHints":{"allow":["GET"]}}],"collection":[{"href":"https:\/\/physics.uwb.edu.pl\/wf\/index.php?rest_route=\/wp\/v2\/pages"}],"about":[{"href":"https:\/\/physics.uwb.edu.pl\/wf\/index.php?rest_route=\/wp\/v2\/types\/page"}],"author":[{"embeddable":true,"href":"https:\/\/physics.uwb.edu.pl\/wf\/index.php?rest_route=\/wp\/v2\/users\/5"}],"replies":[{"embeddable":true,"href":"https:\/\/physics.uwb.edu.pl\/wf\/index.php?rest_route=%2Fwp%2Fv2%2Fcomments&post=4276"}],"version-history":[{"count":7,"href":"https:\/\/physics.uwb.edu.pl\/wf\/index.php?rest_route=\/wp\/v2\/pages\/4276\/revisions"}],"predecessor-version":[{"id":4284,"href":"https:\/\/physics.uwb.edu.pl\/wf\/index.php?rest_route=\/wp\/v2\/pages\/4276\/revisions\/4284"}],"up":[{"embeddable":true,"href":"https:\/\/physics.uwb.edu.pl\/wf\/index.php?rest_route=\/wp\/v2\/pages\/2744"}],"wp:featuredmedia":[{"embeddable":true,"href":"https:\/\/physics.uwb.edu.pl\/wf\/index.php?rest_route=\/wp\/v2\/media\/4285"}],"wp:attachment":[{"href":"https:\/\/physics.uwb.edu.pl\/wf\/index.php?rest_route=%2Fwp%2Fv2%2Fmedia&parent=4276"}],"wp:term":[{"taxonomy":"category","embeddable":true,"href":"https:\/\/physics.uwb.edu.pl\/wf\/index.php?rest_route=%2Fwp%2Fv2%2Fcategories&post=4276"},{"taxonomy":"post_tag","embeddable":true,"href":"https:\/\/physics.uwb.edu.pl\/wf\/index.php?rest_route=%2Fwp%2Fv2%2Ftags&post=4276"}],"curies":[{"name":"wp","href":"https:\/\/api.w.org\/{rel}","templated":true}]}}