{"id":430,"date":"2016-03-08T12:47:46","date_gmt":"2016-03-08T11:47:46","guid":{"rendered":"http:\/\/physics.uwb.edu.pl\/wf\/?page_id=430"},"modified":"2021-08-06T13:34:49","modified_gmt":"2021-08-06T11:34:49","slug":"nauka","status":"publish","type":"page","link":"https:\/\/physics.uwb.edu.pl\/wf\/?page_id=430","title":{"rendered":"Nauka"},"content":{"rendered":"\n<!-- Page-list plugin v.5.9 wordpress.org\/plugins\/page-list\/ -->\n<div class=\"page-list page-list-ext \">\n<div class=\"page-list-ext-item\"><div class=\"page-list-ext-image\"><a href=\"https:\/\/physics.uwb.edu.pl\/wf\/?page_id=12236\" title=\"Ranking Szanghajski: TOP-500!\"><img decoding=\"async\" src=\"https:\/\/physics.uwb.edu.pl\/wf\/wp-content\/uploads\/2021\/06\/2021-GRAS-150x145.png\" width=\"150\" alt=\"Ranking Szanghajski: TOP-500!\" \/><\/a><\/div> <h3 class=\"page-list-ext-title\"><a href=\"https:\/\/physics.uwb.edu.pl\/wf\/?page_id=12236\" title=\"Ranking Szanghajski: TOP-500!\">Ranking Szanghajski: TOP-500!<\/a><\/h3><\/div>\n\n<\/div>\n\n<!-- Page-list plugin v.5.9 wordpress.org\/plugins\/page-list\/ -->\n<div class=\"page-list page-list-ext \">\n<div class=\"page-list-ext-item\"><div class=\"page-list-ext-image\"><a href=\"https:\/\/physics.uwb.edu.pl\/wf\/?page_id=4212\" title=\"Nasze sukcesy -- zimny, ultraszybki zapis fotomagnetyczny (publikacja w Nature)\"><img decoding=\"async\" src=\"https:\/\/physics.uwb.edu.pl\/wf\/wp-content\/uploads\/2017\/01\/nature2017-szerenos-stupakiewicz-grafika_small-150x141.jpg\" width=\"150\" alt=\"Nasze sukcesy -- zimny, ultraszybki zapis fotomagnetyczny (publikacja w Nature)\" \/><\/a><\/div> <h3 class=\"page-list-ext-title\"><a href=\"https:\/\/physics.uwb.edu.pl\/wf\/?page_id=4212\" title=\"Nasze sukcesy -- zimny, ultraszybki zapis fotomagnetyczny (publikacja w Nature)\">Nasze sukcesy -- zimny, ultraszybki zapis fotomagnetyczny (publikacja w Nature)<\/a><\/h3><\/div>\n\n<\/div>\n<p>\n<!-- Page-list plugin v.5.9 wordpress.org\/plugins\/page-list\/ -->\n<div class=\"page-list page-list-ext \">\n<div class=\"page-list-ext-item\"><div class=\"page-list-ext-image\"><a href=\"https:\/\/physics.uwb.edu.pl\/wf\/?page_id=2553\" title=\"Nasze sukcesy -- detekcja fal grawitacyjnych\"><img decoding=\"async\" src=\"https:\/\/physics.uwb.edu.pl\/wf\/wp-content\/uploads\/2016\/06\/3-gravitationa-150x74.png\" width=\"150\" alt=\"Nasze sukcesy -- detekcja fal grawitacyjnych\" \/><\/a><\/div> <h3 class=\"page-list-ext-title\"><a href=\"https:\/\/physics.uwb.edu.pl\/wf\/?page_id=2553\" title=\"Nasze sukcesy -- detekcja fal grawitacyjnych\">Nasze sukcesy -- detekcja fal grawitacyjnych<\/a><\/h3><\/div>\n\n<\/div><br \/>\n<a href=\"http:\/\/physics.uwb.edu.pl\/wf\/?page_id=10421\">Katedra Astrofizyki i Fizyki Teoretycznej<\/a><\/p>\n<ul>\n<li><a href=\"http:\/\/physics.uwb.edu.pl\/wf\/?page_id=216\" target=\"_blank\" rel=\"noopener noreferrer\">Pracownia Astronomii i Astrofizyki<\/a><\/li>\n<li><a href=\"http:\/\/physics.uwb.edu.pl\/wf\/?page_id=222\" target=\"_blank\" rel=\"&quot;noopener noopener noreferrer\">Pracownia Fizyki Uk\u0142ad\u00f3w Mezoskopowych<\/a><\/li>\n<li><a href=\"http:\/\/physics.uwb.edu.pl\/wf\/?page_id=224\" target=\"_blank\" rel=\"&quot;noopener noopener noreferrer\">Pracownia Teorii Pola<\/a><\/li>\n<\/ul>\n<p><a href=\"http:\/\/physics.uwb.edu.pl\/wf\/?page_id=220\" target=\"_blank\" rel=\"noopener noreferrer\">Katedra Fizyki Magnetyk\u00f3w<\/a><\/p>\n<p><a href=\"http:\/\/physics.uwb.edu.pl\/wf\/?page_id=218\" target=\"_blank\" rel=\"noopener noreferrer\">Katedra Fizyki Materii Skondensowanej<\/a><\/p>\n<p><a href=\"http:\/\/physics.uwb.edu.pl\/wf\/?page_id=10406\" target=\"_blank\" rel=\"noopener noreferrer\">Katedra Metod Matematycznych Fizyki<\/a><br \/>\n\n<!-- Page-list plugin v.5.9 wordpress.org\/plugins\/page-list\/ -->\n<div class=\"page-list page-list-ext \">\n<div class=\"page-list-ext-item\"><div class=\"page-list-ext-image\"><a href=\"https:\/\/physics.uwb.edu.pl\/wf\/?page_id=2147\" title=\"Doktoraty\"><img decoding=\"async\" src=\"https:\/\/physics.uwb.edu.pl\/wf\/wp-content\/uploads\/2016\/04\/doktoraty-150x39.png\" width=\"150\" alt=\"Doktoraty\" \/><\/a><\/div> <h3 class=\"page-list-ext-title\"><a href=\"https:\/\/physics.uwb.edu.pl\/wf\/?page_id=2147\" title=\"Doktoraty\">Doktoraty<\/a><\/h3><\/div>\n<div class=\"page-list-ext-item\"><div class=\"page-list-ext-image\"><a href=\"https:\/\/physics.uwb.edu.pl\/wf\/?page_id=812\" title=\"Habilitacje\"><img decoding=\"async\" src=\"https:\/\/physics.uwb.edu.pl\/wf\/wp-content\/uploads\/2016\/03\/habilitacje-150x39.png\" width=\"150\" alt=\"Habilitacje\" \/><\/a><\/div> <h3 class=\"page-list-ext-title\"><a href=\"https:\/\/physics.uwb.edu.pl\/wf\/?page_id=812\" title=\"Habilitacje\">Habilitacje<\/a><\/h3><\/div>\n<div class=\"page-list-ext-item\"><div class=\"page-list-ext-image\"><a href=\"https:\/\/physics.uwb.edu.pl\/wf\/?page_id=819\" title=\"Konferencje\"><img decoding=\"async\" src=\"https:\/\/physics.uwb.edu.pl\/wf\/wp-content\/uploads\/2016\/03\/konferencje-150x38.png\" width=\"150\" alt=\"Konferencje\" \/><\/a><\/div> <h3 class=\"page-list-ext-title\"><a href=\"https:\/\/physics.uwb.edu.pl\/wf\/?page_id=819\" title=\"Konferencje\">Konferencje<\/a><\/h3><\/div>\n<div class=\"page-list-ext-item\"><div class=\"page-list-ext-image\"><a href=\"https:\/\/physics.uwb.edu.pl\/wf\/?page_id=821\" title=\"Og\u0142oszenia\"><img decoding=\"async\" src=\"https:\/\/physics.uwb.edu.pl\/wf\/wp-content\/uploads\/2016\/03\/ogloszenia-150x39.png\" width=\"150\" alt=\"Og\u0142oszenia\" \/><\/a><\/div> <h3 class=\"page-list-ext-title\"><a href=\"https:\/\/physics.uwb.edu.pl\/wf\/?page_id=821\" title=\"Og\u0142oszenia\">Og\u0142oszenia<\/a><\/h3><\/div>\n<div class=\"page-list-ext-item\"><div class=\"page-list-ext-image\"><a href=\"https:\/\/physics.uwb.edu.pl\/wf\/?page_id=9666\" title=\"Profesury\"><img decoding=\"async\" src=\"https:\/\/physics.uwb.edu.pl\/wf\/wp-content\/uploads\/2019\/05\/profesury-150x39.png\" width=\"150\" alt=\"Profesury\" \/><\/a><\/div> <h3 class=\"page-list-ext-title\"><a href=\"https:\/\/physics.uwb.edu.pl\/wf\/?page_id=9666\" title=\"Profesury\">Profesury<\/a><\/h3><\/div>\n<div class=\"page-list-ext-item\"><div class=\"page-list-ext-image\"><a href=\"https:\/\/physics.uwb.edu.pl\/wf\/?page_id=702\" title=\"Projekty badawcze\"><img decoding=\"async\" src=\"https:\/\/physics.uwb.edu.pl\/wf\/wp-content\/uploads\/2016\/03\/mikroskop-1-150x100.jpg\" width=\"150\" alt=\"Projekty badawcze\" \/><\/a><\/div> <h3 class=\"page-list-ext-title\"><a href=\"https:\/\/physics.uwb.edu.pl\/wf\/?page_id=702\" title=\"Projekty badawcze\">Projekty badawcze<\/a><\/h3><\/div>\n<div class=\"page-list-ext-item\"><div class=\"page-list-ext-image\"><a href=\"https:\/\/physics.uwb.edu.pl\/wf\/?page_id=844\" title=\"Publikacje\"><img decoding=\"async\" src=\"https:\/\/physics.uwb.edu.pl\/wf\/wp-content\/uploads\/2016\/03\/pblikacje-150x39.png\" width=\"150\" alt=\"Publikacje\" \/><\/a><\/div> <h3 class=\"page-list-ext-title\"><a href=\"https:\/\/physics.uwb.edu.pl\/wf\/?page_id=844\" title=\"Publikacje\">Publikacje<\/a><\/h3><\/div>\n<div class=\"page-list-ext-item\"><div class=\"page-list-ext-image\"><a href=\"https:\/\/physics.uwb.edu.pl\/wf\/?page_id=822\" title=\"Seminaria\"><img decoding=\"async\" src=\"https:\/\/physics.uwb.edu.pl\/wf\/wp-content\/uploads\/2016\/03\/seminaria-150x50.png\" width=\"150\" alt=\"Seminaria\" \/><\/a><\/div> <h3 class=\"page-list-ext-title\"><a href=\"https:\/\/physics.uwb.edu.pl\/wf\/?page_id=822\" title=\"Seminaria\">Seminaria<\/a><\/h3><\/div>\n<div class=\"page-list-ext-item\"><div class=\"page-list-ext-image\"><a href=\"https:\/\/physics.uwb.edu.pl\/wf\/?page_id=699\" title=\"Zestawy eksperymentalne i aparatura specjalistyczna\"><img decoding=\"async\" src=\"https:\/\/physics.uwb.edu.pl\/wf\/wp-content\/uploads\/2016\/02\/28-150x100.jpg\" width=\"150\" alt=\"Zestawy eksperymentalne i aparatura specjalistyczna\" \/><\/a><\/div> <h3 class=\"page-list-ext-title\"><a href=\"https:\/\/physics.uwb.edu.pl\/wf\/?page_id=699\" title=\"Zestawy eksperymentalne i aparatura specjalistyczna\">Zestawy eksperymentalne i aparatura specjalistyczna<\/a><\/h3><\/div>\n\n<\/div><\/p>\n","protected":false},"excerpt":{"rendered":"<p>Katedra Astrofizyki i Fizyki Teoretycznej Pracownia Astronomii i Astrofizyki Pracownia Fizyki Uk\u0142ad\u00f3w Mezoskopowych Pracownia Teorii Pola Katedra Fizyki Magnetyk\u00f3w Katedra Fizyki Materii Skondensowanej Katedra Metod Matematycznych Fizyki<\/p>\n","protected":false},"author":2,"featured_media":415,"parent":210,"menu_order":0,"comment_status":"closed","ping_status":"closed","template":"","meta":{"ngg_post_thumbnail":0,"Layout":"","footnotes":""},"categories":[3],"tags":[],"class_list":["entry","author-dobrog","post-430","page","type-page","status-publish","has-post-thumbnail","category-wydzialowe_pl"],"jetpack_sharing_enabled":true,"jetpack_shortlink":"https:\/\/wp.me\/P7nvcn-6W","_links":{"self":[{"href":"https:\/\/physics.uwb.edu.pl\/wf\/index.php?rest_route=\/wp\/v2\/pages\/430","targetHints":{"allow":["GET"]}}],"collection":[{"href":"https:\/\/physics.uwb.edu.pl\/wf\/index.php?rest_route=\/wp\/v2\/pages"}],"about":[{"href":"https:\/\/physics.uwb.edu.pl\/wf\/index.php?rest_route=\/wp\/v2\/types\/page"}],"author":[{"embeddable":true,"href":"https:\/\/physics.uwb.edu.pl\/wf\/index.php?rest_route=\/wp\/v2\/users\/2"}],"replies":[{"embeddable":true,"href":"https:\/\/physics.uwb.edu.pl\/wf\/index.php?rest_route=%2Fwp%2Fv2%2Fcomments&post=430"}],"version-history":[{"count":20,"href":"https:\/\/physics.uwb.edu.pl\/wf\/index.php?rest_route=\/wp\/v2\/pages\/430\/revisions"}],"predecessor-version":[{"id":12546,"href":"https:\/\/physics.uwb.edu.pl\/wf\/index.php?rest_route=\/wp\/v2\/pages\/430\/revisions\/12546"}],"up":[{"embeddable":true,"href":"https:\/\/physics.uwb.edu.pl\/wf\/index.php?rest_route=\/wp\/v2\/pages\/210"}],"wp:featuredmedia":[{"embeddable":true,"href":"https:\/\/physics.uwb.edu.pl\/wf\/index.php?rest_route=\/wp\/v2\/media\/415"}],"wp:attachment":[{"href":"https:\/\/physics.uwb.edu.pl\/wf\/index.php?rest_route=%2Fwp%2Fv2%2Fmedia&parent=430"}],"wp:term":[{"taxonomy":"category","embeddable":true,"href":"https:\/\/physics.uwb.edu.pl\/wf\/index.php?rest_route=%2Fwp%2Fv2%2Fcategories&post=430"},{"taxonomy":"post_tag","embeddable":true,"href":"https:\/\/physics.uwb.edu.pl\/wf\/index.php?rest_route=%2Fwp%2Fv2%2Ftags&post=430"}],"curies":[{"name":"wp","href":"https:\/\/api.w.org\/{rel}","templated":true}]}}