{"id":4337,"date":"2017-01-31T15:46:16","date_gmt":"2017-01-31T14:46:16","guid":{"rendered":"http:\/\/physics.uwb.edu.pl\/wf\/?page_id=4337"},"modified":"2017-02-01T10:07:23","modified_gmt":"2017-02-01T09:07:23","slug":"nowa-technologia-ultraszybkiego-zapisu-informacji-wyklad","status":"publish","type":"page","link":"https:\/\/physics.uwb.edu.pl\/wf\/?page_id=4337","title":{"rendered":"Nowa technologia ultraszybkiego zapisu informacji &#8212; wyk\u0142ad"},"content":{"rendered":"<p>W dniu 31 stycznia 2017 r. dr hab. <a href=\"http:\/\/physics.uwb.edu.pl\/wf\/?pracownik=andrzej-stupakiewicz\">Andrzej Stupakiewicz<\/a>&nbsp;wyg\u0142osi\u0142 wyk\u0142ad na temat <a href=\"http:\/\/physics.uwb.edu.pl\/wf\/?page_id=4212\">ultraszybkiego, zimnego zapisu fotomagnetyczneg<\/a>o &#8211; osi\u0105gni\u0119cia, kt\u00f3re zosta\u0142o opublikowane przez presti\u017cowe czasopismo Nature [1].&nbsp;<\/p>\n<p>ngg_shortcode_0_placeholderWyk\u0142ad rozpocz\u0105\u0142 Dziekan Wydzia\u0142u Fizyki, prof. Piotr Jaranowski, kt\u00f3ry podkre\u015bli\u0142 wa\u017cno\u015b\u0107 bia\u0142ostockiej fizyki na arenie mi\u0119dzynarodowej. Nast\u0119pnie g\u0142os zabra\u0142 prof. <a href=\"http:\/\/physics.uwb.edu.pl\/wf\/?pracownik=andrzej-maziewski\">Andrzej Maziewski<\/a>, kierownik <a href=\"http:\/\/physics.uwb.edu.pl\/wf\/?page_id=220\">Zak\u0142adu Magnetyk\u00f3w<\/a>, przedstawiaj\u0105c histori\u0119 bada\u0144 nad materia\u0142ami o strukturze grantu, osi\u0105gni\u0119cia grupy oraz pracownik\u00f3w ze swojego zespo\u0142u.<\/p>\n<p>Po tych kr\u00f3tkich wst\u0119pach prezentacj\u0119 w ramach konwersatorium wyg\u0142osi\u0142 dr hab. A. Stupakiewicz, kt\u00f3ry zmagnetyzowa\u0142&nbsp;publiczno\u015b\u0107 swoim wyk\u0142adem. Okaza\u0142o si\u0119, \u017ce obok g\u0142\u00f3wnego tematu&nbsp;wyst\u0105pienia &#8211; nowych technologii, zapisu fotomagnetycznego &#8211; bohaterami byli&nbsp;tak\u017ce&nbsp;kot, czajnik i serwerownie Facebooka (kto by\u0142 i s\u0142ucha\u0142, to wie o czym pisz\u0119). Na sali nie zabrak\u0142o zainteresowanych os\u00f3b ze \u015brodowiska akademickiego &#8211; go\u015bcili\u015bmy tak\u017ce prorektor ds. nauki, prof. dr hab. Izabela \u015awi\u0119cick\u0105. Dzi\u0119kujemy za du\u017ce zainteresowanie i uczestnictwo.<\/p>\n<p>&nbsp;<\/p>\n<p>[1]&nbsp;A. Stupakiewicz, K. Szerenos, D. Afanasiev, A. Kirilyuk, A. V. Kimel, Ultrafast nonthermal photo-magnetic recording in a transparent medium, Nature (2017), doi: <a href=\"http:\/\/dx.doi.org\/10.1038\/nature20807\">10.1038\/nature20807<\/a>&nbsp;<\/p>\n","protected":false},"excerpt":{"rendered":"<p>W dniu 31 stycznia 2017 r. dr hab. Andrzej Stupakiewicz&nbsp;wyg\u0142osi\u0142 wyk\u0142ad na temat ultraszybkiego, zimnego zapisu fotomagnetycznego &#8211; osi\u0105gni\u0119cia, kt\u00f3re zosta\u0142o opublikowane przez presti\u017cowe czasopismo Nature [1].&nbsp; Wyk\u0142ad rozpocz\u0105\u0142 Dziekan <a href=\"https:\/\/physics.uwb.edu.pl\/wf\/?page_id=4337\" class=\"more-link\">[&hellip;]<\/a><\/p>\n","protected":false},"author":5,"featured_media":4338,"parent":2744,"menu_order":0,"comment_status":"closed","ping_status":"closed","template":"","meta":{"ngg_post_thumbnail":0,"Layout":"1c","footnotes":""},"categories":[131],"tags":[],"class_list":["entry","author-gawryl","post-4337","page","type-page","status-publish","has-post-thumbnail","category-galeria_foto"],"jetpack_sharing_enabled":true,"jetpack_shortlink":"https:\/\/wp.me\/P7nvcn-17X","_links":{"self":[{"href":"https:\/\/physics.uwb.edu.pl\/wf\/index.php?rest_route=\/wp\/v2\/pages\/4337","targetHints":{"allow":["GET"]}}],"collection":[{"href":"https:\/\/physics.uwb.edu.pl\/wf\/index.php?rest_route=\/wp\/v2\/pages"}],"about":[{"href":"https:\/\/physics.uwb.edu.pl\/wf\/index.php?rest_route=\/wp\/v2\/types\/page"}],"author":[{"embeddable":true,"href":"https:\/\/physics.uwb.edu.pl\/wf\/index.php?rest_route=\/wp\/v2\/users\/5"}],"replies":[{"embeddable":true,"href":"https:\/\/physics.uwb.edu.pl\/wf\/index.php?rest_route=%2Fwp%2Fv2%2Fcomments&post=4337"}],"version-history":[{"count":8,"href":"https:\/\/physics.uwb.edu.pl\/wf\/index.php?rest_route=\/wp\/v2\/pages\/4337\/revisions"}],"predecessor-version":[{"id":4365,"href":"https:\/\/physics.uwb.edu.pl\/wf\/index.php?rest_route=\/wp\/v2\/pages\/4337\/revisions\/4365"}],"up":[{"embeddable":true,"href":"https:\/\/physics.uwb.edu.pl\/wf\/index.php?rest_route=\/wp\/v2\/pages\/2744"}],"wp:featuredmedia":[{"embeddable":true,"href":"https:\/\/physics.uwb.edu.pl\/wf\/index.php?rest_route=\/wp\/v2\/media\/4338"}],"wp:attachment":[{"href":"https:\/\/physics.uwb.edu.pl\/wf\/index.php?rest_route=%2Fwp%2Fv2%2Fmedia&parent=4337"}],"wp:term":[{"taxonomy":"category","embeddable":true,"href":"https:\/\/physics.uwb.edu.pl\/wf\/index.php?rest_route=%2Fwp%2Fv2%2Fcategories&post=4337"},{"taxonomy":"post_tag","embeddable":true,"href":"https:\/\/physics.uwb.edu.pl\/wf\/index.php?rest_route=%2Fwp%2Fv2%2Ftags&post=4337"}],"curies":[{"name":"wp","href":"https:\/\/api.w.org\/{rel}","templated":true}]}}