{"id":4366,"date":"2017-02-01T10:17:32","date_gmt":"2017-02-01T09:17:32","guid":{"rendered":"http:\/\/physics.uwb.edu.pl\/wf\/?page_id=4366"},"modified":"2017-02-01T10:32:17","modified_gmt":"2017-02-01T09:32:17","slug":"ultraszybkie-pamieci-przyszlosci","status":"publish","type":"page","link":"https:\/\/physics.uwb.edu.pl\/wf\/?page_id=4366","title":{"rendered":"Wyk\u0142ad PTF: Ultraszybkie pami\u0119ci przysz\u0142o\u015bci"},"content":{"rendered":"<p><em><strong>Wyk\u0142ady PTF o\/Bia\u0142ystok &#8211; zapowiedzi<\/strong><\/em><\/p>\n<p style=\"text-align: center;\">W sobot\u0119 11 lutego 2017 roku o godz. 11.00<br \/>\nw sali 2011 Wydzia\u0142u Fizyki przy ul. Konstantego Cio\u0142kowskiego 1L<br \/>\n<strong>dr hab. Andrzej Stupakiewicz<\/strong><br \/>\nz Wydzia\u0142u Fizyki Uniwersytetu w Bia\u0142ymstoku<br \/>\nwyg\u0142osi wyk\u0142ad pt.<br \/>\n<strong>Ultraszybkie pami\u0119ci przysz\u0142o\u015bci<\/strong><\/p>\n<p style=\"text-align: justify;\">&nbsp; &nbsp; &nbsp; Na wyk\u0142adzie om\u00f3wiona zostanie historia rozwoju r\u00f3\u017cnych technologii zapisu informacji oraz prze\u0142omowe odkrycie nowej metody ultraszybkiego zapisu informacji, opracowanej g\u0142\u00f3wnie przez fizyk\u00f3w z Uniwersytetu w Bia\u0142ymstoku. Metoda ta wykorzystuje wy\u0142\u0105cznie bardzo kr\u00f3tkie impulsy laserowe oraz przezroczyst\u0105 warstw\u0119 jako no\u015bnik informacji. Dzi\u0119ki temu dane w pami\u0119ciach komputerowych mo\u017cna b\u0119dzie zapisa\u0107 i odczyta\u0107 nawet tysi\u0105c razy szybciej ni\u017c dotychczas.<\/p>\n<p style=\"text-align: justify;\"><em>Dr hab. Andrzej Stupakiewicz pracuje w Zak\u0142adzie Fizyki Magnetyk\u00f3w na Wydziale Fizyki&nbsp;<\/em><em>Uniwersytetu w Bia\u0142ymstoku. Zajmuje si\u0119 badaniami zjawisk magnetycznych przy wykorzystaniu&nbsp;<\/em><em>wsp\u00f3\u0142czesnych system\u00f3w laserowych oraz nowymi technologiami zapisu informacji, wsp\u00f3\u0142pracuje z&nbsp;<\/em><em>wieloma krajowymi i zagranicznymi o\u015brodkami naukowymi. Jest autorem kilkudziesi\u0119ciu prac&nbsp;<\/em><em>naukowych z zakresu fizyki magnetyzmu i magnetooptyki.&nbsp;<\/em><\/p>\n<p style=\"text-align: center;\"><em>Wszystkie osoby zainteresowane serdecznie zapraszamy!<\/em><\/p>\n<p style=\"text-align: right;\">Zarz\u0105d OB PTF<\/p>\n","protected":false},"excerpt":{"rendered":"<p>Wyk\u0142ady PTF o\/Bia\u0142ystok &#8211; zapowiedzi W sobot\u0119 11 lutego 2017 roku o godz. 11.00 w sali 2011 Wydzia\u0142u Fizyki przy ul. Konstantego Cio\u0142kowskiego 1L dr hab. Andrzej Stupakiewicz z Wydzia\u0142u <a href=\"https:\/\/physics.uwb.edu.pl\/wf\/?page_id=4366\" class=\"more-link\">[&hellip;]<\/a><\/p>\n","protected":false},"author":10,"featured_media":4213,"parent":789,"menu_order":0,"comment_status":"closed","ping_status":"closed","template":"","meta":{"ngg_post_thumbnail":0,"Layout":"","footnotes":""},"categories":[40],"tags":[],"class_list":["entry","author-pzaleski","post-4366","page","type-page","status-publish","has-post-thumbnail","category-ptf_wyklad"],"jetpack_sharing_enabled":true,"jetpack_shortlink":"https:\/\/wp.me\/P7nvcn-18q","_links":{"self":[{"href":"https:\/\/physics.uwb.edu.pl\/wf\/index.php?rest_route=\/wp\/v2\/pages\/4366","targetHints":{"allow":["GET"]}}],"collection":[{"href":"https:\/\/physics.uwb.edu.pl\/wf\/index.php?rest_route=\/wp\/v2\/pages"}],"about":[{"href":"https:\/\/physics.uwb.edu.pl\/wf\/index.php?rest_route=\/wp\/v2\/types\/page"}],"author":[{"embeddable":true,"href":"https:\/\/physics.uwb.edu.pl\/wf\/index.php?rest_route=\/wp\/v2\/users\/10"}],"replies":[{"embeddable":true,"href":"https:\/\/physics.uwb.edu.pl\/wf\/index.php?rest_route=%2Fwp%2Fv2%2Fcomments&post=4366"}],"version-history":[{"count":4,"href":"https:\/\/physics.uwb.edu.pl\/wf\/index.php?rest_route=\/wp\/v2\/pages\/4366\/revisions"}],"predecessor-version":[{"id":4368,"href":"https:\/\/physics.uwb.edu.pl\/wf\/index.php?rest_route=\/wp\/v2\/pages\/4366\/revisions\/4368"}],"up":[{"embeddable":true,"href":"https:\/\/physics.uwb.edu.pl\/wf\/index.php?rest_route=\/wp\/v2\/pages\/789"}],"wp:featuredmedia":[{"embeddable":true,"href":"https:\/\/physics.uwb.edu.pl\/wf\/index.php?rest_route=\/wp\/v2\/media\/4213"}],"wp:attachment":[{"href":"https:\/\/physics.uwb.edu.pl\/wf\/index.php?rest_route=%2Fwp%2Fv2%2Fmedia&parent=4366"}],"wp:term":[{"taxonomy":"category","embeddable":true,"href":"https:\/\/physics.uwb.edu.pl\/wf\/index.php?rest_route=%2Fwp%2Fv2%2Fcategories&post=4366"},{"taxonomy":"post_tag","embeddable":true,"href":"https:\/\/physics.uwb.edu.pl\/wf\/index.php?rest_route=%2Fwp%2Fv2%2Ftags&post=4366"}],"curies":[{"name":"wp","href":"https:\/\/api.w.org\/{rel}","templated":true}]}}