{"id":4469,"date":"2017-02-11T12:56:17","date_gmt":"2017-02-11T11:56:17","guid":{"rendered":"http:\/\/physics.uwb.edu.pl\/wf\/?page_id=4469"},"modified":"2017-02-13T11:09:59","modified_gmt":"2017-02-13T10:09:59","slug":"ultraszybkie-pamieci-przyszlosci-wyklad-bez-wzorow","status":"publish","type":"page","link":"https:\/\/physics.uwb.edu.pl\/wf\/?page_id=4469","title":{"rendered":"Ultraszybkie pami\u0119ci przysz\u0142o\u015bci &#8211; wyk\u0142ad bez wzor\u00f3w!"},"content":{"rendered":"<p>W dniu 11 luty 2017 r. dr hab. <a href=\"http:\/\/physics.uwb.edu.pl\/wf\/?pracownik=andrzej-stupakiewicz\">Andrzej Stupakiewicz<\/a>, prof. UwB wyg\u0142osi\u0142 wyk\u0142ad na temat <a href=\"http:\/\/physics.uwb.edu.pl\/wf\/?page_id=4212\">ultraszybkich pami\u0119ci przysz\u0142o\u015bci<\/a>&nbsp;&#8211; nowatorskiego pomys\u0142u, kt\u00f3re narodzi\u0142o si\u0119 na Wydziale Fizyki w Bia\u0142ymstoku i zosta\u0142o opublikowane przez presti\u017cowe czasopismo Nature [1].<\/p>\n<p>ngg_shortcode_0_placeholderWyk\u0142ad w ramach <a href=\"http:\/\/physics.uwb.edu.pl\/wf\/?page_id=1227\">Polskiego Towarzystwa Fizycznego<\/a>&nbsp;oddzia\u0142 Bia\u0142ystok prowadzi\u0142 Dziekan ds og\u00f3lnych Wydzia\u0142u Fizyki, prof. Andrzej Andrejczuk. Spotkania&nbsp;PTF-u adresowane s\u0105 g\u0142\u00f3wnie do m\u0142odzie\u017cy, ale mile widziani s\u0105 wszyscy sympatycy nauk (nie tylko nauk matematyczno-fizycznych, co wida\u0107 po tematyce <a href=\"http:\/\/physics.uwb.edu.pl\/wf\/?page_id=789\">wcze\u015bniejszych wyk\u0142ad\u00f3w<\/a>).&nbsp;<\/p>\n<p>&nbsp;<\/p>\n<p>Prezentacja nosi\u0142a podtytu\u0142 &#8220;wyk\u0142ad bez wzor\u00f3w&#8221; i faktycznie &#8211; nie pojawi\u0142o si\u0119 \u017cadne r\u00f3wnanie! \u015amia\u0142o jednak mo\u017cna powiedzie\u0107, \u017ce i bez tego wszyscy zostali zainteresowani tematyk\u0105 i s\u0142uchali z wielk\u0105 uwag\u0105. Co wi\u0119cej, wielu uczestnik\u00f3w i tak prowadzi\u0142a notatki &#8211; pojawi\u0142o si\u0119 du\u017co konkretnych informacji, wartych zapami\u0119tania. Profesor Andrzej Stupakiewicz rozpocz\u0105\u0142 od przedstawienia rysu historycznego zapisu informacji w informatyce, zwracaj\u0105c uwag\u0119 na rol\u0119 efekt\u00f3w fizycznych wykorzystywanych w r\u00f3\u017cnych rozwi\u0105zaniach. Pojawi\u0142y si\u0119 tak\u017ce rekwizyty &#8220;rodem z muzeum&#8221;, jak np. dyskietka 5.25&#8243;, mo\u017cna by\u0142o te\u017c zajrze\u0107 do wn\u0119trza dysku twardego (po wyk\u0142adzie ka\u017cdy m\u00f3g\u0142 przyjrze\u0107 si\u0119 typowemu dyskowi IDE, pozbawionemu obudowy). W dalszej cz\u0119\u015bci swojego wyst\u0105pienia prof. Stupakiewicz przeznaczy\u0142 na wyja\u015bnienie i podkre\u015blenie walor\u00f3w nowego sposobu zapisu informacji, kt\u00f3ry &#8220;narodzi\u0142&#8221; si\u0119 w <a href=\"http:\/\/physics.uwb.edu.pl\/wf\/?page_id=220\">Zak\u0142adzie Fizyki Magnetyk\u00f3w<\/a> Wydzia\u0142u Fizyki UwB. Podkre\u015blone zosta\u0142y aspekty szybko\u015bci i energooszcz\u0119dno\u015bci &#8211; kt\u00f3re z pewno\u015bci\u0105 zadecyduj\u0105 o sukcesie takiego rozwi\u0105zania w przysz\u0142o\u015bci.<\/p>\n<p>Wyk\u0142ad wzbudzi\u0142 du\u017ce zainteresowanie licznie przybytej m\u0142odzie\u017cy (ponad 80 os\u00f3b!), kt\u00f3ra na koniec zadawa\u0142a mn\u00f3stwo pyta\u0144 zwi\u0105zanych z tematyk\u0105 (sesja pyta\u0144 trwa\u0142a ponad 30 min). Jak stwierdzi\u0142 na koniec profesor Stupakiewicz &#8211; pytania by\u0142y bardzo konkretne i rzeczowe, za co dzi\u0119kowa\u0142 swoim s\u0142uchaczom.&nbsp;My tak\u017ce dzi\u0119kujemy wszystkim uczestnikom tego spotkania za zainteresowanie i zapraszamy na kolejne.<\/p>\n<p>&nbsp;<\/p>\n<p>[1]&nbsp;A. Stupakiewicz, K. Szerenos, D. Afanasiev, A. Kirilyuk, A. V. Kimel, Ultrafast nonthermal photo-magnetic recording in a transparent medium, Nature (2017), doi: <a href=\"http:\/\/dx.doi.org\/10.1038\/nature20807\">10.1038\/nature20807<\/a>&nbsp;<\/p>\n","protected":false},"excerpt":{"rendered":"<p>W dniu 11 luty 2017 r. dr hab. Andrzej Stupakiewicz, prof. UwB wyg\u0142osi\u0142 wyk\u0142ad na temat ultraszybkich pami\u0119ci przysz\u0142o\u015bci&nbsp;&#8211; nowatorskiego pomys\u0142u, kt\u00f3re narodzi\u0142o si\u0119 na Wydziale Fizyki w Bia\u0142ymstoku i <a href=\"https:\/\/physics.uwb.edu.pl\/wf\/?page_id=4469\" class=\"more-link\">[&hellip;]<\/a><\/p>\n","protected":false},"author":5,"featured_media":4476,"parent":2744,"menu_order":0,"comment_status":"closed","ping_status":"closed","template":"","meta":{"ngg_post_thumbnail":0,"Layout":"1c","footnotes":""},"categories":[131],"tags":[],"class_list":["entry","author-gawryl","post-4469","page","type-page","status-publish","has-post-thumbnail","category-galeria_foto"],"jetpack_sharing_enabled":true,"jetpack_shortlink":"https:\/\/wp.me\/P7nvcn-1a5","_links":{"self":[{"href":"https:\/\/physics.uwb.edu.pl\/wf\/index.php?rest_route=\/wp\/v2\/pages\/4469","targetHints":{"allow":["GET"]}}],"collection":[{"href":"https:\/\/physics.uwb.edu.pl\/wf\/index.php?rest_route=\/wp\/v2\/pages"}],"about":[{"href":"https:\/\/physics.uwb.edu.pl\/wf\/index.php?rest_route=\/wp\/v2\/types\/page"}],"author":[{"embeddable":true,"href":"https:\/\/physics.uwb.edu.pl\/wf\/index.php?rest_route=\/wp\/v2\/users\/5"}],"replies":[{"embeddable":true,"href":"https:\/\/physics.uwb.edu.pl\/wf\/index.php?rest_route=%2Fwp%2Fv2%2Fcomments&post=4469"}],"version-history":[{"count":5,"href":"https:\/\/physics.uwb.edu.pl\/wf\/index.php?rest_route=\/wp\/v2\/pages\/4469\/revisions"}],"predecessor-version":[{"id":4477,"href":"https:\/\/physics.uwb.edu.pl\/wf\/index.php?rest_route=\/wp\/v2\/pages\/4469\/revisions\/4477"}],"up":[{"embeddable":true,"href":"https:\/\/physics.uwb.edu.pl\/wf\/index.php?rest_route=\/wp\/v2\/pages\/2744"}],"wp:featuredmedia":[{"embeddable":true,"href":"https:\/\/physics.uwb.edu.pl\/wf\/index.php?rest_route=\/wp\/v2\/media\/4476"}],"wp:attachment":[{"href":"https:\/\/physics.uwb.edu.pl\/wf\/index.php?rest_route=%2Fwp%2Fv2%2Fmedia&parent=4469"}],"wp:term":[{"taxonomy":"category","embeddable":true,"href":"https:\/\/physics.uwb.edu.pl\/wf\/index.php?rest_route=%2Fwp%2Fv2%2Fcategories&post=4469"},{"taxonomy":"post_tag","embeddable":true,"href":"https:\/\/physics.uwb.edu.pl\/wf\/index.php?rest_route=%2Fwp%2Fv2%2Ftags&post=4469"}],"curies":[{"name":"wp","href":"https:\/\/api.w.org\/{rel}","templated":true}]}}