{"id":4478,"date":"2017-02-13T11:36:18","date_gmt":"2017-02-13T10:36:18","guid":{"rendered":"http:\/\/physics.uwb.edu.pl\/wf\/?page_id=4478"},"modified":"2017-02-13T12:04:43","modified_gmt":"2017-02-13T11:04:43","slug":"ruszaja-zapisy-na-druga-edycje-warsztatow-z-fizyka-w-przyszlosc","status":"publish","type":"page","link":"https:\/\/physics.uwb.edu.pl\/wf\/?page_id=4478","title":{"rendered":"Ruszaj\u0105 zapisy na drug\u0105 edycj\u0119 warsztat\u00f3w"},"content":{"rendered":"<h2><strong>Ruszaj\u0105 zapisy na drug\u0105 edycj\u0119 warsztat\u00f3w&nbsp;&#8220;Z fizyk\u0105 w przysz\u0142o\u015b\u0107&#8221;&nbsp;<\/strong><\/h2>\n<p>Mamy przyjemno\u015b\u0107 zaprosi\u0107 wszystkich uczni\u00f3w szk\u00f3\u0142 ponadgimnazjalnych do uczestnictwa w drugiej edycji warsztat\u00f3w &#8220;Z fizyk\u0105 w przysz\u0142o\u015b\u0107&#8221;.&nbsp;Uczniowie maj\u0105 do wyboru <strong>pi\u0119\u0107 blok\u00f3w tematycznych<\/strong> dotycz\u0105cych zaj\u0119\u0107 z programowania robot\u00f3w, drukowania 3D i modelowania tr\u00f3jwymiarowego, klasycznych do\u015bwiadcze\u0144 fizycznych, eksperyment\u00f3w wspomaganych komputerowo, oraz programowania grafiki i gier komputerowych.<\/p>\n<p><a href=\"http:\/\/przyszlosc.fizyka.uwb.edu.pl\"><img loading=\"lazy\" decoding=\"async\" class=\"wp-image-3035 size-full aligncenter\" src=\"http:\/\/physics.uwb.edu.pl\/wf\/wp-content\/uploads\/2016\/07\/warsztaty4.png\" alt=\"\" width=\"731\" height=\"222\" srcset=\"https:\/\/physics.uwb.edu.pl\/wf\/wp-content\/uploads\/2016\/07\/warsztaty4.png 731w, https:\/\/physics.uwb.edu.pl\/wf\/wp-content\/uploads\/2016\/07\/warsztaty4-150x46.png 150w, https:\/\/physics.uwb.edu.pl\/wf\/wp-content\/uploads\/2016\/07\/warsztaty4-300x91.png 300w\" sizes=\"auto, (max-width: 731px) 100vw, 731px\" \/><\/a><\/p>\n<p>Uczestnicy sami zdecyduj\u0105, kt\u00f3ry blok wybior\u0105 &#8211; jeden, a mo\u017ce kilka? Zaj\u0119cia b\u0119d\u0105 odbywa\u0107 si\u0119 w miesi\u0105cu marzec i kwiecie\u0144, w dni powszednie w godzinach popo\u0142udniowych (po 16-tej) na terenie Kampusu UwB &#8211; w salach Wydzia\u0142u Fizyki. Zapraszamy do rejestracji!<\/p>\n<p><strong>Rejestracja trwa w terminie 13-26 luty 2017 r.<\/strong> i wymaga wype\u0142nienia <a href=\"http:\/\/physics.uwb.edu.pl\/wf\/przyszlosc\/?page_id=215\">formularza internetowego<\/a>. Zapraszamy do udzia\u0142u wszystkich uczni\u00f3w zainteresowanych tematyk\u0105, w tym tak\u017ce uczestnik\u00f3w <a href=\"http:\/\/physics.uwb.edu.pl\/wf\/przyszlosc\/?page_id=569\">pierwszej edycji <\/a>&#8211; maj\u0105 oni mo\u017cliwo\u015b\u0107 wyboru innych zaj\u0119\u0107.<\/p>\n<p>Warsztaty &#8220;Z fizyk\u0105 w przysz\u0142o\u015b\u0107&#8221; finansowane s\u0105 w ramach umowy: 836\/P-DUN\/2016 ze \u015brodk\u00f3w Ministra Nauki i Szkolnictwa Wy\u017cszego przeznaczonych na dzia\u0142alno\u015b\u0107 upowszechniaj\u0105c\u0105 nauk\u0119.<\/p>\n","protected":false},"excerpt":{"rendered":"<p>Ruszaj\u0105 zapisy na drug\u0105 edycj\u0119 warsztat\u00f3w&nbsp;&#8220;Z fizyk\u0105 w przysz\u0142o\u015b\u0107&#8221;&nbsp; Mamy przyjemno\u015b\u0107 zaprosi\u0107 wszystkich uczni\u00f3w szk\u00f3\u0142 ponadgimnazjalnych do uczestnictwa w drugiej edycji warsztat\u00f3w &#8220;Z fizyk\u0105 w przysz\u0142o\u015b\u0107&#8221;.&nbsp;Uczniowie maj\u0105 do wyboru pi\u0119\u0107 <a href=\"https:\/\/physics.uwb.edu.pl\/wf\/?page_id=4478\" class=\"more-link\">[&hellip;]<\/a><\/p>\n","protected":false},"author":5,"featured_media":3030,"parent":602,"menu_order":-1,"comment_status":"closed","ping_status":"closed","template":"","meta":{"ngg_post_thumbnail":0,"Layout":"","footnotes":""},"categories":[3],"tags":[138,134,136],"class_list":["entry","author-gawryl","post-4478","page","type-page","status-publish","has-post-thumbnail","category-wydzialowe_pl","tag-dun","tag-warsztaty","tag-z-fizyka-w-przyszlosc"],"jetpack_sharing_enabled":true,"jetpack_shortlink":"https:\/\/wp.me\/P7nvcn-1ae","_links":{"self":[{"href":"https:\/\/physics.uwb.edu.pl\/wf\/index.php?rest_route=\/wp\/v2\/pages\/4478","targetHints":{"allow":["GET"]}}],"collection":[{"href":"https:\/\/physics.uwb.edu.pl\/wf\/index.php?rest_route=\/wp\/v2\/pages"}],"about":[{"href":"https:\/\/physics.uwb.edu.pl\/wf\/index.php?rest_route=\/wp\/v2\/types\/page"}],"author":[{"embeddable":true,"href":"https:\/\/physics.uwb.edu.pl\/wf\/index.php?rest_route=\/wp\/v2\/users\/5"}],"replies":[{"embeddable":true,"href":"https:\/\/physics.uwb.edu.pl\/wf\/index.php?rest_route=%2Fwp%2Fv2%2Fcomments&post=4478"}],"version-history":[{"count":9,"href":"https:\/\/physics.uwb.edu.pl\/wf\/index.php?rest_route=\/wp\/v2\/pages\/4478\/revisions"}],"predecessor-version":[{"id":4487,"href":"https:\/\/physics.uwb.edu.pl\/wf\/index.php?rest_route=\/wp\/v2\/pages\/4478\/revisions\/4487"}],"up":[{"embeddable":true,"href":"https:\/\/physics.uwb.edu.pl\/wf\/index.php?rest_route=\/wp\/v2\/pages\/602"}],"wp:featuredmedia":[{"embeddable":true,"href":"https:\/\/physics.uwb.edu.pl\/wf\/index.php?rest_route=\/wp\/v2\/media\/3030"}],"wp:attachment":[{"href":"https:\/\/physics.uwb.edu.pl\/wf\/index.php?rest_route=%2Fwp%2Fv2%2Fmedia&parent=4478"}],"wp:term":[{"taxonomy":"category","embeddable":true,"href":"https:\/\/physics.uwb.edu.pl\/wf\/index.php?rest_route=%2Fwp%2Fv2%2Fcategories&post=4478"},{"taxonomy":"post_tag","embeddable":true,"href":"https:\/\/physics.uwb.edu.pl\/wf\/index.php?rest_route=%2Fwp%2Fv2%2Ftags&post=4478"}],"curies":[{"name":"wp","href":"https:\/\/api.w.org\/{rel}","templated":true}]}}