{"id":4495,"date":"2017-02-15T09:45:21","date_gmt":"2017-02-15T08:45:21","guid":{"rendered":"http:\/\/physics.uwb.edu.pl\/wf\/?page_id=4495"},"modified":"2021-09-27T09:23:57","modified_gmt":"2021-09-27T07:23:57","slug":"organizacja-roku-i-rozklady-zajec","status":"publish","type":"page","link":"https:\/\/physics.uwb.edu.pl\/wf\/?page_id=4495","title":{"rendered":"Rozk\u0142ady zaj\u0119\u0107 i organizacja roku &#8211; semestr zimowy"},"content":{"rendered":"<h3>Rozk\u0142ady zaj\u0119\u0107 &#8211; studia stacjonarne, kierunek Fizyka<\/h3>\n<h5>Specjalno\u015b\u0107: fizyka<\/h5>\n<p>Studia pierwszego stopnia<\/p>\n<ul>\n<li><a href=\"https:\/\/usosweb.uwb.edu.pl\/kontroler.php?_action=katalog2\/przedmioty\/pokazPlanGrupyPrzedmiotow&#038;grupa_kod=WFiz_1Z%23S1_F&#038;cdyd_kod=2021&amp;plan_showCourseName=1\">I rok<\/a><\/li>\n<li><a href=\"https:\/\/usosweb.uwb.edu.pl\/kontroler.php?_action=katalog2\/przedmioty\/pokazPlanGrupyPrzedmiotow&#038;grupa_kod=WFiz_2Z%23S1_F&#038;cdyd_kod=2021&amp;plan_showCourseName=1\">II rok<\/a><\/li>\n<li><a href=\"https:\/\/usosweb.uwb.edu.pl\/kontroler.php?_action=katalog2\/przedmioty\/pokazPlanGrupyPrzedmiotow&#038;grupa_kod=WFiz_3Z%23S1_F&#038;cdyd_kod=2021&amp;plan_showCourseName=1\">III rok<\/a><\/li>\n<\/ul>\n<p>Studia drugiego stopnia<\/p>\n<ul>\n<li><a href=\"https:\/\/usosweb.uwb.edu.pl\/kontroler.php?_action=katalog2\/przedmioty\/pokazPlanGrupyPrzedmiotow&#038;grupa_kod=WFiz_1Z%23S2_F&#038;cdyd_kod=2021&amp;plan_showCourseName=1\">I rok<\/a><\/li>\n<li><a href=\"https:\/\/usosweb.uwb.edu.pl\/kontroler.php?_action=katalog2\/przedmioty\/pokazPlanGrupyPrzedmiotow&#038;grupa_kod=WFiz_2Z%23S2_F-FS&#038;cdyd_kod=2021&amp;plan_showCourseName=1\">II rok<\/a><\/li>\n<\/ul>\n<p>Studia trzeciego stopnia (doktoranckie) z fizyki<\/p>\n<ul>\n<li><a href=\"https:\/\/usosweb.uwb.edu.pl\/kontroler.php?_action=katalog2\/przedmioty\/pokazPlanGrupyPrzedmiotow&#038;grupa_kod=WFiz_4Z%23S3_F&#038;cdyd_kod=2021&amp;plan_showCourseName=1\">IV rok<\/a><\/li>\n<\/ul>\n<h5>Specjalno\u015b\u0107: fizyka medyczna<\/h5>\n<p>Studia pierwszego stopnia<\/p>\n<ul>\n<li><a href=\"https:\/\/usosweb.uwb.edu.pl\/kontroler.php?_action=katalog2\/przedmioty\/pokazPlanGrupyPrzedmiotow&#038;grupa_kod=WFiz_1Z%23S1_FM&#038;cdyd_kod=2021&amp;plan_showCourseName=1\">I rok<\/a><\/li>\n<li><a href=\"https:\/\/usosweb.uwb.edu.pl\/kontroler.php?_action=katalog2\/przedmioty\/pokazPlanGrupyPrzedmiotow&#038;grupa_kod=WFiz_2Z%23S1_FM&#038;cdyd_kod=2021&amp;plan_showCourseName=1\">II rok<\/a><\/li>\n<\/ul>\n<h5>Specjalno\u015b\u0107: fizyka gier komputerowych i robot\u00f3w<\/h5>\n<p>Studia pierwszego stopnia<\/p>\n<ul>\n<li><a href=\"https:\/\/usosweb.uwb.edu.pl\/kontroler.php?_action=katalog2\/przedmioty\/pokazPlanGrupyPrzedmiotow&#038;grupa_kod=WFiz_1Z%23S1_FG&#038;cdyd_kod=2021&amp;plan_showCourseName=1\">I rok<\/a><\/li>\n<li><a href=\"https:\/\/usosweb.uwb.edu.pl\/kontroler.php?_action=katalog2\/przedmioty\/pokazPlanGrupyPrzedmiotow&#038;grupa_kod=WFiz_2Z%23S1_FG&#038;cdyd_kod=2021&amp;plan_showCourseName=1\">II rok<\/a><\/li>\n<li><a href=\"https:\/\/usosweb.uwb.edu.pl\/kontroler.php?_action=katalog2\/przedmioty\/pokazPlanGrupyPrzedmiotow&#038;grupa_kod=WFiz_3Z%23S1_FG&#038;cdyd_kod=2021&amp;plan_showCourseName=1\">III rok<\/a><\/li>\n<\/ul>\n<h5>Program wymiany mi\u0119dzynarodowej<\/h5>\n<ul>\n<li><a href=\"https:\/\/usosweb.uwb.edu.pl\/kontroler.php?_action=katalog2\/przedmioty\/pokazPlanGrupyPrzedmiotow&#038;grupa_kod=WFiz_ERS%231_F&#038;cdyd_kod=2021&amp;plan_showCourseName=1\">Erasmus +<\/a><\/li>\n<\/ul>\n<h3>Organizacja roku akademickiego 2021\/2022<\/h3>\n<p>[mla_gallery size=full ids=&#8221;12680&#8243; post_mime_type=application\/pdf post_parent=all link=file mla_viewer=true columns=1 mla_rollover_text='{+description+}&#8217; ]<\/p>\n","protected":false},"excerpt":{"rendered":"<p>Rozk\u0142ady zaj\u0119\u0107 &#8211; studia stacjonarne, kierunek Fizyka Specjalno\u015b\u0107: fizyka Studia pierwszego stopnia I rok II rok III rok Studia drugiego stopnia I rok II rok Studia trzeciego stopnia (doktoranckie) z <a href=\"https:\/\/physics.uwb.edu.pl\/wf\/?page_id=4495\" class=\"more-link\">[&hellip;]<\/a><\/p>\n","protected":false},"author":8,"featured_media":3467,"parent":38,"menu_order":1,"comment_status":"closed","ping_status":"closed","template":"","meta":{"ngg_post_thumbnail":0,"Layout":"","footnotes":""},"categories":[23],"tags":[],"class_list":["entry","author-brancew","post-4495","page","type-page","status-publish","has-post-thumbnail","category-student_pl"],"jetpack_sharing_enabled":true,"jetpack_shortlink":"https:\/\/wp.me\/P7nvcn-1av","_links":{"self":[{"href":"https:\/\/physics.uwb.edu.pl\/wf\/index.php?rest_route=\/wp\/v2\/pages\/4495","targetHints":{"allow":["GET"]}}],"collection":[{"href":"https:\/\/physics.uwb.edu.pl\/wf\/index.php?rest_route=\/wp\/v2\/pages"}],"about":[{"href":"https:\/\/physics.uwb.edu.pl\/wf\/index.php?rest_route=\/wp\/v2\/types\/page"}],"author":[{"embeddable":true,"href":"https:\/\/physics.uwb.edu.pl\/wf\/index.php?rest_route=\/wp\/v2\/users\/8"}],"replies":[{"embeddable":true,"href":"https:\/\/physics.uwb.edu.pl\/wf\/index.php?rest_route=%2Fwp%2Fv2%2Fcomments&post=4495"}],"version-history":[{"count":118,"href":"https:\/\/physics.uwb.edu.pl\/wf\/index.php?rest_route=\/wp\/v2\/pages\/4495\/revisions"}],"predecessor-version":[{"id":12682,"href":"https:\/\/physics.uwb.edu.pl\/wf\/index.php?rest_route=\/wp\/v2\/pages\/4495\/revisions\/12682"}],"up":[{"embeddable":true,"href":"https:\/\/physics.uwb.edu.pl\/wf\/index.php?rest_route=\/wp\/v2\/pages\/38"}],"wp:featuredmedia":[{"embeddable":true,"href":"https:\/\/physics.uwb.edu.pl\/wf\/index.php?rest_route=\/wp\/v2\/media\/3467"}],"wp:attachment":[{"href":"https:\/\/physics.uwb.edu.pl\/wf\/index.php?rest_route=%2Fwp%2Fv2%2Fmedia&parent=4495"}],"wp:term":[{"taxonomy":"category","embeddable":true,"href":"https:\/\/physics.uwb.edu.pl\/wf\/index.php?rest_route=%2Fwp%2Fv2%2Fcategories&post=4495"},{"taxonomy":"post_tag","embeddable":true,"href":"https:\/\/physics.uwb.edu.pl\/wf\/index.php?rest_route=%2Fwp%2Fv2%2Ftags&post=4495"}],"curies":[{"name":"wp","href":"https:\/\/api.w.org\/{rel}","templated":true}]}}