{"id":4513,"date":"2017-02-22T09:29:14","date_gmt":"2017-02-22T08:29:14","guid":{"rendered":"http:\/\/physics.uwb.edu.pl\/wf\/?page_id=4513"},"modified":"2017-02-22T09:29:28","modified_gmt":"2017-02-22T08:29:28","slug":"fi-gierl-kolo-programowania-gier-zaprasza","status":"publish","type":"page","link":"https:\/\/physics.uwb.edu.pl\/wf\/?page_id=4513","title":{"rendered":"Fi-Gie(r)L &#8211; ko\u0142o programowania gier &#8211; zaprasza!"},"content":{"rendered":"<p align=\"center\"><span style=\"font-size: 300%;\">Ko\u0142o programowania gier Fi-Gie<span style=\"color: #ff0000;\">(r)<\/span>L<\/span><\/p>\n<p align=\"justify\"><span style=\"font-size: x-large;\">Zapraszam na pierwsze spotkanie ko\u0142a programowania gier Fi-Gie<span style=\"color: #ff0000;\">(r)<\/span>L, kt\u00f3re odb\u0119dzie si\u0119 <strong>23-02-2017<\/strong> o <strong>16:15<\/strong> w sali <strong>1064<\/strong> na <strong>Wydziale Fizyki<\/strong> (ul. Cio\u0142kowskiego 1L, 15-245 Bia\u0142ystok). Dodatkowe zaj\u0119cia kierowane s\u0105 przede wszystkim do student\u00f3w nowej specjalno\u015bci czyli fizyki gier i robot\u00f3w. Jednakowo\u017c zaproszeni s\u0105 wszyscy zainteresowani \u017cacy, zar\u00f3wno z innych specjalno\u015bci fizyki jak i kierunk\u00f3w studi\u00f3w.<\/span><\/p>\n<p align=\"justify\"><img loading=\"lazy\" decoding=\"async\" class=\"alignnone wp-image-4514\" src=\"http:\/\/physics.uwb.edu.pl\/wf\/wp-content\/uploads\/2017\/02\/gra5-150x118.png\" width=\"153\" height=\"120\" srcset=\"https:\/\/physics.uwb.edu.pl\/wf\/wp-content\/uploads\/2017\/02\/gra5-150x118.png 150w, https:\/\/physics.uwb.edu.pl\/wf\/wp-content\/uploads\/2017\/02\/gra5-300x236.png 300w, https:\/\/physics.uwb.edu.pl\/wf\/wp-content\/uploads\/2017\/02\/gra5.png 800w, https:\/\/physics.uwb.edu.pl\/wf\/wp-content\/uploads\/2017\/02\/gra5-637x500.png 637w\" sizes=\"auto, (max-width: 153px) 100vw, 153px\" \/>&nbsp;&nbsp;<img loading=\"lazy\" decoding=\"async\" class=\"alignnone wp-image-1785\" src=\"http:\/\/physics.uwb.edu.pl\/wf\/wp-content\/uploads\/2016\/03\/samochod_2D_3-150x84.png\" width=\"213\" height=\"120\" srcset=\"https:\/\/physics.uwb.edu.pl\/wf\/wp-content\/uploads\/2016\/03\/samochod_2D_3-150x84.png 150w, https:\/\/physics.uwb.edu.pl\/wf\/wp-content\/uploads\/2016\/03\/samochod_2D_3-300x169.png 300w, https:\/\/physics.uwb.edu.pl\/wf\/wp-content\/uploads\/2016\/03\/samochod_2D_3-1024x576.png 1024w, https:\/\/physics.uwb.edu.pl\/wf\/wp-content\/uploads\/2016\/03\/samochod_2D_3-889x500.png 889w, https:\/\/physics.uwb.edu.pl\/wf\/wp-content\/uploads\/2016\/03\/samochod_2D_3.png 1920w\" sizes=\"auto, (max-width: 213px) 100vw, 213px\" \/>&nbsp;&nbsp;<img loading=\"lazy\" decoding=\"async\" class=\"alignnone wp-image-3813\" src=\"http:\/\/physics.uwb.edu.pl\/wf\/wp-content\/uploads\/2016\/11\/gra-150x115.png\" width=\"156\" height=\"120\" srcset=\"https:\/\/physics.uwb.edu.pl\/wf\/wp-content\/uploads\/2016\/11\/gra-150x115.png 150w, https:\/\/physics.uwb.edu.pl\/wf\/wp-content\/uploads\/2016\/11\/gra-300x230.png 300w, https:\/\/physics.uwb.edu.pl\/wf\/wp-content\/uploads\/2016\/11\/gra-1024x786.png 1024w, https:\/\/physics.uwb.edu.pl\/wf\/wp-content\/uploads\/2016\/11\/gra-652x500.png 652w, https:\/\/physics.uwb.edu.pl\/wf\/wp-content\/uploads\/2016\/11\/gra.png 1242w\" sizes=\"auto, (max-width: 156px) 100vw, 156px\" \/>&nbsp;<img loading=\"lazy\" decoding=\"async\" class=\"alignnone wp-image-1782\" src=\"http:\/\/physics.uwb.edu.pl\/wf\/wp-content\/uploads\/2016\/03\/samochod_3D_3-150x84.png\" width=\"213\" height=\"120\" srcset=\"https:\/\/physics.uwb.edu.pl\/wf\/wp-content\/uploads\/2016\/03\/samochod_3D_3-150x84.png 150w, https:\/\/physics.uwb.edu.pl\/wf\/wp-content\/uploads\/2016\/03\/samochod_3D_3-300x169.png 300w, https:\/\/physics.uwb.edu.pl\/wf\/wp-content\/uploads\/2016\/03\/samochod_3D_3-1024x576.png 1024w, https:\/\/physics.uwb.edu.pl\/wf\/wp-content\/uploads\/2016\/03\/samochod_3D_3-889x500.png 889w, https:\/\/physics.uwb.edu.pl\/wf\/wp-content\/uploads\/2016\/03\/samochod_3D_3.png 1920w\" sizes=\"auto, (max-width: 213px) 100vw, 213px\" \/>&nbsp;<\/p>\n<p align=\"justify\"><span style=\"font-size: x-large;\">Na pocz\u0105tkowych zaj\u0119ciach zajmiemy si\u0119 wst\u0119pem do programowania grafiki dzia\u0142aj\u0105cej w czasie rzeczywistym. Zastanowimy si\u0119 r\u00f3wnie\u017c nad koncepcj\u0105 gry, kt\u00f3ra mia\u0142aby powsta\u0107 w ramach ko\u0142a jako pierwszy projekt.<\/span><\/p>\n<p align=\"justify\"><span style=\"font-size: x-large;\">Generaln\u0105 ide\u0105 jest by pracowa\u0107 nad projektami, kt\u00f3re b\u0119d\u0105 oparte na silniku fizycznym tak by tworz\u0105c gr\u0119 uczy\u0107 si\u0119 jak symulowa\u0107 rzeczywisto\u015b\u0107 za pomoc\u0105 praw fizyki. Jest to oczywi\u015bcie jaka\u015b propozycja z mojej strony i nic nie stoi na przeszkodzie by ten pomys\u0142 ewoluowa\u0142 w mniej fizycznym kierunku.<\/span><\/p>\n<p align=\"right\"><a href=\"http:\/\/physics.uwb.edu.pl\/wf\/?pracownik=tomasz-karpiuk\"><span style=\"font-size: x-large;\">Tomasz Karpiuk<\/span><\/a><\/p>\n","protected":false},"excerpt":{"rendered":"<p>Ko\u0142o programowania gier Fi-Gie(r)L Zapraszam na pierwsze spotkanie ko\u0142a programowania gier Fi-Gie(r)L, kt\u00f3re odb\u0119dzie si\u0119 23-02-2017 o 16:15 w sali 1064 na Wydziale Fizyki (ul. Cio\u0142kowskiego 1L, 15-245 Bia\u0142ystok). Dodatkowe <a href=\"https:\/\/physics.uwb.edu.pl\/wf\/?page_id=4513\" class=\"more-link\">[&hellip;]<\/a><\/p>\n","protected":false},"author":5,"featured_media":4514,"parent":713,"menu_order":0,"comment_status":"closed","ping_status":"closed","template":"","meta":{"ngg_post_thumbnail":0,"Layout":"","footnotes":""},"categories":[27],"tags":[],"class_list":["entry","author-gawryl","post-4513","page","type-page","status-publish","has-post-thumbnail","category-post_news_pl"],"jetpack_sharing_enabled":true,"jetpack_shortlink":"https:\/\/wp.me\/P7nvcn-1aN","_links":{"self":[{"href":"https:\/\/physics.uwb.edu.pl\/wf\/index.php?rest_route=\/wp\/v2\/pages\/4513","targetHints":{"allow":["GET"]}}],"collection":[{"href":"https:\/\/physics.uwb.edu.pl\/wf\/index.php?rest_route=\/wp\/v2\/pages"}],"about":[{"href":"https:\/\/physics.uwb.edu.pl\/wf\/index.php?rest_route=\/wp\/v2\/types\/page"}],"author":[{"embeddable":true,"href":"https:\/\/physics.uwb.edu.pl\/wf\/index.php?rest_route=\/wp\/v2\/users\/5"}],"replies":[{"embeddable":true,"href":"https:\/\/physics.uwb.edu.pl\/wf\/index.php?rest_route=%2Fwp%2Fv2%2Fcomments&post=4513"}],"version-history":[{"count":1,"href":"https:\/\/physics.uwb.edu.pl\/wf\/index.php?rest_route=\/wp\/v2\/pages\/4513\/revisions"}],"predecessor-version":[{"id":4515,"href":"https:\/\/physics.uwb.edu.pl\/wf\/index.php?rest_route=\/wp\/v2\/pages\/4513\/revisions\/4515"}],"up":[{"embeddable":true,"href":"https:\/\/physics.uwb.edu.pl\/wf\/index.php?rest_route=\/wp\/v2\/pages\/713"}],"wp:featuredmedia":[{"embeddable":true,"href":"https:\/\/physics.uwb.edu.pl\/wf\/index.php?rest_route=\/wp\/v2\/media\/4514"}],"wp:attachment":[{"href":"https:\/\/physics.uwb.edu.pl\/wf\/index.php?rest_route=%2Fwp%2Fv2%2Fmedia&parent=4513"}],"wp:term":[{"taxonomy":"category","embeddable":true,"href":"https:\/\/physics.uwb.edu.pl\/wf\/index.php?rest_route=%2Fwp%2Fv2%2Fcategories&post=4513"},{"taxonomy":"post_tag","embeddable":true,"href":"https:\/\/physics.uwb.edu.pl\/wf\/index.php?rest_route=%2Fwp%2Fv2%2Ftags&post=4513"}],"curies":[{"name":"wp","href":"https:\/\/api.w.org\/{rel}","templated":true}]}}