{"id":4516,"date":"2017-02-22T09:59:00","date_gmt":"2017-02-22T08:59:00","guid":{"rendered":"http:\/\/physics.uwb.edu.pl\/wf\/?page_id=4516"},"modified":"2018-03-19T11:46:02","modified_gmt":"2018-03-19T10:46:02","slug":"prezentacje-edukacyjno-doradcze-uczelnie-w-powiecie","status":"publish","type":"page","link":"https:\/\/physics.uwb.edu.pl\/wf\/?page_id=4516","title":{"rendered":"Prezentacje Edukacyjno \u2013 Doradcze \u201eUczelnie w powiecie\u201d (Zambr\u00f3w) &#8212; puchar!"},"content":{"rendered":"<p>W dniu 21 luty 2017 r. Wydzia\u0142 Fizyki prezentowa\u0142 si\u0119 w Zambrowie na XV Prezentacjach Edukacyjno-Doradczych &#8220;Uczelnie w powiecie&#8221;. Wsp\u00f3lnie z Dzia\u0142em Rekrutacji UwB mieli\u015bmy stoisko, na kt\u00f3rym zach\u0119cali\u015bmy do studiowania na naszej uczelni.&nbsp;<\/p>\nngg_shortcode_0_placeholder\n<p>W prezentacji Wydzia\u0142u aktywny udzia\u0142 wzi\u0119li mgr <a href=\"http:\/\/physics.uwb.edu.pl\/wf\/?pracownik=wojciech-dobrogowski\">Wojciech Dobrogowski<\/a> oraz dr <a href=\"http:\/\/physics.uwb.edu.pl\/wf\/?pracownik=krzysztof-gawryluk\">Krzysztof Gawryluk<\/a>, kt\u00f3ry dodatkowo wyg\u0142osi\u0142 dwie prezentacje. Wyst\u0105pienia dotyczy\u0142y nowej oferty przygotowanej przez Wydzia\u0142 Fizyki &#8211; <a href=\"http:\/\/physics.uwb.edu.pl\/wf\/?page_id=786\">Fizyce Gier Komputerowych i Robot\u00f3w<\/a>.&nbsp;<\/p>\n<p>&nbsp;<\/p>\n<p>Organizatorzy przygotowali <strong>puchar<\/strong> za najciekawsze stoisko prezentacji &#8211; by\u0142o nam bardzo mi\u0142o <strong>wygra\u0107 t\u0105 nagrod\u0119.&nbsp;<\/strong>Dzi\u0119kujemy&nbsp;za <a href=\"http:\/\/www.powiatzambrowski.com\/1390-prezentacje-edukacyjno-doradcze-uczelnie-w-powiecie\">wyr\u00f3\u017cnienie<\/a>&nbsp;naszego stoiska dla starosty Zambrowa&nbsp;Roberta Rosiaka, ale przede wszystkim dzi\u0119kujemy m\u0142odzie\u017cy za zainteresowanie i wiele pyta\u0144 o nasz\u0105 uczelni\u0119, a w szczeg\u00f3lno\u015bci o studiowanie na fizyce.<\/p>\n<p>&nbsp;<\/p>\n","protected":false},"excerpt":{"rendered":"<p>W dniu 21 luty 2017 r. Wydzia\u0142 Fizyki prezentowa\u0142 si\u0119 w Zambrowie na XV Prezentacjach Edukacyjno-Doradczych &#8220;Uczelnie w powiecie&#8221;. Wsp\u00f3lnie z Dzia\u0142em Rekrutacji UwB mieli\u015bmy stoisko, na kt\u00f3rym zach\u0119cali\u015bmy do <a href=\"https:\/\/physics.uwb.edu.pl\/wf\/?page_id=4516\" class=\"more-link\">[&hellip;]<\/a><\/p>\n","protected":false},"author":5,"featured_media":4517,"parent":2744,"menu_order":0,"comment_status":"closed","ping_status":"closed","template":"","meta":{"ngg_post_thumbnail":0,"Layout":"1c","footnotes":""},"categories":[166,131],"tags":[],"class_list":["entry","author-gawryl","post-4516","page","type-page","status-publish","has-post-thumbnail","category-edukacyjne","category-galeria_foto"],"jetpack_sharing_enabled":true,"jetpack_shortlink":"https:\/\/wp.me\/P7nvcn-1aQ","_links":{"self":[{"href":"https:\/\/physics.uwb.edu.pl\/wf\/index.php?rest_route=\/wp\/v2\/pages\/4516","targetHints":{"allow":["GET"]}}],"collection":[{"href":"https:\/\/physics.uwb.edu.pl\/wf\/index.php?rest_route=\/wp\/v2\/pages"}],"about":[{"href":"https:\/\/physics.uwb.edu.pl\/wf\/index.php?rest_route=\/wp\/v2\/types\/page"}],"author":[{"embeddable":true,"href":"https:\/\/physics.uwb.edu.pl\/wf\/index.php?rest_route=\/wp\/v2\/users\/5"}],"replies":[{"embeddable":true,"href":"https:\/\/physics.uwb.edu.pl\/wf\/index.php?rest_route=%2Fwp%2Fv2%2Fcomments&post=4516"}],"version-history":[{"count":6,"href":"https:\/\/physics.uwb.edu.pl\/wf\/index.php?rest_route=\/wp\/v2\/pages\/4516\/revisions"}],"predecessor-version":[{"id":7447,"href":"https:\/\/physics.uwb.edu.pl\/wf\/index.php?rest_route=\/wp\/v2\/pages\/4516\/revisions\/7447"}],"up":[{"embeddable":true,"href":"https:\/\/physics.uwb.edu.pl\/wf\/index.php?rest_route=\/wp\/v2\/pages\/2744"}],"wp:featuredmedia":[{"embeddable":true,"href":"https:\/\/physics.uwb.edu.pl\/wf\/index.php?rest_route=\/wp\/v2\/media\/4517"}],"wp:attachment":[{"href":"https:\/\/physics.uwb.edu.pl\/wf\/index.php?rest_route=%2Fwp%2Fv2%2Fmedia&parent=4516"}],"wp:term":[{"taxonomy":"category","embeddable":true,"href":"https:\/\/physics.uwb.edu.pl\/wf\/index.php?rest_route=%2Fwp%2Fv2%2Fcategories&post=4516"},{"taxonomy":"post_tag","embeddable":true,"href":"https:\/\/physics.uwb.edu.pl\/wf\/index.php?rest_route=%2Fwp%2Fv2%2Ftags&post=4516"}],"curies":[{"name":"wp","href":"https:\/\/api.w.org\/{rel}","templated":true}]}}