{"id":4556,"date":"2017-02-23T13:30:07","date_gmt":"2017-02-23T12:30:07","guid":{"rendered":"http:\/\/physics.uwb.edu.pl\/wf\/?page_id=4556"},"modified":"2018-12-10T14:57:01","modified_gmt":"2018-12-10T13:57:01","slug":"dokumenty-dla-studentow","status":"publish","type":"page","link":"https:\/\/physics.uwb.edu.pl\/wf\/?page_id=4556","title":{"rendered":"DOKUMENTY DLA STUDENT\u00d3W"},"content":{"rendered":"<ul>\n<li><a href=\"http:\/\/physics.uwb.edu.pl\/wf\/wp-content\/uploads\/2017\/02\/ZgloszeniePrzedmiotuNaInnymKierunku.doc\">Zg\u0142oszenie przedmiotu na innym kierunku<\/a><\/li>\n<li><a href=\"http:\/\/physics.uwb.edu.pl\/wf\/wp-content\/uploads\/2017\/06\/podanieNaSpecjalizacjeNauczycielska.doc\">Podanie o przyj\u0119cie na specjalizacj\u0119 nauczycielsk\u0105<\/a><\/li>\n<\/ul>\n","protected":false},"excerpt":{"rendered":"<p>Zg\u0142oszenie przedmiotu na innym kierunku Podanie o przyj\u0119cie na specjalizacj\u0119 nauczycielsk\u0105<\/p>\n","protected":false},"author":9,"featured_media":7663,"parent":38,"menu_order":1,"comment_status":"closed","ping_status":"closed","template":"","meta":{"ngg_post_thumbnail":0,"Layout":"","footnotes":""},"categories":[23],"tags":[],"class_list":["entry","author-","post-4556","page","type-page","status-publish","has-post-thumbnail","category-student_pl"],"jetpack_sharing_enabled":true,"jetpack_shortlink":"https:\/\/wp.me\/P7nvcn-1bu","_links":{"self":[{"href":"https:\/\/physics.uwb.edu.pl\/wf\/index.php?rest_route=\/wp\/v2\/pages\/4556","targetHints":{"allow":["GET"]}}],"collection":[{"href":"https:\/\/physics.uwb.edu.pl\/wf\/index.php?rest_route=\/wp\/v2\/pages"}],"about":[{"href":"https:\/\/physics.uwb.edu.pl\/wf\/index.php?rest_route=\/wp\/v2\/types\/page"}],"author":[{"embeddable":true,"href":"https:\/\/physics.uwb.edu.pl\/wf\/index.php?rest_route=\/wp\/v2\/users\/9"}],"replies":[{"embeddable":true,"href":"https:\/\/physics.uwb.edu.pl\/wf\/index.php?rest_route=%2Fwp%2Fv2%2Fcomments&post=4556"}],"version-history":[{"count":7,"href":"https:\/\/physics.uwb.edu.pl\/wf\/index.php?rest_route=\/wp\/v2\/pages\/4556\/revisions"}],"predecessor-version":[{"id":5647,"href":"https:\/\/physics.uwb.edu.pl\/wf\/index.php?rest_route=\/wp\/v2\/pages\/4556\/revisions\/5647"}],"up":[{"embeddable":true,"href":"https:\/\/physics.uwb.edu.pl\/wf\/index.php?rest_route=\/wp\/v2\/pages\/38"}],"wp:featuredmedia":[{"embeddable":true,"href":"https:\/\/physics.uwb.edu.pl\/wf\/index.php?rest_route=\/wp\/v2\/media\/7663"}],"wp:attachment":[{"href":"https:\/\/physics.uwb.edu.pl\/wf\/index.php?rest_route=%2Fwp%2Fv2%2Fmedia&parent=4556"}],"wp:term":[{"taxonomy":"category","embeddable":true,"href":"https:\/\/physics.uwb.edu.pl\/wf\/index.php?rest_route=%2Fwp%2Fv2%2Fcategories&post=4556"},{"taxonomy":"post_tag","embeddable":true,"href":"https:\/\/physics.uwb.edu.pl\/wf\/index.php?rest_route=%2Fwp%2Fv2%2Ftags&post=4556"}],"curies":[{"name":"wp","href":"https:\/\/api.w.org\/{rel}","templated":true}]}}