{"id":4608,"date":"2017-02-28T21:29:26","date_gmt":"2017-02-28T20:29:26","guid":{"rendered":"http:\/\/physics.uwb.edu.pl\/wf\/?page_id=4608"},"modified":"2017-06-07T22:28:54","modified_gmt":"2017-06-07T20:28:54","slug":"prezentacje-edukacyjno-doradcze-uczelnie-w-powiecie-bielsk-podlaski","status":"publish","type":"page","link":"https:\/\/physics.uwb.edu.pl\/wf\/?page_id=4608","title":{"rendered":"Prezentacje Edukacyjno \u2013 Doradcze \u201eUczelnie w powiecie\u201d (Bielsk Podlaski)"},"content":{"rendered":"<p>Kolejny wyjazd promocyjno-rekrutacyjny w ramach &#8220;Uczelni w powiecie&#8221; &#8211; XV Prezentacji Edukacyjno &#8211; Doradczych. W dniu dzisiejszym, tj. 28 lutego 2017 r. Wydzia\u0142 Fizyki prezentowa\u0142 si\u0119 w Bielsku Podlaskim wsp\u00f3lnie z Dzia\u0142em Rekrutacji UwB.&nbsp;<\/p>\n<p>ngg_shortcode_0_placeholderW prezentacji Wydzia\u0142u aktywny udzia\u0142 wzi\u0119li dr <a href=\"http:\/\/physics.uwb.edu.pl\/wf\/?pracownik=jan-kisielewski\">Jan Kisielewski<\/a>&nbsp;w asy\u015bcie dw\u00f3ch naszych student\u00f3w &#8211; Viktorii Drushliak oraz Yaroslava Harkavyiego (studenci z Ukrainy, studiuj\u0105cy w j\u0119zyku polskim na kierunku fizyka, specjalno\u015b\u0107 fizyka og\u00f3lnoakademicka). Po raz kolejny na naszym stoisku mo\u017cna by\u0142o zagra\u0107 w gry (bilard i samochodzik) stworzone jako <a href=\"http:\/\/physics.uwb.edu.pl\/wf\/?page_id=175\">prace licencjackie<\/a>&nbsp;przez naszych student\u00f3w, dotkn\u0105\u0107 i popyta\u0107 o modele 3D wydrukowane na wydzia\u0142owej drukarce, a tak\u017ce porozmawia\u0107 o robotyce i pobawi\u0107 si\u0119 modelem je\u017cdz\u0105cego pojazdu &#8211; zbudowanego na platformie Arduino i wydrukowanego w technologii 3D. Pokazy dotyczy\u0142y nowej oferty przygotowanej przez Wydzia\u0142 Fizyki &#8211; <a href=\"http:\/\/physics.uwb.edu.pl\/wf\/?page_id=786\">Fizyki Gier Komputerowych i Robot\u00f3w<\/a>.&nbsp;<\/p>\n<p>&nbsp;<\/p>\n<p>Tym razem &#8220;team UwB&#8221; nie przywi\u00f3z\u0142 pucharu &#8211; c\u00f3\u017c, cieszymy si\u0119 z mo\u017cliwo\u015bci prezentacji naszego Wydzia\u0142u i dzi\u0119kujemy uczestnikom za du\u017ce zainteresowanie ofert\u0105 naszego Uniwersytetu, a w szczeg\u00f3\u0142no\u015bci studiowaniem fizyki na naszym Wydziale.<\/p>\n<p>&nbsp;<\/p>\n<p>&nbsp;<\/p>\n<p>&nbsp;<\/p>\n","protected":false},"excerpt":{"rendered":"<p>Kolejny wyjazd promocyjno-rekrutacyjny w ramach &#8220;Uczelni w powiecie&#8221; &#8211; XV Prezentacji Edukacyjno &#8211; Doradczych. W dniu dzisiejszym, tj. 28 lutego 2017 r. Wydzia\u0142 Fizyki prezentowa\u0142 si\u0119 w Bielsku Podlaskim wsp\u00f3lnie <a href=\"https:\/\/physics.uwb.edu.pl\/wf\/?page_id=4608\" class=\"more-link\">[&hellip;]<\/a><\/p>\n","protected":false},"author":5,"featured_media":4609,"parent":2744,"menu_order":0,"comment_status":"closed","ping_status":"closed","template":"","meta":{"ngg_post_thumbnail":0,"Layout":"1c","footnotes":""},"categories":[166,131],"tags":[],"class_list":["entry","author-gawryl","post-4608","page","type-page","status-publish","has-post-thumbnail","category-edukacyjne","category-galeria_foto"],"jetpack_sharing_enabled":true,"jetpack_shortlink":"https:\/\/wp.me\/P7nvcn-1ck","_links":{"self":[{"href":"https:\/\/physics.uwb.edu.pl\/wf\/index.php?rest_route=\/wp\/v2\/pages\/4608","targetHints":{"allow":["GET"]}}],"collection":[{"href":"https:\/\/physics.uwb.edu.pl\/wf\/index.php?rest_route=\/wp\/v2\/pages"}],"about":[{"href":"https:\/\/physics.uwb.edu.pl\/wf\/index.php?rest_route=\/wp\/v2\/types\/page"}],"author":[{"embeddable":true,"href":"https:\/\/physics.uwb.edu.pl\/wf\/index.php?rest_route=\/wp\/v2\/users\/5"}],"replies":[{"embeddable":true,"href":"https:\/\/physics.uwb.edu.pl\/wf\/index.php?rest_route=%2Fwp%2Fv2%2Fcomments&post=4608"}],"version-history":[{"count":6,"href":"https:\/\/physics.uwb.edu.pl\/wf\/index.php?rest_route=\/wp\/v2\/pages\/4608\/revisions"}],"predecessor-version":[{"id":4642,"href":"https:\/\/physics.uwb.edu.pl\/wf\/index.php?rest_route=\/wp\/v2\/pages\/4608\/revisions\/4642"}],"up":[{"embeddable":true,"href":"https:\/\/physics.uwb.edu.pl\/wf\/index.php?rest_route=\/wp\/v2\/pages\/2744"}],"wp:featuredmedia":[{"embeddable":true,"href":"https:\/\/physics.uwb.edu.pl\/wf\/index.php?rest_route=\/wp\/v2\/media\/4609"}],"wp:attachment":[{"href":"https:\/\/physics.uwb.edu.pl\/wf\/index.php?rest_route=%2Fwp%2Fv2%2Fmedia&parent=4608"}],"wp:term":[{"taxonomy":"category","embeddable":true,"href":"https:\/\/physics.uwb.edu.pl\/wf\/index.php?rest_route=%2Fwp%2Fv2%2Fcategories&post=4608"},{"taxonomy":"post_tag","embeddable":true,"href":"https:\/\/physics.uwb.edu.pl\/wf\/index.php?rest_route=%2Fwp%2Fv2%2Ftags&post=4608"}],"curies":[{"name":"wp","href":"https:\/\/api.w.org\/{rel}","templated":true}]}}