{"id":4672,"date":"2017-03-06T10:19:44","date_gmt":"2017-03-06T09:19:44","guid":{"rendered":"http:\/\/physics.uwb.edu.pl\/wf\/?page_id=4672"},"modified":"2017-06-07T22:28:39","modified_gmt":"2017-06-07T20:28:39","slug":"tydzien-nauk-technicznych-spotkanie-w-bialostockim-mechaniaku","status":"publish","type":"page","link":"https:\/\/physics.uwb.edu.pl\/wf\/?page_id=4672","title":{"rendered":"Tydzie\u0144 nauk technicznych &#8212; spotkanie w bia\u0142ostockim mechaniaku"},"content":{"rendered":"<p><a href=\"http:\/\/www.mechaniak.com.pl\/\">Zesp\u00f3\u0142 Szk\u00f3\u0142 Mechanicznych<\/a> Centrum Kszta\u0142cenia Praktycznego Nr 2 im. \u015aw. J\u00f3zefa w Bia\u0142ymstoku zorganizowa\u0142 &#8220;Tydzie\u0144 nauk technicznych&#8221;, w kt\u00f3rym jeden dzie\u0144 (3 marzec 2017 r.) po\u015bwi\u0119cony by\u0142 tematyce &#8220;Technika da si\u0119 lubi\u0107&#8221;. Jednym z blok\u00f3w w ramach tego dnia by\u0142 cykl &#8220;<strong>Fizyk\u0119 da si\u0119 polubi\u0107<\/strong>&#8220;, gdzie uczniowie sami starali si\u0119 zaprezentowa\u0107 ciekawe zjawiska fizyczne. Bardzo ochoczo przyj\u0119li\u015bmy zaproszenie na wzbogacenie programu wyst\u0105pieniem pracownikiem Wydzia\u0142u Fizyki.<\/p>\nngg_shortcode_0_placeholder\n<p>Spotkanie w bia\u0142ostockim &#8220;mechaniaku&#8221; przyj\u0105\u0142 dr <a href=\"http:\/\/physics.uwb.edu.pl\/wf\/?pracownik=krzysztof-gawryluk\">Krzysztof Gawryluk<\/a>, kt\u00f3ry zaprezentowa\u0142 wyk\u0142ad &#8220;Gry komputerowe + robotyka = fizyka&#8221;. Wyst\u0105pienie&nbsp;w ca\u0142o\u015bci po\u015bwi\u0119cone by\u0142o prezentacji nowej specjalno\u015bci na kierunku fizyka, czyli <a href=\"http:\/\/physics.uwb.edu.pl\/wf\/?page_id=786\">Fizyce Gier Komputerowych i Robot\u00f3w<\/a>. Ponad 70-ciu zebranych na auli uczni\u00f3w mia\u0142o okazj\u0119 zapozna\u0107 si\u0119 z tematyk\u0105 tych studi\u00f3w, ale przede wszystkim przekonali si\u0119 o g\u0142\u0119bokim sensie studiowania na kierunku fizyka. Po\u0142\u0105czenie informatyki, grafiki komputerowej z elementami fizyki okazuje si\u0119 by\u0107 bardzo trafnym pomys\u0142em na swoj\u0105 przysz\u0142o\u015b\u0107 &#8211; a to oznacza odnalezienie si\u0119 na rynku pracy po zako\u0144czeniu studi\u00f3w.<\/p>\n<p>Dzi\u0119kujemy za zaproszenie nas do siebie, a uczniom szko\u0142y za ciep\u0142e przyj\u0119cie i&nbsp;du\u017ce zainteresowanie nasz\u0105 ofert\u0105.<\/p>\n<p>&nbsp;<\/p>\n<p>&nbsp;<\/p>\n<p>&nbsp;<\/p>\n","protected":false},"excerpt":{"rendered":"<p>Zesp\u00f3\u0142 Szk\u00f3\u0142 Mechanicznych Centrum Kszta\u0142cenia Praktycznego Nr 2 im. \u015aw. J\u00f3zefa w Bia\u0142ymstoku zorganizowa\u0142 &#8220;Tydzie\u0144 nauk technicznych&#8221;, w kt\u00f3rym jeden dzie\u0144 (3 marzec 2017 r.) po\u015bwi\u0119cony by\u0142 tematyce &#8220;Technika da <a href=\"https:\/\/physics.uwb.edu.pl\/wf\/?page_id=4672\" class=\"more-link\">[&hellip;]<\/a><\/p>\n","protected":false},"author":5,"featured_media":4673,"parent":2744,"menu_order":0,"comment_status":"closed","ping_status":"closed","template":"","meta":{"ngg_post_thumbnail":0,"Layout":"1c","footnotes":""},"categories":[166,131],"tags":[],"class_list":["entry","author-gawryl","post-4672","page","type-page","status-publish","has-post-thumbnail","category-edukacyjne","category-galeria_foto"],"jetpack_sharing_enabled":true,"jetpack_shortlink":"https:\/\/wp.me\/P7nvcn-1dm","_links":{"self":[{"href":"https:\/\/physics.uwb.edu.pl\/wf\/index.php?rest_route=\/wp\/v2\/pages\/4672","targetHints":{"allow":["GET"]}}],"collection":[{"href":"https:\/\/physics.uwb.edu.pl\/wf\/index.php?rest_route=\/wp\/v2\/pages"}],"about":[{"href":"https:\/\/physics.uwb.edu.pl\/wf\/index.php?rest_route=\/wp\/v2\/types\/page"}],"author":[{"embeddable":true,"href":"https:\/\/physics.uwb.edu.pl\/wf\/index.php?rest_route=\/wp\/v2\/users\/5"}],"replies":[{"embeddable":true,"href":"https:\/\/physics.uwb.edu.pl\/wf\/index.php?rest_route=%2Fwp%2Fv2%2Fcomments&post=4672"}],"version-history":[{"count":4,"href":"https:\/\/physics.uwb.edu.pl\/wf\/index.php?rest_route=\/wp\/v2\/pages\/4672\/revisions"}],"predecessor-version":[{"id":4677,"href":"https:\/\/physics.uwb.edu.pl\/wf\/index.php?rest_route=\/wp\/v2\/pages\/4672\/revisions\/4677"}],"up":[{"embeddable":true,"href":"https:\/\/physics.uwb.edu.pl\/wf\/index.php?rest_route=\/wp\/v2\/pages\/2744"}],"wp:featuredmedia":[{"embeddable":true,"href":"https:\/\/physics.uwb.edu.pl\/wf\/index.php?rest_route=\/wp\/v2\/media\/4673"}],"wp:attachment":[{"href":"https:\/\/physics.uwb.edu.pl\/wf\/index.php?rest_route=%2Fwp%2Fv2%2Fmedia&parent=4672"}],"wp:term":[{"taxonomy":"category","embeddable":true,"href":"https:\/\/physics.uwb.edu.pl\/wf\/index.php?rest_route=%2Fwp%2Fv2%2Fcategories&post=4672"},{"taxonomy":"post_tag","embeddable":true,"href":"https:\/\/physics.uwb.edu.pl\/wf\/index.php?rest_route=%2Fwp%2Fv2%2Ftags&post=4672"}],"curies":[{"name":"wp","href":"https:\/\/api.w.org\/{rel}","templated":true}]}}