{"id":4818,"date":"2017-03-16T10:14:58","date_gmt":"2017-03-16T09:14:58","guid":{"rendered":"http:\/\/physics.uwb.edu.pl\/wf\/?page_id=4818"},"modified":"2017-06-07T22:27:22","modified_gmt":"2017-06-07T20:27:22","slug":"xvii-gielda-pomyslow-na-zycie-lomza","status":"publish","type":"page","link":"https:\/\/physics.uwb.edu.pl\/wf\/?page_id=4818","title":{"rendered":"XVII Gie\u0142da pomys\u0142\u00f3w na \u017cycie &#8211; \u0141om\u017ca"},"content":{"rendered":"<p>15 marca 2017 r. wsp\u00f3lnie z Dzia\u0142em Rekrutacji UwB i pracownikami wydzia\u0142u filologicznego UwB uczestniczyli\u015bmy w XVII Gie\u0142dzie pomys\u0142\u00f3w na \u017cycie &#8211; organizowanej przez 3LO w \u0141om\u017cy.&nbsp;Impreza skierowana jest do m\u0142odzie\u017cy stoj\u0105cej przed decyzj\u0105 o swojej przysz\u0142o\u015bci &#8211; wyborze odpowiednich studi\u00f3w. Nie mog\u0142o nas tam zabrakn\u0105\u0107.<\/p>\nngg_shortcode_0_placeholder\n<p>Wydzia\u0142 Fizyki reprezentowali dr <a href=\"http:\/\/physics.uwb.edu.pl\/wf\/?pracownik=jan-kisielewski\">Jan Kisielewski<\/a> oraz dr <a href=\"http:\/\/physics.uwb.edu.pl\/wf\/?pracownik=krzysztof-gawryluk\">Krzysztof Gawryluk<\/a>, kt\u00f3ry dodatkowo zaprezentowa\u0142 wyk\u0142ad &#8220;Specjalno\u015b\u0107 z przysz\u0142o\u015bci\u0105&nbsp;&#8211; Fizyka gier komputerowych i robot\u00f3w.&#8221; promuj\u0105cy <a href=\"http:\/\/gry.fizyka.uwb.edu.pl\">now\u0105 ofert\u0119 edukacyjn\u0105<\/a>&nbsp;Wydzia\u0142u Fizyki.&nbsp;Na naszym stoisku mo\u017cna by\u0142o obejrze\u0107 <a href=\"http:\/\/physics.uwb.edu.pl\/wf\/?page_id=175\">prace licencjackie<\/a> wykonane przez naszych student\u00f3w, przyjrze\u0107 si\u0119 z bliska komputerowi Raspberry Pi i jego mo\u017cliwo\u015bciom (prezentacje w jako\u015bci HD wy\u015bwietlane by\u0142y w\u0142a\u015bnie na RPi), a tak\u017ce przekona\u0107 si\u0119 o sensowno\u015bci \u0142\u0105czenia informatyki, elektroniki i umiej\u0119tno\u015bci&nbsp;modelowania tr\u00f3jwymiarowego &#8211; na przyk\u0142adzie pojazdu wydrukowanego w technologii 3D i sterowanego z poziomu platformy Arduino. Tego wszystkiego uczymy u nas na Wydziale! Po\u0142\u0105czenie informatyki, grafiki komputerowej z elementami fizyki okazuje si\u0119 by\u0107 bardzo trafnym pomys\u0142em na swoj\u0105 przysz\u0142o\u015b\u0107 &#8211; a to oznacza odnalezienie si\u0119 na rynku pracy po zako\u0144czeniu studi\u00f3w.<\/p>\n<p>Dzi\u0119kujemy za zaproszenie nas do siebie, wzorow\u0105 organizacj\u0119 imprezy a uczniom szko\u0142y za ciep\u0142e przyj\u0119cie i&nbsp;du\u017ce zainteresowanie nasz\u0105 ofert\u0105.<\/p>\n<p>&nbsp;<\/p>\n<p>&nbsp;<\/p>\n<p>&nbsp;<\/p>\n","protected":false},"excerpt":{"rendered":"<p>15 marca 2017 r. wsp\u00f3lnie z Dzia\u0142em Rekrutacji UwB i pracownikami wydzia\u0142u filologicznego UwB uczestniczyli\u015bmy w XVII Gie\u0142dzie pomys\u0142\u00f3w na \u017cycie &#8211; organizowanej przez 3LO w \u0141om\u017cy.&nbsp;Impreza skierowana jest do <a href=\"https:\/\/physics.uwb.edu.pl\/wf\/?page_id=4818\" class=\"more-link\">[&hellip;]<\/a><\/p>\n","protected":false},"author":5,"featured_media":4823,"parent":2744,"menu_order":0,"comment_status":"closed","ping_status":"closed","template":"","meta":{"ngg_post_thumbnail":0,"Layout":"1c","footnotes":""},"categories":[166,131],"tags":[],"class_list":["entry","author-gawryl","post-4818","page","type-page","status-publish","has-post-thumbnail","category-edukacyjne","category-galeria_foto"],"jetpack_sharing_enabled":true,"jetpack_shortlink":"https:\/\/wp.me\/P7nvcn-1fI","_links":{"self":[{"href":"https:\/\/physics.uwb.edu.pl\/wf\/index.php?rest_route=\/wp\/v2\/pages\/4818","targetHints":{"allow":["GET"]}}],"collection":[{"href":"https:\/\/physics.uwb.edu.pl\/wf\/index.php?rest_route=\/wp\/v2\/pages"}],"about":[{"href":"https:\/\/physics.uwb.edu.pl\/wf\/index.php?rest_route=\/wp\/v2\/types\/page"}],"author":[{"embeddable":true,"href":"https:\/\/physics.uwb.edu.pl\/wf\/index.php?rest_route=\/wp\/v2\/users\/5"}],"replies":[{"embeddable":true,"href":"https:\/\/physics.uwb.edu.pl\/wf\/index.php?rest_route=%2Fwp%2Fv2%2Fcomments&post=4818"}],"version-history":[{"count":2,"href":"https:\/\/physics.uwb.edu.pl\/wf\/index.php?rest_route=\/wp\/v2\/pages\/4818\/revisions"}],"predecessor-version":[{"id":4824,"href":"https:\/\/physics.uwb.edu.pl\/wf\/index.php?rest_route=\/wp\/v2\/pages\/4818\/revisions\/4824"}],"up":[{"embeddable":true,"href":"https:\/\/physics.uwb.edu.pl\/wf\/index.php?rest_route=\/wp\/v2\/pages\/2744"}],"wp:featuredmedia":[{"embeddable":true,"href":"https:\/\/physics.uwb.edu.pl\/wf\/index.php?rest_route=\/wp\/v2\/media\/4823"}],"wp:attachment":[{"href":"https:\/\/physics.uwb.edu.pl\/wf\/index.php?rest_route=%2Fwp%2Fv2%2Fmedia&parent=4818"}],"wp:term":[{"taxonomy":"category","embeddable":true,"href":"https:\/\/physics.uwb.edu.pl\/wf\/index.php?rest_route=%2Fwp%2Fv2%2Fcategories&post=4818"},{"taxonomy":"post_tag","embeddable":true,"href":"https:\/\/physics.uwb.edu.pl\/wf\/index.php?rest_route=%2Fwp%2Fv2%2Ftags&post=4818"}],"curies":[{"name":"wp","href":"https:\/\/api.w.org\/{rel}","templated":true}]}}