{"id":4832,"date":"2017-03-17T08:50:27","date_gmt":"2017-03-17T07:50:27","guid":{"rendered":"http:\/\/physics.uwb.edu.pl\/wf\/?page_id=4832"},"modified":"2017-06-07T22:27:14","modified_gmt":"2017-06-07T20:27:14","slug":"prezentacje-edukacyjno-doradcze-uczelnie-w-powiecie-ostroleka","status":"publish","type":"page","link":"https:\/\/physics.uwb.edu.pl\/wf\/?page_id=4832","title":{"rendered":"Prezentacje Edukacyjno \u2013 Doradcze \u201eUczelnie w powiecie\u201d (Ostro\u0142\u0119ka)"},"content":{"rendered":"<p>Kolejny wyjazd promocyjno-rekrutacyjny w ramach programu &#8220;Uczelnie w powiecie&#8221;. W dniu 16-go marca 2017 r. Wydzia\u0142 Fizyki prezentowa\u0142 si\u0119 wsp\u00f3lnie z Dzia\u0142em Rekrutacji UwB &#8211; tym razem w Ostro\u0142\u0119ce.&nbsp;<\/p>\n<p><img loading=\"lazy\" decoding=\"async\" class=\"alignnone size-medium wp-image-4833\" src=\"http:\/\/physics.uwb.edu.pl\/wf\/wp-content\/uploads\/2017\/03\/IMG_0223-300x221.jpg\" alt=\"\" width=\"300\" height=\"221\" srcset=\"https:\/\/physics.uwb.edu.pl\/wf\/wp-content\/uploads\/2017\/03\/IMG_0223-300x221.jpg 300w, https:\/\/physics.uwb.edu.pl\/wf\/wp-content\/uploads\/2017\/03\/IMG_0223-150x111.jpg 150w, https:\/\/physics.uwb.edu.pl\/wf\/wp-content\/uploads\/2017\/03\/IMG_0223-1024x755.jpg 1024w, https:\/\/physics.uwb.edu.pl\/wf\/wp-content\/uploads\/2017\/03\/IMG_0223-678x500.jpg 678w, https:\/\/physics.uwb.edu.pl\/wf\/wp-content\/uploads\/2017\/03\/IMG_0223.jpg 1840w\" sizes=\"auto, (max-width: 300px) 100vw, 300px\" \/>&nbsp;<img loading=\"lazy\" decoding=\"async\" class=\"alignnone size-medium wp-image-4834\" src=\"http:\/\/physics.uwb.edu.pl\/wf\/wp-content\/uploads\/2017\/03\/IMG_0226-300x225.jpg\" alt=\"\" width=\"300\" height=\"225\" srcset=\"https:\/\/physics.uwb.edu.pl\/wf\/wp-content\/uploads\/2017\/03\/IMG_0226-300x225.jpg 300w, https:\/\/physics.uwb.edu.pl\/wf\/wp-content\/uploads\/2017\/03\/IMG_0226-150x113.jpg 150w, https:\/\/physics.uwb.edu.pl\/wf\/wp-content\/uploads\/2017\/03\/IMG_0226-1024x768.jpg 1024w, https:\/\/physics.uwb.edu.pl\/wf\/wp-content\/uploads\/2017\/03\/IMG_0226-175x131.jpg 175w, https:\/\/physics.uwb.edu.pl\/wf\/wp-content\/uploads\/2017\/03\/IMG_0226-667x500.jpg 667w\" sizes=\"auto, (max-width: 300px) 100vw, 300px\" \/>&nbsp;<img loading=\"lazy\" decoding=\"async\" class=\"alignnone size-medium wp-image-4835\" src=\"http:\/\/physics.uwb.edu.pl\/wf\/wp-content\/uploads\/2017\/03\/IMG_0228-300x225.jpg\" alt=\"\" width=\"300\" height=\"225\" srcset=\"https:\/\/physics.uwb.edu.pl\/wf\/wp-content\/uploads\/2017\/03\/IMG_0228-300x225.jpg 300w, https:\/\/physics.uwb.edu.pl\/wf\/wp-content\/uploads\/2017\/03\/IMG_0228-150x113.jpg 150w, https:\/\/physics.uwb.edu.pl\/wf\/wp-content\/uploads\/2017\/03\/IMG_0228-1024x768.jpg 1024w, https:\/\/physics.uwb.edu.pl\/wf\/wp-content\/uploads\/2017\/03\/IMG_0228-175x131.jpg 175w, https:\/\/physics.uwb.edu.pl\/wf\/wp-content\/uploads\/2017\/03\/IMG_0228-667x500.jpg 667w\" sizes=\"auto, (max-width: 300px) 100vw, 300px\" \/><\/p>\n<p>Wydzia\u0142u Fizyki reprezentowali dr hab. <a href=\"http:\/\/physics.uwb.edu.pl\/wf\/?pracownik=tomasz-karpiuk\">Tomasz Karpiuk<\/a>&nbsp;oraz dr <a href=\"http:\/\/physics.uwb.edu.pl\/wf\/?pracownik=elzbieta-dzimida-chmielewska\">El\u017cbieta Dzimida-Chmielewska<\/a>. Po raz kolejny na naszym stoisku mo\u017cna by\u0142o zagra\u0107 w gry (bilard i samochodzik) stworzone jako <a href=\"http:\/\/physics.uwb.edu.pl\/wf\/?page_id=175\">prace licencjackie<\/a>&nbsp;przez naszych student\u00f3w. By\u0142a te\u017c okazja obejrze\u0107 z bliska i pobawi\u0107 si\u0119 pojazdem &#8220;zabawk\u0105&#8221; wydrukowan\u0105 w technice 3D na wydzia\u0142owej drukarce. Taka &#8220;zabawka&#8221; to inspiracja do nauki i \u0142\u0105czenia modelowania 3D z programowaniem elektroniki na platformie Arduino. Arduino, programowanie gier, modelowanie 3D to nasza oferta edukacyjna na specjalno\u015bci <a href=\"http:\/\/physics.uwb.edu.pl\/wf\/?page_id=786\">Fizyki Gier Komputerowych i Robot\u00f3w<\/a>&nbsp;do kt\u00f3rej studiowania gor\u0105co zach\u0119camy.&nbsp;<\/p>\n<p>Dzi\u0119kujemy uczestnikom za du\u017ce zainteresowanie ofert\u0105 naszego Uniwersytetu, a w szczeg\u00f3lno\u015bci studiowaniem fizyki na naszym Wydziale.<\/p>\n<p>&nbsp;<\/p>\n<p>&nbsp;<\/p>\n<p>&nbsp;<\/p>\n","protected":false},"excerpt":{"rendered":"<p>Kolejny wyjazd promocyjno-rekrutacyjny w ramach programu &#8220;Uczelnie w powiecie&#8221;. W dniu 16-go marca 2017 r. Wydzia\u0142 Fizyki prezentowa\u0142 si\u0119 wsp\u00f3lnie z Dzia\u0142em Rekrutacji UwB &#8211; tym razem w Ostro\u0142\u0119ce.&nbsp; &nbsp;&nbsp; <a href=\"https:\/\/physics.uwb.edu.pl\/wf\/?page_id=4832\" class=\"more-link\">[&hellip;]<\/a><\/p>\n","protected":false},"author":5,"featured_media":4833,"parent":2744,"menu_order":0,"comment_status":"closed","ping_status":"closed","template":"","meta":{"ngg_post_thumbnail":0,"Layout":"1c","footnotes":""},"categories":[166,131],"tags":[],"class_list":["entry","author-gawryl","post-4832","page","type-page","status-publish","has-post-thumbnail","category-edukacyjne","category-galeria_foto"],"jetpack_sharing_enabled":true,"jetpack_shortlink":"https:\/\/wp.me\/P7nvcn-1fW","_links":{"self":[{"href":"https:\/\/physics.uwb.edu.pl\/wf\/index.php?rest_route=\/wp\/v2\/pages\/4832","targetHints":{"allow":["GET"]}}],"collection":[{"href":"https:\/\/physics.uwb.edu.pl\/wf\/index.php?rest_route=\/wp\/v2\/pages"}],"about":[{"href":"https:\/\/physics.uwb.edu.pl\/wf\/index.php?rest_route=\/wp\/v2\/types\/page"}],"author":[{"embeddable":true,"href":"https:\/\/physics.uwb.edu.pl\/wf\/index.php?rest_route=\/wp\/v2\/users\/5"}],"replies":[{"embeddable":true,"href":"https:\/\/physics.uwb.edu.pl\/wf\/index.php?rest_route=%2Fwp%2Fv2%2Fcomments&post=4832"}],"version-history":[{"count":1,"href":"https:\/\/physics.uwb.edu.pl\/wf\/index.php?rest_route=\/wp\/v2\/pages\/4832\/revisions"}],"predecessor-version":[{"id":4836,"href":"https:\/\/physics.uwb.edu.pl\/wf\/index.php?rest_route=\/wp\/v2\/pages\/4832\/revisions\/4836"}],"up":[{"embeddable":true,"href":"https:\/\/physics.uwb.edu.pl\/wf\/index.php?rest_route=\/wp\/v2\/pages\/2744"}],"wp:featuredmedia":[{"embeddable":true,"href":"https:\/\/physics.uwb.edu.pl\/wf\/index.php?rest_route=\/wp\/v2\/media\/4833"}],"wp:attachment":[{"href":"https:\/\/physics.uwb.edu.pl\/wf\/index.php?rest_route=%2Fwp%2Fv2%2Fmedia&parent=4832"}],"wp:term":[{"taxonomy":"category","embeddable":true,"href":"https:\/\/physics.uwb.edu.pl\/wf\/index.php?rest_route=%2Fwp%2Fv2%2Fcategories&post=4832"},{"taxonomy":"post_tag","embeddable":true,"href":"https:\/\/physics.uwb.edu.pl\/wf\/index.php?rest_route=%2Fwp%2Fv2%2Ftags&post=4832"}],"curies":[{"name":"wp","href":"https:\/\/api.w.org\/{rel}","templated":true}]}}