{"id":4879,"date":"2017-03-29T14:05:31","date_gmt":"2017-03-29T12:05:31","guid":{"rendered":"http:\/\/physics.uwb.edu.pl\/wf\/?page_id=4879"},"modified":"2017-03-31T08:20:40","modified_gmt":"2017-03-31T06:20:40","slug":"wizyta-licealistow-z-grodna","status":"publish","type":"page","link":"https:\/\/physics.uwb.edu.pl\/wf\/?page_id=4879","title":{"rendered":"Wizyta licealist\u00f3w z Grodna"},"content":{"rendered":"<p>W dniu 29.03.2017 r. Wydzia\u0142 Fizyki odwiedzi\u0142a m\u0142odzie\u017c z Liceum Spo\u0142ecznego im. E. Orzeszkowej w Grodnie z my\u015bl\u0105 o wybraniu naszej uczelni jako miejsca do studiowania.<\/p>\nngg_shortcode_0_placeholder\n<p>Spotkanie z m\u0142odzie\u017c\u0105 rozpocz\u0119to od kwestii formalnych &#8211; sposobu rekrutacji na studia, op\u0142at, mo\u017cliwo\u015bci pozyskania stypendium itd. Ta cze\u015b\u0107 programu prowadzona by\u0142a przez uniwersyteckie Centrum Rekrutacji. Nie mog\u0142o zabrakn\u0105\u0107 kontekstu akademickiego &#8211; kr\u00f3tki wyk\u0142adem popularnonaukowy o bezpo\u015bredniej detekcji fal grawitacyjnych i udziale Wydzia\u0142u Fizyki UwB poprowadzi\u0142 dr hab. Marek Niko\u0142ajuk.<\/p>\n<p>Nast\u0119pnie liceali\u015bci podzieleni zostali na ma\u0142e grupki, kt\u00f3re zwiedza\u0142y nasze laboratoria. Pracownicy Wydzia\u0142u Fizyki starali si\u0119 kr\u00f3ciutko opowiedzie\u0107 o swoich badaniach i o najwa\u017cniejszych osi\u0105gni\u0119ciach. Uczniowie zwiedzili <a href=\"http:\/\/physics.uwb.edu.pl\/wf\/?page_id=220\">Zak\u0142ad Magnetyk\u00f3w<\/a> (opiek\u0119 sprawowa\u0142 prof. dr hab. Andrzej Maziewski, dr Iosif Sveklo oraz mgr Wojciech Dobrogowski) oraz&nbsp;<a href=\"http:\/\/physics.uwb.edu.pl\/wf\/?page_id=218\">Zak\u0142ad Fizyki Cia\u0142a Sta\u0142ego<\/a> (opiekowali si\u0119 dr hab. Katarzyna Re\u0107ko oraz dr hab. Dariusz Satu\u0142a, prof. UwB). W czasie tej kr\u00f3tkiej wizyty nie spos\u00f3b by\u0142o pochwali\u0107 si\u0119 wszystkimi <a href=\"http:\/\/physics.uwb.edu.pl\/wf\/?page_id=430\">osi\u0105gni\u0119ciami<\/a>, zaprowadzi\u0107 do ka\u017cdego labu &#8211; ale mamy nadziej\u0119, \u017ce wizyta zach\u0119ci\u0142a do studiowania na naszej <a href=\"http:\/\/www.uwb.edu.pl\">Uczelni<\/a>, w tym tak\u017ce&nbsp;na Wydziale Fizyki.<\/p>\n","protected":false},"excerpt":{"rendered":"<p>W dniu 29.03.2017 r. Wydzia\u0142 Fizyki odwiedzi\u0142a m\u0142odzie\u017c z Liceum Spo\u0142ecznego im. E. Orzeszkowej w Grodnie z my\u015bl\u0105 o wybraniu naszej uczelni jako miejsca do studiowania. Spotkanie z m\u0142odzie\u017c\u0105 rozpocz\u0119to <a href=\"https:\/\/physics.uwb.edu.pl\/wf\/?page_id=4879\" class=\"more-link\">[&hellip;]<\/a><\/p>\n","protected":false},"author":5,"featured_media":4987,"parent":2744,"menu_order":0,"comment_status":"closed","ping_status":"closed","template":"","meta":{"ngg_post_thumbnail":0,"Layout":"1c","footnotes":""},"categories":[131],"tags":[],"class_list":["entry","author-gawryl","post-4879","page","type-page","status-publish","has-post-thumbnail","category-galeria_foto"],"jetpack_sharing_enabled":true,"jetpack_shortlink":"https:\/\/wp.me\/P7nvcn-1gH","_links":{"self":[{"href":"https:\/\/physics.uwb.edu.pl\/wf\/index.php?rest_route=\/wp\/v2\/pages\/4879","targetHints":{"allow":["GET"]}}],"collection":[{"href":"https:\/\/physics.uwb.edu.pl\/wf\/index.php?rest_route=\/wp\/v2\/pages"}],"about":[{"href":"https:\/\/physics.uwb.edu.pl\/wf\/index.php?rest_route=\/wp\/v2\/types\/page"}],"author":[{"embeddable":true,"href":"https:\/\/physics.uwb.edu.pl\/wf\/index.php?rest_route=\/wp\/v2\/users\/5"}],"replies":[{"embeddable":true,"href":"https:\/\/physics.uwb.edu.pl\/wf\/index.php?rest_route=%2Fwp%2Fv2%2Fcomments&post=4879"}],"version-history":[{"count":7,"href":"https:\/\/physics.uwb.edu.pl\/wf\/index.php?rest_route=\/wp\/v2\/pages\/4879\/revisions"}],"predecessor-version":[{"id":4992,"href":"https:\/\/physics.uwb.edu.pl\/wf\/index.php?rest_route=\/wp\/v2\/pages\/4879\/revisions\/4992"}],"up":[{"embeddable":true,"href":"https:\/\/physics.uwb.edu.pl\/wf\/index.php?rest_route=\/wp\/v2\/pages\/2744"}],"wp:featuredmedia":[{"embeddable":true,"href":"https:\/\/physics.uwb.edu.pl\/wf\/index.php?rest_route=\/wp\/v2\/media\/4987"}],"wp:attachment":[{"href":"https:\/\/physics.uwb.edu.pl\/wf\/index.php?rest_route=%2Fwp%2Fv2%2Fmedia&parent=4879"}],"wp:term":[{"taxonomy":"category","embeddable":true,"href":"https:\/\/physics.uwb.edu.pl\/wf\/index.php?rest_route=%2Fwp%2Fv2%2Fcategories&post=4879"},{"taxonomy":"post_tag","embeddable":true,"href":"https:\/\/physics.uwb.edu.pl\/wf\/index.php?rest_route=%2Fwp%2Fv2%2Ftags&post=4879"}],"curies":[{"name":"wp","href":"https:\/\/api.w.org\/{rel}","templated":true}]}}