{"id":5051,"date":"2017-04-01T18:56:59","date_gmt":"2017-04-01T16:56:59","guid":{"rendered":"http:\/\/physics.uwb.edu.pl\/wf\/?page_id=5051"},"modified":"2017-06-07T22:24:44","modified_gmt":"2017-06-07T20:24:44","slug":"spektakularne-pokazy-z-fizyki-rura-rubensa","status":"publish","type":"page","link":"https:\/\/physics.uwb.edu.pl\/wf\/?page_id=5051","title":{"rendered":"Spektakularne pokazy z fizyki &#8211; Rura Rubensa"},"content":{"rendered":"<p>W ramach warsztat\u00f3w &#8220;<a href=\"http:\/\/przyszlosc.fizyka.uwb.edu.pl\">Z fizyk\u0105 w przysz\u0142o\u015b\u0107<\/a>&#8221; w sobot\u0119 1-go kwietnia 2017 r. odby\u0142o si\u0119 spotkanie, na kt\u00f3rym dr Jan Kisielwski w asy\u015bcie dr hab. Andrzeja Andrejczuka, prof. UwB poprowadzili demonstracj\u0119 pt. <strong>Rura Rubensa<\/strong>.<\/p>\nngg_shortcode_0_placeholder\n<p>Dr Jan Kisielewski rozpocz\u0105\u0142 sw\u00f3j pokaz od <strong>gry na gitarze<\/strong>, kt\u00f3remu towarzyszy\u0142a wizualizacja granej muzyki przez p\u0142on\u0105ce p\u0142omienie. Dzi\u0119ki tym p\u0142omieniom mo\u017cna by\u0142o <strong>zobaczy\u0107 muzyk\u0119<\/strong> oraz&#8230; na w\u0142asne oczy podziwia\u0107 funkcj\u0119 sinus. W dalszej cz\u0119\u015bci wyja\u015bnione zosta\u0142o jak to wszystko dzia\u0142a, a towarzyszy\u0142y temu dodatkowe demonstracje i obja\u015bnienia, np. mowa by\u0142a o rozchodzeniu si\u0119 fali na sznurze oraz o &#8220;\u0142apaniu&#8221; fal stoj\u0105cych. Uczniowie zostali te\u017c &#8220;wci\u0105gni\u0119ci&#8221; przez prowadz\u0105cego do samodzielnego liczenia pr\u0119dko\u015bci d\u017awi\u0119ku w butanie (wykorzystuj\u0105c kalkulatory w swoich telefonach kom\u00f3rkowych) oraz oczekiwanych cz\u0119sto\u015bci d\u017awi\u0119ku w tym gazie (tak\u017ce na telefonach kom\u00f3rkowych). Otrzymane warto\u015bci mogli <strong>skonfrontowa\u0107<\/strong> z do\u015bwiadczeniem &#8211; by\u0142 to \u015bwietny pokaz <strong>czym jest fizyka<\/strong> &#8211; teorie zosta\u0142y zweryfikowane eksperymentem.<\/p>\n<p>Dzi\u0119kujemy uczestnikom za liczne przybycie na pierwsze sobotnie spotkanie w ramach <a href=\"http:\/\/przyszlosc.fizyka.uwb.edu.pl\">warsztat\u00f3w<\/a>. Zapraszamy na kolejne.<\/p>\n<p>&nbsp;<\/p>\n<p>&nbsp;<\/p>\n","protected":false},"excerpt":{"rendered":"<p>W ramach warsztat\u00f3w &#8220;Z fizyk\u0105 w przysz\u0142o\u015b\u0107&#8221; w sobot\u0119 1-go kwietnia 2017 r. odby\u0142o si\u0119 spotkanie, na kt\u00f3rym dr Jan Kisielwski w asy\u015bcie dr hab. Andrzeja Andrejczuka, prof. UwB poprowadzili <a href=\"https:\/\/physics.uwb.edu.pl\/wf\/?page_id=5051\" class=\"more-link\">[&hellip;]<\/a><\/p>\n","protected":false},"author":5,"featured_media":5052,"parent":2744,"menu_order":0,"comment_status":"closed","ping_status":"closed","template":"","meta":{"ngg_post_thumbnail":0,"Layout":"1c","footnotes":""},"categories":[166,131],"tags":[],"class_list":["entry","author-gawryl","post-5051","page","type-page","status-publish","has-post-thumbnail","category-edukacyjne","category-galeria_foto"],"jetpack_sharing_enabled":true,"jetpack_shortlink":"https:\/\/wp.me\/P7nvcn-1jt","_links":{"self":[{"href":"https:\/\/physics.uwb.edu.pl\/wf\/index.php?rest_route=\/wp\/v2\/pages\/5051","targetHints":{"allow":["GET"]}}],"collection":[{"href":"https:\/\/physics.uwb.edu.pl\/wf\/index.php?rest_route=\/wp\/v2\/pages"}],"about":[{"href":"https:\/\/physics.uwb.edu.pl\/wf\/index.php?rest_route=\/wp\/v2\/types\/page"}],"author":[{"embeddable":true,"href":"https:\/\/physics.uwb.edu.pl\/wf\/index.php?rest_route=\/wp\/v2\/users\/5"}],"replies":[{"embeddable":true,"href":"https:\/\/physics.uwb.edu.pl\/wf\/index.php?rest_route=%2Fwp%2Fv2%2Fcomments&post=5051"}],"version-history":[{"count":9,"href":"https:\/\/physics.uwb.edu.pl\/wf\/index.php?rest_route=\/wp\/v2\/pages\/5051\/revisions"}],"predecessor-version":[{"id":5061,"href":"https:\/\/physics.uwb.edu.pl\/wf\/index.php?rest_route=\/wp\/v2\/pages\/5051\/revisions\/5061"}],"up":[{"embeddable":true,"href":"https:\/\/physics.uwb.edu.pl\/wf\/index.php?rest_route=\/wp\/v2\/pages\/2744"}],"wp:featuredmedia":[{"embeddable":true,"href":"https:\/\/physics.uwb.edu.pl\/wf\/index.php?rest_route=\/wp\/v2\/media\/5052"}],"wp:attachment":[{"href":"https:\/\/physics.uwb.edu.pl\/wf\/index.php?rest_route=%2Fwp%2Fv2%2Fmedia&parent=5051"}],"wp:term":[{"taxonomy":"category","embeddable":true,"href":"https:\/\/physics.uwb.edu.pl\/wf\/index.php?rest_route=%2Fwp%2Fv2%2Fcategories&post=5051"},{"taxonomy":"post_tag","embeddable":true,"href":"https:\/\/physics.uwb.edu.pl\/wf\/index.php?rest_route=%2Fwp%2Fv2%2Ftags&post=5051"}],"curies":[{"name":"wp","href":"https:\/\/api.w.org\/{rel}","templated":true}]}}