{"id":5062,"date":"2017-03-31T15:39:53","date_gmt":"2017-03-31T13:39:53","guid":{"rendered":"http:\/\/physics.uwb.edu.pl\/wf\/?page_id=5062"},"modified":"2017-06-07T22:25:56","modified_gmt":"2017-06-07T20:25:56","slug":"targi-edukacyjno-zawodowe-dni-edukacji-i-pracy","status":"publish","type":"page","link":"https:\/\/physics.uwb.edu.pl\/wf\/?page_id=5062","title":{"rendered":"Targi edukacyjno-zawodowe &#8220;Dni edukacji i pracy&#8221;"},"content":{"rendered":"<p>Bia\u0142ostocki &#8220;ekonomik&#8221;, czyli <a href=\"http:\/\/Zesp\u00f3\u0142 Szk\u00f3\u0142 Handlowo-Ekonomicznych\">Zesp\u00f3\u0142 Szk\u00f3\u0142 Handlowo-Ekonomicznych<\/a> im. Miko\u0142aja Kopernika w Bia\u0142ymstoku po raz kolejny zorganizowa\u0142 targi edukacyjne dla swojej m\u0142odzie\u017cy &#8211; nie mog\u0142o nas tam zabrakn\u0105\u0107. Impreza odby\u0142a si\u0119 w dniu 31 marca 2017r .<\/p>\n<p><img loading=\"lazy\" decoding=\"async\" class=\"alignnone size-large wp-image-5063\" src=\"http:\/\/physics.uwb.edu.pl\/wf\/wp-content\/uploads\/2017\/04\/20170331_100005-1024x576.jpg\" alt=\"\" width=\"1024\" height=\"576\" srcset=\"https:\/\/physics.uwb.edu.pl\/wf\/wp-content\/uploads\/2017\/04\/20170331_100005-1024x576.jpg 1024w, https:\/\/physics.uwb.edu.pl\/wf\/wp-content\/uploads\/2017\/04\/20170331_100005-150x84.jpg 150w, https:\/\/physics.uwb.edu.pl\/wf\/wp-content\/uploads\/2017\/04\/20170331_100005-300x169.jpg 300w, https:\/\/physics.uwb.edu.pl\/wf\/wp-content\/uploads\/2017\/04\/20170331_100005-889x500.jpg 889w\" sizes=\"auto, (max-width: 1024px) 100vw, 1024px\" \/><\/p>\n<p>Na targach byli\u015bmy wsp\u00f3lnie z Centrum Rekrutacji UwB przedstawiaj\u0105c\u0105 pe\u0142n\u0105 ofert\u0119 <a href=\"http:\/\/www.uwb.edu.pl\">Uniwersytetu w Bia\u0142ymstoku<\/a>. My natomiast prezentowali\u015bmy Wydzia\u0142 Fizyki i nasz\u0105 nowo\u015b\u0107 &#8211; specjalno\u015b\u0107 z przysz\u0142o\u015bci\u0105: Fizyk\u0119 Gier Komputerowych i Robot\u00f3w. Na pytania uczni\u00f3w odpowiadali dr hab. Katarzyna Re\u0107ko oraz dr Piotr Zaleski.&nbsp;<\/p>\n<p>Mo\u017cna by\u0142o zagra\u0107 w gry komputerowe (bilard i samochodzik) stworzone jako <a href=\"http:\/\/physics.uwb.edu.pl\/wf\/?page_id=175\">prace licencjackie<\/a>&nbsp;przez naszych student\u00f3w. By\u0142a te\u017c okazja obejrze\u0107 z bliska i pobawi\u0107 si\u0119 pojazdem &#8220;zabawk\u0105&#8221; wydrukowan\u0105 w technice 3D na wydzia\u0142owej drukarce. Taka &#8220;zabawka&#8221; to inspiracja do nauki i \u0142\u0105czenia modelowania 3D z programowaniem elektroniki na platformie Arduino. Arduino, programowanie gier, modelowanie 3D to w\u0142a\u015bnie nasza oferta na specjalno\u015bci <a href=\"http:\/\/physics.uwb.edu.pl\/wf\/?page_id=786\">Fizyki Gier Komputerowych i Robot\u00f3w<\/a>&nbsp;do kt\u00f3rej studiowania gor\u0105co zach\u0119camy.&nbsp;<\/p>\n<p><img loading=\"lazy\" decoding=\"async\" class=\"alignnone size-large wp-image-5064\" src=\"http:\/\/physics.uwb.edu.pl\/wf\/wp-content\/uploads\/2017\/04\/20170331_100436_001-1024x576.jpg\" alt=\"\" width=\"1024\" height=\"576\" srcset=\"https:\/\/physics.uwb.edu.pl\/wf\/wp-content\/uploads\/2017\/04\/20170331_100436_001-1024x576.jpg 1024w, https:\/\/physics.uwb.edu.pl\/wf\/wp-content\/uploads\/2017\/04\/20170331_100436_001-150x84.jpg 150w, https:\/\/physics.uwb.edu.pl\/wf\/wp-content\/uploads\/2017\/04\/20170331_100436_001-300x169.jpg 300w, https:\/\/physics.uwb.edu.pl\/wf\/wp-content\/uploads\/2017\/04\/20170331_100436_001-889x500.jpg 889w\" sizes=\"auto, (max-width: 1024px) 100vw, 1024px\" \/><\/p>\n<p>Dzi\u0119kujemy uczestnikom za du\u017ce zainteresowanie ofert\u0105 naszego Uniwersytetu, a w szczeg\u00f3lno\u015bci studiowaniem <strong>fizyki<\/strong> na naszym Wydziale.<\/p>\n<p>&nbsp;<\/p>\n<p>&nbsp;<\/p>\n<p>&nbsp;<\/p>\n","protected":false},"excerpt":{"rendered":"<p>Bia\u0142ostocki &#8220;ekonomik&#8221;, czyli Zesp\u00f3\u0142 Szk\u00f3\u0142 Handlowo-Ekonomicznych im. Miko\u0142aja Kopernika w Bia\u0142ymstoku po raz kolejny zorganizowa\u0142 targi edukacyjne dla swojej m\u0142odzie\u017cy &#8211; nie mog\u0142o nas tam zabrakn\u0105\u0107. Impreza odby\u0142a si\u0119 w <a href=\"https:\/\/physics.uwb.edu.pl\/wf\/?page_id=5062\" class=\"more-link\">[&hellip;]<\/a><\/p>\n","protected":false},"author":5,"featured_media":5063,"parent":2744,"menu_order":0,"comment_status":"closed","ping_status":"closed","template":"","meta":{"ngg_post_thumbnail":0,"Layout":"1c","footnotes":""},"categories":[166,131],"tags":[],"class_list":["entry","author-gawryl","post-5062","page","type-page","status-publish","has-post-thumbnail","category-edukacyjne","category-galeria_foto"],"jetpack_sharing_enabled":true,"jetpack_shortlink":"https:\/\/wp.me\/P7nvcn-1jE","_links":{"self":[{"href":"https:\/\/physics.uwb.edu.pl\/wf\/index.php?rest_route=\/wp\/v2\/pages\/5062","targetHints":{"allow":["GET"]}}],"collection":[{"href":"https:\/\/physics.uwb.edu.pl\/wf\/index.php?rest_route=\/wp\/v2\/pages"}],"about":[{"href":"https:\/\/physics.uwb.edu.pl\/wf\/index.php?rest_route=\/wp\/v2\/types\/page"}],"author":[{"embeddable":true,"href":"https:\/\/physics.uwb.edu.pl\/wf\/index.php?rest_route=\/wp\/v2\/users\/5"}],"replies":[{"embeddable":true,"href":"https:\/\/physics.uwb.edu.pl\/wf\/index.php?rest_route=%2Fwp%2Fv2%2Fcomments&post=5062"}],"version-history":[{"count":1,"href":"https:\/\/physics.uwb.edu.pl\/wf\/index.php?rest_route=\/wp\/v2\/pages\/5062\/revisions"}],"predecessor-version":[{"id":5065,"href":"https:\/\/physics.uwb.edu.pl\/wf\/index.php?rest_route=\/wp\/v2\/pages\/5062\/revisions\/5065"}],"up":[{"embeddable":true,"href":"https:\/\/physics.uwb.edu.pl\/wf\/index.php?rest_route=\/wp\/v2\/pages\/2744"}],"wp:featuredmedia":[{"embeddable":true,"href":"https:\/\/physics.uwb.edu.pl\/wf\/index.php?rest_route=\/wp\/v2\/media\/5063"}],"wp:attachment":[{"href":"https:\/\/physics.uwb.edu.pl\/wf\/index.php?rest_route=%2Fwp%2Fv2%2Fmedia&parent=5062"}],"wp:term":[{"taxonomy":"category","embeddable":true,"href":"https:\/\/physics.uwb.edu.pl\/wf\/index.php?rest_route=%2Fwp%2Fv2%2Fcategories&post=5062"},{"taxonomy":"post_tag","embeddable":true,"href":"https:\/\/physics.uwb.edu.pl\/wf\/index.php?rest_route=%2Fwp%2Fv2%2Ftags&post=5062"}],"curies":[{"name":"wp","href":"https:\/\/api.w.org\/{rel}","templated":true}]}}