{"id":5066,"date":"2017-04-03T15:57:16","date_gmt":"2017-04-03T13:57:16","guid":{"rendered":"http:\/\/physics.uwb.edu.pl\/wf\/?page_id=5066"},"modified":"2017-06-07T22:24:21","modified_gmt":"2017-06-07T20:24:21","slug":"targi-edukacyjne-w-grajewie","status":"publish","type":"page","link":"https:\/\/physics.uwb.edu.pl\/wf\/?page_id=5066","title":{"rendered":"Targi edukacyjne w Grajewie"},"content":{"rendered":"<p>W dniu 03 kwietnia 2017 r. uczestniczyli\u015bmy w targach edukacyjnych w Grajewie.<\/p>\n<p><img loading=\"lazy\" decoding=\"async\" class=\"alignnone size-large wp-image-5067\" src=\"http:\/\/physics.uwb.edu.pl\/wf\/wp-content\/uploads\/2017\/04\/20170403_105108-1024x576.jpg\" alt=\"\" width=\"1024\" height=\"576\" srcset=\"https:\/\/physics.uwb.edu.pl\/wf\/wp-content\/uploads\/2017\/04\/20170403_105108-1024x576.jpg 1024w, https:\/\/physics.uwb.edu.pl\/wf\/wp-content\/uploads\/2017\/04\/20170403_105108-150x84.jpg 150w, https:\/\/physics.uwb.edu.pl\/wf\/wp-content\/uploads\/2017\/04\/20170403_105108-300x169.jpg 300w, https:\/\/physics.uwb.edu.pl\/wf\/wp-content\/uploads\/2017\/04\/20170403_105108-889x500.jpg 889w\" sizes=\"auto, (max-width: 1024px) 100vw, 1024px\" \/><\/p>\n<p>Przedstawicielami Wydzia\u0142u Fizyki byli doktorzy Marek Brancewicz i Piotr Zaleski, kt\u00f3rzy prezentowali nasz\u0105 now\u0105 ofert\u0119 edukacyjn\u0105 &#8211; specjalno\u015b\u0107 z przysz\u0142o\u015bci\u0105: <a href=\"http:\/\/gry.fizyka.uwb.edu.pl\">Fizyk\u0119 Gier Komputerowych i Robot\u00f3w<\/a>. Na targach byli\u015bmy wsp\u00f3lnie z przedstawicielem Wydzia\u0142u Filologicznego oraz pracownikami Centrum Rekrutacji UwB &#8211; przedstawiaj\u0105cymi pe\u0142n\u0105 ofert\u0119 <a href=\"http:\/\/www.uwb.edu.pl\">Uniwersytetu w Bia\u0142ymstoku<\/a>.<\/p>\n<p>Na naszym stoisku mo\u017cna by\u0142o zagra\u0107 w gry komputerowe (bilard i samochodzik) stworzone jako <a href=\"http:\/\/physics.uwb.edu.pl\/wf\/?page_id=175\">prace licencjackie<\/a>&nbsp;przez naszych student\u00f3w. By\u0142a te\u017c okazja obejrze\u0107 z bliska i pobawi\u0107 si\u0119 pojazdem &#8220;zabawk\u0105&#8221; wydrukowan\u0105 w technice 3D na wydzia\u0142owej drukarce. Taka &#8220;zabawka&#8221; to inspiracja do nauki i \u0142\u0105czenia modelowania 3D z programowaniem elektroniki na platformie Arduino. Arduino, programowanie gier, modelowanie 3D to w\u0142a\u015bnie nasza oferta na specjalno\u015bci <a href=\"http:\/\/physics.uwb.edu.pl\/wf\/?page_id=786\">Fizyki Gier Komputerowych i Robot\u00f3w<\/a>&nbsp;do kt\u00f3rej studiowania gor\u0105co zach\u0119camy.<\/p>\n<p><img loading=\"lazy\" decoding=\"async\" class=\"alignnone wp-image-5068 size-medium\" src=\"http:\/\/physics.uwb.edu.pl\/wf\/wp-content\/uploads\/2017\/04\/20170403_101247-300x169.jpg\" alt=\"\" width=\"300\" height=\"169\" srcset=\"https:\/\/physics.uwb.edu.pl\/wf\/wp-content\/uploads\/2017\/04\/20170403_101247-300x169.jpg 300w, https:\/\/physics.uwb.edu.pl\/wf\/wp-content\/uploads\/2017\/04\/20170403_101247-150x84.jpg 150w, https:\/\/physics.uwb.edu.pl\/wf\/wp-content\/uploads\/2017\/04\/20170403_101247-1024x576.jpg 1024w, https:\/\/physics.uwb.edu.pl\/wf\/wp-content\/uploads\/2017\/04\/20170403_101247-889x500.jpg 889w\" sizes=\"auto, (max-width: 300px) 100vw, 300px\" \/>&nbsp;<img loading=\"lazy\" decoding=\"async\" class=\"alignnone size-medium wp-image-5069\" src=\"http:\/\/physics.uwb.edu.pl\/wf\/wp-content\/uploads\/2017\/04\/20170403_101241-300x169.jpg\" alt=\"\" width=\"300\" height=\"169\" srcset=\"https:\/\/physics.uwb.edu.pl\/wf\/wp-content\/uploads\/2017\/04\/20170403_101241-300x169.jpg 300w, https:\/\/physics.uwb.edu.pl\/wf\/wp-content\/uploads\/2017\/04\/20170403_101241-150x84.jpg 150w, https:\/\/physics.uwb.edu.pl\/wf\/wp-content\/uploads\/2017\/04\/20170403_101241-1024x576.jpg 1024w, https:\/\/physics.uwb.edu.pl\/wf\/wp-content\/uploads\/2017\/04\/20170403_101241-889x500.jpg 889w\" sizes=\"auto, (max-width: 300px) 100vw, 300px\" \/>&nbsp;<img loading=\"lazy\" decoding=\"async\" class=\"alignnone size-medium wp-image-5070\" src=\"http:\/\/physics.uwb.edu.pl\/wf\/wp-content\/uploads\/2017\/04\/20170403_115854-300x169.jpg\" alt=\"\" width=\"300\" height=\"169\" srcset=\"https:\/\/physics.uwb.edu.pl\/wf\/wp-content\/uploads\/2017\/04\/20170403_115854-300x169.jpg 300w, https:\/\/physics.uwb.edu.pl\/wf\/wp-content\/uploads\/2017\/04\/20170403_115854-150x84.jpg 150w, https:\/\/physics.uwb.edu.pl\/wf\/wp-content\/uploads\/2017\/04\/20170403_115854-1024x576.jpg 1024w, https:\/\/physics.uwb.edu.pl\/wf\/wp-content\/uploads\/2017\/04\/20170403_115854-889x500.jpg 889w\" sizes=\"auto, (max-width: 300px) 100vw, 300px\" \/><\/p>\n<p>Dzi\u0119kujemy uczestnikom za du\u017ce zainteresowanie ofert\u0105 naszego Uniwersytetu, a w szczeg\u00f3lno\u015bci studiowaniem <strong>fizyki<\/strong> na naszym Wydziale.<\/p>\n<p>&nbsp;<\/p>\n<p>&nbsp;<\/p>\n<p>&nbsp;<\/p>\n","protected":false},"excerpt":{"rendered":"<p>W dniu 03 kwietnia 2017 r. uczestniczyli\u015bmy w targach edukacyjnych w Grajewie. Przedstawicielami Wydzia\u0142u Fizyki byli doktorzy Marek Brancewicz i Piotr Zaleski, kt\u00f3rzy prezentowali nasz\u0105 now\u0105 ofert\u0119 edukacyjn\u0105 &#8211; specjalno\u015b\u0107 <a href=\"https:\/\/physics.uwb.edu.pl\/wf\/?page_id=5066\" class=\"more-link\">[&hellip;]<\/a><\/p>\n","protected":false},"author":5,"featured_media":5067,"parent":2744,"menu_order":0,"comment_status":"closed","ping_status":"closed","template":"","meta":{"ngg_post_thumbnail":0,"Layout":"1c","footnotes":""},"categories":[166,131],"tags":[],"class_list":["entry","author-gawryl","post-5066","page","type-page","status-publish","has-post-thumbnail","category-edukacyjne","category-galeria_foto"],"jetpack_sharing_enabled":true,"jetpack_shortlink":"https:\/\/wp.me\/P7nvcn-1jI","_links":{"self":[{"href":"https:\/\/physics.uwb.edu.pl\/wf\/index.php?rest_route=\/wp\/v2\/pages\/5066","targetHints":{"allow":["GET"]}}],"collection":[{"href":"https:\/\/physics.uwb.edu.pl\/wf\/index.php?rest_route=\/wp\/v2\/pages"}],"about":[{"href":"https:\/\/physics.uwb.edu.pl\/wf\/index.php?rest_route=\/wp\/v2\/types\/page"}],"author":[{"embeddable":true,"href":"https:\/\/physics.uwb.edu.pl\/wf\/index.php?rest_route=\/wp\/v2\/users\/5"}],"replies":[{"embeddable":true,"href":"https:\/\/physics.uwb.edu.pl\/wf\/index.php?rest_route=%2Fwp%2Fv2%2Fcomments&post=5066"}],"version-history":[{"count":1,"href":"https:\/\/physics.uwb.edu.pl\/wf\/index.php?rest_route=\/wp\/v2\/pages\/5066\/revisions"}],"predecessor-version":[{"id":5071,"href":"https:\/\/physics.uwb.edu.pl\/wf\/index.php?rest_route=\/wp\/v2\/pages\/5066\/revisions\/5071"}],"up":[{"embeddable":true,"href":"https:\/\/physics.uwb.edu.pl\/wf\/index.php?rest_route=\/wp\/v2\/pages\/2744"}],"wp:featuredmedia":[{"embeddable":true,"href":"https:\/\/physics.uwb.edu.pl\/wf\/index.php?rest_route=\/wp\/v2\/media\/5067"}],"wp:attachment":[{"href":"https:\/\/physics.uwb.edu.pl\/wf\/index.php?rest_route=%2Fwp%2Fv2%2Fmedia&parent=5066"}],"wp:term":[{"taxonomy":"category","embeddable":true,"href":"https:\/\/physics.uwb.edu.pl\/wf\/index.php?rest_route=%2Fwp%2Fv2%2Fcategories&post=5066"},{"taxonomy":"post_tag","embeddable":true,"href":"https:\/\/physics.uwb.edu.pl\/wf\/index.php?rest_route=%2Fwp%2Fv2%2Ftags&post=5066"}],"curies":[{"name":"wp","href":"https:\/\/api.w.org\/{rel}","templated":true}]}}