{"id":5072,"date":"2017-03-21T12:13:01","date_gmt":"2017-03-21T11:13:01","guid":{"rendered":"http:\/\/physics.uwb.edu.pl\/wf\/?page_id=5072"},"modified":"2017-06-07T22:27:07","modified_gmt":"2017-06-07T20:27:07","slug":"gry-i-roboty-w-bialostockim-elektryku","status":"publish","type":"page","link":"https:\/\/physics.uwb.edu.pl\/wf\/?page_id=5072","title":{"rendered":"Gry i roboty w bia\u0142ostockim &#8220;elektryku&#8221;"},"content":{"rendered":"<p>W dniu 21 marca 2017 r.&nbsp;dr Cezary Walczyk odwiedzi\u0142 Zesp\u00f3\u0142 Szk\u00f3\u0142 Elektrycznych&nbsp;im. prof. Janusza Groszkowskiego w Bia\u0142ymstoku. Jego wizyta by\u0142a odpowiedzi\u0105 na zaproszenie ZSE i pro\u015bb\u0119 o przybli\u017cenie oferty edukacyjnej Wydzia\u0142u Fizyki, a w szczeg\u00f3lno\u015bci naszej nowej specjalno\u015bci &#8211; <a href=\"http:\/\/gry.fizyka.uwb.edu.pl\">Fizyki Gier Komputerowych i Robot\u00f3w<\/a>.<\/p>\n<p>Dr Cezary Walczyk wyg\u0142osi\u0142 prezentacj\u0119 pt. &#8220;Fizyka gier komputerowych i robot\u00f3w&#8221;, w kt\u00f3rej opowiada\u0142 o nowej specjalno\u015bci. Zebrani na auli szko\u0142y uczniowie (a by\u0142o ich bardzo du\u017co &#8211; oko\u0142o <strong>150 os\u00f3b<\/strong>!) mieli okazj\u0119 przyjrze\u0107 si\u0119 z bliska tematyce naszej specjalno\u015bci. Nie zabrak\u0142o konkret\u00f3w i demonstracji umiej\u0119tno\u015bci, jakie uczniowie nabywaj\u0105 w trakcie studiowania. Ka\u017cdego, kogo ci\u0105gnie do robotyki, tworzenia grafiki i gier komputerowych, druku 3D oraz inteligentnych dom\u00f3w zach\u0119camy do studiowania na Wydziale Fizyki. W\u0142a\u015bnie podczas tej prezentacji mo\u017cna by\u0142o si\u0119 przekona\u0107, dlaczego <strong>studiowanie fizyki<\/strong> jest kluczowe by po\u0142\u0105czy\u0107 informatyk\u0119, robotyk\u0119 i matematyk\u0119 w ciekawy zaw\u00f3d z przysz\u0142o\u015bci\u0105.<\/p>\n<p>Dzi\u0119kujemy uczestnikom za du\u017ce zainteresowanie nasz\u0105 ofert\u0105 edukacyjn\u0105 i zapraszamy do rozwa\u017cenia studiowania na naszym Wydziale.<\/p>\n<p>&nbsp;<\/p>\n<p>&nbsp;<\/p>\n<p>&nbsp;<\/p>\n","protected":false},"excerpt":{"rendered":"<p>W dniu 21 marca 2017 r.&nbsp;dr Cezary Walczyk odwiedzi\u0142 Zesp\u00f3\u0142 Szk\u00f3\u0142 Elektrycznych&nbsp;im. prof. Janusza Groszkowskiego w Bia\u0142ymstoku. Jego wizyta by\u0142a odpowiedzi\u0105 na zaproszenie ZSE i pro\u015bb\u0119 o przybli\u017cenie oferty edukacyjnej <a href=\"https:\/\/physics.uwb.edu.pl\/wf\/?page_id=5072\" class=\"more-link\">[&hellip;]<\/a><\/p>\n","protected":false},"author":5,"featured_media":1765,"parent":2744,"menu_order":0,"comment_status":"closed","ping_status":"closed","template":"","meta":{"ngg_post_thumbnail":0,"Layout":"1c","footnotes":""},"categories":[166,131],"tags":[],"class_list":["entry","author-gawryl","post-5072","page","type-page","status-publish","has-post-thumbnail","category-edukacyjne","category-galeria_foto"],"jetpack_sharing_enabled":true,"jetpack_shortlink":"https:\/\/wp.me\/P7nvcn-1jO","_links":{"self":[{"href":"https:\/\/physics.uwb.edu.pl\/wf\/index.php?rest_route=\/wp\/v2\/pages\/5072","targetHints":{"allow":["GET"]}}],"collection":[{"href":"https:\/\/physics.uwb.edu.pl\/wf\/index.php?rest_route=\/wp\/v2\/pages"}],"about":[{"href":"https:\/\/physics.uwb.edu.pl\/wf\/index.php?rest_route=\/wp\/v2\/types\/page"}],"author":[{"embeddable":true,"href":"https:\/\/physics.uwb.edu.pl\/wf\/index.php?rest_route=\/wp\/v2\/users\/5"}],"replies":[{"embeddable":true,"href":"https:\/\/physics.uwb.edu.pl\/wf\/index.php?rest_route=%2Fwp%2Fv2%2Fcomments&post=5072"}],"version-history":[{"count":3,"href":"https:\/\/physics.uwb.edu.pl\/wf\/index.php?rest_route=\/wp\/v2\/pages\/5072\/revisions"}],"predecessor-version":[{"id":5075,"href":"https:\/\/physics.uwb.edu.pl\/wf\/index.php?rest_route=\/wp\/v2\/pages\/5072\/revisions\/5075"}],"up":[{"embeddable":true,"href":"https:\/\/physics.uwb.edu.pl\/wf\/index.php?rest_route=\/wp\/v2\/pages\/2744"}],"wp:featuredmedia":[{"embeddable":true,"href":"https:\/\/physics.uwb.edu.pl\/wf\/index.php?rest_route=\/wp\/v2\/media\/1765"}],"wp:attachment":[{"href":"https:\/\/physics.uwb.edu.pl\/wf\/index.php?rest_route=%2Fwp%2Fv2%2Fmedia&parent=5072"}],"wp:term":[{"taxonomy":"category","embeddable":true,"href":"https:\/\/physics.uwb.edu.pl\/wf\/index.php?rest_route=%2Fwp%2Fv2%2Fcategories&post=5072"},{"taxonomy":"post_tag","embeddable":true,"href":"https:\/\/physics.uwb.edu.pl\/wf\/index.php?rest_route=%2Fwp%2Fv2%2Ftags&post=5072"}],"curies":[{"name":"wp","href":"https:\/\/api.w.org\/{rel}","templated":true}]}}