{"id":5084,"date":"2017-04-05T10:58:21","date_gmt":"2017-04-05T08:58:21","guid":{"rendered":"http:\/\/physics.uwb.edu.pl\/wf\/?page_id=5084"},"modified":"2017-06-07T22:23:38","modified_gmt":"2017-06-07T20:23:38","slug":"pokazy-z-fizyki-mechanika-dla-viii-lo-w-bialymstoku","status":"publish","type":"page","link":"https:\/\/physics.uwb.edu.pl\/wf\/?page_id=5084","title":{"rendered":"Pokazy z fizyki &#8211; mechanika dla VIII LO w Bia\u0142ymstoku"},"content":{"rendered":"<p>W dniu 05.04.2017 r. Wydzia\u0142 Fizyki odwiedzili uczniowie VIII Liceum Og\u00f3lnokszta\u0142c\u0105cego im. Kr\u00f3la Kazimierza Wielkiego w Bia\u0142ymstoku. M\u0142odzie\u017c uczestniczy\u0142a w<strong> pokazach z mechaniki<\/strong> przygotowanych przez dr. hab. Dariusza Satu\u0142\u0119, prof. UwB (asystowa\u0142 mgr Piotr Chomienia).<\/p>\nngg_shortcode_0_placeholder\n<p>Taka forma pokaz\u00f3w dost\u0119pna jest dla wszystkich zainteresowanych &#8211; ka\u017cdy nauczyciel mo\u017ce si\u0119 z nami <a href=\"http:\/\/physics.uwb.edu.pl\/wf\/?page_id=745\">um\u00f3wi\u0107 na jedn\u0105 z przygotowanych lekcji<\/a> pokazowych fizyki. Tym razem inicjatyw\u0119 przej\u0105\u0142 mgr Lech Radzajewski &#8211; nauczyciel przedmiotu fizyka w VIII LO &#8211; i po wcze\u015bniejszym um\u00f3wieniu terminu przyprowadzi\u0142 swoich uczni\u00f3w. Cieszy nas taka forma wsp\u00f3\u0142pracy i popularyzowania fizyki w\u015br\u00f3d m\u0142odzie\u017cy.<\/p>\n<p>W semestrze letnim rozszerzyli\u015bmy nasz\u0105 ofert\u0119 pokaz\u00f3w na dwa terminy do wyboru przez nauczycieli: na godz. 10:15 oraz na popo\u0142udniow\u0105, 14:00. <strong>Zapraszamy do wsp\u00f3\u0142pracy!<\/strong><\/p>\n","protected":false},"excerpt":{"rendered":"<p>W dniu 05.04.2017 r. Wydzia\u0142 Fizyki odwiedzili uczniowie VIII Liceum Og\u00f3lnokszta\u0142c\u0105cego im. Kr\u00f3la Kazimierza Wielkiego w Bia\u0142ymstoku. M\u0142odzie\u017c uczestniczy\u0142a w pokazach z mechaniki przygotowanych przez dr. hab. Dariusza Satu\u0142\u0119, prof. <a href=\"https:\/\/physics.uwb.edu.pl\/wf\/?page_id=5084\" class=\"more-link\">[&hellip;]<\/a><\/p>\n","protected":false},"author":5,"featured_media":5085,"parent":2744,"menu_order":0,"comment_status":"closed","ping_status":"closed","template":"","meta":{"ngg_post_thumbnail":0,"Layout":"1c","footnotes":""},"categories":[166,131],"tags":[],"class_list":["entry","author-gawryl","post-5084","page","type-page","status-publish","has-post-thumbnail","category-edukacyjne","category-galeria_foto"],"jetpack_sharing_enabled":true,"jetpack_shortlink":"https:\/\/wp.me\/P7nvcn-1k0","_links":{"self":[{"href":"https:\/\/physics.uwb.edu.pl\/wf\/index.php?rest_route=\/wp\/v2\/pages\/5084","targetHints":{"allow":["GET"]}}],"collection":[{"href":"https:\/\/physics.uwb.edu.pl\/wf\/index.php?rest_route=\/wp\/v2\/pages"}],"about":[{"href":"https:\/\/physics.uwb.edu.pl\/wf\/index.php?rest_route=\/wp\/v2\/types\/page"}],"author":[{"embeddable":true,"href":"https:\/\/physics.uwb.edu.pl\/wf\/index.php?rest_route=\/wp\/v2\/users\/5"}],"replies":[{"embeddable":true,"href":"https:\/\/physics.uwb.edu.pl\/wf\/index.php?rest_route=%2Fwp%2Fv2%2Fcomments&post=5084"}],"version-history":[{"count":5,"href":"https:\/\/physics.uwb.edu.pl\/wf\/index.php?rest_route=\/wp\/v2\/pages\/5084\/revisions"}],"predecessor-version":[{"id":5105,"href":"https:\/\/physics.uwb.edu.pl\/wf\/index.php?rest_route=\/wp\/v2\/pages\/5084\/revisions\/5105"}],"up":[{"embeddable":true,"href":"https:\/\/physics.uwb.edu.pl\/wf\/index.php?rest_route=\/wp\/v2\/pages\/2744"}],"wp:featuredmedia":[{"embeddable":true,"href":"https:\/\/physics.uwb.edu.pl\/wf\/index.php?rest_route=\/wp\/v2\/media\/5085"}],"wp:attachment":[{"href":"https:\/\/physics.uwb.edu.pl\/wf\/index.php?rest_route=%2Fwp%2Fv2%2Fmedia&parent=5084"}],"wp:term":[{"taxonomy":"category","embeddable":true,"href":"https:\/\/physics.uwb.edu.pl\/wf\/index.php?rest_route=%2Fwp%2Fv2%2Fcategories&post=5084"},{"taxonomy":"post_tag","embeddable":true,"href":"https:\/\/physics.uwb.edu.pl\/wf\/index.php?rest_route=%2Fwp%2Fv2%2Ftags&post=5084"}],"curies":[{"name":"wp","href":"https:\/\/api.w.org\/{rel}","templated":true}]}}