{"id":5145,"date":"2017-04-20T06:58:52","date_gmt":"2017-04-20T04:58:52","guid":{"rendered":"http:\/\/physics.uwb.edu.pl\/wf\/?page_id=5145"},"modified":"2019-02-07T13:52:21","modified_gmt":"2019-02-07T12:52:21","slug":"badanie-wzbudzen-magnetycznych-w-strukturyzowanych-warstwach-granatow-z-wykorzystaniem-spektroskopii-nieelastycznego-rozpraszania-swiatla-brillouina","status":"publish","type":"page","link":"https:\/\/physics.uwb.edu.pl\/wf\/?page_id=5145","title":{"rendered":"Badanie wzbudze\u0144 magnetycznych w strukturyzowanych warstwach granat\u00f3w z wykorzystaniem spektroskopii nieelastycznego rozpraszania \u015bwiat\u0142a Brillouina"},"content":{"rendered":"<p>Dnia <b>2017-04-25<\/b> o godzinie <b>14:15<\/b> w sali 2<b>011<\/b> odb\u0119dzie si\u0119 seminarium, na kt\u00f3rym dr hab. Ryszard Gieniusz, prof. UwB, (Wydzia\u0142 Fizyki UwB) wyg\u0142osi referat pt:<\/p>\n<p style=\"text-align: center\"><b>Badanie wzbudze\u0144 magnetycznych w strukturyzowanych warstwach granat\u00f3w z wykorzystaniem spektroskopii nieelastycznego rozpraszania \u015bwiat\u0142a Brillouina<br \/>\n<\/b><\/p>\n<p lang=\"en-GB\" align=\"JUSTIFY\"><span style=\"font-family: 'PrimaSans BT,Verdana,sans-serif'\">&nbsp;Zastan\u0105 om\u00f3wione: (i) eksperymentalne techniki badania wzbudze\u0144 magnetycznych ze szczeg\u00f3lnym om\u00f3wieniem spektroskopii nieelastycznego rozpraszania \u015bwiat\u0142a Brillouina z czasow\u0105 i przestrzenn\u0105 rozdzielczo\u015bci\u0105: (ii) elementy wzbudzenia magnetyzacji &#8211; fale biegn\u0105ce, efekt niewzajemno\u015bci. B\u0119d\u0105 zaprezentowane wyniki bada\u0144 \u201eoptycznych\u201d efekt\u00f3w fal spinowych, takich jak odbicie, ogniskowanie, za\u0142amanie czy dyfrakcja. Om\u00f3wione zostan\u0105 te\u017c mo\u017cliwo\u015bci zastosowania \u201eoptycznych\u201d efekt\u00f3w propagacji fal spinowych w prze\u0142\u0105czaniu drogi ich propagacji.<\/span><\/p>\n","protected":false},"excerpt":{"rendered":"<p>Dnia 2017-04-25 o godzinie 14:15 w sali 2011 odb\u0119dzie si\u0119 seminarium, na kt\u00f3rym dr hab. Ryszard Gieniusz, prof. UwB, (Wydzia\u0142 Fizyki UwB) wyg\u0142osi referat pt: Badanie wzbudze\u0144 magnetycznych w strukturyzowanych <a href=\"https:\/\/physics.uwb.edu.pl\/wf\/?page_id=5145\" class=\"more-link\">[&hellip;]<\/a><\/p>\n","protected":false},"author":9,"featured_media":3366,"parent":822,"menu_order":0,"comment_status":"closed","ping_status":"closed","template":"","meta":{"ngg_post_thumbnail":0,"Layout":"","footnotes":""},"categories":[69],"tags":[],"class_list":["entry","author-","post-5145","page","type-page","status-publish","has-post-thumbnail","category-seminarium_pl"],"jetpack_sharing_enabled":true,"jetpack_shortlink":"https:\/\/wp.me\/P7nvcn-1kZ","_links":{"self":[{"href":"https:\/\/physics.uwb.edu.pl\/wf\/index.php?rest_route=\/wp\/v2\/pages\/5145","targetHints":{"allow":["GET"]}}],"collection":[{"href":"https:\/\/physics.uwb.edu.pl\/wf\/index.php?rest_route=\/wp\/v2\/pages"}],"about":[{"href":"https:\/\/physics.uwb.edu.pl\/wf\/index.php?rest_route=\/wp\/v2\/types\/page"}],"author":[{"embeddable":true,"href":"https:\/\/physics.uwb.edu.pl\/wf\/index.php?rest_route=\/wp\/v2\/users\/9"}],"replies":[{"embeddable":true,"href":"https:\/\/physics.uwb.edu.pl\/wf\/index.php?rest_route=%2Fwp%2Fv2%2Fcomments&post=5145"}],"version-history":[{"count":2,"href":"https:\/\/physics.uwb.edu.pl\/wf\/index.php?rest_route=\/wp\/v2\/pages\/5145\/revisions"}],"predecessor-version":[{"id":9225,"href":"https:\/\/physics.uwb.edu.pl\/wf\/index.php?rest_route=\/wp\/v2\/pages\/5145\/revisions\/9225"}],"up":[{"embeddable":true,"href":"https:\/\/physics.uwb.edu.pl\/wf\/index.php?rest_route=\/wp\/v2\/pages\/822"}],"wp:featuredmedia":[{"embeddable":true,"href":"https:\/\/physics.uwb.edu.pl\/wf\/index.php?rest_route=\/wp\/v2\/media\/3366"}],"wp:attachment":[{"href":"https:\/\/physics.uwb.edu.pl\/wf\/index.php?rest_route=%2Fwp%2Fv2%2Fmedia&parent=5145"}],"wp:term":[{"taxonomy":"category","embeddable":true,"href":"https:\/\/physics.uwb.edu.pl\/wf\/index.php?rest_route=%2Fwp%2Fv2%2Fcategories&post=5145"},{"taxonomy":"post_tag","embeddable":true,"href":"https:\/\/physics.uwb.edu.pl\/wf\/index.php?rest_route=%2Fwp%2Fv2%2Ftags&post=5145"}],"curies":[{"name":"wp","href":"https:\/\/api.w.org\/{rel}","templated":true}]}}