{"id":5148,"date":"2017-04-20T10:15:24","date_gmt":"2017-04-20T08:15:24","guid":{"rendered":"http:\/\/physics.uwb.edu.pl\/wf\/?page_id=5148"},"modified":"2019-02-07T13:51:46","modified_gmt":"2019-02-07T12:51:46","slug":"wyklad-ptf-czy-swiat-odbity-w-lustrze-rozni-sie-od-swiata-realnego","status":"publish","type":"page","link":"https:\/\/physics.uwb.edu.pl\/wf\/?page_id=5148","title":{"rendered":"Wyk\u0142ad PTF: Czy \u015bwiat odbity w lustrze r\u00f3\u017cni si\u0119 od \u015bwiata  realnego?"},"content":{"rendered":"<p><em><strong>Wyk\u0142ady PTF o\/Bia\u0142ystok &#8211; zapowiedzi<\/strong><\/em><\/p>\n<p style=\"text-align: center\">W sobot\u0119 29 kwietnia 2017 roku o godz. 11.00<br \/>\nw sali 2011 Wydzia\u0142u Fizyki przy ul. Konstantego Cio\u0142kowskiego 1L<br \/>\n<strong>prof. dr hab. Ryszard \u0141a\u017any<\/strong><br \/>\nz Wydzia\u0142u Biologiczno-Chemicznego Uniwersytetu w Bia\u0142ymstoku<br \/>\nwyg\u0142osi wyk\u0142ad pt.<br \/>\n<strong>Czy \u015bwiat odbity w lustrze r\u00f3\u017cni si\u0119 od \u015bwiata <\/strong><br \/>\n<strong>realnego? <\/strong><\/p>\n<p style=\"text-align: justify\">&nbsp; &nbsp; &nbsp; Zobaczymy, \u017ce tytu\u0142owe pytanie odnosi si\u0119 do wa\u017cnego&nbsp;zjawiska w przyrodzie &#8211; chiralno\u015bci, czyli w\u0142asno\u015bci obiekt\u00f3w, kt\u00f3re r\u00f3\u017cni\u0105 si\u0119 od swych odbi\u0107 lustrzanych. Zjawisko chiralno\u015bci&nbsp;ma znaczenie w nauce i praktyce &#8211; od matematyki, poprzez fizyk\u0119, chemi\u0119 &#8211; do biologii. Poka\u017cemy, \u017ce chiralno\u015b\u0107 jest istotna w farmacji, przemy\u015ble spo\u017cywczym, kosmetycznym, a nawet ma znaczenie dla powstania \u017cycia na Ziemi.<\/p>\n<p style=\"text-align: justify\">&nbsp; Prof. dr hab. Ryszard \u0141a\u017any jest kierownikiem Zak\u0142adu Chemii Organicznej w Instytucie Chemii Wydzia\u0142u Biologiczno-Chemicznego Uniwersytetu w Bia\u0142ymstoku i cz\u0142onkiem prezydium Komisji Nauk Fizycznych i Chemicznych PAN &#8211; oddzia\u0142 w Olsztynie i Bia\u0142ymstoku. Zajmuje si\u0119 badaniami metodologicznymi z zakresu syntezy organicznej ze szczeg\u00f3lnym uwzgl\u0119dnieniem syntezy czystych enancjomerycznie zwi\u0105zk\u00f3w chiralnych<br \/>\n(EPC), a tak\u017ce zastosowaniami i syntez\u0105 zwi\u0105zk\u00f3w azotu.<\/p>\n<p style=\"text-align: center\"><em>Wszystkie osoby zainteresowane serdecznie zapraszamy!<\/em><\/p>\n<p style=\"text-align: right\">Zarz\u0105d OB PTF<\/p>\n","protected":false},"excerpt":{"rendered":"<p>Wyk\u0142ady PTF o\/Bia\u0142ystok &#8211; zapowiedzi W sobot\u0119 29 kwietnia 2017 roku o godz. 11.00 w sali 2011 Wydzia\u0142u Fizyki przy ul. Konstantego Cio\u0142kowskiego 1L prof. dr hab. Ryszard \u0141a\u017any z <a href=\"https:\/\/physics.uwb.edu.pl\/wf\/?page_id=5148\" class=\"more-link\">[&hellip;]<\/a><\/p>\n","protected":false},"author":10,"featured_media":0,"parent":789,"menu_order":0,"comment_status":"closed","ping_status":"closed","template":"","meta":{"ngg_post_thumbnail":0,"Layout":"","footnotes":""},"categories":[40],"tags":[],"class_list":["entry","author-pzaleski","post-5148","page","type-page","status-publish","category-ptf_wyklad"],"jetpack_sharing_enabled":true,"jetpack_shortlink":"https:\/\/wp.me\/P7nvcn-1l2","_links":{"self":[{"href":"https:\/\/physics.uwb.edu.pl\/wf\/index.php?rest_route=\/wp\/v2\/pages\/5148","targetHints":{"allow":["GET"]}}],"collection":[{"href":"https:\/\/physics.uwb.edu.pl\/wf\/index.php?rest_route=\/wp\/v2\/pages"}],"about":[{"href":"https:\/\/physics.uwb.edu.pl\/wf\/index.php?rest_route=\/wp\/v2\/types\/page"}],"author":[{"embeddable":true,"href":"https:\/\/physics.uwb.edu.pl\/wf\/index.php?rest_route=\/wp\/v2\/users\/10"}],"replies":[{"embeddable":true,"href":"https:\/\/physics.uwb.edu.pl\/wf\/index.php?rest_route=%2Fwp%2Fv2%2Fcomments&post=5148"}],"version-history":[{"count":2,"href":"https:\/\/physics.uwb.edu.pl\/wf\/index.php?rest_route=\/wp\/v2\/pages\/5148\/revisions"}],"predecessor-version":[{"id":9224,"href":"https:\/\/physics.uwb.edu.pl\/wf\/index.php?rest_route=\/wp\/v2\/pages\/5148\/revisions\/9224"}],"up":[{"embeddable":true,"href":"https:\/\/physics.uwb.edu.pl\/wf\/index.php?rest_route=\/wp\/v2\/pages\/789"}],"wp:attachment":[{"href":"https:\/\/physics.uwb.edu.pl\/wf\/index.php?rest_route=%2Fwp%2Fv2%2Fmedia&parent=5148"}],"wp:term":[{"taxonomy":"category","embeddable":true,"href":"https:\/\/physics.uwb.edu.pl\/wf\/index.php?rest_route=%2Fwp%2Fv2%2Fcategories&post=5148"},{"taxonomy":"post_tag","embeddable":true,"href":"https:\/\/physics.uwb.edu.pl\/wf\/index.php?rest_route=%2Fwp%2Fv2%2Ftags&post=5148"}],"curies":[{"name":"wp","href":"https:\/\/api.w.org\/{rel}","templated":true}]}}