{"id":5185,"date":"2017-04-21T14:10:09","date_gmt":"2017-04-21T12:10:09","guid":{"rendered":"http:\/\/physics.uwb.edu.pl\/wf\/?page_id=5185"},"modified":"2017-06-07T22:22:41","modified_gmt":"2017-06-07T20:22:41","slug":"xix-targi-szkol-wyzszych-w-augustowie","status":"publish","type":"page","link":"https:\/\/physics.uwb.edu.pl\/wf\/?page_id=5185","title":{"rendered":"XIX Targi Szk\u00f3\u0142 Wy\u017cszych w Augustowie"},"content":{"rendered":"<p>W dniu 21 kwietnia 2017 r. uczestniczyli\u015bmy w XIX Targach Szk\u00f3\u0142 Wy\u017cszych w Augustowie.<\/p>\n<p><img loading=\"lazy\" decoding=\"async\" class=\"alignnone size-large wp-image-5187\" src=\"http:\/\/physics.uwb.edu.pl\/wf\/wp-content\/uploads\/2017\/04\/18159454_10212744706082742_106948302_o-1024x576.jpg\" alt=\"\" width=\"1024\" height=\"576\" srcset=\"https:\/\/physics.uwb.edu.pl\/wf\/wp-content\/uploads\/2017\/04\/18159454_10212744706082742_106948302_o-1024x576.jpg 1024w, https:\/\/physics.uwb.edu.pl\/wf\/wp-content\/uploads\/2017\/04\/18159454_10212744706082742_106948302_o-150x84.jpg 150w, https:\/\/physics.uwb.edu.pl\/wf\/wp-content\/uploads\/2017\/04\/18159454_10212744706082742_106948302_o-300x169.jpg 300w, https:\/\/physics.uwb.edu.pl\/wf\/wp-content\/uploads\/2017\/04\/18159454_10212744706082742_106948302_o-889x500.jpg 889w, https:\/\/physics.uwb.edu.pl\/wf\/wp-content\/uploads\/2017\/04\/18159454_10212744706082742_106948302_o.jpg 2048w\" sizes=\"auto, (max-width: 1024px) 100vw, 1024px\" \/>Przedstawicielami Wydzia\u0142u Fizyki byli doktorzy El\u017cbieta Dzimida-Chmielewska, Marek Brancewicz i Piotr Zaleski, kt\u00f3rzy prezentowali nasz\u0105 now\u0105 ofert\u0119 edukacyjn\u0105 &#8211; specjalno\u015b\u0107 z przysz\u0142o\u015bci\u0105: <a href=\"http:\/\/gry.fizyka.uwb.edu.pl\">Fizyk\u0119 Gier Komputerowych i Robot\u00f3w<\/a>. Na targach byli\u015bmy wsp\u00f3lnie z przedstawicielem Wydzia\u0142u Filologicznego oraz pracownikami Centrum Rekrutacji UwB &#8211; przedstawiaj\u0105cymi pe\u0142n\u0105 ofert\u0119 <a href=\"http:\/\/www.uwb.edu.pl\">Uniwersytetu w Bia\u0142ymstoku<\/a>. Dr Anetta Strawi\u0144ska z Wydzia\u0142u Filologicznego poprowadzi\u0142a wyk\u0142ad pt. &#8220;Agresja jako zjawisko spo\u0142eczne&#8221;, kt\u00f3ry spotka\u0142 si\u0119 z du\u017cym zainteresowaniem zebranej m\u0142odzie\u017cy.<\/p>\n<p><img loading=\"lazy\" decoding=\"async\" class=\"alignnone size-large wp-image-5192\" src=\"http:\/\/physics.uwb.edu.pl\/wf\/wp-content\/uploads\/2017\/04\/18160106_10212744706122743_557202161_o-1024x576.jpg\" alt=\"\" width=\"1024\" height=\"576\" srcset=\"https:\/\/physics.uwb.edu.pl\/wf\/wp-content\/uploads\/2017\/04\/18160106_10212744706122743_557202161_o-1024x576.jpg 1024w, https:\/\/physics.uwb.edu.pl\/wf\/wp-content\/uploads\/2017\/04\/18160106_10212744706122743_557202161_o-150x84.jpg 150w, https:\/\/physics.uwb.edu.pl\/wf\/wp-content\/uploads\/2017\/04\/18160106_10212744706122743_557202161_o-300x169.jpg 300w, https:\/\/physics.uwb.edu.pl\/wf\/wp-content\/uploads\/2017\/04\/18160106_10212744706122743_557202161_o-889x500.jpg 889w, https:\/\/physics.uwb.edu.pl\/wf\/wp-content\/uploads\/2017\/04\/18160106_10212744706122743_557202161_o.jpg 2048w\" sizes=\"auto, (max-width: 1024px) 100vw, 1024px\" \/><\/p>\n<p>Z kolei na naszym stoisku mo\u017cna by\u0142o zagra\u0107 w gry komputerowe (bilard i samochodzik) stworzone jako <a href=\"http:\/\/physics.uwb.edu.pl\/wf\/?page_id=175\">prace licencjackie<\/a>&nbsp;przez naszych student\u00f3w. By\u0142a te\u017c okazja obejrze\u0107 z bliska i pobawi\u0107 si\u0119 pojazdem &#8220;zabawk\u0105&#8221; wydrukowan\u0105 w technice 3D na wydzia\u0142owej drukarce. Taka &#8220;zabawka&#8221; to inspiracja do nauki i \u0142\u0105czenia modelowania 3D z programowaniem elektroniki na platformie Arduino. Arduino, programowanie gier, modelowanie 3D to w\u0142a\u015bnie nasza oferta na specjalno\u015bci <a href=\"http:\/\/physics.uwb.edu.pl\/wf\/?page_id=786\">Fizyki Gier Komputerowych i Robot\u00f3w<\/a>&nbsp;do kt\u00f3rej studiowania gor\u0105co zach\u0119camy.<\/p>\n<p><img loading=\"lazy\" decoding=\"async\" class=\"alignnone size-large wp-image-5189\" src=\"http:\/\/physics.uwb.edu.pl\/wf\/wp-content\/uploads\/2017\/04\/18159294_10212744706042741_672259570_o-1024x576.jpg\" alt=\"\" width=\"1024\" height=\"576\" srcset=\"https:\/\/physics.uwb.edu.pl\/wf\/wp-content\/uploads\/2017\/04\/18159294_10212744706042741_672259570_o-1024x576.jpg 1024w, https:\/\/physics.uwb.edu.pl\/wf\/wp-content\/uploads\/2017\/04\/18159294_10212744706042741_672259570_o-150x84.jpg 150w, https:\/\/physics.uwb.edu.pl\/wf\/wp-content\/uploads\/2017\/04\/18159294_10212744706042741_672259570_o-300x169.jpg 300w, https:\/\/physics.uwb.edu.pl\/wf\/wp-content\/uploads\/2017\/04\/18159294_10212744706042741_672259570_o-889x500.jpg 889w, https:\/\/physics.uwb.edu.pl\/wf\/wp-content\/uploads\/2017\/04\/18159294_10212744706042741_672259570_o.jpg 2048w\" sizes=\"auto, (max-width: 1024px) 100vw, 1024px\" \/><\/p>\n<p>Dzi\u0119kujemy uczestnikom za du\u017ce zainteresowanie ofert\u0105 naszego Uniwersytetu, a w szczeg\u00f3lno\u015bci studiowaniem <strong>fizyki<\/strong> na naszym Wydziale.<\/p>\n<p>&nbsp;<\/p>\n<p>&nbsp;<\/p>\n<p>&nbsp;<\/p>\n","protected":false},"excerpt":{"rendered":"<p>W dniu 21 kwietnia 2017 r. uczestniczyli\u015bmy w XIX Targach Szk\u00f3\u0142 Wy\u017cszych w Augustowie. Przedstawicielami Wydzia\u0142u Fizyki byli doktorzy El\u017cbieta Dzimida-Chmielewska, Marek Brancewicz i Piotr Zaleski, kt\u00f3rzy prezentowali nasz\u0105 now\u0105 <a href=\"https:\/\/physics.uwb.edu.pl\/wf\/?page_id=5185\" class=\"more-link\">[&hellip;]<\/a><\/p>\n","protected":false},"author":5,"featured_media":5187,"parent":2744,"menu_order":0,"comment_status":"closed","ping_status":"closed","template":"","meta":{"ngg_post_thumbnail":0,"Layout":"1c","footnotes":""},"categories":[166,131],"tags":[],"class_list":["entry","author-gawryl","post-5185","page","type-page","status-publish","has-post-thumbnail","category-edukacyjne","category-galeria_foto"],"jetpack_sharing_enabled":true,"jetpack_shortlink":"https:\/\/wp.me\/P7nvcn-1lD","_links":{"self":[{"href":"https:\/\/physics.uwb.edu.pl\/wf\/index.php?rest_route=\/wp\/v2\/pages\/5185","targetHints":{"allow":["GET"]}}],"collection":[{"href":"https:\/\/physics.uwb.edu.pl\/wf\/index.php?rest_route=\/wp\/v2\/pages"}],"about":[{"href":"https:\/\/physics.uwb.edu.pl\/wf\/index.php?rest_route=\/wp\/v2\/types\/page"}],"author":[{"embeddable":true,"href":"https:\/\/physics.uwb.edu.pl\/wf\/index.php?rest_route=\/wp\/v2\/users\/5"}],"replies":[{"embeddable":true,"href":"https:\/\/physics.uwb.edu.pl\/wf\/index.php?rest_route=%2Fwp%2Fv2%2Fcomments&post=5185"}],"version-history":[{"count":3,"href":"https:\/\/physics.uwb.edu.pl\/wf\/index.php?rest_route=\/wp\/v2\/pages\/5185\/revisions"}],"predecessor-version":[{"id":5193,"href":"https:\/\/physics.uwb.edu.pl\/wf\/index.php?rest_route=\/wp\/v2\/pages\/5185\/revisions\/5193"}],"up":[{"embeddable":true,"href":"https:\/\/physics.uwb.edu.pl\/wf\/index.php?rest_route=\/wp\/v2\/pages\/2744"}],"wp:featuredmedia":[{"embeddable":true,"href":"https:\/\/physics.uwb.edu.pl\/wf\/index.php?rest_route=\/wp\/v2\/media\/5187"}],"wp:attachment":[{"href":"https:\/\/physics.uwb.edu.pl\/wf\/index.php?rest_route=%2Fwp%2Fv2%2Fmedia&parent=5185"}],"wp:term":[{"taxonomy":"category","embeddable":true,"href":"https:\/\/physics.uwb.edu.pl\/wf\/index.php?rest_route=%2Fwp%2Fv2%2Fcategories&post=5185"},{"taxonomy":"post_tag","embeddable":true,"href":"https:\/\/physics.uwb.edu.pl\/wf\/index.php?rest_route=%2Fwp%2Fv2%2Ftags&post=5185"}],"curies":[{"name":"wp","href":"https:\/\/api.w.org\/{rel}","templated":true}]}}