{"id":5277,"date":"2017-04-28T13:15:38","date_gmt":"2017-04-28T11:15:38","guid":{"rendered":"http:\/\/physics.uwb.edu.pl\/wf\/?page_id=5277"},"modified":"2018-03-23T11:34:03","modified_gmt":"2018-03-23T10:34:03","slug":"wyjazdy","status":"publish","type":"page","link":"https:\/\/physics.uwb.edu.pl\/wf\/?page_id=5277","title":{"rendered":"Wyjazdy"},"content":{"rendered":"<p align=\"center\"><strong>Poczt\u00f3wka z praktyk ERASMUS<\/strong><\/p>\n<p align=\"justify\">No i sta\u0142o si\u0119 \u2013 zosta\u0142em \u201eerasmusem\u201d. Na pocz\u0105tku nie mog\u0142em si\u0119 zdecydowa\u0107 na ten wyjazd. Nie by\u0142em pewny czy podo\u0142am j\u0119zykowo, czy poradz\u0119 sobie sam w podr\u00f3\u017cy, czy uda mi si\u0119 znale\u017a\u0107 zakwaterowanie no i czy zaadaptuj\u0119 si\u0119 do nowego otoczenia i ludzi. Procedura rozpocz\u0119\u0142a si\u0119 jak zawsze od formalno\u015bci i rozmowy wst\u0119pnej. Okaza\u0142o si\u0119, \u017ce na ka\u017cdym etapie otoczony by\u0142em \u017cyczliwymi i ch\u0119tnymi do pomocy lud\u017ami. Uda\u0142o mi si\u0119 znale\u017a\u0107 zakwaterowanie, kupi\u0107 bilet i tak z dnia na dzie\u0144 znalaz\u0142em si\u0119 w innym kraju. Wybra\u0142em Grecj\u0119 &#8211; nie ze wzgl\u0119du na klimat i pi\u0119kne widoki, ale na rodzaj prowadzonych bada\u0144 w tamtejszym szpitalu. Moim miejscem docelowym by\u0142 Zak\u0142ad Medycyny Nuklearnej w General University Hospital of Patras. Przed wyjazdem mia\u0142em zaplanowany jeden projekt naukowy do zrealizowania. Bardzo szybko przyzwyczai\u0142em si\u0119 do nowej rzeczywisto\u015bci i wkr\u00f3tce uczestniczy\u0142em ju\u017c w trzech projektach. Jeden z nich dotyczy badania serca. W standardowej procedurze klinicznej, po podaniu pacjentowi izotopu promieniotw\u00f3rczego, za pomoc\u0105 tomografii komputerowej po\u0142\u0105czonej z rejestracj\u0105 rozpad\u00f3w promieniotw\u00f3rczego izotopu (SPECT-CT), otrzymuje si\u0119 obrazowanie serca z uwzgl\u0119dnieniem obszar\u00f3w zmienionych chorobowo, przyk\u0142ad pokazany na rysunku<\/p>\n<p align=\"center\"><img loading=\"lazy\" decoding=\"async\" class=\"alignnone size-full wp-image-5286\" src=\"http:\/\/physics.uwb.edu.pl\/wf\/wp-content\/uploads\/2017\/04\/przekrojSerca.jpg\" alt=\"\" width=\"178\" height=\"181\" srcset=\"https:\/\/physics.uwb.edu.pl\/wf\/wp-content\/uploads\/2017\/04\/przekrojSerca.jpg 178w, https:\/\/physics.uwb.edu.pl\/wf\/wp-content\/uploads\/2017\/04\/przekrojSerca-148x150.jpg 148w\" sizes=\"auto, (max-width: 178px) 100vw, 178px\" \/><\/p>\n<p align=\"center\">Przyk\u0142adowy przekr\u00f3j serca otrzymany technik\u0105 SPECT-CT uzyskana w standardowej procedurze klinicznej \u2013 udzia\u0142 w badaniach w ramach projektu ERASMUS+.<\/p>\n<p align=\"justify\">Kolor bia\u0142y i czerwony oznacza najwi\u0119ksz\u0105 zarejestrowan\u0105 aktywno\u015b\u0107 tkanki sercowej. Kolor zielony to brak aktywno\u015bci. Z tymi kolorami zwi\u0105zane s\u0105 te\u017c liczby. Mapy takie pomagaj\u0105 zdiagnozowa\u0107 chorob\u0119. Niestety, ten pacjent ma martwic\u0119 \u015brodkowej cz\u0119\u015bci serca. Mo\u017cna z tym \u017cy\u0107, ale wi\u0105\u017ce si\u0119 to z problemami kardiologicznymi.<\/p>\n<p align=\"justify\">Opr\u00f3cz nauki jest te\u017c \u017cycie towarzyskie. Pozna\u0142em ju\u017c mn\u00f3stwo r\u00f3wie\u015bnik\u00f3w, a to jeszcze nie koniec. Za stypendium spokojnie mo\u017cna prze\u017cy\u0107, co czyni z wyjazdu nie tylko \u015bwietn\u0105 okazj\u0119 do nauki, ale te\u017c fantastyczn\u0105 mo\u017cliwo\u015b\u0107 sp\u0119dzania wolnego czasu w obcym kraju i poznawania obcej kultury. Ju\u017c niebawem w Grecji zrobi si\u0119 bardzo ciep\u0142o, a to oznacza dla mnie jedno &#8211; ka\u017cde popo\u0142udnie b\u0119d\u0119 sp\u0119dza\u0142 na pla\u017cy!<\/p>\n<p align=\"justify\">M\u00f3j wyjazd jeszcze si\u0119 nie zako\u0144czy\u0142, ale po dw\u00f3ch miesi\u0105cach pobytu mog\u0119 stwierdzi\u0107 jedno: jest wspaniale i polecam Erasmusa wszystkim niezdecydowanym! : )<\/p>\n<p align=\"center\"><img loading=\"lazy\" decoding=\"async\" class=\"alignnone size-medium wp-image-5294\" src=\"http:\/\/physics.uwb.edu.pl\/wf\/wp-content\/uploads\/2017\/04\/labieniec-300x236.jpg\" alt=\"\" width=\"300\" height=\"236\"><\/p>\n<p align=\"center\"><span lang=\"en-US\">Pozdrowienia z General University Hospital of Patras. <\/span>W tle SPECT-CT.<\/p>\n<p align=\"justify\">\u0141ukasz \u0141abieniec (25.04.2017)<\/p>\n","protected":false},"excerpt":{"rendered":"<p>Poczt\u00f3wka z praktyk ERASMUS No i sta\u0142o si\u0119 \u2013 zosta\u0142em \u201eerasmusem\u201d. Na pocz\u0105tku nie mog\u0142em si\u0119 zdecydowa\u0107 na ten wyjazd. Nie by\u0142em pewny czy podo\u0142am j\u0119zykowo, czy poradz\u0119 sobie sam <a href=\"https:\/\/physics.uwb.edu.pl\/wf\/?page_id=5277\" class=\"more-link\">[&hellip;]<\/a><\/p>\n","protected":false},"author":9,"featured_media":0,"parent":729,"menu_order":0,"comment_status":"closed","ping_status":"closed","template":"","meta":{"ngg_post_thumbnail":0,"Layout":"","footnotes":""},"categories":[],"tags":[],"class_list":["entry","author-","post-5277","page","type-page","status-publish"],"jetpack_sharing_enabled":true,"jetpack_shortlink":"https:\/\/wp.me\/P7nvcn-1n7","_links":{"self":[{"href":"https:\/\/physics.uwb.edu.pl\/wf\/index.php?rest_route=\/wp\/v2\/pages\/5277","targetHints":{"allow":["GET"]}}],"collection":[{"href":"https:\/\/physics.uwb.edu.pl\/wf\/index.php?rest_route=\/wp\/v2\/pages"}],"about":[{"href":"https:\/\/physics.uwb.edu.pl\/wf\/index.php?rest_route=\/wp\/v2\/types\/page"}],"author":[{"embeddable":true,"href":"https:\/\/physics.uwb.edu.pl\/wf\/index.php?rest_route=\/wp\/v2\/users\/9"}],"replies":[{"embeddable":true,"href":"https:\/\/physics.uwb.edu.pl\/wf\/index.php?rest_route=%2Fwp%2Fv2%2Fcomments&post=5277"}],"version-history":[{"count":11,"href":"https:\/\/physics.uwb.edu.pl\/wf\/index.php?rest_route=\/wp\/v2\/pages\/5277\/revisions"}],"predecessor-version":[{"id":5360,"href":"https:\/\/physics.uwb.edu.pl\/wf\/index.php?rest_route=\/wp\/v2\/pages\/5277\/revisions\/5360"}],"up":[{"embeddable":true,"href":"https:\/\/physics.uwb.edu.pl\/wf\/index.php?rest_route=\/wp\/v2\/pages\/729"}],"wp:attachment":[{"href":"https:\/\/physics.uwb.edu.pl\/wf\/index.php?rest_route=%2Fwp%2Fv2%2Fmedia&parent=5277"}],"wp:term":[{"taxonomy":"category","embeddable":true,"href":"https:\/\/physics.uwb.edu.pl\/wf\/index.php?rest_route=%2Fwp%2Fv2%2Fcategories&post=5277"},{"taxonomy":"post_tag","embeddable":true,"href":"https:\/\/physics.uwb.edu.pl\/wf\/index.php?rest_route=%2Fwp%2Fv2%2Ftags&post=5277"}],"curies":[{"name":"wp","href":"https:\/\/api.w.org\/{rel}","templated":true}]}}