{"id":5334,"date":"2017-04-29T20:18:30","date_gmt":"2017-04-29T18:18:30","guid":{"rendered":"http:\/\/physics.uwb.edu.pl\/wf\/?page_id=5334"},"modified":"2017-04-30T07:32:44","modified_gmt":"2017-04-30T05:32:44","slug":"wyklad-ptf-o-bialystok","status":"publish","type":"page","link":"https:\/\/physics.uwb.edu.pl\/wf\/?page_id=5334","title":{"rendered":"Wyk\u0142ad PTF o. Bia\u0142ystok"},"content":{"rendered":"<p>W dniu 29 kwietnia 2017 r. w ramach sobotnich wyk\u0142ad\u00f3w Polskiego Towarzystwa Fizycznego o. Bia\u0142ystok wys\u0142uchalismy prof. dr hab. Ryszarda \u0141a\u017anego z Wydzia\u0142u Biologiczno-Chemicznego Uniwersytetu w Bia\u0142ymstoku, kt\u00f3ry zaprezentowa\u0142 wyk\u0142ad pt. &#8220;Czy \u015bwiat odbity w lustrze r\u00f3\u017cni si\u0119 od \u015bwiata realnego?&#8221;<\/p>\nngg_shortcode_0_placeholder\n<p>Zjawisko chiralno\u015bci, o kt\u00f3rym by\u0142a mowa, ma zasadniczne znaczenie w nauce i praktyce \u2013 od matematyki, poprzez fizyk\u0119, chemi\u0119 \u2013 do biologii. Mo\u017cna wi\u0119c by\u0142o pos\u0142ucha\u0107 o wzajemnym powi\u0105zaniu nauk &#8211; a nie &#8220;tylko&#8221; wys\u0142uchac wyk\u0142adu z fizyki. W\u0142a\u015bnie <strong>interdyscyplinarno\u015b\u0107<\/strong> jest si\u0142\u0105 wyk\u0142ad\u00f3w w ramach PTF o. Bia\u0142ystok. Dodatkowo, sobotnie spotkania s\u0105 <strong>otwarte<\/strong> i&nbsp;<strong>popularno-naukowe<\/strong> (czyli zrozumia\u0142e&nbsp;dla wszystkich zainteresowanych, a nie jedynie dla specjalist\u00f3w). Oczywi\u015bcie <strong>wst\u0119p jest wolny<\/strong>. Zaproszeni s\u0105 wszyscy zainteresowani naukami przyrodniczymi, w tym m\u0142odzie\u017c &#8211; ca\u0142e klasy, lub indywidualnie &#8211; bez nauczycieli. Warto wi\u0119c po\u015bwi\u0119ci\u0107 godzin\u0119 swojego czasu na co\u015b bardzo warto\u015bciowego, tym bardziej, \u017ce miali\u015bmy okazj\u0119 pozna\u0107 nie tylko omawiane zagadnienie, ale tak\u017ce dzi\u0119ki otwarto\u015bci Profesora poznac jego prywatne opinie i zastanowi\u0107 si\u0119&nbsp;nad studiowaniem medycyny \ud83d\ude09<\/p>\n<p>Dzi\u0119kujemy uczestnikom za liczne przybycie na wyk\u0142ad PTF-u i zapraszamy do <a href=\"http:\/\/physics.uwb.edu.pl\/wf\/?page_id=789\">\u015bledzenia kolejnych wyk\u0142ad\u00f3w<\/a>, a przede wszystkim do uczestnictwa w naszych spotkaniach &#8211; m\u00f3wimy wi\u0119c <strong>do zobaczenia<\/strong> na Wydziale Fizyki co miesi\u0105c w soboty o godz. 11:00.<\/p>\n","protected":false},"excerpt":{"rendered":"<p>W dniu 29 kwietnia 2017 r. w ramach sobotnich wyk\u0142ad\u00f3w Polskiego Towarzystwa Fizycznego o. Bia\u0142ystok wys\u0142uchalismy prof. dr hab. Ryszarda \u0141a\u017anego z Wydzia\u0142u Biologiczno-Chemicznego Uniwersytetu w Bia\u0142ymstoku, kt\u00f3ry zaprezentowa\u0142 wyk\u0142ad <a href=\"https:\/\/physics.uwb.edu.pl\/wf\/?page_id=5334\" class=\"more-link\">[&hellip;]<\/a><\/p>\n","protected":false},"author":5,"featured_media":5341,"parent":2744,"menu_order":0,"comment_status":"closed","ping_status":"closed","template":"","meta":{"ngg_post_thumbnail":0,"Layout":"1c","footnotes":""},"categories":[131],"tags":[],"class_list":["entry","author-gawryl","post-5334","page","type-page","status-publish","has-post-thumbnail","category-galeria_foto"],"jetpack_sharing_enabled":true,"jetpack_shortlink":"https:\/\/wp.me\/P7nvcn-1o2","_links":{"self":[{"href":"https:\/\/physics.uwb.edu.pl\/wf\/index.php?rest_route=\/wp\/v2\/pages\/5334","targetHints":{"allow":["GET"]}}],"collection":[{"href":"https:\/\/physics.uwb.edu.pl\/wf\/index.php?rest_route=\/wp\/v2\/pages"}],"about":[{"href":"https:\/\/physics.uwb.edu.pl\/wf\/index.php?rest_route=\/wp\/v2\/types\/page"}],"author":[{"embeddable":true,"href":"https:\/\/physics.uwb.edu.pl\/wf\/index.php?rest_route=\/wp\/v2\/users\/5"}],"replies":[{"embeddable":true,"href":"https:\/\/physics.uwb.edu.pl\/wf\/index.php?rest_route=%2Fwp%2Fv2%2Fcomments&post=5334"}],"version-history":[{"count":7,"href":"https:\/\/physics.uwb.edu.pl\/wf\/index.php?rest_route=\/wp\/v2\/pages\/5334\/revisions"}],"predecessor-version":[{"id":5342,"href":"https:\/\/physics.uwb.edu.pl\/wf\/index.php?rest_route=\/wp\/v2\/pages\/5334\/revisions\/5342"}],"up":[{"embeddable":true,"href":"https:\/\/physics.uwb.edu.pl\/wf\/index.php?rest_route=\/wp\/v2\/pages\/2744"}],"wp:featuredmedia":[{"embeddable":true,"href":"https:\/\/physics.uwb.edu.pl\/wf\/index.php?rest_route=\/wp\/v2\/media\/5341"}],"wp:attachment":[{"href":"https:\/\/physics.uwb.edu.pl\/wf\/index.php?rest_route=%2Fwp%2Fv2%2Fmedia&parent=5334"}],"wp:term":[{"taxonomy":"category","embeddable":true,"href":"https:\/\/physics.uwb.edu.pl\/wf\/index.php?rest_route=%2Fwp%2Fv2%2Fcategories&post=5334"},{"taxonomy":"post_tag","embeddable":true,"href":"https:\/\/physics.uwb.edu.pl\/wf\/index.php?rest_route=%2Fwp%2Fv2%2Ftags&post=5334"}],"curies":[{"name":"wp","href":"https:\/\/api.w.org\/{rel}","templated":true}]}}