{"id":5562,"date":"2017-05-24T18:10:33","date_gmt":"2017-05-24T16:10:33","guid":{"rendered":"http:\/\/physics.uwb.edu.pl\/wf\/?page_id=5562"},"modified":"2017-05-25T10:51:47","modified_gmt":"2017-05-25T08:51:47","slug":"prof-cieslinski-na-konferencji-o-finansowaniu-nauki-i-szkolnictwa-wyzszego","status":"publish","type":"page","link":"https:\/\/physics.uwb.edu.pl\/wf\/?page_id=5562","title":{"rendered":"Prof. J. Cie\u015bli\u0144ski zaproszony na konferencj\u0119 o finansowaniu nauki i szkolnictwa wy\u017cszego"},"content":{"rendered":"<div>Profesor Jan Cie\u015bli\u0144ski zosta\u0142&nbsp; zaproszony do udzia\u0142u w konferencji programowej zorganizowanej, w ramach&nbsp; przygotowa\u0144 do Narodowego Kongresu Nauki, przez Ministerstwo Nauki i Szkolnictwa Wy\u017cszego oraz \u0142\u00f3dzkie \u015brodowisko akademickie. Konferencja <em>Finansowanie nauki i szkolnictwa wy\u017cszego<\/em> o<em>db\u0119dzie si\u0119<\/em> w \u0141odzi w dn. 25-26.05.2017. Prof. Cie\u015bli\u0144ski we\u017amie udzia\u0142 w b\u0119d\u0105cej cz\u0119\u015bci\u0105 konferencji dyskusji panelowej <em>Parametry finansowania uczelni<\/em>.<\/div>\n","protected":false},"excerpt":{"rendered":"<p>Profesor Jan Cie\u015bli\u0144ski zosta\u0142&nbsp; zaproszony do udzia\u0142u w konferencji programowej zorganizowanej, w ramach&nbsp; przygotowa\u0144 do Narodowego Kongresu Nauki, przez Ministerstwo Nauki i Szkolnictwa Wy\u017cszego oraz \u0142\u00f3dzkie \u015brodowisko akademickie. Konferencja Finansowanie <a href=\"https:\/\/physics.uwb.edu.pl\/wf\/?page_id=5562\" class=\"more-link\">[&hellip;]<\/a><\/p>\n","protected":false},"author":4,"featured_media":5567,"parent":713,"menu_order":-2,"comment_status":"closed","ping_status":"closed","template":"","meta":{"ngg_post_thumbnail":0,"Layout":"","footnotes":""},"categories":[3],"tags":[],"class_list":["entry","author-pjaranowski","post-5562","page","type-page","status-publish","has-post-thumbnail","category-wydzialowe_pl"],"jetpack_sharing_enabled":true,"jetpack_shortlink":"https:\/\/wp.me\/P7nvcn-1rI","_links":{"self":[{"href":"https:\/\/physics.uwb.edu.pl\/wf\/index.php?rest_route=\/wp\/v2\/pages\/5562","targetHints":{"allow":["GET"]}}],"collection":[{"href":"https:\/\/physics.uwb.edu.pl\/wf\/index.php?rest_route=\/wp\/v2\/pages"}],"about":[{"href":"https:\/\/physics.uwb.edu.pl\/wf\/index.php?rest_route=\/wp\/v2\/types\/page"}],"author":[{"embeddable":true,"href":"https:\/\/physics.uwb.edu.pl\/wf\/index.php?rest_route=\/wp\/v2\/users\/4"}],"replies":[{"embeddable":true,"href":"https:\/\/physics.uwb.edu.pl\/wf\/index.php?rest_route=%2Fwp%2Fv2%2Fcomments&post=5562"}],"version-history":[{"count":4,"href":"https:\/\/physics.uwb.edu.pl\/wf\/index.php?rest_route=\/wp\/v2\/pages\/5562\/revisions"}],"predecessor-version":[{"id":5566,"href":"https:\/\/physics.uwb.edu.pl\/wf\/index.php?rest_route=\/wp\/v2\/pages\/5562\/revisions\/5566"}],"up":[{"embeddable":true,"href":"https:\/\/physics.uwb.edu.pl\/wf\/index.php?rest_route=\/wp\/v2\/pages\/713"}],"wp:featuredmedia":[{"embeddable":true,"href":"https:\/\/physics.uwb.edu.pl\/wf\/index.php?rest_route=\/wp\/v2\/media\/5567"}],"wp:attachment":[{"href":"https:\/\/physics.uwb.edu.pl\/wf\/index.php?rest_route=%2Fwp%2Fv2%2Fmedia&parent=5562"}],"wp:term":[{"taxonomy":"category","embeddable":true,"href":"https:\/\/physics.uwb.edu.pl\/wf\/index.php?rest_route=%2Fwp%2Fv2%2Fcategories&post=5562"},{"taxonomy":"post_tag","embeddable":true,"href":"https:\/\/physics.uwb.edu.pl\/wf\/index.php?rest_route=%2Fwp%2Fv2%2Ftags&post=5562"}],"curies":[{"name":"wp","href":"https:\/\/api.w.org\/{rel}","templated":true}]}}