{"id":5723,"date":"2017-06-03T12:49:10","date_gmt":"2017-06-03T10:49:10","guid":{"rendered":"http:\/\/physics.uwb.edu.pl\/wf\/?page_id=5723"},"modified":"2017-06-04T08:18:32","modified_gmt":"2017-06-04T06:18:32","slug":"dzien-otwarty-wydzialu-fizyki","status":"publish","type":"page","link":"https:\/\/physics.uwb.edu.pl\/wf\/?page_id=5723","title":{"rendered":"Dzie\u0144 Otwarty Wydzia\u0142u Fizyki"},"content":{"rendered":"<p>3 czerwca 2017 r. Wydzia\u0142 Fizyki prezentowa\u0142 si\u0119 w ramach Dni Otwartych zorganizowanych w Kamusie UwB.<\/p>\nngg_shortcode_0_placeholder\n<p>Impreza rozpocz\u0119\u0142a si\u0119 wyk\u0142adem pt.&#8221;W\u0119z\u0142y w teorii i praktyce&#8221;, kt\u00f3ry prezentowa\u0142 dr hab. Piotr Su\u0142kowski z Wydzia\u0142u Fizyki Uniwersytetu Warszawskiego. Prelekcja ta by\u0142a jednocze\u015bnie comiesi\u0119cznym spotkaniem w ramach <a href=\"http:\/\/physics.uwb.edu.pl\/wf\/?page_id=5593\">Polskiego Towarszystwa Fizycznego o. Bia\u0142ystok<\/a>, Po niespe\u0142na godzinnym wyk\u0142adzie zainteresowane sosoby mia\u0142y okazj\u0119 dowiedzie\u0107 si\u0119 czego\u015b wi\u0119cej o Wydziale Fizyki &#8211; dr hab. Marek Niko\u0142ajuk zaprezentowa\u0142 struktur\u0119 Wydzia\u0142u oraz podkre\u015bli\u0142 <strong>kategori\u0119 naukow\u0105 A<\/strong> naszego wydzia\u0142u, \u015bwiadcz\u0105c\u0105 o wysokiej jako\u015bci prowadzonych bada\u0144 naukowych. Nast\u0119pnie odby\u0142o si\u0119 zwiedzanie laboratori\u00f3w naukowych.<\/p>\n<p>Mo\u017cna by\u0142o odwiedzi\u0107<\/p>\n<ul>\n<li>pracownie Zak\u0142adu Fizyki Magnetyk\u00f3w (oprowadza\u0142 prof. Andrzej Maziewski oraz dr Zbigniew Kurant),<\/li>\n<li>pracownia Bada\u0144 Strukturalnych (oprowadza\u0142a dr hab. Katarzyna Re\u0107ko),<\/li>\n<li>Laboratorium Spektroskopii M\u00f6ssbauerowskiej (oprowadza\u0142 prof. Krzysztof Szyma\u0144ski),<\/li>\n<li>Laboratorium Fizyki Zagro\u017ce\u0144 \u015arodowiska (oprowadza\u0142 dr hab. Andrzej Andrejczuk, prof. UwB),<\/li>\n<li><a href=\"http:\/\/physics.uwb.edu.pl\/wf\/?page_id=228\">Wydzia\u0142owe Centrum Obliczeniowe<\/a>&nbsp;(oprowadza\u0142 dr Krzysztof Gawryluk),<\/li>\n<li>oraz porozmawia\u0107 o astrofizyce (dr hab. Marek Niko\u0142ajuk).<\/li>\n<\/ul>\n<p>Wszystkim uczestnikom wyk\u0142adu a tak\u017ce osobom zwiedzaj\u0105cym nasze laboratoia dzi\u0119kujemy za zainteresowanie.<\/p>\n","protected":false},"excerpt":{"rendered":"<p>3 czerwca 2017 r. Wydzia\u0142 Fizyki prezentowa\u0142 si\u0119 w ramach Dni Otwartych zorganizowanych w Kamusie UwB. Impreza rozpocz\u0119\u0142a si\u0119 wyk\u0142adem pt.&#8221;W\u0119z\u0142y w teorii i praktyce&#8221;, kt\u00f3ry prezentowa\u0142 dr hab. Piotr <a href=\"https:\/\/physics.uwb.edu.pl\/wf\/?page_id=5723\" class=\"more-link\">[&hellip;]<\/a><\/p>\n","protected":false},"author":5,"featured_media":5724,"parent":2744,"menu_order":0,"comment_status":"closed","ping_status":"closed","template":"","meta":{"ngg_post_thumbnail":0,"Layout":"1c","footnotes":""},"categories":[131],"tags":[],"class_list":["entry","author-gawryl","post-5723","page","type-page","status-publish","has-post-thumbnail","category-galeria_foto"],"jetpack_sharing_enabled":true,"jetpack_shortlink":"https:\/\/wp.me\/P7nvcn-1uj","_links":{"self":[{"href":"https:\/\/physics.uwb.edu.pl\/wf\/index.php?rest_route=\/wp\/v2\/pages\/5723","targetHints":{"allow":["GET"]}}],"collection":[{"href":"https:\/\/physics.uwb.edu.pl\/wf\/index.php?rest_route=\/wp\/v2\/pages"}],"about":[{"href":"https:\/\/physics.uwb.edu.pl\/wf\/index.php?rest_route=\/wp\/v2\/types\/page"}],"author":[{"embeddable":true,"href":"https:\/\/physics.uwb.edu.pl\/wf\/index.php?rest_route=\/wp\/v2\/users\/5"}],"replies":[{"embeddable":true,"href":"https:\/\/physics.uwb.edu.pl\/wf\/index.php?rest_route=%2Fwp%2Fv2%2Fcomments&post=5723"}],"version-history":[{"count":5,"href":"https:\/\/physics.uwb.edu.pl\/wf\/index.php?rest_route=\/wp\/v2\/pages\/5723\/revisions"}],"predecessor-version":[{"id":5729,"href":"https:\/\/physics.uwb.edu.pl\/wf\/index.php?rest_route=\/wp\/v2\/pages\/5723\/revisions\/5729"}],"up":[{"embeddable":true,"href":"https:\/\/physics.uwb.edu.pl\/wf\/index.php?rest_route=\/wp\/v2\/pages\/2744"}],"wp:featuredmedia":[{"embeddable":true,"href":"https:\/\/physics.uwb.edu.pl\/wf\/index.php?rest_route=\/wp\/v2\/media\/5724"}],"wp:attachment":[{"href":"https:\/\/physics.uwb.edu.pl\/wf\/index.php?rest_route=%2Fwp%2Fv2%2Fmedia&parent=5723"}],"wp:term":[{"taxonomy":"category","embeddable":true,"href":"https:\/\/physics.uwb.edu.pl\/wf\/index.php?rest_route=%2Fwp%2Fv2%2Fcategories&post=5723"},{"taxonomy":"post_tag","embeddable":true,"href":"https:\/\/physics.uwb.edu.pl\/wf\/index.php?rest_route=%2Fwp%2Fv2%2Ftags&post=5723"}],"curies":[{"name":"wp","href":"https:\/\/api.w.org\/{rel}","templated":true}]}}