{"id":592,"date":"2016-03-09T11:05:17","date_gmt":"2016-03-09T10:05:17","guid":{"rendered":"http:\/\/physics.uwb.edu.pl\/wf\/?page_id=592"},"modified":"2020-01-09T13:23:51","modified_gmt":"2020-01-09T12:23:51","slug":"dokumenty-wydzial","status":"publish","type":"page","link":"https:\/\/physics.uwb.edu.pl\/wf\/?page_id=592","title":{"rendered":"Dokumenty &#8211; wydzia\u0142"},"content":{"rendered":"<h2>Dydaktyka<\/h2>\n\n<!-- Page-list plugin v.5.9 wordpress.org\/plugins\/page-list\/ -->\n<div class=\"page-list page-list-ext \">\n<div class=\"page-list-ext-item\"><h3 class=\"page-list-ext-title\"><a href=\"https:\/\/physics.uwb.edu.pl\/wf\/?page_id=98\" title=\"System jako\u015bci kszta\u0142cenia\">System jako\u015bci kszta\u0142cenia<\/a><\/h3><div class=\"page-list-ext-item-content\">Zgodnie z Uchwa\u0142\u0105 nr 2614 Senatu Uniwersytetu w Bia\u0142ymstoku z dnia 19 listopada 2019 r. decyzj\u0105 Dziekana Wydzia\u0142u Fizyki Uniwersytetu w Bia\u0142ymstoku, w dniu 30 listopada 2020 r. powo\u0142ane zosta\u0142y trzy cz\u0142ony wydzia\u0142owego systemu kszta\u0142cenia na kadencj\u0119 2...<\/div><\/div>\n\n<\/div>\n<h5>Materia\u0142y do pobrania<\/h5>\n<ul>\n<li><a href=\"http:\/\/physics.uwb.edu.pl\/wf\/wp-content\/uploads\/2018\/03\/WytycznePKA-1.pdf\">Wskaz\u00f3wki UwB, wytyczne PKA, pisanie sylabus\u00f3w &#8211; prezentacja<\/a><\/li>\n<li><a href=\"http:\/\/physics.uwb.edu.pl\/wf\/wp-content\/uploads\/2018\/03\/Karta-charakterystyki-nauczyciela-dla-PKA.docx\">Karta charakterystyki nauczyciela (dla PKA)<\/a><\/li>\n<li><a href=\"http:\/\/physics.uwb.edu.pl\/wf\/wp-content\/uploads\/2020\/01\/Nr-2614-za\u0142.-1-Protok\u00f3\u0142-hospitacji-zaj\u0119\u0107-dydaktycznych.docx\"> Protok\u00f3\u0142 hospitacji zaj\u0119\u0107 dydaktycznych<\/a><\/li>\n<\/ul>\n<h2>O wydziale<\/h2>\n\n<!-- Page-list plugin v.5.9 wordpress.org\/plugins\/page-list\/ -->\n<ul class=\"page-list \">\n<li class=\"page_item page-item-9\"><a href=\"https:\/\/physics.uwb.edu.pl\/wf\/?page_id=9\">Par\u0119 s\u0142\u00f3w o wydziale<\/a><\/li>\n<li class=\"page_item page-item-593\"><a href=\"https:\/\/physics.uwb.edu.pl\/wf\/?page_id=593\">Misja i strategia rozwoju<\/a><\/li>\n<li class=\"page_item page-item-599\"><a href=\"https:\/\/physics.uwb.edu.pl\/wf\/?page_id=599\">Kampus<\/a><\/li>\n<li class=\"page_item page-item-212\"><a href=\"https:\/\/physics.uwb.edu.pl\/wf\/?page_id=212\">Historia<\/a><\/li>\n<li class=\"page_item page-item-602\"><a href=\"https:\/\/physics.uwb.edu.pl\/wf\/?page_id=602\">Materia\u0142y publicystyczne<\/a><\/li>\n<li class=\"page_item page-item-2164\"><a href=\"https:\/\/physics.uwb.edu.pl\/wf\/?page_id=2164\">Materia\u0142y reklamowe<\/a><\/li>\n\n<\/ul>\n","protected":false},"excerpt":{"rendered":"<p>Dydaktyka Materia\u0142y do pobrania Wskaz\u00f3wki UwB, wytyczne PKA, pisanie sylabus\u00f3w &#8211; prezentacja Karta charakterystyki nauczyciela (dla PKA) Protok\u00f3\u0142 hospitacji zaj\u0119\u0107 dydaktycznych O wydziale<\/p>\n","protected":false},"author":2,"featured_media":0,"parent":66,"menu_order":0,"comment_status":"closed","ping_status":"closed","template":"","meta":{"ngg_post_thumbnail":0,"Layout":"","footnotes":""},"categories":[3],"tags":[],"class_list":["entry","author-dobrog","post-592","page","type-page","status-publish","category-wydzialowe_pl"],"jetpack_sharing_enabled":true,"jetpack_shortlink":"https:\/\/wp.me\/P7nvcn-9y","_links":{"self":[{"href":"https:\/\/physics.uwb.edu.pl\/wf\/index.php?rest_route=\/wp\/v2\/pages\/592","targetHints":{"allow":["GET"]}}],"collection":[{"href":"https:\/\/physics.uwb.edu.pl\/wf\/index.php?rest_route=\/wp\/v2\/pages"}],"about":[{"href":"https:\/\/physics.uwb.edu.pl\/wf\/index.php?rest_route=\/wp\/v2\/types\/page"}],"author":[{"embeddable":true,"href":"https:\/\/physics.uwb.edu.pl\/wf\/index.php?rest_route=\/wp\/v2\/users\/2"}],"replies":[{"embeddable":true,"href":"https:\/\/physics.uwb.edu.pl\/wf\/index.php?rest_route=%2Fwp%2Fv2%2Fcomments&post=592"}],"version-history":[{"count":26,"href":"https:\/\/physics.uwb.edu.pl\/wf\/index.php?rest_route=\/wp\/v2\/pages\/592\/revisions"}],"predecessor-version":[{"id":10536,"href":"https:\/\/physics.uwb.edu.pl\/wf\/index.php?rest_route=\/wp\/v2\/pages\/592\/revisions\/10536"}],"up":[{"embeddable":true,"href":"https:\/\/physics.uwb.edu.pl\/wf\/index.php?rest_route=\/wp\/v2\/pages\/66"}],"wp:attachment":[{"href":"https:\/\/physics.uwb.edu.pl\/wf\/index.php?rest_route=%2Fwp%2Fv2%2Fmedia&parent=592"}],"wp:term":[{"taxonomy":"category","embeddable":true,"href":"https:\/\/physics.uwb.edu.pl\/wf\/index.php?rest_route=%2Fwp%2Fv2%2Fcategories&post=592"},{"taxonomy":"post_tag","embeddable":true,"href":"https:\/\/physics.uwb.edu.pl\/wf\/index.php?rest_route=%2Fwp%2Fv2%2Ftags&post=592"}],"curies":[{"name":"wp","href":"https:\/\/api.w.org\/{rel}","templated":true}]}}