{"id":599,"date":"2016-03-09T11:28:41","date_gmt":"2016-03-09T10:28:41","guid":{"rendered":"http:\/\/physics.uwb.edu.pl\/wf\/?page_id=599"},"modified":"2018-03-20T12:59:50","modified_gmt":"2018-03-20T11:59:50","slug":"kampus","status":"publish","type":"page","link":"https:\/\/physics.uwb.edu.pl\/wf\/?page_id=599","title":{"rendered":"Kampus"},"content":{"rendered":"<p>Od roku akademickiego 2014\/2015 zaj\u0119cia na Wydziale Fizyki odbywaj\u0105 si\u0119 w nowoczesnym budynku b\u0119d\u0105cym cz\u0119\u015bci\u0105 nowo wybudowanego kampusu uniwersyteckiego. Zapraszamy do obejrzenia filmu prezentuj\u0105cego budynek.<\/p>\n<p><iframe loading=\"lazy\" width=\"560\" height=\"315\" src=\"https:\/\/www.youtube.com\/embed\/enq10ZKsoV0\" frameborder=\"0\" allowfullscreen><\/iframe><\/p>\n","protected":false},"excerpt":{"rendered":"<p>Od roku akademickiego 2014\/2015 zaj\u0119cia na Wydziale Fizyki odbywaj\u0105 si\u0119 w nowoczesnym budynku b\u0119d\u0105cym cz\u0119\u015bci\u0105 nowo wybudowanego kampusu uniwersyteckiego. Zapraszamy do obejrzenia filmu prezentuj\u0105cego budynek.<\/p>\n","protected":false},"author":2,"featured_media":0,"parent":592,"menu_order":70,"comment_status":"closed","ping_status":"closed","template":"","meta":{"ngg_post_thumbnail":0,"Layout":"","footnotes":""},"categories":[3],"tags":[],"class_list":["entry","author-dobrog","post-599","page","type-page","status-publish","category-wydzialowe_pl"],"jetpack_sharing_enabled":true,"jetpack_shortlink":"https:\/\/wp.me\/P7nvcn-9F","_links":{"self":[{"href":"https:\/\/physics.uwb.edu.pl\/wf\/index.php?rest_route=\/wp\/v2\/pages\/599","targetHints":{"allow":["GET"]}}],"collection":[{"href":"https:\/\/physics.uwb.edu.pl\/wf\/index.php?rest_route=\/wp\/v2\/pages"}],"about":[{"href":"https:\/\/physics.uwb.edu.pl\/wf\/index.php?rest_route=\/wp\/v2\/types\/page"}],"author":[{"embeddable":true,"href":"https:\/\/physics.uwb.edu.pl\/wf\/index.php?rest_route=\/wp\/v2\/users\/2"}],"replies":[{"embeddable":true,"href":"https:\/\/physics.uwb.edu.pl\/wf\/index.php?rest_route=%2Fwp%2Fv2%2Fcomments&post=599"}],"version-history":[{"count":3,"href":"https:\/\/physics.uwb.edu.pl\/wf\/index.php?rest_route=\/wp\/v2\/pages\/599\/revisions"}],"predecessor-version":[{"id":1632,"href":"https:\/\/physics.uwb.edu.pl\/wf\/index.php?rest_route=\/wp\/v2\/pages\/599\/revisions\/1632"}],"up":[{"embeddable":true,"href":"https:\/\/physics.uwb.edu.pl\/wf\/index.php?rest_route=\/wp\/v2\/pages\/592"}],"wp:attachment":[{"href":"https:\/\/physics.uwb.edu.pl\/wf\/index.php?rest_route=%2Fwp%2Fv2%2Fmedia&parent=599"}],"wp:term":[{"taxonomy":"category","embeddable":true,"href":"https:\/\/physics.uwb.edu.pl\/wf\/index.php?rest_route=%2Fwp%2Fv2%2Fcategories&post=599"},{"taxonomy":"post_tag","embeddable":true,"href":"https:\/\/physics.uwb.edu.pl\/wf\/index.php?rest_route=%2Fwp%2Fv2%2Ftags&post=599"}],"curies":[{"name":"wp","href":"https:\/\/api.w.org\/{rel}","templated":true}]}}