{"id":6035,"date":"2017-09-14T10:37:25","date_gmt":"2017-09-14T08:37:25","guid":{"rendered":"http:\/\/physics.uwb.edu.pl\/wf\/?page_id=6035"},"modified":"2017-09-14T10:37:25","modified_gmt":"2017-09-14T08:37:25","slug":"salon-maturzystow-perspektywy","status":"publish","type":"page","link":"https:\/\/physics.uwb.edu.pl\/wf\/?page_id=6035","title":{"rendered":"Salon maturzyst\u00f3w &#8220;Perspektywy&#8221;"},"content":{"rendered":"<p>W dniu 14 wrze\u015bnia 2017 r. odby\u0142y si\u0119 targi edukacyjne organizowane przez &#8220;Perspektywy&#8221;. W tym roku impreza odby\u0142a si\u0119 na terenie Kampusu UwB.&nbsp;<\/p>\n<p><img loading=\"lazy\" decoding=\"async\" class=\"alignnone wp-image-6036\" src=\"http:\/\/physics.uwb.edu.pl\/wf\/wp-content\/uploads\/2017\/09\/DSC_3779-1024x576.jpg\" alt=\"\" width=\"900\" height=\"506\" srcset=\"https:\/\/physics.uwb.edu.pl\/wf\/wp-content\/uploads\/2017\/09\/DSC_3779-1024x576.jpg 1024w, https:\/\/physics.uwb.edu.pl\/wf\/wp-content\/uploads\/2017\/09\/DSC_3779-150x84.jpg 150w, https:\/\/physics.uwb.edu.pl\/wf\/wp-content\/uploads\/2017\/09\/DSC_3779-300x169.jpg 300w, https:\/\/physics.uwb.edu.pl\/wf\/wp-content\/uploads\/2017\/09\/DSC_3779-889x500.jpg 889w\" sizes=\"auto, (max-width: 900px) 100vw, 900px\" \/><\/p>\n<p>Podczas targ\u00f3w mo\u017cna by\u0142o porozmawia\u0107 o studiowaniu fizyki z dr. Janem Kisielewskim, dr. Andrzejem Pisarskim, dr. Krzysztofem Gawrylukiem oraz dr. hab. Markiem Niko\u0142ajukiem. Zach\u0119cali\u015bmy uczni\u00f3w do przyjrzenia si\u0119 naszej ofercie edukacyjnej, w szczeg\u00f3lno\u015bci <a href=\"http:\/\/gry.fizyka.uwb.edu.pl\">Fizyce Gier Komputerowych i Robot\u00f3w<\/a>.&nbsp;<\/p>\n<p>Cieszymy si\u0119 z zainteresowania m\u0142odzie\u017cy fizyk\u0105 i \u017cyczymy udanej matury 2018 r &#8211; a potem spotkania na naszym Wydziale.<\/p>\n","protected":false},"excerpt":{"rendered":"<p>W dniu 14 wrze\u015bnia 2017 r. odby\u0142y si\u0119 targi edukacyjne organizowane przez &#8220;Perspektywy&#8221;. W tym roku impreza odby\u0142a si\u0119 na terenie Kampusu UwB.&nbsp; Podczas targ\u00f3w mo\u017cna by\u0142o porozmawia\u0107 o studiowaniu <a href=\"https:\/\/physics.uwb.edu.pl\/wf\/?page_id=6035\" class=\"more-link\">[&hellip;]<\/a><\/p>\n","protected":false},"author":5,"featured_media":6036,"parent":2744,"menu_order":0,"comment_status":"closed","ping_status":"closed","template":"","meta":{"ngg_post_thumbnail":0,"Layout":"1c","footnotes":""},"categories":[166,131],"tags":[],"class_list":["entry","author-gawryl","post-6035","page","type-page","status-publish","has-post-thumbnail","category-edukacyjne","category-galeria_foto"],"jetpack_sharing_enabled":true,"jetpack_shortlink":"https:\/\/wp.me\/P7nvcn-1zl","_links":{"self":[{"href":"https:\/\/physics.uwb.edu.pl\/wf\/index.php?rest_route=\/wp\/v2\/pages\/6035","targetHints":{"allow":["GET"]}}],"collection":[{"href":"https:\/\/physics.uwb.edu.pl\/wf\/index.php?rest_route=\/wp\/v2\/pages"}],"about":[{"href":"https:\/\/physics.uwb.edu.pl\/wf\/index.php?rest_route=\/wp\/v2\/types\/page"}],"author":[{"embeddable":true,"href":"https:\/\/physics.uwb.edu.pl\/wf\/index.php?rest_route=\/wp\/v2\/users\/5"}],"replies":[{"embeddable":true,"href":"https:\/\/physics.uwb.edu.pl\/wf\/index.php?rest_route=%2Fwp%2Fv2%2Fcomments&post=6035"}],"version-history":[{"count":1,"href":"https:\/\/physics.uwb.edu.pl\/wf\/index.php?rest_route=\/wp\/v2\/pages\/6035\/revisions"}],"predecessor-version":[{"id":6037,"href":"https:\/\/physics.uwb.edu.pl\/wf\/index.php?rest_route=\/wp\/v2\/pages\/6035\/revisions\/6037"}],"up":[{"embeddable":true,"href":"https:\/\/physics.uwb.edu.pl\/wf\/index.php?rest_route=\/wp\/v2\/pages\/2744"}],"wp:featuredmedia":[{"embeddable":true,"href":"https:\/\/physics.uwb.edu.pl\/wf\/index.php?rest_route=\/wp\/v2\/media\/6036"}],"wp:attachment":[{"href":"https:\/\/physics.uwb.edu.pl\/wf\/index.php?rest_route=%2Fwp%2Fv2%2Fmedia&parent=6035"}],"wp:term":[{"taxonomy":"category","embeddable":true,"href":"https:\/\/physics.uwb.edu.pl\/wf\/index.php?rest_route=%2Fwp%2Fv2%2Fcategories&post=6035"},{"taxonomy":"post_tag","embeddable":true,"href":"https:\/\/physics.uwb.edu.pl\/wf\/index.php?rest_route=%2Fwp%2Fv2%2Ftags&post=6035"}],"curies":[{"name":"wp","href":"https:\/\/api.w.org\/{rel}","templated":true}]}}