{"id":6054,"date":"2017-09-08T09:00:27","date_gmt":"2017-09-08T07:00:27","guid":{"rendered":"http:\/\/physics.uwb.edu.pl\/wf\/?page_id=6054"},"modified":"2017-10-03T12:13:46","modified_gmt":"2017-10-03T10:13:46","slug":"talenty-xxi-wieku-na-wydziale-fizyki-2","status":"publish","type":"page","link":"https:\/\/physics.uwb.edu.pl\/wf\/?page_id=6054","title":{"rendered":"Talenty XXI wieku na Wydziale Fizyki (IV edycja, gimnazjum)"},"content":{"rendered":"<h2>Talenty XXI wieku na Wydziale Fizyki &#8211; IV edycja (gimnazjum)<\/h2>\n<p><img loading=\"lazy\" decoding=\"async\" class=\"wp-image-2403 size-full aligncenter\" src=\"http:\/\/physics.uwb.edu.pl\/wf\/wp-content\/uploads\/2016\/04\/talentyXXI.png\" alt=\"talentyXXI\" width=\"496\" height=\"100\" srcset=\"https:\/\/physics.uwb.edu.pl\/wf\/wp-content\/uploads\/2016\/04\/talentyXXI.png 496w, https:\/\/physics.uwb.edu.pl\/wf\/wp-content\/uploads\/2016\/04\/talentyXXI-150x30.png 150w, https:\/\/physics.uwb.edu.pl\/wf\/wp-content\/uploads\/2016\/04\/talentyXXI-300x60.png 300w\" sizes=\"auto, (max-width: 496px) 100vw, 496px\" \/><\/p>\n<p>Po raz kolejny Wydzia\u0142 Fizyki UwB bierze udzia\u0142 w edukacji m\u0142odzie\u017cy &#8211; ruszy\u0142 projekt <strong>Talenty XXI wieku<\/strong> (IV-cia edycja) organizowany przez <a href=\"http:\/\/ckubialystok.pl\/index.php?option=com_content&amp;task=view&amp;id=933&amp;Itemid=297\" target=\"_blank\" rel=\"noopener\">Centrum Kszta\u0142cenia Ustawicznego<\/a>&nbsp;w Bia\u0142ymstoku, a finansowanych przez Urz\u0105d Miasta Bia\u0142ystok. Wybrani uczniowie bia\u0142ostockich szk\u00f3\u0142 gimnazjalnych i ponadgimnazjalnych poznaj\u0105 platform\u0119 Arduino, programowanie, podstawy elektroniki i budow\u0105 robot\u00f3w.<\/p>\nngg_shortcode_0_placeholder\n<p>Zaj\u0119cia we wrze\u015bniowej edycji (skierowanej do gimnazjalist\u00f3w) prowadzi dr <strong>Cezary Walczyk<\/strong>. Cykl obejmuje cztery sobotnie spotkania po 5 godz. lekcyjnych ka\u017cde &#8211; jest to spora dawka wiedzy dla ambitnych uczni\u00f3w (inni mo\u017ce wol\u0105 gra\u0107 w pi\u0142k\u0119 no\u017cn\u0105 lub inaczej sp\u0119dza\u0107 wolny czas). Gimnazjalistom gratulujemy inwestowania w swoj\u0105 przysz\u0142o\u015b\u0107.<\/p>\n","protected":false},"excerpt":{"rendered":"<p>Talenty XXI wieku na Wydziale Fizyki &#8211; IV edycja (gimnazjum) Po raz kolejny Wydzia\u0142 Fizyki UwB bierze udzia\u0142 w edukacji m\u0142odzie\u017cy &#8211; ruszy\u0142 projekt Talenty XXI wieku (IV-cia edycja) organizowany <a href=\"https:\/\/physics.uwb.edu.pl\/wf\/?page_id=6054\" class=\"more-link\">[&hellip;]<\/a><\/p>\n","protected":false},"author":5,"featured_media":2404,"parent":2744,"menu_order":-1,"comment_status":"closed","ping_status":"closed","template":"","meta":{"ngg_post_thumbnail":0,"Layout":"","footnotes":""},"categories":[131],"tags":[],"class_list":["entry","author-gawryl","post-6054","page","type-page","status-publish","has-post-thumbnail","category-galeria_foto"],"jetpack_sharing_enabled":true,"jetpack_shortlink":"https:\/\/wp.me\/P7nvcn-1zE","_links":{"self":[{"href":"https:\/\/physics.uwb.edu.pl\/wf\/index.php?rest_route=\/wp\/v2\/pages\/6054","targetHints":{"allow":["GET"]}}],"collection":[{"href":"https:\/\/physics.uwb.edu.pl\/wf\/index.php?rest_route=\/wp\/v2\/pages"}],"about":[{"href":"https:\/\/physics.uwb.edu.pl\/wf\/index.php?rest_route=\/wp\/v2\/types\/page"}],"author":[{"embeddable":true,"href":"https:\/\/physics.uwb.edu.pl\/wf\/index.php?rest_route=\/wp\/v2\/users\/5"}],"replies":[{"embeddable":true,"href":"https:\/\/physics.uwb.edu.pl\/wf\/index.php?rest_route=%2Fwp%2Fv2%2Fcomments&post=6054"}],"version-history":[{"count":6,"href":"https:\/\/physics.uwb.edu.pl\/wf\/index.php?rest_route=\/wp\/v2\/pages\/6054\/revisions"}],"predecessor-version":[{"id":6184,"href":"https:\/\/physics.uwb.edu.pl\/wf\/index.php?rest_route=\/wp\/v2\/pages\/6054\/revisions\/6184"}],"up":[{"embeddable":true,"href":"https:\/\/physics.uwb.edu.pl\/wf\/index.php?rest_route=\/wp\/v2\/pages\/2744"}],"wp:featuredmedia":[{"embeddable":true,"href":"https:\/\/physics.uwb.edu.pl\/wf\/index.php?rest_route=\/wp\/v2\/media\/2404"}],"wp:attachment":[{"href":"https:\/\/physics.uwb.edu.pl\/wf\/index.php?rest_route=%2Fwp%2Fv2%2Fmedia&parent=6054"}],"wp:term":[{"taxonomy":"category","embeddable":true,"href":"https:\/\/physics.uwb.edu.pl\/wf\/index.php?rest_route=%2Fwp%2Fv2%2Fcategories&post=6054"},{"taxonomy":"post_tag","embeddable":true,"href":"https:\/\/physics.uwb.edu.pl\/wf\/index.php?rest_route=%2Fwp%2Fv2%2Ftags&post=6054"}],"curies":[{"name":"wp","href":"https:\/\/api.w.org\/{rel}","templated":true}]}}