{"id":610,"date":"2016-03-09T11:46:09","date_gmt":"2016-03-09T10:46:09","guid":{"rendered":"http:\/\/physics.uwb.edu.pl\/wf\/?page_id=610"},"modified":"2016-03-09T11:52:29","modified_gmt":"2016-03-09T10:52:29","slug":"zly-algorytm-zle-minima","status":"publish","type":"page","link":"https:\/\/physics.uwb.edu.pl\/wf\/?page_id=610","title":{"rendered":"Z\u0142y algorytm, z\u0142e minima"},"content":{"rendered":"<p>Jan L. Cie\u015bli\u0144ski, &#8220;Z\u0142y algorytm, z\u0142e minima&#8221; (Forum Akademickie, kwiecie\u0144 2015)<\/p>\n<p>[pdf-embedder url=&#8221;http:\/\/physics.uwb.edu.pl\/wf\/wp-content\/uploads\/2016\/03\/Cieslinski-FA-04-2015.pdf&#8221;]<\/p>\n<p>&nbsp;<\/p>\n","protected":false},"excerpt":{"rendered":"<p>Jan L. Cie\u015bli\u0144ski, &#8220;Z\u0142y algorytm, z\u0142e minima&#8221; (Forum Akademickie, kwiecie\u0144 2015) [pdf-embedder url=&#8221;http:\/\/physics.uwb.edu.pl\/wf\/wp-content\/uploads\/2016\/03\/Cieslinski-FA-04-2015.pdf&#8221;] &nbsp;<\/p>\n","protected":false},"author":2,"featured_media":613,"parent":602,"menu_order":0,"comment_status":"closed","ping_status":"closed","template":"","meta":{"ngg_post_thumbnail":0,"Layout":"1c","footnotes":""},"categories":[3],"tags":[],"class_list":["entry","author-dobrog","post-610","page","type-page","status-publish","has-post-thumbnail","category-wydzialowe_pl"],"jetpack_sharing_enabled":true,"jetpack_shortlink":"https:\/\/wp.me\/P7nvcn-9Q","_links":{"self":[{"href":"https:\/\/physics.uwb.edu.pl\/wf\/index.php?rest_route=\/wp\/v2\/pages\/610","targetHints":{"allow":["GET"]}}],"collection":[{"href":"https:\/\/physics.uwb.edu.pl\/wf\/index.php?rest_route=\/wp\/v2\/pages"}],"about":[{"href":"https:\/\/physics.uwb.edu.pl\/wf\/index.php?rest_route=\/wp\/v2\/types\/page"}],"author":[{"embeddable":true,"href":"https:\/\/physics.uwb.edu.pl\/wf\/index.php?rest_route=\/wp\/v2\/users\/2"}],"replies":[{"embeddable":true,"href":"https:\/\/physics.uwb.edu.pl\/wf\/index.php?rest_route=%2Fwp%2Fv2%2Fcomments&post=610"}],"version-history":[{"count":1,"href":"https:\/\/physics.uwb.edu.pl\/wf\/index.php?rest_route=\/wp\/v2\/pages\/610\/revisions"}],"predecessor-version":[{"id":611,"href":"https:\/\/physics.uwb.edu.pl\/wf\/index.php?rest_route=\/wp\/v2\/pages\/610\/revisions\/611"}],"up":[{"embeddable":true,"href":"https:\/\/physics.uwb.edu.pl\/wf\/index.php?rest_route=\/wp\/v2\/pages\/602"}],"wp:featuredmedia":[{"embeddable":true,"href":"https:\/\/physics.uwb.edu.pl\/wf\/index.php?rest_route=\/wp\/v2\/media\/613"}],"wp:attachment":[{"href":"https:\/\/physics.uwb.edu.pl\/wf\/index.php?rest_route=%2Fwp%2Fv2%2Fmedia&parent=610"}],"wp:term":[{"taxonomy":"category","embeddable":true,"href":"https:\/\/physics.uwb.edu.pl\/wf\/index.php?rest_route=%2Fwp%2Fv2%2Fcategories&post=610"},{"taxonomy":"post_tag","embeddable":true,"href":"https:\/\/physics.uwb.edu.pl\/wf\/index.php?rest_route=%2Fwp%2Fv2%2Ftags&post=610"}],"curies":[{"name":"wp","href":"https:\/\/api.w.org\/{rel}","templated":true}]}}